{"id":4542,"date":"2025-07-09T01:25:52","date_gmt":"2025-07-09T01:25:52","guid":{"rendered":"https:\/\/pecbag.com\/?post_type=product&#038;p=4542"},"modified":"2025-11-28T09:35:32","modified_gmt":"2025-11-28T09:35:32","slug":"quality-bike-shoulder-bag-factory","status":"publish","type":"product","link":"https:\/\/pecbag.com\/da\/quality-bike-shoulder-bag-factory\/","title":{"rendered":"Kvalitet cykel skuldertaske fabrik"},"content":{"rendered":"<h5 title=\"Foldbar hundetaske \u00c5ndbar netskuldertaske til k\u00e6ledyr til sm\u00e5 hunde og katte\" data-immersive-translate-walked=\"1c928421-2e42-4cd3-8754-5404553c0af5\" data-immersive-translate-paragraph=\"1\" data-spm-anchor-id=\"a2700.details.0.i35.4f6757d4w4zNZA\">Premium kvalitet cykel skuldertaske fabrik | vandt\u00e6t taske fabrik &amp; teknisk rygs\u00e6k producent | bulk OEM<\/h5>\n<div class=\"flex flex-grow flex-col max-w-full\">\n<div class=\"min-h-[20px] text-message flex w-full flex-col items-end gap-2 whitespace-pre-wrap break-words [.text-message+&amp;]:mt-5 overflow-x-auto\" dir=\"auto\" data-message-author-role=\"assistant\" data-message-id=\"3d7d46f6-7ec2-4222-9257-48fa0bba23c6\" data-suggestions=\"true\">\n<div class=\"flex w-full flex-col gap-1 empty:hidden first:pt-[3px]\">\n<div class=\"markdown prose w-full break-words dark:prose-invert light\">\n<p class=\"ds-markdown-paragraph\">Har du brug for robuste cykelskuldertasker, der er bygget til daglig pendling?<\/p>\n<p class=\"ds-markdown-paragraph\">Som certificeret Quality Bike Shoulder Bag Factory og ISO 9001 vandt\u00e6t taskefabrik i Bike Bag China udvikler vi cykelklare skuldertasker med vandt\u00e6tte rum, anti-glidestropper og hurtigt tilg\u00e6ngelige tech-sleeves, som bycyklister over hele verden har tillid til.<\/p>\n<p class=\"ds-markdown-paragraph\">Samarbejd med vores Bike Bag Company - din n\u00f8glef\u00e6rdige leverand\u00f8r af cykeltasker - om problemfri eksport af cykeltasker til cykeltaskegrossister, cykelforhandlere og cykeltaskeleverand\u00f8rer over hele verden.<\/p>\n<table width=\"288\">\n<tbody>\n<tr>\n<td width=\"137\"><span style=\"color: #333333;\">Produkternes navn<\/span><\/td>\n<td width=\"151\">Cykeltaske<\/td>\n<\/tr>\n<tr>\n<td><span style=\"color: #333333;\">Vare nr.<\/span><\/td>\n<td><span style=\"color: #333333;\">PB-2141<\/span><\/td>\n<\/tr>\n<tr>\n<td><span style=\"color: #333333;\">Materiale<\/span><\/td>\n<td>L\u00e6rred<\/td>\n<\/tr>\n<tr>\n<td><span style=\"color: #333333;\">St\u00f8rrelse<\/span><\/td>\n<td>17,5 x 6,5 x 13 tommer<\/td>\n<\/tr>\n<tr>\n<td><span style=\"color: #333333;\">\u00a0Leveringstid<\/span><\/td>\n<td><span style=\"color: #333333;\">1-5 dage for sm\u00e5 m\u00e6ngder med fly og 30-35 dage for store m\u00e6ngder med skib<\/span><\/td>\n<\/tr>\n<\/tbody>\n<\/table>\n<p class=\"ds-markdown-paragraph\"><strong>Hvorfor m\u00e6rker v\u00e6lger vores fabrik:<\/strong><br \/>\n\ud83d\udeb4 <strong>Leder af pendlerudstyr:<\/strong>\u00a057% gentagne ordrer fra cykeldistribut\u00f8rer<br \/>\n\u2705 Fuld cykeltaske ODM\/OEM &amp; cykeltaske privat m\u00e6rke<br \/>\n\u2705 Lav MOQ cykeltaske bulk<br \/>\n\u2705 EXW\/FOB-betingelser fra Bike Bag-fabrikkens hub<br \/>\n\u2705 Dobbelte linjer af rygs\u00e6kproducenter: Cykeltasker + pendlerudstyr<\/p>\n<p class=\"ds-markdown-paragraph\"><strong>Cykelklar Funktioner:<\/strong><br \/>\n- 100% vandt\u00e6t hovedrum (IPX6-klassificerede lynl\u00e5se)<br \/>\n- Refleksb\u00e5nd + forankringspunkter til hjelm<br \/>\n- Polstret 15\u2033 laptop-sleeve + panel til organisering af v\u00e6rkt\u00f8j<br \/>\n- Brugerdefineret branding via cykeltaske-OEM<\/p>\n<\/div>\n<\/div>\n<\/div>\n<\/div>","protected":false},"excerpt":{"rendered":"<h2 data-immersive-translate-walked=\"344be1c1-5052-41eb-8fcd-0dbe236a0d6b\" data-immersive-translate-paragraph=\"1\">Kvalitet cykel skuldertaske fabrik<\/h2>\n<div class=\"sliderTable mt10 mb10 sliderTable-index0\">\n<div class=\"inner\">\n<p><strong>1. Det vigtigste rum<\/strong> Har en kapacitet p\u00e5 12 liter til dine daglige forn\u00f8denheder. 6 sm\u00e5 multifunktionelle lommer kan opbevare dine medbragte ting, mens du k\u00f8rer, f.eks. din telefon, telefonoplader, pung, kabel, h\u00f8retelefoner, powerbank, kort osv.<\/p>\n<p><strong>2. Fremstillet af 600D s<\/strong><strong>nowflake polyester-materiale<\/strong>forhindrer effektivt regn, vand, mudder og st\u00f8v i at tr\u00e6nge hurtigt ind i tasken. 4 stropper med velcrolukning er stabile nok til at holde cykeltasken p\u00e5 bags\u00e6det. S\u00f8rg for, at den ikke flytter sig, selv om du k\u00f8rer p\u00e5 en uj\u00e6vn vej.<\/p>\n<p><strong>3. Fleksibel skulderrem til skoletaske<\/strong> varierer fra 36,2 til maksimalt 59,6 cm og kan justeres l\u00f8st eller stramt, s\u00e5 den passer perfekt til din krop. Et h\u00e5ndtag p\u00e5 toppen g\u00f8r det nemt at b\u00e6re rundt p\u00e5 tasken. Du kan \u00e6ndre, hvordan den skal b\u00e6res, alt efter dine behov. Begge sidetasker har plads nok til dine ejendele, n\u00e5r du cykler udenfor.<\/p>\n<\/div>\n<\/div>","protected":false},"featured_media":4549,"template":"","meta":{"_uag_custom_page_level_css":""},"product_brand":[],"product_cat":[48,64],"product_tag":[],"class_list":{"0":"post-4542","1":"product","2":"type-product","3":"status-publish","4":"has-post-thumbnail","6":"product_cat-bike-bag","7":"product_cat-shoulder-bag","9":"first","10":"instock","11":"shipping-taxable","12":"product-type-simple"},"uagb_featured_image_src":{"full":["https:\/\/pecbag.com\/wp-content\/uploads\/2025\/07\/Quality-Bike-Shoulder-Bag-Factory-2-1.jpeg",1600,1600,false],"thumbnail":["https:\/\/pecbag.com\/wp-content\/uploads\/2025\/07\/Quality-Bike-Shoulder-Bag-Factory-2-1-150x150.jpeg",150,150,true],"medium":["https:\/\/pecbag.com\/wp-content\/uploads\/2025\/07\/Quality-Bike-Shoulder-Bag-Factory-2-1-300x300.jpeg",300,300,true],"medium_large":["https:\/\/pecbag.com\/wp-content\/uploads\/2025\/07\/Quality-Bike-Shoulder-Bag-Factory-2-1-768x768.jpeg",768,768,true],"large":["https:\/\/pecbag.com\/wp-content\/uploads\/2025\/07\/Quality-Bike-Shoulder-Bag-Factory-2-1-1024x1024.jpeg",800,800,true],"1536x1536":["https:\/\/pecbag.com\/wp-content\/uploads\/2025\/07\/Quality-Bike-Shoulder-Bag-Factory-2-1-1536x1536.jpeg",1536,1536,true],"2048x2048":["https:\/\/pecbag.com\/wp-content\/uploads\/2025\/07\/Quality-Bike-Shoulder-Bag-Factory-2-1.jpeg",1600,1600,false],"trp-custom-language-flag":["https:\/\/pecbag.com\/wp-content\/uploads\/2025\/07\/Quality-Bike-Shoulder-Bag-Factory-2-1-12x12.jpeg",12,12,true],"woocommerce_thumbnail":["https:\/\/pecbag.com\/wp-content\/uploads\/2025\/07\/Quality-Bike-Shoulder-Bag-Factory-2-1-300x300.jpeg",300,300,true],"woocommerce_single":["https:\/\/pecbag.com\/wp-content\/uploads\/2025\/07\/Quality-Bike-Shoulder-Bag-Factory-2-1-600x600.jpeg",600,600,true],"woocommerce_gallery_thumbnail":["https:\/\/pecbag.com\/wp-content\/uploads\/2025\/07\/Quality-Bike-Shoulder-Bag-Factory-2-1-100x100.jpeg",100,100,true]},"uagb_author_info":{"display_name":"Lawrence","author_link":"https:\/\/pecbag.com\/da\/author\/"},"uagb_comment_info":0,"uagb_excerpt":"Quality Bike Shoulder Bag Factory 1. The main compartment has a 12L capacity to keep your daily necessities. 6 small multi-functional pockets can store your carry-on items while you're riding, such as your phone, phone charger, wallet, cable, earphones, power bank, map, and so on. 2. Made of 600D snowflake polyester\u00a0material, effectively prevents rain, water,&hellip;","_links":{"self":[{"href":"https:\/\/pecbag.com\/da\/wp-json\/wp\/v2\/product\/4542","targetHints":{"allow":["GET"]}}],"collection":[{"href":"https:\/\/pecbag.com\/da\/wp-json\/wp\/v2\/product"}],"about":[{"href":"https:\/\/pecbag.com\/da\/wp-json\/wp\/v2\/types\/product"}],"wp:featuredmedia":[{"embeddable":true,"href":"https:\/\/pecbag.com\/da\/wp-json\/wp\/v2\/media\/4549"}],"wp:attachment":[{"href":"https:\/\/pecbag.com\/da\/wp-json\/wp\/v2\/media?parent=4542"}],"wp:term":[{"taxonomy":"product_brand","embeddable":true,"href":"https:\/\/pecbag.com\/da\/wp-json\/wp\/v2\/product_brand?post=4542"},{"taxonomy":"product_cat","embeddable":true,"href":"https:\/\/pecbag.com\/da\/wp-json\/wp\/v2\/product_cat?post=4542"},{"taxonomy":"product_tag","embeddable":true,"href":"https:\/\/pecbag.com\/da\/wp-json\/wp\/v2\/product_tag?post=4542"}],"curies":[{"name":"wp","href":"https:\/\/api.w.org\/{rel}","templated":true}]}}