{"id":4756,"date":"2025-07-15T03:02:57","date_gmt":"2025-07-15T03:02:57","guid":{"rendered":"https:\/\/pecbag.com\/?post_type=product&#038;p=4756"},"modified":"2025-11-28T09:32:54","modified_gmt":"2025-11-28T09:32:54","slug":"new-design-travel-gym-bag","status":"publish","type":"product","link":"https:\/\/pecbag.com\/da\/new-design-travel-gym-bag\/","title":{"rendered":"Rejsetaske med nyt design"},"content":{"rendered":"<h5 title=\"Foldbar hundetaske \u00c5ndbar netskuldertaske til k\u00e6ledyr til sm\u00e5 hunde og katte\" data-immersive-translate-walked=\"1c928421-2e42-4cd3-8754-5404553c0af5\" data-immersive-translate-paragraph=\"1\" data-spm-anchor-id=\"a2700.details.0.i35.4f6757d4w4zNZA\">Innovative Backpack Manufacturer &amp; Waterproof Bag Factory | 2024 New Design Travel Gym Bag<\/h5>\n<div class=\"flex flex-grow flex-col max-w-full\">\n<div class=\"min-h-[20px] text-message flex w-full flex-col items-end gap-2 whitespace-pre-wrap break-words [.text-message+&amp;]:mt-5 overflow-x-auto\" dir=\"auto\" data-message-author-role=\"assistant\" data-message-id=\"3d7d46f6-7ec2-4222-9257-48fa0bba23c6\" data-suggestions=\"true\">\n<div class=\"flex w-full flex-col gap-1 empty:hidden first:pt-[3px]\">\n<div class=\"markdown prose w-full break-words dark:prose-invert light\">\n<p class=\"ds-markdown-paragraph\">Seeking cutting-edge New Design Travel Gym Bag solutions? As a top Gym Bag manufacturer and ISO-certified Waterproof Bag Factory in China, we deliver trend-driven gym bags for global Gym Bag export. Partner with our Gym Bag Company for:<\/p>\n<table width=\"288\">\n<tbody>\n<tr>\n<td width=\"137\"><span style=\"color: #333333;\">Produkternes navn<\/span><\/td>\n<td width=\"151\">Brysttaske<\/td>\n<\/tr>\n<tr>\n<td><span style=\"color: #333333;\">Vare nr.<\/span><\/td>\n<td><span style=\"color: #333333;\">PB-2153<\/span><\/td>\n<\/tr>\n<tr>\n<td><span style=\"color: #333333;\">Materiale<\/span><\/td>\n<td>Ternet stof i to farver\/PU<\/td>\n<\/tr>\n<tr>\n<td><span style=\"color: #333333;\">St\u00f8rrelse<\/span><\/td>\n<td>Accepter tilpasset<\/td>\n<\/tr>\n<tr>\n<td><span style=\"color: #333333;\">\u00a0Leveringstid<\/span><\/td>\n<td><span style=\"color: #333333;\">1-5 dage for sm\u00e5 m\u00e6ngder med fly og 30-35 dage for store m\u00e6ngder med skib<\/span><\/td>\n<\/tr>\n<\/tbody>\n<\/table>\n<p class=\"ds-markdown-paragraph\">\u2705\u00a0<strong>Hot Designs<\/strong><br \/>\nLaunch viral\u00a0New Design Travel Gym Bags\u00a0featuring waterproof tech &amp; airline-approved sizing \u2013 fresh drops monthly!<\/p>\n<p class=\"ds-markdown-paragraph\">\u2705\u00a0<strong>Factory-Direct Efficiency<\/strong><br \/>\nSource\u00a0Gym Bag bulk\u00a0orders straight from our\u00a0Gym Bag Factory\u00a0\u2013 no middlemen, 30% lower costs.<\/p>\n<p class=\"ds-markdown-paragraph\">\u2705\u00a0<strong>Customization Freedom<\/strong><br \/>\nGym Bag ODM\/OEM\u00a0+\u00a0Gym Bag private label\u00a0services (MOQ 300 units)<\/p>\n<p class=\"ds-markdown-paragraph\"><strong>Why 1000+ Retailers Choose Us:<\/strong><br \/>\n\u2022 Wholesale\u00a0Gym Bag bulk\u00a0pricing (300+\/1000+ units)<br \/>\n\u2022\u00a0New Design Travel Gym Bag\u00a0exclusives (15+ styles\/season)<br \/>\n\u2022\u00a0Gym Bag Supplier\u00a0partnerships with global drop-shipping<br \/>\n\u2022 48-hour sampling for\u00a0Gym Bag wholesaler\u00a0partners<\/p>\n<p class=\"ds-markdown-paragraph\">Your trusted\u00a0Gym Bag vendor\u00a0for export-ready\u00a0New Design Travel Gym Bags \u2013 from concept to compliance docs. Request a new catalog now!<\/p>\n<\/div>\n<\/div>\n<\/div>\n<\/div>","protected":false},"excerpt":{"rendered":"<h2 class=\"this-description-name\">Rejsetaske med nyt design<\/h2>\n<div class=\"sliderTable mt10 mb10 sliderTable-index0\">\n<div class=\"inner\">\n<p>Vi leverer f\u00f8rsteklasses tasker med fuld st\u00f8rrelse og farvetilpasning, slidst\u00e6rke stoffer og certificeret kvalitet.<\/p>\n<p>Nyd fleksible MOQ'er, hurtig global forsendelse og private label-l\u00f8sninger.<\/p>\n<p>Kontakt os i dag!<\/p>\n<\/div>\n<\/div>","protected":false},"featured_media":4762,"template":"","meta":{"_uag_custom_page_level_css":""},"product_brand":[],"product_cat":[56,60],"product_tag":[],"class_list":{"0":"post-4756","1":"product","2":"type-product","3":"status-publish","4":"has-post-thumbnail","6":"product_cat-gym-bag","7":"product_cat-backpack","9":"first","10":"instock","11":"shipping-taxable","12":"product-type-simple"},"uagb_featured_image_src":{"full":["https:\/\/pecbag.com\/wp-content\/uploads\/2025\/07\/New-Design-Travel-Gym-Bag-4.jpg",1000,1000,false],"thumbnail":["https:\/\/pecbag.com\/wp-content\/uploads\/2025\/07\/New-Design-Travel-Gym-Bag-4-150x150.jpg",150,150,true],"medium":["https:\/\/pecbag.com\/wp-content\/uploads\/2025\/07\/New-Design-Travel-Gym-Bag-4-300x300.jpg",300,300,true],"medium_large":["https:\/\/pecbag.com\/wp-content\/uploads\/2025\/07\/New-Design-Travel-Gym-Bag-4-768x768.jpg",768,768,true],"large":["https:\/\/pecbag.com\/wp-content\/uploads\/2025\/07\/New-Design-Travel-Gym-Bag-4.jpg",800,800,false],"1536x1536":["https:\/\/pecbag.com\/wp-content\/uploads\/2025\/07\/New-Design-Travel-Gym-Bag-4.jpg",1000,1000,false],"2048x2048":["https:\/\/pecbag.com\/wp-content\/uploads\/2025\/07\/New-Design-Travel-Gym-Bag-4.jpg",1000,1000,false],"trp-custom-language-flag":["https:\/\/pecbag.com\/wp-content\/uploads\/2025\/07\/New-Design-Travel-Gym-Bag-4-12x12.jpg",12,12,true],"woocommerce_thumbnail":["https:\/\/pecbag.com\/wp-content\/uploads\/2025\/07\/New-Design-Travel-Gym-Bag-4-300x300.jpg",300,300,true],"woocommerce_single":["https:\/\/pecbag.com\/wp-content\/uploads\/2025\/07\/New-Design-Travel-Gym-Bag-4-600x600.jpg",600,600,true],"woocommerce_gallery_thumbnail":["https:\/\/pecbag.com\/wp-content\/uploads\/2025\/07\/New-Design-Travel-Gym-Bag-4-100x100.jpg",100,100,true]},"uagb_author_info":{"display_name":"Lawrence","author_link":"https:\/\/pecbag.com\/da\/author\/"},"uagb_comment_info":0,"uagb_excerpt":"New Design Travel Gym Bag We provide premium bags with full-size and color customization, durable fabrics, and certified quality. Enjoy flexible MOQs, fast global shipping, and private label solutions. Contact us today!","_links":{"self":[{"href":"https:\/\/pecbag.com\/da\/wp-json\/wp\/v2\/product\/4756","targetHints":{"allow":["GET"]}}],"collection":[{"href":"https:\/\/pecbag.com\/da\/wp-json\/wp\/v2\/product"}],"about":[{"href":"https:\/\/pecbag.com\/da\/wp-json\/wp\/v2\/types\/product"}],"wp:featuredmedia":[{"embeddable":true,"href":"https:\/\/pecbag.com\/da\/wp-json\/wp\/v2\/media\/4762"}],"wp:attachment":[{"href":"https:\/\/pecbag.com\/da\/wp-json\/wp\/v2\/media?parent=4756"}],"wp:term":[{"taxonomy":"product_brand","embeddable":true,"href":"https:\/\/pecbag.com\/da\/wp-json\/wp\/v2\/product_brand?post=4756"},{"taxonomy":"product_cat","embeddable":true,"href":"https:\/\/pecbag.com\/da\/wp-json\/wp\/v2\/product_cat?post=4756"},{"taxonomy":"product_tag","embeddable":true,"href":"https:\/\/pecbag.com\/da\/wp-json\/wp\/v2\/product_tag?post=4756"}],"curies":[{"name":"wp","href":"https:\/\/api.w.org\/{rel}","templated":true}]}}