{"id":5067,"date":"2025-07-22T02:22:29","date_gmt":"2025-07-22T02:22:29","guid":{"rendered":"https:\/\/pecbag.com\/?post_type=product&#038;p=5067"},"modified":"2025-11-28T09:29:48","modified_gmt":"2025-11-28T09:29:48","slug":"tactical-messenger-bag-factory","status":"publish","type":"product","link":"https:\/\/pecbag.com\/da\/tactical-messenger-bag-factory\/","title":{"rendered":"Taktisk Messenger-taske fra fabrikken"},"content":{"rendered":"<h5 title=\"Foldbar hundetaske \u00c5ndbar netskuldertaske til k\u00e6ledyr til sm\u00e5 hunde og katte\" data-immersive-translate-walked=\"1c928421-2e42-4cd3-8754-5404553c0af5\" data-immersive-translate-paragraph=\"1\" data-spm-anchor-id=\"a2700.details.0.i35.4f6757d4w4zNZA\">Producent af rygs\u00e6kke i milit\u00e6r kvalitet og fabrik for vandt\u00e6tte tasker | Ekspertfabrik for taktiske budbringertasker<\/h5>\n<div class=\"flex flex-grow flex-col max-w-full\">\n<div class=\"min-h-[20px] text-message flex w-full flex-col items-end gap-2 whitespace-pre-wrap break-words [.text-message+&amp;]:mt-5 overflow-x-auto\" dir=\"auto\" data-message-author-role=\"assistant\" data-message-id=\"3d7d46f6-7ec2-4222-9257-48fa0bba23c6\" data-suggestions=\"true\">\n<div class=\"flex w-full flex-col gap-1 empty:hidden first:pt-[3px]\">\n<div class=\"markdown prose w-full break-words dark:prose-invert light\">\n<p class=\"ds-markdown-paragraph\">Har du brug for kampklare taktiske tasker?<\/p>\n<p class=\"ds-markdown-paragraph\">Som en certificeret taktisk Messenger Bag-fabrik og vandt\u00e6t taskefabrik i Messenger Bag China producerer vi MIL-SPEC-udstyr til globale agenturer. Samarbejd med vores Messenger Bag Company om:<\/p>\n<table width=\"288\">\n<tbody>\n<tr>\n<td width=\"137\"><span style=\"color: #333333;\">Produkternes navn<\/span><\/td>\n<td width=\"151\">Messenger-taske<\/td>\n<\/tr>\n<tr>\n<td><span style=\"color: #333333;\">Vare nr.<\/span><\/td>\n<td><span style=\"color: #333333;\">PB-2163<\/span><\/td>\n<\/tr>\n<tr>\n<td><span style=\"color: #333333;\">Materiale<\/span><\/td>\n<td>Polyester<\/td>\n<\/tr>\n<tr>\n<td><span style=\"color: #333333;\">St\u00f8rrelse<\/span><\/td>\n<td>20,47 x 13,39 x 9,06 tommer<\/td>\n<\/tr>\n<tr>\n<td><span style=\"color: #333333;\">\u00a0Leveringstid<\/span><\/td>\n<td><span style=\"color: #333333;\">1-5 dage for sm\u00e5 m\u00e6ngder med fly og 30-35 dage for store m\u00e6ngder med skib<\/span><\/td>\n<\/tr>\n<\/tbody>\n<\/table>\n<p class=\"ds-markdown-paragraph\">\u2705\u00a0<strong>Taktisk overlegenhed<\/strong><\/p>\n<ul>\n<li>\n<p class=\"ds-markdown-paragraph\">1000D Cordura\u00ae taktiske messenger-tasker med MOLLE-b\u00e5nd<\/p>\n<\/li>\n<li>\n<p class=\"ds-markdown-paragraph\">Vejrbestandige lynl\u00e5se og RFID-blokerende lommer<\/p>\n<\/li>\n<li>\n<p class=\"ds-markdown-paragraph\">Messenger Bag bulk-ordrer fra 300 enheder<\/p>\n<\/li>\n<\/ul>\n<p class=\"ds-markdown-paragraph\">\u2705\u00a0<strong>Tilpasning i forsvarsklasse<\/strong><br \/>\nMessenger Bag ODM\/OEM + Private Label<br \/>\nTilpassede plastre\/PALS-b\u00e5nd (MOQ 300 stk.)<\/p>\n<p class=\"ds-markdown-paragraph\">\u2705\u00a0<strong>Klar til global udrulning<\/strong><br \/>\nOverensstemmende Messenger Bag Export med ITAR-dokumentation<\/p>\n<p class=\"ds-markdown-paragraph\"><strong>Fabriksfordele:<\/strong><br \/>\n- Massepris p\u00e5 Messenger Bag: 20% p\u00e5 500+ enheder<br \/>\n- 7-dages prototyping med ballistiske tests<br \/>\n- Messenger Bag Leverand\u00f8rportal: QC-videoer i realtid<br \/>\n- 30 dages produktion for Messenger Bag-grossistprogrammer<\/p>\n<p class=\"ds-markdown-paragraph\">Din missionskritiske leverand\u00f8r af messenger-tasker - fra fabrikken til levering i marken.<\/p>\n<p class=\"ds-markdown-paragraph\">Anmod om MIL-STD-810G testrapport!<\/p>\n<\/div>\n<\/div>\n<\/div>\n<\/div>","protected":false},"excerpt":{"rendered":"<h2 class=\"this-description-name\">Taktisk Messenger-taske fra fabrikken<\/h2>\n<div class=\"sliderTable mt10 mb10 sliderTable-index0\">\n<div class=\"inner\">\n<p>1. <strong>FORSKELLIGE M\u00c5DER AT B\u00c6RE P\u00c5<\/strong>: Justerbar polstret skulderrem og toph\u00e5ndtag i l\u00e6der hj\u00e6lper dig med at b\u00e6re let og komfortabelt Denne arbejdstaske kan ikke kun bruges som en messenger-skuldertaske\/crossbody-taske, men ogs\u00e5 som laptop-mappe\/pendler-taske\/satchel-taske\/l\u00e6rertaske.<\/p>\n<p>2. <strong>MULTIFUNKTIONELT DESIGN<\/strong>: Computertasken er is\u00e6r designet til folk p\u00e5 universitetet, kontoret, arbejdet og dem, der har brug for at b\u00e6re en b\u00e6rbar computer og andet tilbeh\u00f8r sammen dagligt. Den kan ogs\u00e5 bruges som rejseskuldertaske og endda som DSLR-kamerataske med en polstret indsats.<\/p>\n<\/div>\n<\/div>","protected":false},"featured_media":5071,"template":"","meta":{"_uag_custom_page_level_css":""},"product_brand":[],"product_cat":[65,64],"product_tag":[],"class_list":{"0":"post-5067","1":"product","2":"type-product","3":"status-publish","4":"has-post-thumbnail","6":"product_cat-messenger-bag","7":"product_cat-shoulder-bag","9":"first","10":"instock","11":"shipping-taxable","12":"product-type-simple"},"uagb_featured_image_src":{"full":["https:\/\/pecbag.com\/wp-content\/uploads\/2025\/07\/Tactical-Messenger-Bag-Factory-6.jpg",1500,1500,false],"thumbnail":["https:\/\/pecbag.com\/wp-content\/uploads\/2025\/07\/Tactical-Messenger-Bag-Factory-6-150x150.jpg",150,150,true],"medium":["https:\/\/pecbag.com\/wp-content\/uploads\/2025\/07\/Tactical-Messenger-Bag-Factory-6-300x300.jpg",300,300,true],"medium_large":["https:\/\/pecbag.com\/wp-content\/uploads\/2025\/07\/Tactical-Messenger-Bag-Factory-6-768x768.jpg",768,768,true],"large":["https:\/\/pecbag.com\/wp-content\/uploads\/2025\/07\/Tactical-Messenger-Bag-Factory-6-1024x1024.jpg",800,800,true],"1536x1536":["https:\/\/pecbag.com\/wp-content\/uploads\/2025\/07\/Tactical-Messenger-Bag-Factory-6.jpg",1500,1500,false],"2048x2048":["https:\/\/pecbag.com\/wp-content\/uploads\/2025\/07\/Tactical-Messenger-Bag-Factory-6.jpg",1500,1500,false],"trp-custom-language-flag":["https:\/\/pecbag.com\/wp-content\/uploads\/2025\/07\/Tactical-Messenger-Bag-Factory-6-12x12.jpg",12,12,true],"woocommerce_thumbnail":["https:\/\/pecbag.com\/wp-content\/uploads\/2025\/07\/Tactical-Messenger-Bag-Factory-6-300x300.jpg",300,300,true],"woocommerce_single":["https:\/\/pecbag.com\/wp-content\/uploads\/2025\/07\/Tactical-Messenger-Bag-Factory-6-600x600.jpg",600,600,true],"woocommerce_gallery_thumbnail":["https:\/\/pecbag.com\/wp-content\/uploads\/2025\/07\/Tactical-Messenger-Bag-Factory-6-100x100.jpg",100,100,true]},"uagb_author_info":{"display_name":"Lawrence","author_link":"https:\/\/pecbag.com\/da\/author\/"},"uagb_comment_info":0,"uagb_excerpt":"Tactical Messenger Bag Factory 1. VARIOUS WAYS TO CARRY: Adjustable Padded shoulder strap and leather top handle help you carry easily &amp; comfortably to carry This works bag can be used not only as a messenger shoulder bag\/crossbody bag, but laptop briefcase\/commute bag\/satchel bag\/teacher bag. 2. MULTIFUNCTIONAL DESIGN: The computer bag is particularly designed for&hellip;","_links":{"self":[{"href":"https:\/\/pecbag.com\/da\/wp-json\/wp\/v2\/product\/5067","targetHints":{"allow":["GET"]}}],"collection":[{"href":"https:\/\/pecbag.com\/da\/wp-json\/wp\/v2\/product"}],"about":[{"href":"https:\/\/pecbag.com\/da\/wp-json\/wp\/v2\/types\/product"}],"wp:featuredmedia":[{"embeddable":true,"href":"https:\/\/pecbag.com\/da\/wp-json\/wp\/v2\/media\/5071"}],"wp:attachment":[{"href":"https:\/\/pecbag.com\/da\/wp-json\/wp\/v2\/media?parent=5067"}],"wp:term":[{"taxonomy":"product_brand","embeddable":true,"href":"https:\/\/pecbag.com\/da\/wp-json\/wp\/v2\/product_brand?post=5067"},{"taxonomy":"product_cat","embeddable":true,"href":"https:\/\/pecbag.com\/da\/wp-json\/wp\/v2\/product_cat?post=5067"},{"taxonomy":"product_tag","embeddable":true,"href":"https:\/\/pecbag.com\/da\/wp-json\/wp\/v2\/product_tag?post=5067"}],"curies":[{"name":"wp","href":"https:\/\/api.w.org\/{rel}","templated":true}]}}