{"id":5083,"date":"2025-07-23T07:16:37","date_gmt":"2025-07-23T07:16:37","guid":{"rendered":"https:\/\/pecbag.com\/?post_type=product&#038;p=5083"},"modified":"2025-11-28T09:27:13","modified_gmt":"2025-11-28T09:27:13","slug":"medical-ems-first-responder-shoulder-bag","status":"publish","type":"product","link":"https:\/\/pecbag.com\/da\/medical-ems-first-responder-shoulder-bag\/","title":{"rendered":"Medicinsk EMS-f\u00f8rstehj\u00e6lper-skuldertaske"},"content":{"rendered":"<h5 title=\"Foldbar hundetaske \u00c5ndbar netskuldertaske til k\u00e6ledyr til sm\u00e5 hunde og katte\" data-immersive-translate-walked=\"1c928421-2e42-4cd3-8754-5404553c0af5\" data-immersive-translate-paragraph=\"1\" data-spm-anchor-id=\"a2700.details.0.i35.4f6757d4w4zNZA\">ISO-rygs\u00e6kproducent og vandt\u00e6t taskefabrik | certificeret medicinsk EMS-f\u00f8rstehj\u00e6lper-skuldertaske-leverand\u00f8r<\/h5>\n<div class=\"flex flex-grow flex-col max-w-full\">\n<div class=\"min-h-[20px] text-message flex w-full flex-col items-end gap-2 whitespace-pre-wrap break-words [.text-message+&amp;]:mt-5 overflow-x-auto\" dir=\"auto\" data-message-author-role=\"assistant\" data-message-id=\"3d7d46f6-7ec2-4222-9257-48fa0bba23c6\" data-suggestions=\"true\">\n<div class=\"flex w-full flex-col gap-1 empty:hidden first:pt-[3px]\">\n<div class=\"markdown prose w-full break-words dark:prose-invert light\">\n<p class=\"ds-markdown-paragraph\">Udstyr til f\u00f8rstehj\u00e6lpere?<\/p>\n<p class=\"ds-markdown-paragraph\">Som FDA-registreret Medical EMS First Responder Shoulder Bag-specialist og Waterproof Bag Factory i Responder Bag China fremstiller vi livreddende udstyr til globale agenturer. Partner med vores Responder Bag Company for:<\/p>\n<table width=\"288\">\n<tbody>\n<tr>\n<td width=\"137\"><span style=\"color: #333333;\">Produkternes navn<\/span><\/td>\n<td width=\"151\">Skuldertaske<\/td>\n<\/tr>\n<tr>\n<td><span style=\"color: #333333;\">Vare nr.<\/span><\/td>\n<td><span style=\"color: #333333;\">PB-2165<\/span><\/td>\n<\/tr>\n<tr>\n<td><span style=\"color: #333333;\">Materiale<\/span><\/td>\n<td>600D polyester<\/td>\n<\/tr>\n<tr>\n<td><span style=\"color: #333333;\">St\u00f8rrelse<\/span><\/td>\n<td>19 x 15 x 9 tommer<\/td>\n<\/tr>\n<tr>\n<td><span style=\"color: #333333;\">\u00a0Leveringstid<\/span><\/td>\n<td><span style=\"color: #333333;\">1-5 dage for sm\u00e5 m\u00e6ngder med fly og 30-35 dage for store m\u00e6ngder med skib<\/span><\/td>\n<\/tr>\n<\/tbody>\n<\/table>\n<p class=\"ds-markdown-paragraph\">\u2705\u00a0<strong>EMS-optimeret design<\/strong><br \/>\n- HIPAA-kompatible rum + r\u00f8de krydsfaner<br \/>\n- Blod- og kemikaliebestandig foring (ISO-certificeret)<br \/>\n- Responder Bag bulkordrer fra 300 enheder<\/p>\n<p class=\"ds-markdown-paragraph\">\u2705\u00a0<strong>Tilpasning af medicinsk kvalitet<\/strong><br \/>\nResponder-taske ODM\/OEM + privat m\u00e6rke<br \/>\nSpecialfremstillede traumesaks-l\u00f8kker\/AED-lommer (MOQ 300 stk.)<\/p>\n<p class=\"ds-markdown-paragraph\">\u2705\u00a0<strong>Global overholdelse<\/strong><br \/>\nN\u00f8glef\u00e6rdig eksport af respiratortasker med CE\/FDA-dokumenter<\/p>\n<p class=\"ds-markdown-paragraph\"><strong>Fabriksfordele:<\/strong><br \/>\n- Responder Bag bulk-besparelser: 20% p\u00e5 500+ enheder<br \/>\n- 10-dages prototyping med biokompatibilitetstest<br \/>\n- Leverand\u00f8rportal for respiratorposer: Livestream om steril emballage<br \/>\n- 35 dages produktion for Responder Bag Wholesaler-programmer<\/p>\n<p class=\"ds-markdown-paragraph\">Din p\u00e5lidelige leverand\u00f8r af respirator-tasker - fra Medical EMS First Responder Shoulder Bag-fabrikken til den akutte frontlinje.<\/p>\n<p class=\"ds-markdown-paragraph\">Anmod om en steriliseringsrapport!<\/p>\n<\/div>\n<\/div>\n<\/div>\n<\/div>","protected":false},"excerpt":{"rendered":"<h2 class=\"this-description-name\">Medicinsk EMS-f\u00f8rstehj\u00e6lper-skuldertaske<\/h2>\n<div class=\"sliderTable mt10 mb10 sliderTable-index0\">\n<div class=\"inner\">\n<p>1. Dobbeltv\u00e6gs polstret konstruktion beskytter dine forsyninger mod skader.<\/p>\n<p>2. Gul\/s\u00f8lv tredobbelt refleksstribe med l\u00e6derforst\u00e6rkning for ekstra synlighed.<\/p>\n<p>3. Aftagelige skuminddelere i hovedrummet kan tilpasses, s\u00e5 de passer til dine pladsbehov.<\/p>\n<p>4. Den polstrede skulderrem har reflekterende striber syet direkte ind i remmen.<\/p>\n<p>5. Netlommedesign, nem adgang til sm\u00e5t tilbeh\u00f8r, kan effektivt opbevare fiskehjul.<\/p>\n<\/div>\n<\/div>","protected":false},"featured_media":5086,"template":"","meta":{"_uag_custom_page_level_css":""},"product_brand":[],"product_cat":[64],"product_tag":[],"class_list":{"0":"post-5083","1":"product","2":"type-product","3":"status-publish","4":"has-post-thumbnail","6":"product_cat-shoulder-bag","8":"first","9":"instock","10":"shipping-taxable","11":"product-type-simple"},"uagb_featured_image_src":{"full":["https:\/\/pecbag.com\/wp-content\/uploads\/2025\/07\/Medical-EMS-First-Responder-Shoulder-Bag-1.jpeg",2000,2000,false],"thumbnail":["https:\/\/pecbag.com\/wp-content\/uploads\/2025\/07\/Medical-EMS-First-Responder-Shoulder-Bag-1-150x150.jpeg",150,150,true],"medium":["https:\/\/pecbag.com\/wp-content\/uploads\/2025\/07\/Medical-EMS-First-Responder-Shoulder-Bag-1-300x300.jpeg",300,300,true],"medium_large":["https:\/\/pecbag.com\/wp-content\/uploads\/2025\/07\/Medical-EMS-First-Responder-Shoulder-Bag-1-768x768.jpeg",768,768,true],"large":["https:\/\/pecbag.com\/wp-content\/uploads\/2025\/07\/Medical-EMS-First-Responder-Shoulder-Bag-1-1024x1024.jpeg",800,800,true],"1536x1536":["https:\/\/pecbag.com\/wp-content\/uploads\/2025\/07\/Medical-EMS-First-Responder-Shoulder-Bag-1-1536x1536.jpeg",1536,1536,true],"2048x2048":["https:\/\/pecbag.com\/wp-content\/uploads\/2025\/07\/Medical-EMS-First-Responder-Shoulder-Bag-1.jpeg",2000,2000,false],"trp-custom-language-flag":["https:\/\/pecbag.com\/wp-content\/uploads\/2025\/07\/Medical-EMS-First-Responder-Shoulder-Bag-1-12x12.jpeg",12,12,true],"woocommerce_thumbnail":["https:\/\/pecbag.com\/wp-content\/uploads\/2025\/07\/Medical-EMS-First-Responder-Shoulder-Bag-1-300x300.jpeg",300,300,true],"woocommerce_single":["https:\/\/pecbag.com\/wp-content\/uploads\/2025\/07\/Medical-EMS-First-Responder-Shoulder-Bag-1-600x600.jpeg",600,600,true],"woocommerce_gallery_thumbnail":["https:\/\/pecbag.com\/wp-content\/uploads\/2025\/07\/Medical-EMS-First-Responder-Shoulder-Bag-1-100x100.jpeg",100,100,true]},"uagb_author_info":{"display_name":"Lawrence","author_link":"https:\/\/pecbag.com\/da\/author\/"},"uagb_comment_info":0,"uagb_excerpt":"Medical EMS First Responder Shoulder Bag 1. Double-wall padded construction protects your supplies from damage. 2. Yellow\/Silver triple trim reflective striping with leather binding reinforcement for added visibility. 3. Removable foam dividers in the main compartment can be customized to fit your space needs. 4. Padded shoulder strap has reflective striping sewn right into the&hellip;","_links":{"self":[{"href":"https:\/\/pecbag.com\/da\/wp-json\/wp\/v2\/product\/5083","targetHints":{"allow":["GET"]}}],"collection":[{"href":"https:\/\/pecbag.com\/da\/wp-json\/wp\/v2\/product"}],"about":[{"href":"https:\/\/pecbag.com\/da\/wp-json\/wp\/v2\/types\/product"}],"wp:featuredmedia":[{"embeddable":true,"href":"https:\/\/pecbag.com\/da\/wp-json\/wp\/v2\/media\/5086"}],"wp:attachment":[{"href":"https:\/\/pecbag.com\/da\/wp-json\/wp\/v2\/media?parent=5083"}],"wp:term":[{"taxonomy":"product_brand","embeddable":true,"href":"https:\/\/pecbag.com\/da\/wp-json\/wp\/v2\/product_brand?post=5083"},{"taxonomy":"product_cat","embeddable":true,"href":"https:\/\/pecbag.com\/da\/wp-json\/wp\/v2\/product_cat?post=5083"},{"taxonomy":"product_tag","embeddable":true,"href":"https:\/\/pecbag.com\/da\/wp-json\/wp\/v2\/product_tag?post=5083"}],"curies":[{"name":"wp","href":"https:\/\/api.w.org\/{rel}","templated":true}]}}