{"id":5261,"date":"2025-08-04T01:46:47","date_gmt":"2025-08-04T01:46:47","guid":{"rendered":"https:\/\/pecbag.com\/?post_type=product&#038;p=5261"},"modified":"2025-11-27T09:24:08","modified_gmt":"2025-11-27T09:24:08","slug":"fishing-bags-manufacturer","status":"publish","type":"product","link":"https:\/\/pecbag.com\/da\/fishing-bags-manufacturer\/","title":{"rendered":"Producent af fisketasker"},"content":{"rendered":"<h5 title=\"Foldbar hundetaske \u00c5ndbar netskuldertaske til k\u00e6ledyr til sm\u00e5 hunde og katte\" data-immersive-translate-walked=\"1c928421-2e42-4cd3-8754-5404553c0af5\" data-immersive-translate-paragraph=\"1\" data-spm-anchor-id=\"a2700.details.0.i35.4f6757d4w4zNZA\"><strong>Producent af fisketasker | Producent af premium-rygs\u00e6kke &amp; IPX8 vandt\u00e6t taskefabrik<\/strong><\/h5>\n<div class=\"flex flex-grow flex-col max-w-full\">\n<div class=\"min-h-[20px] text-message flex w-full flex-col items-end gap-2 whitespace-pre-wrap break-words [.text-message+&amp;]:mt-5 overflow-x-auto\" dir=\"auto\" data-message-author-role=\"assistant\" data-message-id=\"3d7d46f6-7ec2-4222-9257-48fa0bba23c6\" data-suggestions=\"true\">\n<div class=\"flex w-full flex-col gap-1 empty:hidden first:pt-[3px]\">\n<div class=\"markdown prose w-full break-words dark:prose-invert light\">\n<p class=\"ds-markdown-paragraph\">Direkte producent af fisketasker i Kina!<\/p>\n<p class=\"ds-markdown-paragraph\">Vi producerer kraftige fiskerygs\u00e6kke med en IPX8-vandt\u00e6thedsgrad.<\/p>\n<p class=\"ds-markdown-paragraph\">Som en top Fishing Bag Factory h\u00e5ndterer vi bulk-\/eksportordrer med OEM\/ODM\/Private Label.<\/p>\n<p class=\"ds-markdown-paragraph\">Engrospriser for leverand\u00f8rer. Anmod om katalog i dag!<\/p>\n<table width=\"288\">\n<tbody>\n<tr>\n<td width=\"137\"><span style=\"color: #333333;\">Produkternes navn<\/span><\/td>\n<td width=\"151\">Fisketaske<\/td>\n<\/tr>\n<tr>\n<td><span style=\"color: #333333;\">Vare nr.<\/span><\/td>\n<td><span style=\"color: #333333;\">PB-2173<\/span><\/td>\n<\/tr>\n<tr>\n<td><span style=\"color: #333333;\">Materiale<\/span><\/td>\n<td>600D polyester<\/td>\n<\/tr>\n<tr>\n<td><span style=\"color: #333333;\">St\u00f8rrelse<\/span><\/td>\n<td>kan tilpasses<\/td>\n<\/tr>\n<tr>\n<td><span style=\"color: #333333;\">\u00a0Leveringstid<\/span><\/td>\n<td><span style=\"color: #333333;\">1-5 dage for sm\u00e5 m\u00e6ngder med fly og 30-35 dage for store m\u00e6ngder med skib<\/span><\/td>\n<\/tr>\n<\/tbody>\n<\/table>\n<p class=\"ds-markdown-paragraph\"><strong>Din p\u00e5lidelige producent af fisketasker<\/strong><br \/>\nISO-certificeret rygs\u00e6kproducent med 10.000\u33a1 vandt\u00e6t taskefabrik i Kina:<\/p>\n<p class=\"ds-markdown-paragraph\"><strong>\ud83d\udd39 Avanceret produktion<\/strong><\/p>\n<ul>\n<li>\n<p class=\"ds-markdown-paragraph\">1680D ballistisk nylon-konstruktion<\/p>\n<\/li>\n<li>\n<p class=\"ds-markdown-paragraph\">IPX8 vandt\u00e6t teknologi (1 m\/60 min)<\/p>\n<\/li>\n<li>\n<p class=\"ds-markdown-paragraph\">Lynl\u00e5se i milit\u00e6r kvalitet og forst\u00e6rkede syninger<\/p>\n<\/li>\n<\/ul>\n<p class=\"ds-markdown-paragraph\"><strong>\ud83d\udd39 Globale forsyningsl\u00f8sninger<\/strong><br \/>\n- Fiskepose bulk-kapacitet: 80.000 enheder\/m\u00e5ned<br \/>\n- H\u00e5ndtering af eksportdokumentation for fisketasker<br \/>\n- Fisketaske-grossistprogrammer (MOQ 300 enheder)<\/p>\n<p class=\"ds-markdown-paragraph\"><strong>\ud83d\udd39 Tilpasningstjenester<\/strong><br \/>\n\u2192 Fisketaske OEM: Din branding og dit design<br \/>\n\u2192 Fisketaske ODM: Samudvikle unikke funktioner<br \/>\n\u2192 Eget m\u00e6rke: Komplette white label-l\u00f8sninger<\/p>\n<p class=\"ds-markdown-paragraph\"><strong>Partnerfordele:<\/strong><br \/>\n\u2714 Fabriksfremstillede priser for leverand\u00f8rer af fisketasker<br \/>\n\u2714 Dedikeret leverand\u00f8rportal for fisketasker<br \/>\n\u2714 10-dages prototyping med vandt\u00e6t testning<br \/>\n\u2714 QC-videooverv\u00e5gning for Fishing Bag Company-partnere<\/p>\n<p class=\"ds-markdown-paragraph\">Producent af f\u00f8rsteklasses fisketasker - fra vores produktionslinje til de globale vandveje. Send en e-mail for engrostilbud!<\/p>\n<\/div>\n<\/div>\n<\/div>\n<\/div>","protected":false},"excerpt":{"rendered":"<h2 class=\"this-description-name\">Producent af fisketasker<\/h2>\n<div class=\"sliderTable mt10 mb10 sliderTable-index0\">\n<div class=\"inner\">\n<ul>\n<li>Velvalgt materiale - Fiskestangstaske lavet af 600D af h\u00f8j kvalitet, ultra rivefast og slidst\u00e6rk, ekstremt holdbar at bruge.<\/li>\n<li>Perfekte detaljer - Sikkert fastgjort med dobbelte stropper \u00f8verst p\u00e5 tasken og har en hurtigsp\u00e6ndingsstrop rundt om den udvendige midte, der sikrer udstyr under transport, ganske praktisk at bruge.<\/li>\n<li>Ergonomisk design - Med en justerbar skulderrem, solid og forst\u00e6rket, s\u00e5 du kan justere l\u00e6ngden efter dine egne behov. Delikat og glat tr\u00e5dsyning med fint h\u00e5ndv\u00e6rk, tilf\u00f8jer overordentlig b\u00e5de sk\u00f8nhed og holdbarhed<\/li>\n<\/ul>\n<\/div>\n<\/div>","protected":false},"featured_media":5267,"template":"","meta":{"_uag_custom_page_level_css":""},"product_brand":[],"product_cat":[46],"product_tag":[],"class_list":{"0":"post-5261","1":"product","2":"type-product","3":"status-publish","4":"has-post-thumbnail","6":"product_cat-fishing-bag","8":"first","9":"instock","10":"shipping-taxable","11":"product-type-simple"},"uagb_featured_image_src":{"full":["https:\/\/pecbag.com\/wp-content\/uploads\/2025\/08\/Fishing-Bags-Manufacturer-3.jpeg",800,800,false],"thumbnail":["https:\/\/pecbag.com\/wp-content\/uploads\/2025\/08\/Fishing-Bags-Manufacturer-3-150x150.jpeg",150,150,true],"medium":["https:\/\/pecbag.com\/wp-content\/uploads\/2025\/08\/Fishing-Bags-Manufacturer-3-300x300.jpeg",300,300,true],"medium_large":["https:\/\/pecbag.com\/wp-content\/uploads\/2025\/08\/Fishing-Bags-Manufacturer-3-768x768.jpeg",768,768,true],"large":["https:\/\/pecbag.com\/wp-content\/uploads\/2025\/08\/Fishing-Bags-Manufacturer-3.jpeg",800,800,false],"1536x1536":["https:\/\/pecbag.com\/wp-content\/uploads\/2025\/08\/Fishing-Bags-Manufacturer-3.jpeg",800,800,false],"2048x2048":["https:\/\/pecbag.com\/wp-content\/uploads\/2025\/08\/Fishing-Bags-Manufacturer-3.jpeg",800,800,false],"trp-custom-language-flag":["https:\/\/pecbag.com\/wp-content\/uploads\/2025\/08\/Fishing-Bags-Manufacturer-3-12x12.jpeg",12,12,true],"woocommerce_thumbnail":["https:\/\/pecbag.com\/wp-content\/uploads\/2025\/08\/Fishing-Bags-Manufacturer-3-300x300.jpeg",300,300,true],"woocommerce_single":["https:\/\/pecbag.com\/wp-content\/uploads\/2025\/08\/Fishing-Bags-Manufacturer-3-600x600.jpeg",600,600,true],"woocommerce_gallery_thumbnail":["https:\/\/pecbag.com\/wp-content\/uploads\/2025\/08\/Fishing-Bags-Manufacturer-3-100x100.jpeg",100,100,true]},"uagb_author_info":{"display_name":"Lawrence","author_link":"https:\/\/pecbag.com\/da\/author\/"},"uagb_comment_info":0,"uagb_excerpt":"Fishing Bags Manufacturer Well-selected Material- Fishing Pole Bag made of high-quality 600D, ultra tear-resistant and abrasion-resistant, extremely durable to use. Perfect Details- Securely fastened with double straps at the top of bag and features a quick fastener strap around the outside center that secures gear during transport, quite convenient to use. Ergonomic Design- With an&hellip;","_links":{"self":[{"href":"https:\/\/pecbag.com\/da\/wp-json\/wp\/v2\/product\/5261","targetHints":{"allow":["GET"]}}],"collection":[{"href":"https:\/\/pecbag.com\/da\/wp-json\/wp\/v2\/product"}],"about":[{"href":"https:\/\/pecbag.com\/da\/wp-json\/wp\/v2\/types\/product"}],"wp:featuredmedia":[{"embeddable":true,"href":"https:\/\/pecbag.com\/da\/wp-json\/wp\/v2\/media\/5267"}],"wp:attachment":[{"href":"https:\/\/pecbag.com\/da\/wp-json\/wp\/v2\/media?parent=5261"}],"wp:term":[{"taxonomy":"product_brand","embeddable":true,"href":"https:\/\/pecbag.com\/da\/wp-json\/wp\/v2\/product_brand?post=5261"},{"taxonomy":"product_cat","embeddable":true,"href":"https:\/\/pecbag.com\/da\/wp-json\/wp\/v2\/product_cat?post=5261"},{"taxonomy":"product_tag","embeddable":true,"href":"https:\/\/pecbag.com\/da\/wp-json\/wp\/v2\/product_tag?post=5261"}],"curies":[{"name":"wp","href":"https:\/\/api.w.org\/{rel}","templated":true}]}}