{"id":1574,"date":"2025-04-12T03:29:45","date_gmt":"2025-04-12T03:29:45","guid":{"rendered":"https:\/\/pecbag.com\/?post_type=product&#038;p=1574"},"modified":"2025-11-29T02:08:54","modified_gmt":"2025-11-29T02:08:54","slug":"surfboard-bag-manufacturers-china","status":"publish","type":"product","link":"https:\/\/pecbag.com\/de\/surfboard-bag-manufacturers-china\/","title":{"rendered":"Surfboard Tasche Hersteller China"},"content":{"rendered":"<h2 title=\"Faltbare Hundetasche Atmungsaktives Mesh Haustier Umh\u00e4ngetasche f\u00fcr kleine Haustier Hund Katzen\" data-immersive-translate-walked=\"1c928421-2e42-4cd3-8754-5404553c0af5\" data-immersive-translate-paragraph=\"1\" data-spm-anchor-id=\"a2700.details.0.i35.4f6757d4w4zNZA\">Top Surfboard Tasche Hersteller China | Gro\u00dfhandel Fabrik f\u00fcr benutzerdefinierte &amp; gepolsterte Designs<\/h2>\n<div class=\"flex flex-grow flex-col max-w-full\">\n<div class=\"min-h-[20px] text-message flex w-full flex-col items-end gap-2 whitespace-pre-wrap break-words [.text-message+&amp;]:mt-5 overflow-x-auto\" dir=\"auto\" data-message-author-role=\"assistant\" data-message-id=\"3d7d46f6-7ec2-4222-9257-48fa0bba23c6\" data-suggestions=\"true\">\n<div class=\"flex w-full flex-col gap-1 empty:hidden first:pt-[3px]\">\n<div class=\"markdown prose w-full break-words dark:prose-invert light\">\n<p>Suche nach\u00a0<strong>Surfbrett-Tasche Hersteller in China<\/strong>? Wir bieten wasserfeste Designs, Mengenrabatte und individuelle Logos. Schneller Versand, niedrige MOQ &amp; 24\/7 Support. Erhalten Sie jetzt kostenlose Muster!<\/p>\n<table width=\"288\">\n<tbody>\n<tr>\n<td width=\"137\"><span style=\"color: #333333;\">Produkte Name<\/span><\/td>\n<td width=\"151\">Surfbrett Tasche<\/td>\n<\/tr>\n<tr>\n<td><span style=\"color: #333333;\">Artikel Nr.<\/span><\/td>\n<td><span style=\"color: #333333;\">PB-2022<\/span><\/td>\n<\/tr>\n<tr>\n<td><span style=\"color: #333333;\">Material<\/span><\/td>\n<td>600D Polyester + PP gewebt<\/td>\n<\/tr>\n<tr>\n<td><span style=\"color: #333333;\">\u00a0Gr\u00f6\u00dfe und Farbe<\/span><\/td>\n<td><span style=\"color: #333333;\">Kundenspezifisch<\/span><\/td>\n<\/tr>\n<tr>\n<td><span style=\"color: #333333;\">\u00a0Lieferfrist<\/span><\/td>\n<td><span style=\"color: #333333;\">1-5 Tage f\u00fcr kleine Mengen auf dem Luftweg und 30-35 Tage f\u00fcr gro\u00dfe Mengen auf dem Seeweg<\/span><\/td>\n<\/tr>\n<\/tbody>\n<\/table>\n<p>Als f\u00fchrender\u00a0<strong>Surfbrett-Tasche Hersteller in China<\/strong>stellen wir einen strapazierf\u00e4higen Schutz f\u00fcr Shortboards, Longboards und SUP-Paddel her. Egal, ob Sie eine Surfmarke, ein Verleihgesch\u00e4ft oder ein Einzelh\u00e4ndler sind, unsere\u00a0<strong>Gro\u00dfhandelsfabrik<\/strong>\u00a0liefert\u00a0<strong>kundenspezifische Surfbrett-Taschen<\/strong>\u00a0gebaut, um Salzwasser, Sonne und sandige Abenteuer zu \u00fcberstehen.<\/p>\n<p><strong>Warum uns w\u00e4hlen?<\/strong><br \/>\n\u2705\u00a0<strong>Surf-Smart Schutz<\/strong>:<\/p>\n<ul>\n<li>10mm Schaumstoffpolsterung + Anti-UV 600D Polyester<\/li>\n<li>Wasserdichte YKK-Rei\u00dfverschl\u00fcsse und verst\u00e4rkte N\u00e4hte (IPX5-Einstufung)<\/li>\n<li>Kundenspezifische Gr\u00f6\u00dfen (6' bis 12' Bretter) +\u00a0<strong>Markenlogos<\/strong>\u00a0(Druck\/Stickerei)<\/li>\n<\/ul>\n<p>\u2705\u00a0<strong>Gro\u00dfhandel Perks<\/strong>:<\/p>\n<ul>\n<li><strong>MOQ 100St\u00fcck<\/strong>\u00a0- ideal f\u00fcr Start-ups und kleine Chargen<\/li>\n<li><strong>25% aus<\/strong>\u00a0Bestellungen von mehr als 500 Einheiten<\/li>\n<li><strong>15-Tage-Produktion<\/strong>\u00a0+ Luft-\/Seeschifffahrt zu globalen Surf-Hubs<\/li>\n<\/ul>\n<p>\u2705\u00a0<strong>Gebaut f\u00fcr Profi-Fahrer<\/strong>:<\/p>\n<ul>\n<li>Schnell trocknendes Innenfutter verhindert Schimmelbildung<\/li>\n<li>Verstellbare Schultergurte + Taschen f\u00fcr Ausr\u00fcstung<\/li>\n<li>Hat mehr als 10.000 Abriebtests bestanden (ISO 9001 zertifiziert)<\/li>\n<\/ul>\n<p><strong>Vertraut von<\/strong>:<br \/>\n\ud83c\udfc4\u2642\ufe0f Surfschulen in Hawaii &amp; Bali<br \/>\n\ud83c\udfd6\ufe0f Strandresorts in Spanien und Costa Rica<br \/>\n\ud83d\uded2 Umweltbewusste Einzelh\u00e4ndler in den USA\/EU<\/p>\n<\/div>\n<\/div>\n<\/div>\n<\/div>","protected":false},"excerpt":{"rendered":"<h2 data-immersive-translate-walked=\"344be1c1-5052-41eb-8fcd-0dbe236a0d6b\" data-immersive-translate-paragraph=\"1\">Surfboard Tasche Hersteller China<\/h2>\n<p>Wir bieten Premium-Taschen mit individueller Gr\u00f6\u00dfen- und Farbgestaltung, langlebigen Stoffen und zertifizierter Qualit\u00e4t.<\/p>\n<p>Genie\u00dfen Sie flexible MOQs, schnellen weltweiten Versand und Private-Label-L\u00f6sungen.<\/p>\n<p>Kontaktieren Sie uns noch heute!<\/p>","protected":false},"featured_media":1582,"template":"","meta":{"_uag_custom_page_level_css":""},"product_brand":[],"product_cat":[47],"product_tag":[],"class_list":{"0":"post-1574","1":"product","2":"type-product","3":"status-publish","4":"has-post-thumbnail","6":"product_cat-surfboard-bag","8":"first","9":"instock","10":"shipping-taxable","11":"product-type-simple"},"uagb_featured_image_src":{"full":["https:\/\/pecbag.com\/wp-content\/uploads\/2025\/04\/Surfboard-Bag-Manufacturers-China-3.jpg",1200,1200,false],"thumbnail":["https:\/\/pecbag.com\/wp-content\/uploads\/2025\/04\/Surfboard-Bag-Manufacturers-China-3-150x150.jpg",150,150,true],"medium":["https:\/\/pecbag.com\/wp-content\/uploads\/2025\/04\/Surfboard-Bag-Manufacturers-China-3-300x300.jpg",300,300,true],"medium_large":["https:\/\/pecbag.com\/wp-content\/uploads\/2025\/04\/Surfboard-Bag-Manufacturers-China-3-768x768.jpg",768,768,true],"large":["https:\/\/pecbag.com\/wp-content\/uploads\/2025\/04\/Surfboard-Bag-Manufacturers-China-3-1024x1024.jpg",800,800,true],"1536x1536":["https:\/\/pecbag.com\/wp-content\/uploads\/2025\/04\/Surfboard-Bag-Manufacturers-China-3.jpg",1200,1200,false],"2048x2048":["https:\/\/pecbag.com\/wp-content\/uploads\/2025\/04\/Surfboard-Bag-Manufacturers-China-3.jpg",1200,1200,false],"trp-custom-language-flag":["https:\/\/pecbag.com\/wp-content\/uploads\/2025\/04\/Surfboard-Bag-Manufacturers-China-3.jpg",12,12,false],"woocommerce_thumbnail":["https:\/\/pecbag.com\/wp-content\/uploads\/2025\/04\/Surfboard-Bag-Manufacturers-China-3-300x300.jpg",300,300,true],"woocommerce_single":["https:\/\/pecbag.com\/wp-content\/uploads\/2025\/04\/Surfboard-Bag-Manufacturers-China-3-600x600.jpg",600,600,true],"woocommerce_gallery_thumbnail":["https:\/\/pecbag.com\/wp-content\/uploads\/2025\/04\/Surfboard-Bag-Manufacturers-China-3-100x100.jpg",100,100,true]},"uagb_author_info":{"display_name":"Lawrence","author_link":"https:\/\/pecbag.com\/de\/author\/"},"uagb_comment_info":0,"uagb_excerpt":"Surfboard Bag Manufacturers China We provide premium bags with full-size and color customization, durable fabrics, and certified quality. Enjoy flexible MOQs, fast global shipping, and private label solutions. Contact us today!","_links":{"self":[{"href":"https:\/\/pecbag.com\/de\/wp-json\/wp\/v2\/product\/1574","targetHints":{"allow":["GET"]}}],"collection":[{"href":"https:\/\/pecbag.com\/de\/wp-json\/wp\/v2\/product"}],"about":[{"href":"https:\/\/pecbag.com\/de\/wp-json\/wp\/v2\/types\/product"}],"wp:featuredmedia":[{"embeddable":true,"href":"https:\/\/pecbag.com\/de\/wp-json\/wp\/v2\/media\/1582"}],"wp:attachment":[{"href":"https:\/\/pecbag.com\/de\/wp-json\/wp\/v2\/media?parent=1574"}],"wp:term":[{"taxonomy":"product_brand","embeddable":true,"href":"https:\/\/pecbag.com\/de\/wp-json\/wp\/v2\/product_brand?post=1574"},{"taxonomy":"product_cat","embeddable":true,"href":"https:\/\/pecbag.com\/de\/wp-json\/wp\/v2\/product_cat?post=1574"},{"taxonomy":"product_tag","embeddable":true,"href":"https:\/\/pecbag.com\/de\/wp-json\/wp\/v2\/product_tag?post=1574"}],"curies":[{"name":"wp","href":"https:\/\/api.w.org\/{rel}","templated":true}]}}