{"id":3174,"date":"2025-05-23T01:23:49","date_gmt":"2025-05-23T01:23:49","guid":{"rendered":"https:\/\/pecbag.com\/?post_type=product&#038;p=3174"},"modified":"2025-11-29T02:07:26","modified_gmt":"2025-11-29T02:07:26","slug":"waterproof-outdoor-bicycle-backpack","status":"publish","type":"product","link":"https:\/\/pecbag.com\/de\/waterproof-outdoor-bicycle-backpack\/","title":{"rendered":"Wasserdichter Outdoor-Fahrradrucksack"},"content":{"rendered":"<h2 title=\"Faltbare Hundetasche Atmungsaktives Mesh Haustier Umh\u00e4ngetasche f\u00fcr kleine Haustier Hund Katzen\" data-immersive-translate-walked=\"1c928421-2e42-4cd3-8754-5404553c0af5\" data-immersive-translate-paragraph=\"1\" data-spm-anchor-id=\"a2700.details.0.i35.4f6757d4w4zNZA\">Wasserdichter Outdoor-Fahrradrucksack Hersteller | Wasserdichte Tasche Fabrik | Bulk Lieferant<\/h2>\n<div class=\"flex flex-grow flex-col max-w-full\">\n<div class=\"min-h-[20px] text-message flex w-full flex-col items-end gap-2 whitespace-pre-wrap break-words [.text-message+&amp;]:mt-5 overflow-x-auto\" dir=\"auto\" data-message-author-role=\"assistant\" data-message-id=\"3d7d46f6-7ec2-4222-9257-48fa0bba23c6\" data-suggestions=\"true\">\n<div class=\"flex w-full flex-col gap-1 empty:hidden first:pt-[3px]\">\n<div class=\"markdown prose w-full break-words dark:prose-invert light\">\n<p>Bedarf\u00a0<strong>wasserdichte Outdoor-Fahrradrucks\u00e4cke<\/strong>\u00a0die Regen, Schlamm und raue Fahrten \u00fcberstehen? Wir sind ein Top\u00a0<strong>wasserdichte Tasche Fabrik<\/strong>\u00a0und\u00a0<strong>Rucksackhersteller<\/strong>\u00a0in China, die strapazierf\u00e4hige Fahrradtaschen f\u00fcr Marken und Gro\u00dfh\u00e4ndler weltweit herstellt!<\/p>\n<table width=\"288\">\n<tbody>\n<tr>\n<td width=\"137\"><span style=\"color: #333333;\">Produkte Name<\/span><\/td>\n<td width=\"151\"><span style=\"color: #333333;\">Fahrradtasche<\/span><\/td>\n<\/tr>\n<tr>\n<td><span style=\"color: #333333;\">Artikel Nr.<\/span><\/td>\n<td><span style=\"color: #333333;\">PB-2004<\/span><\/td>\n<\/tr>\n<tr>\n<td><span style=\"color: #333333;\">Material<\/span><\/td>\n<td>PU<\/td>\n<\/tr>\n<tr>\n<td><span style=\"color: #333333;\">Gr\u00f6\u00dfe<\/span><\/td>\n<td>29,5 x 12 x 42 cm<\/td>\n<\/tr>\n<tr>\n<td><span style=\"color: #333333;\">\u00a0Lieferfrist<\/span><\/td>\n<td><span style=\"color: #333333;\">1-5 Tage f\u00fcr kleine Mengen auf dem Luftweg und 30-35 Tage f\u00fcr gro\u00dfe Mengen auf dem Seeweg<\/span><\/td>\n<\/tr>\n<\/tbody>\n<\/table>\n<p class=\"ds-markdown-paragraph\">\u2705\u00a0<strong>Warum uns w\u00e4hlen?<\/strong><\/p>\n<ul>\n<li>\n<p class=\"ds-markdown-paragraph\"><strong>100% Wasserdicht<\/strong>: Versiegelte N\u00e4hte + TPU-beschichtetes Material halten die Ausr\u00fcstung trocken - kein Auslaufen, niemals!<\/p>\n<\/li>\n<li>\n<p class=\"ds-markdown-paragraph\"><strong>Einsparungen bei Gro\u00dfbestellungen<\/strong>: Produzieren Sie Fahrradtaschen-Gro\u00dfauftr\u00e4ge zu unschlagbaren Preisen (MOQ 50+ Einheiten).<\/p>\n<\/li>\n<li>\n<p class=\"ds-markdown-paragraph\"><strong>Ihre Marke, Ihr Weg<\/strong>: Passen Sie Designs, Logos und Farben mit Fahrradtasche ODM\/OEM oder\u00a0<strong>Eigenmarke<\/strong>\u00a0Dienstleistungen.<\/p>\n<\/li>\n<li>\n<p class=\"ds-markdown-paragraph\"><strong>Know-how in China<\/strong>: Als einer der f\u00fchrenden Anbieter von Fahrradtaschen in China kombinieren wir Qualit\u00e4t mit schneller Exportlogistik f\u00fcr Fahrradtaschen.<\/p>\n<\/li>\n<\/ul>\n<p class=\"ds-markdown-paragraph\"><strong>Merkmale, die verkaufen:<\/strong><br \/>\n\ud83d\udd39 Verst\u00e4rkte Riemen und YKK-Rei\u00dfverschl\u00fcsse f\u00fcr lange Haltbarkeit<br \/>\n\ud83d\udd39 Reflektierende Streifen f\u00fcr Sicherheit bei Nacht<br \/>\n\ud83d\udd39 Atmungsaktive R\u00fcckenpolsterung &amp; ergonomisches Design<br \/>\n\ud83d\udd39 CE- und ISO-zertifizierte Produktion<\/p>\n<p class=\"ds-markdown-paragraph\"><strong>Perfekt f\u00fcr:<\/strong><\/p>\n<ul>\n<li>\n<p class=\"ds-markdown-paragraph\">Radsportmarken &amp; Fahrradtaschen-Gro\u00dfh\u00e4ndler<\/p>\n<\/li>\n<li>\n<p class=\"ds-markdown-paragraph\">Outdoor-Einzelh\u00e4ndler und Anbieter von Fahrradtaschen<\/p>\n<\/li>\n<li>\n<p class=\"ds-markdown-paragraph\">Startups mit Bedarf an Fahrradtaschen-Eigenmarkenl\u00f6sungen<\/p>\n<\/li>\n<\/ul>\n<p class=\"ds-markdown-paragraph\"><strong>Haben Sie einen Entwurf?<\/strong>\u00a0Wir machen es wahr!<br \/>\n\u2705 Kostenlose Muster | \u2705 15-Tage-Produktion | \u2705 Versand von T\u00fcr zu T\u00fcr<\/p>\n<p class=\"ds-markdown-paragraph\"><strong>Sind Sie bereit, abenteuertaugliche Fahrradtaschen auf Lager zu haben?<\/strong>\u00a0Kontaktieren Sie uns noch heute f\u00fcr ein Angebot oder starten Sie jetzt Ihr OEM\/ODM-Projekt f\u00fcr Fahrradtaschen!<\/p>\n<\/div>\n<\/div>\n<\/div>\n<\/div>","protected":false},"excerpt":{"rendered":"<h2 data-immersive-translate-walked=\"344be1c1-5052-41eb-8fcd-0dbe236a0d6b\" data-immersive-translate-paragraph=\"1\">Wasserdichter Outdoor-Fahrradrucksack<\/h2>\n<p><strong>Wasserabweisend:<\/strong> Diese Fahrradtasche ist aus wasserabweisendem Stoff gefertigt und mit einer PU-Gummioberfl\u00e4che beschichtet. Der Rei\u00dfverschluss ist mit einem hitzeversiegelten, wasserdichten Band versehen, das das Eindringen von Regenwasser wirksam verhindern kann. Dar\u00fcber hinaus ist eine regen Abdeckung ist auch enthalten, um den besten wasserdichten Schutz zu bieten<\/p>\n<p><strong>Multiszenen-Anwendung:<\/strong> Kann als Rucksack mit integriertem Computerfach verwendet werden, um Ihre Bed\u00fcrfnisse zu erf\u00fcllen. Es kann als Umh\u00e4ngetasche verwendet werden, um Pendler Bed\u00fcrfnisse zu erf\u00fcllen. Es kann als eine Fahrradtasche verwendet werden, frei zu wechseln, geeignet f\u00fcr eine Vielzahl von Fahrr\u00e4dern<\/p>","protected":false},"featured_media":3176,"template":"","meta":{"_uag_custom_page_level_css":""},"product_brand":[],"product_cat":[48],"product_tag":[],"class_list":{"0":"post-3174","1":"product","2":"type-product","3":"status-publish","4":"has-post-thumbnail","6":"product_cat-bike-bag","8":"first","9":"instock","10":"shipping-taxable","11":"product-type-simple"},"uagb_featured_image_src":{"full":["https:\/\/pecbag.com\/wp-content\/uploads\/2025\/05\/Waterproof-Outdoor-Bicycle-Backpack-6.jpg",1500,1500,false],"thumbnail":["https:\/\/pecbag.com\/wp-content\/uploads\/2025\/05\/Waterproof-Outdoor-Bicycle-Backpack-6-150x150.jpg",150,150,true],"medium":["https:\/\/pecbag.com\/wp-content\/uploads\/2025\/05\/Waterproof-Outdoor-Bicycle-Backpack-6-300x300.jpg",300,300,true],"medium_large":["https:\/\/pecbag.com\/wp-content\/uploads\/2025\/05\/Waterproof-Outdoor-Bicycle-Backpack-6-768x768.jpg",768,768,true],"large":["https:\/\/pecbag.com\/wp-content\/uploads\/2025\/05\/Waterproof-Outdoor-Bicycle-Backpack-6-1024x1024.jpg",800,800,true],"1536x1536":["https:\/\/pecbag.com\/wp-content\/uploads\/2025\/05\/Waterproof-Outdoor-Bicycle-Backpack-6.jpg",1500,1500,false],"2048x2048":["https:\/\/pecbag.com\/wp-content\/uploads\/2025\/05\/Waterproof-Outdoor-Bicycle-Backpack-6.jpg",1500,1500,false],"trp-custom-language-flag":["https:\/\/pecbag.com\/wp-content\/uploads\/2025\/05\/Waterproof-Outdoor-Bicycle-Backpack-6-12x12.jpg",12,12,true],"woocommerce_thumbnail":["https:\/\/pecbag.com\/wp-content\/uploads\/2025\/05\/Waterproof-Outdoor-Bicycle-Backpack-6-300x300.jpg",300,300,true],"woocommerce_single":["https:\/\/pecbag.com\/wp-content\/uploads\/2025\/05\/Waterproof-Outdoor-Bicycle-Backpack-6-600x600.jpg",600,600,true],"woocommerce_gallery_thumbnail":["https:\/\/pecbag.com\/wp-content\/uploads\/2025\/05\/Waterproof-Outdoor-Bicycle-Backpack-6-100x100.jpg",100,100,true]},"uagb_author_info":{"display_name":"Lawrence","author_link":"https:\/\/pecbag.com\/de\/author\/"},"uagb_comment_info":0,"uagb_excerpt":"Waterproof Outdoor Bicycle Backpack Water Repellent: This bicycle bag is made of water repellent fabric and laminated with a PU rubber surface. Its zipper uses heat-sealed waterproof tape, which can effectively prevent rainwater from infiltrating. In addition, a rain cover is also included to provide the best waterproof protection Multi-scene Application: Can be used as&hellip;","_links":{"self":[{"href":"https:\/\/pecbag.com\/de\/wp-json\/wp\/v2\/product\/3174","targetHints":{"allow":["GET"]}}],"collection":[{"href":"https:\/\/pecbag.com\/de\/wp-json\/wp\/v2\/product"}],"about":[{"href":"https:\/\/pecbag.com\/de\/wp-json\/wp\/v2\/types\/product"}],"wp:featuredmedia":[{"embeddable":true,"href":"https:\/\/pecbag.com\/de\/wp-json\/wp\/v2\/media\/3176"}],"wp:attachment":[{"href":"https:\/\/pecbag.com\/de\/wp-json\/wp\/v2\/media?parent=3174"}],"wp:term":[{"taxonomy":"product_brand","embeddable":true,"href":"https:\/\/pecbag.com\/de\/wp-json\/wp\/v2\/product_brand?post=3174"},{"taxonomy":"product_cat","embeddable":true,"href":"https:\/\/pecbag.com\/de\/wp-json\/wp\/v2\/product_cat?post=3174"},{"taxonomy":"product_tag","embeddable":true,"href":"https:\/\/pecbag.com\/de\/wp-json\/wp\/v2\/product_tag?post=3174"}],"curies":[{"name":"wp","href":"https:\/\/api.w.org\/{rel}","templated":true}]}}