{"id":3190,"date":"2025-05-23T02:48:51","date_gmt":"2025-05-23T02:48:51","guid":{"rendered":"https:\/\/pecbag.com\/?post_type=product&#038;p=3190"},"modified":"2025-11-29T02:07:14","modified_gmt":"2025-11-29T02:07:14","slug":"customizable-rainproof-bicycle-saddle-pack","status":"publish","type":"product","link":"https:\/\/pecbag.com\/de\/customizable-rainproof-bicycle-saddle-pack\/","title":{"rendered":"Neue Ankunft Customizable Rainproof Fahrradsattel Pack"},"content":{"rendered":"<h5 title=\"Faltbare Hundetasche Atmungsaktives Mesh Haustier Umh\u00e4ngetasche f\u00fcr kleine Haustier Hund Katzen\" data-immersive-translate-walked=\"1c928421-2e42-4cd3-8754-5404553c0af5\" data-immersive-translate-paragraph=\"1\" data-spm-anchor-id=\"a2700.details.0.i35.4f6757d4w4zNZA\">Neue Ankunft anpassbare regenfest Fahrradsattel Pack | wasserdichte Tasche Fabrik &amp; Rucksack Hersteller<\/h5>\n<p title=\"Faltbare Hundetasche Atmungsaktives Mesh Haustier Umh\u00e4ngetasche f\u00fcr kleine Haustier Hund Katzen\" data-immersive-translate-walked=\"1c928421-2e42-4cd3-8754-5404553c0af5\" data-immersive-translate-paragraph=\"1\" data-spm-anchor-id=\"a2700.details.0.i35.4f6757d4w4zNZA\"><span style=\"font-size: 16px;\">Bedarf <\/span><span style=\"font-size: 16px;\">regenfeste Fahrradsattelpackungen<\/span><span style=\"font-size: 16px;\">\u00a0die die Ausr\u00fcstung trocken halten und die Fahrer gl\u00fccklich machen? Wir sind ein Top\u00a0<\/span><span style=\"font-size: 16px;\">wasserdichte Tasche Fabrik<\/span><span style=\"font-size: 16px;\">\u00a0und\u00a0<\/span><span style=\"font-size: 16px;\">Rucksackhersteller<\/span><span style=\"font-size: 16px;\">\u00a0in China und stellt die hei\u00dfesten Produkte der Saison vor\u00a0<\/span><span style=\"font-size: 16px;\">anpassbare Fahrradsattelpakete<\/span><span style=\"font-size: 16px;\">\u00a0f\u00fcr Marken und Gro\u00dfh\u00e4ndler!<\/span><\/p>\n<div class=\"flex flex-grow flex-col max-w-full\">\n<div class=\"min-h-[20px] text-message flex w-full flex-col items-end gap-2 whitespace-pre-wrap break-words [.text-message+&amp;]:mt-5 overflow-x-auto\" dir=\"auto\" data-message-author-role=\"assistant\" data-message-id=\"3d7d46f6-7ec2-4222-9257-48fa0bba23c6\" data-suggestions=\"true\">\n<div class=\"flex w-full flex-col gap-1 empty:hidden first:pt-[3px]\">\n<div class=\"markdown prose w-full break-words dark:prose-invert light\">\n<table width=\"288\">\n<tbody>\n<tr>\n<td width=\"137\"><span style=\"color: #333333;\">Produkte Name<\/span><\/td>\n<td width=\"151\"><span style=\"color: #333333;\">Fahrradtasche<\/span><\/td>\n<\/tr>\n<tr>\n<td><span style=\"color: #333333;\">Artikel Nr.<\/span><\/td>\n<td><span style=\"color: #333333;\">PB-2029<\/span><\/td>\n<\/tr>\n<tr>\n<td><span style=\"color: #333333;\">Material<\/span><\/td>\n<td>600D Polyester<\/td>\n<\/tr>\n<tr>\n<td><span style=\"color: #333333;\">Gr\u00f6\u00dfe<\/span><\/td>\n<td>39*19*29 cm<\/td>\n<\/tr>\n<tr>\n<td><span style=\"color: #333333;\">\u00a0Lieferfrist<\/span><\/td>\n<td><span style=\"color: #333333;\">1-5 Tage f\u00fcr kleine Mengen auf dem Luftweg und 30-35 Tage f\u00fcr gro\u00dfe Mengen auf dem Seeweg<\/span><\/td>\n<\/tr>\n<\/tbody>\n<\/table>\n<p class=\"ds-markdown-paragraph\"><strong>Beschreibung:<\/strong><br \/>\nBen\u00f6tigen Sie regenfeste Fahrradsattelrucks\u00e4cke, die die Ausr\u00fcstung trocken halten und die Fahrer gl\u00fccklich machen? Wir sind ein f\u00fchrender Hersteller von wasserdichten Taschen und Rucks\u00e4cken in China, der in dieser Saison die angesagtesten anpassbaren Fahrradsattelrucks\u00e4cke f\u00fcr Marken und Gro\u00dfh\u00e4ndler auf den Markt bringt!<\/p>\n<p class=\"ds-markdown-paragraph\">\u2705\u00a0<strong>Warum uns w\u00e4hlen?<\/strong><\/p>\n<ul>\n<li>\n<p class=\"ds-markdown-paragraph\"><strong>Regenfeste Leistung<\/strong>: 100% wasserdichte TPU-Beschichtung + versiegelte N\u00e4hte - lachen Sie \u00fcber jeden Regenschauer!<\/p>\n<\/li>\n<li>\n<p class=\"ds-markdown-paragraph\"><strong>Alles anpassen<\/strong>: Farben, Logos, Gr\u00f6\u00dfen - gestalten Sie Ihr Fahrradsattelpaket \u00fcber ODM\/OEM oder Private Label (MOQ 50 Stk.).<\/p>\n<\/li>\n<li>\n<p class=\"ds-markdown-paragraph\"><strong>Gro\u00dfauftragsboost<\/strong>: Schnelle Produktion von Fahrradtaschen-Gro\u00dfbestellungen (15 Tage Durchlaufzeit) f\u00fcr den Sommeransturm oder das Weihnachtsgesch\u00e4ft.<\/p>\n<\/li>\n<li>\n<p class=\"ds-markdown-paragraph\"><strong>China Kostenvorteil<\/strong>: Als ein f\u00fchrender Anbieter von Fahrradtaschen in China verbinden wir Qualit\u00e4t mit unschlagbaren Preisen.<\/p>\n<\/li>\n<\/ul>\n<p class=\"ds-markdown-paragraph\"><strong>Eigenschaften, die Radfahrer lieben:<\/strong><br \/>\n\ud83d\udd39 Kompakt, aber erweiterbar (5L \u2192 12L)<br \/>\n\ud83d\udd39 Reflektierende Streifen + Anti-Diebstahl-Rei\u00dfverschl\u00fcsse<br \/>\n\ud83d\udd39 Universelles Befestigungssystem f\u00fcr alle Fahrradtypen<br \/>\n\ud83d\udd39 CE\/SGS-zertifiziert - keine giftigen Ger\u00fcche<\/p>\n<p class=\"ds-markdown-paragraph\"><strong>Perfekt f\u00fcr:<\/strong><\/p>\n<ul>\n<li>\n<p class=\"ds-markdown-paragraph\">Radsportmarken &amp; Fahrradtaschen-Gro\u00dfh\u00e4ndler<\/p>\n<\/li>\n<li>\n<p class=\"ds-markdown-paragraph\">Anbieter von Outdoor-Ausr\u00fcstung und Amazon-Verk\u00e4ufer<\/p>\n<\/li>\n<li>\n<p class=\"ds-markdown-paragraph\">Startups mit Bedarf an Fahrradtaschen-Eigenmarkenl\u00f6sungen<\/p>\n<\/li>\n<\/ul>\n<p class=\"ds-markdown-paragraph\"><strong>Wie es funktioniert:<\/strong><br \/>\n1\ufe0f\u20e3 . Senden Sie Ihr Design (oder w\u00e4hlen Sie aus \u00fcber 50 Vorlagen)<br \/>\n2\ufe0f\u20e3 . Wir werden in 5 Tagen einen Prototyp erstellen<br \/>\n3\ufe0f\u20e3 . Versand weltweit \u00fcber Fahrradtaschen-Exportnetzwerke<\/p>\n<p class=\"ds-markdown-paragraph\"><strong>Sind Sie bereit, die wasserdichte Welle zu reiten?<\/strong><br \/>\n\ud83d\udc49\u00a0<strong>Kostenlose Proben<\/strong>\u00a0\ud83d\udc49 , Sofortige Kostenvoranschl\u00e4ge \ud83d\udc49 , 30% Kaution<\/p>\n<\/div>\n<\/div>\n<\/div>\n<\/div>","protected":false},"excerpt":{"rendered":"<h2 title=\"Faltbare Hundetasche Atmungsaktives Mesh Haustier Umh\u00e4ngetasche f\u00fcr kleine Haustier Hund Katzen\" data-immersive-translate-walked=\"1c928421-2e42-4cd3-8754-5404553c0af5\" data-immersive-translate-paragraph=\"1\" data-spm-anchor-id=\"a2700.details.0.i35.4f6757d4w4zNZA\">Neue Ankunft Customizable Rainproof Fahrradsattel Pack<\/h2>\n<p><strong>Wasserdicht Funktion.<\/strong> Hergestellt aus 600D-Polyester-Material mit wasserdichter PVC-Schicht auf beiden Seiten, ist diese Fahrradtasche super langlebig und vollst\u00e4ndig wasserdicht, sowie rei\u00dffest, verschlei\u00dffest und hitzebest\u00e4ndig und sch\u00fctzt Ihre Gegenst\u00e4nde perfekt.<\/p>\n<p><strong>17L Fassungsverm\u00f6gen.<\/strong>\u00a0Bike Trunk Bag Gr\u00f6\u00dfe: 39*19*29 cm\/15.3*7.4*11.4 inch, bis zu 17L Kapazit\u00e4t, voll erweitert, um mehr zu halten.Leicht zu speichern Wasserflaschen (keine Seitentaschen), Pumpen, Schuhe, Handschuhe, Brieftaschen, Kleidung, Energieriegel, etc.<\/p>\n<p><strong>Bike Rear Seat Rack Pannier Einfache Installation.<\/strong>\u00a0Schnellverschluss-System, leicht auf dem R\u00fccksitz Kofferraumtr\u00e4ger und Tragegriff f\u00fcr tragbare befestigt werden.<\/p>","protected":false},"featured_media":3191,"template":"","meta":{"_uag_custom_page_level_css":""},"product_brand":[],"product_cat":[48],"product_tag":[],"class_list":{"0":"post-3190","1":"product","2":"type-product","3":"status-publish","4":"has-post-thumbnail","6":"product_cat-bike-bag","8":"first","9":"instock","10":"shipping-taxable","11":"product-type-simple"},"uagb_featured_image_src":{"full":["https:\/\/pecbag.com\/wp-content\/uploads\/2025\/05\/New-Arrival-Customizable-Rainproof-Bicycle-Saddle-Pack-5.jpeg",1500,1500,false],"thumbnail":["https:\/\/pecbag.com\/wp-content\/uploads\/2025\/05\/New-Arrival-Customizable-Rainproof-Bicycle-Saddle-Pack-5-150x150.jpeg",150,150,true],"medium":["https:\/\/pecbag.com\/wp-content\/uploads\/2025\/05\/New-Arrival-Customizable-Rainproof-Bicycle-Saddle-Pack-5-300x300.jpeg",300,300,true],"medium_large":["https:\/\/pecbag.com\/wp-content\/uploads\/2025\/05\/New-Arrival-Customizable-Rainproof-Bicycle-Saddle-Pack-5-768x768.jpeg",768,768,true],"large":["https:\/\/pecbag.com\/wp-content\/uploads\/2025\/05\/New-Arrival-Customizable-Rainproof-Bicycle-Saddle-Pack-5-1024x1024.jpeg",800,800,true],"1536x1536":["https:\/\/pecbag.com\/wp-content\/uploads\/2025\/05\/New-Arrival-Customizable-Rainproof-Bicycle-Saddle-Pack-5.jpeg",1500,1500,false],"2048x2048":["https:\/\/pecbag.com\/wp-content\/uploads\/2025\/05\/New-Arrival-Customizable-Rainproof-Bicycle-Saddle-Pack-5.jpeg",1500,1500,false],"trp-custom-language-flag":["https:\/\/pecbag.com\/wp-content\/uploads\/2025\/05\/New-Arrival-Customizable-Rainproof-Bicycle-Saddle-Pack-5-12x12.jpeg",12,12,true],"woocommerce_thumbnail":["https:\/\/pecbag.com\/wp-content\/uploads\/2025\/05\/New-Arrival-Customizable-Rainproof-Bicycle-Saddle-Pack-5-300x300.jpeg",300,300,true],"woocommerce_single":["https:\/\/pecbag.com\/wp-content\/uploads\/2025\/05\/New-Arrival-Customizable-Rainproof-Bicycle-Saddle-Pack-5-600x600.jpeg",600,600,true],"woocommerce_gallery_thumbnail":["https:\/\/pecbag.com\/wp-content\/uploads\/2025\/05\/New-Arrival-Customizable-Rainproof-Bicycle-Saddle-Pack-5-100x100.jpeg",100,100,true]},"uagb_author_info":{"display_name":"Lawrence","author_link":"https:\/\/pecbag.com\/de\/author\/"},"uagb_comment_info":0,"uagb_excerpt":"New Arrival Customizable Rainproof Bicycle Saddle Pack Waterproof Function. Made of 600D polyester material with waterproof PVC layer on both sides, this bike pannier is super durable and fully waterproof, as well as anti-tear, wear resistant and heat-resistant, protecting your items perfectly. 17L Capacity.\u00a0Bike Trunk Bag size: 39*19*29 cm\/15.3*7.4*11.4 inch, up to 17L capacity, fully&hellip;","_links":{"self":[{"href":"https:\/\/pecbag.com\/de\/wp-json\/wp\/v2\/product\/3190","targetHints":{"allow":["GET"]}}],"collection":[{"href":"https:\/\/pecbag.com\/de\/wp-json\/wp\/v2\/product"}],"about":[{"href":"https:\/\/pecbag.com\/de\/wp-json\/wp\/v2\/types\/product"}],"wp:featuredmedia":[{"embeddable":true,"href":"https:\/\/pecbag.com\/de\/wp-json\/wp\/v2\/media\/3191"}],"wp:attachment":[{"href":"https:\/\/pecbag.com\/de\/wp-json\/wp\/v2\/media?parent=3190"}],"wp:term":[{"taxonomy":"product_brand","embeddable":true,"href":"https:\/\/pecbag.com\/de\/wp-json\/wp\/v2\/product_brand?post=3190"},{"taxonomy":"product_cat","embeddable":true,"href":"https:\/\/pecbag.com\/de\/wp-json\/wp\/v2\/product_cat?post=3190"},{"taxonomy":"product_tag","embeddable":true,"href":"https:\/\/pecbag.com\/de\/wp-json\/wp\/v2\/product_tag?post=3190"}],"curies":[{"name":"wp","href":"https:\/\/api.w.org\/{rel}","templated":true}]}}