{"id":3197,"date":"2025-05-23T03:04:19","date_gmt":"2025-05-23T03:04:19","guid":{"rendered":"https:\/\/pecbag.com\/?post_type=product&#038;p=3197"},"modified":"2025-11-29T02:07:08","modified_gmt":"2025-11-29T02:07:08","slug":"pu-tear-resistant-travel-bike-storage-pack","status":"publish","type":"product","link":"https:\/\/pecbag.com\/de\/pu-tear-resistant-travel-bike-storage-pack\/","title":{"rendered":"11L PU rei\u00dffestes Reisefahrrad Aufbewahrungspaket"},"content":{"rendered":"<h5 title=\"Faltbare Hundetasche Atmungsaktives Mesh Haustier Umh\u00e4ngetasche f\u00fcr kleine Haustier Hund Katzen\" data-immersive-translate-walked=\"1c928421-2e42-4cd3-8754-5404553c0af5\" data-immersive-translate-paragraph=\"1\" data-spm-anchor-id=\"a2700.details.0.i35.4f6757d4w4zNZA\">11L PU Tear Resistant Travel Bike Storage Pack | Waterproof Bag Factory &amp; Backpack Manufacturer | Bulk Supplier<\/h5>\n<p title=\"Faltbare Hundetasche Atmungsaktives Mesh Haustier Umh\u00e4ngetasche f\u00fcr kleine Haustier Hund Katzen\" data-immersive-translate-walked=\"1c928421-2e42-4cd3-8754-5404553c0af5\" data-immersive-translate-paragraph=\"1\" data-spm-anchor-id=\"a2700.details.0.i35.4f6757d4w4zNZA\">Ben\u00f6tigen Sie einen 11L PU rei\u00dffesten Fahrradrucksack f\u00fcr raue Abenteuer? Wir sind ein f\u00fchrender Hersteller von wasserdichten Taschen und Rucks\u00e4cken in China, der strapazierf\u00e4hige Fahrradtaschen herstellt, die raue Stra\u00dfen, scharfe Werkzeuge und Monsunregen \u00fcberstehen!<\/p>\n<div class=\"flex flex-grow flex-col max-w-full\">\n<div class=\"min-h-[20px] text-message flex w-full flex-col items-end gap-2 whitespace-pre-wrap break-words [.text-message+&amp;]:mt-5 overflow-x-auto\" dir=\"auto\" data-message-author-role=\"assistant\" data-message-id=\"3d7d46f6-7ec2-4222-9257-48fa0bba23c6\" data-suggestions=\"true\">\n<div class=\"flex w-full flex-col gap-1 empty:hidden first:pt-[3px]\">\n<div class=\"markdown prose w-full break-words dark:prose-invert light\">\n<table width=\"288\">\n<tbody>\n<tr>\n<td width=\"137\"><span style=\"color: #333333;\">Produkte Name<\/span><\/td>\n<td width=\"151\"><span style=\"color: #333333;\">Fahrradtasche<\/span><\/td>\n<\/tr>\n<tr>\n<td><span style=\"color: #333333;\">Artikel Nr.<\/span><\/td>\n<td><span style=\"color: #333333;\">PB-2030<\/span><\/td>\n<\/tr>\n<tr>\n<td><span style=\"color: #333333;\">Material<\/span><\/td>\n<td>PU<\/td>\n<\/tr>\n<tr>\n<td><span style=\"color: #333333;\">Gr\u00f6\u00dfe<\/span><\/td>\n<td>47 X 17 X 14 CM<\/td>\n<\/tr>\n<tr>\n<td><span style=\"color: #333333;\">\u00a0Lieferfrist<\/span><\/td>\n<td><span style=\"color: #333333;\">1-5 Tage f\u00fcr kleine Mengen auf dem Luftweg und 30-35 Tage f\u00fcr gro\u00dfe Mengen auf dem Seeweg<\/span><\/td>\n<\/tr>\n<\/tbody>\n<\/table>\n<p class=\"ds-markdown-paragraph\">\u2705\u00a0<strong>Warum mit uns zusammenarbeiten?<\/strong><\/p>\n<ul>\n<li>\n<p class=\"ds-markdown-paragraph\"><strong>Tr\u00e4nensichere Leistung<\/strong>: 18 Unzen PU-beschichtetes Gewebe + dreifach gen\u00e4hte N\u00e4hte - f\u00fcr Motorr\u00e4der, Fahrr\u00e4der oder die Aufbewahrung von Outdoor-Ausr\u00fcstung geeignet.<\/p>\n<\/li>\n<li>\n<p class=\"ds-markdown-paragraph\"><strong>Intelligentes 11L-Design<\/strong>: Kompakt und dennoch passend f\u00fcr Helme, Werkzeug und Regenkleidung - dehnbare Gurte f\u00fcr \u00dcberladung.<\/p>\n<\/li>\n<li>\n<p class=\"ds-markdown-paragraph\"><strong>Vorteile bei Gro\u00dfbestellungen<\/strong>: Produzieren Sie Fahrradtaschen-Gro\u00dfbestellungen (MOQ 100 St\u00fcck) mit ODM\/OEM oder Eigenmarke in nur 15 Tagen!<\/p>\n<\/li>\n<li>\n<p class=\"ds-markdown-paragraph\"><strong>China Kostenvorteil<\/strong>: Als ein f\u00fchrender Anbieter von Fahrradtaschen in China trifft Qualit\u00e4t auf unschlagbare Preise.<\/p>\n<\/li>\n<\/ul>\n<p class=\"ds-markdown-paragraph\"><strong>Eigenschaften, die sich schnell verkaufen:<\/strong><br \/>\n\ud83d\udd39 100% wasserdichte YKK-Rei\u00dfverschl\u00fcsse + Entw\u00e4sserungs\u00f6ffnungen<br \/>\n\ud83d\udd39 Reflektierende Sicherheitsaufn\u00e4her und versteckte Anti-Diebstahl-Taschen<br \/>\n\ud83d\udd39 Universelles Befestigungssystem (f\u00fcr alle Fahrradtr\u00e4ger geeignet)<br \/>\nCE\/SGS-zertifiziert - keine giftigen Kleber oder Ger\u00fcche<\/p>\n<p class=\"ds-markdown-paragraph\"><strong>Perfekt f\u00fcr:<\/strong><\/p>\n<ul>\n<li>\n<p class=\"ds-markdown-paragraph\">Motorradmarken und Gro\u00dfh\u00e4ndler f\u00fcr Motorradtaschen<\/p>\n<\/li>\n<li>\n<p class=\"ds-markdown-paragraph\">Anbieter von Outdoor-Ausr\u00fcstung und E-Commerce-Giganten<\/p>\n<\/li>\n<li>\n<p class=\"ds-markdown-paragraph\">Startups wollen Fahrradtaschen-Eigenmarkenl\u00f6sungen<\/p>\n<\/li>\n<\/ul>\n<p class=\"ds-markdown-paragraph\"><strong>Wie wir rollen:<\/strong><br \/>\n1\ufe0f\u20e3 Senden Sie Ihr Logo\/Design (oder verwenden Sie unsere \u00fcber 100 Vorlagen)<br \/>\n2\ufe0f\u20e3 Prototyp in 5 Tagen \u2192 Freigabe \u2192 Massenproduktion<br \/>\n3\ufe0f\u20e3 Versand \u00fcber Fahrradtaschen-Exportnetzwerke (DDP\/DAP unterst\u00fctzt)<\/p>\n<p class=\"ds-markdown-paragraph\"><strong>Sind Sie bereit, Rucks\u00e4cke zu lagern, die l\u00e4nger halten als das Abenteuer?<\/strong><br \/>\n\ud83d\udc49\u00a0<strong>Kostenlose Proben<\/strong>\u00a0\ud83d\udc49 , 30% Kaution \ud83d\udc49 , 24-Stunden-Kurse<\/p>\n<\/div>\n<\/div>\n<\/div>\n<\/div>","protected":false},"excerpt":{"rendered":"<h2 title=\"Faltbare Hundetasche Atmungsaktives Mesh Haustier Umh\u00e4ngetasche f\u00fcr kleine Haustier Hund Katzen\" data-immersive-translate-walked=\"1c928421-2e42-4cd3-8754-5404553c0af5\" data-immersive-translate-paragraph=\"1\" data-spm-anchor-id=\"a2700.details.0.i35.4f6757d4w4zNZA\">11L PU rei\u00dffestes Reisefahrrad Aufbewahrungspaket<\/h2>\n<p><strong>1. Rei\u00dffest.<\/strong> Die Fahrradsatteltasche aus kariertem Stoff und PU hat die Eigenschaften, dass sie wasserdicht, rei\u00dffest und robust ist und lange Zeit verwendet werden kann.<\/p>\n<p><strong>2. Einfach zu installieren.\u00a0<\/strong>Die Fahrradtaschen unter dem Sitz sind mit magischen Aufklebern und Schnallen entworfen, einfach zu installieren. Sie k\u00f6nnen es schnell und einfach auf dem Heck des Fahrrads zu montieren.<\/p>\n<p><strong>3. Weithin verwendet.<\/strong>\u00a0Die Fahrradtasche hat ein breites Einsatzspektrum. Es kann f\u00fcr Rennr\u00e4der, Mountainbikes, Klappr\u00e4der, etc. verwendet werden. Es kann die R\u00fccklichter h\u00e4ngen und hat eine gute Last.<\/p>","protected":false},"featured_media":3199,"template":"","meta":{"_uag_custom_page_level_css":""},"product_brand":[],"product_cat":[48],"product_tag":[],"class_list":{"0":"post-3197","1":"product","2":"type-product","3":"status-publish","4":"has-post-thumbnail","6":"product_cat-bike-bag","8":"first","9":"instock","10":"shipping-taxable","11":"product-type-simple"},"uagb_featured_image_src":{"full":["https:\/\/pecbag.com\/wp-content\/uploads\/2025\/05\/11L-PU-Tear-Resistant-Travel-Bike-Storage-Pack-6.jpeg",1601,1601,false],"thumbnail":["https:\/\/pecbag.com\/wp-content\/uploads\/2025\/05\/11L-PU-Tear-Resistant-Travel-Bike-Storage-Pack-6-150x150.jpeg",150,150,true],"medium":["https:\/\/pecbag.com\/wp-content\/uploads\/2025\/05\/11L-PU-Tear-Resistant-Travel-Bike-Storage-Pack-6-300x300.jpeg",300,300,true],"medium_large":["https:\/\/pecbag.com\/wp-content\/uploads\/2025\/05\/11L-PU-Tear-Resistant-Travel-Bike-Storage-Pack-6-768x768.jpeg",768,768,true],"large":["https:\/\/pecbag.com\/wp-content\/uploads\/2025\/05\/11L-PU-Tear-Resistant-Travel-Bike-Storage-Pack-6-1024x1024.jpeg",800,800,true],"1536x1536":["https:\/\/pecbag.com\/wp-content\/uploads\/2025\/05\/11L-PU-Tear-Resistant-Travel-Bike-Storage-Pack-6-1536x1536.jpeg",1536,1536,true],"2048x2048":["https:\/\/pecbag.com\/wp-content\/uploads\/2025\/05\/11L-PU-Tear-Resistant-Travel-Bike-Storage-Pack-6.jpeg",1601,1601,false],"trp-custom-language-flag":["https:\/\/pecbag.com\/wp-content\/uploads\/2025\/05\/11L-PU-Tear-Resistant-Travel-Bike-Storage-Pack-6-12x12.jpeg",12,12,true],"woocommerce_thumbnail":["https:\/\/pecbag.com\/wp-content\/uploads\/2025\/05\/11L-PU-Tear-Resistant-Travel-Bike-Storage-Pack-6-300x300.jpeg",300,300,true],"woocommerce_single":["https:\/\/pecbag.com\/wp-content\/uploads\/2025\/05\/11L-PU-Tear-Resistant-Travel-Bike-Storage-Pack-6-600x600.jpeg",600,600,true],"woocommerce_gallery_thumbnail":["https:\/\/pecbag.com\/wp-content\/uploads\/2025\/05\/11L-PU-Tear-Resistant-Travel-Bike-Storage-Pack-6-100x100.jpeg",100,100,true]},"uagb_author_info":{"display_name":"Lawrence","author_link":"https:\/\/pecbag.com\/de\/author\/"},"uagb_comment_info":0,"uagb_excerpt":"11L PU Tear Resistant Travel Bike Storage Pack 1. Tear Resistant. The bicycle saddle bag made of plaid fabric and PU has the characteristics of being waterproof, tear-resistant, strong, and can be used for a long time. 2. Simple to install.\u00a0The bike bags under the seat are designed with magic stickers and buckles, easy to&hellip;","_links":{"self":[{"href":"https:\/\/pecbag.com\/de\/wp-json\/wp\/v2\/product\/3197","targetHints":{"allow":["GET"]}}],"collection":[{"href":"https:\/\/pecbag.com\/de\/wp-json\/wp\/v2\/product"}],"about":[{"href":"https:\/\/pecbag.com\/de\/wp-json\/wp\/v2\/types\/product"}],"wp:featuredmedia":[{"embeddable":true,"href":"https:\/\/pecbag.com\/de\/wp-json\/wp\/v2\/media\/3199"}],"wp:attachment":[{"href":"https:\/\/pecbag.com\/de\/wp-json\/wp\/v2\/media?parent=3197"}],"wp:term":[{"taxonomy":"product_brand","embeddable":true,"href":"https:\/\/pecbag.com\/de\/wp-json\/wp\/v2\/product_brand?post=3197"},{"taxonomy":"product_cat","embeddable":true,"href":"https:\/\/pecbag.com\/de\/wp-json\/wp\/v2\/product_cat?post=3197"},{"taxonomy":"product_tag","embeddable":true,"href":"https:\/\/pecbag.com\/de\/wp-json\/wp\/v2\/product_tag?post=3197"}],"curies":[{"name":"wp","href":"https:\/\/api.w.org\/{rel}","templated":true}]}}