{"id":3214,"date":"2025-05-23T07:28:40","date_gmt":"2025-05-23T07:28:40","guid":{"rendered":"https:\/\/pecbag.com\/?post_type=product&#038;p=3214"},"modified":"2025-11-29T02:06:58","modified_gmt":"2025-11-29T02:06:58","slug":"camping-backpack-duffle-bag","status":"publish","type":"product","link":"https:\/\/pecbag.com\/de\/camping-backpack-duffle-bag\/","title":{"rendered":"Taktischer Camping-Rucksack Duffle Bag"},"content":{"rendered":"<h5 title=\"Faltbare Hundetasche Atmungsaktives Mesh Haustier Umh\u00e4ngetasche f\u00fcr kleine Haustier Hund Katzen\" data-immersive-translate-walked=\"1c928421-2e42-4cd3-8754-5404553c0af5\" data-immersive-translate-paragraph=\"1\" data-spm-anchor-id=\"a2700.details.0.i35.4f6757d4w4zNZA\">Tactical Camping Rucksack Duffle Bag Hersteller | Wasserdichte Tasche Fabrik &amp; Camping Lieferant | Bulk OEM<\/h5>\n<div class=\"flex flex-grow flex-col max-w-full\">\n<div class=\"min-h-[20px] text-message flex w-full flex-col items-end gap-2 whitespace-pre-wrap break-words [.text-message+&amp;]:mt-5 overflow-x-auto\" dir=\"auto\" data-message-author-role=\"assistant\" data-message-id=\"3d7d46f6-7ec2-4222-9257-48fa0bba23c6\" data-suggestions=\"true\">\n<div class=\"flex w-full flex-col gap-1 empty:hidden first:pt-[3px]\">\n<div class=\"markdown prose w-full break-words dark:prose-invert light\">\n<p>Brauchen Sie taktische Campingrucks\u00e4cke, die in der Wildnis \u00fcberleben? Wir sind ein Hersteller von wasserdichten Taschen und Rucks\u00e4cken in China, der robuste Mehrzwecktaschen f\u00fcr Outdoor-Marken, Milit\u00e4rs und Gro\u00dfh\u00e4ndler weltweit herstellt!<\/p>\n<table width=\"288\">\n<tbody>\n<tr>\n<td width=\"137\"><span style=\"color: #333333;\">Produkte Name<\/span><\/td>\n<td width=\"151\"><span style=\"color: #333333;\">Camp-Tasche<\/span><\/td>\n<\/tr>\n<tr>\n<td><span style=\"color: #333333;\">Artikel Nr.<\/span><\/td>\n<td><span style=\"color: #333333;\">PB-2032<\/span><\/td>\n<\/tr>\n<tr>\n<td><span style=\"color: #333333;\">Material<\/span><\/td>\n<td><span style=\"color: #333333;\">600D Polyester<\/span><\/td>\n<\/tr>\n<tr>\n<td><span style=\"color: #333333;\">Gr\u00f6\u00dfe<\/span><\/td>\n<td>30 x 20 x 56 cm<\/td>\n<\/tr>\n<tr>\n<td><span style=\"color: #333333;\">\u00a0Lieferfrist<\/span><\/td>\n<td><span style=\"color: #333333;\">1-5 Tage f\u00fcr kleine Mengen auf dem Luftweg und 30-35 Tage f\u00fcr gro\u00dfe Mengen auf dem Seeweg<\/span><\/td>\n<\/tr>\n<\/tbody>\n<\/table>\n<p class=\"ds-markdown-paragraph\">\u2705\u00a0<strong>Warum mit uns zusammenarbeiten?<\/strong><\/p>\n<ul>\n<li>\n<p class=\"ds-markdown-paragraph\"><strong>Milit\u00e4risch hart im Nehmen<\/strong>: 1680D Ballistic Nylon + verschwei\u00dfte N\u00e4hte - rei\u00dffest, regenfest und bereit f\u00fcr Schlamm!<\/p>\n<\/li>\n<li>\n<p class=\"ds-markdown-paragraph\"><strong>Taktisch klug<\/strong>: Mehr als 10 Taschen, MOLLE-Gewebe und abnehmbare Gurte - organisieren Sie Ihre Ausr\u00fcstung wie ein Profi.<\/p>\n<\/li>\n<li>\n<p class=\"ds-markdown-paragraph\"><strong>Vorteile bei Gro\u00dfbestellungen<\/strong>: Produzieren Sie Gro\u00dfbestellungen von Campingtaschen mit ODM\/OEM oder Eigenmarken in 18 Tagen!<\/p>\n<\/li>\n<li>\n<p class=\"ds-markdown-paragraph\"><strong>China Kostenvorteil<\/strong>: Als einer der besten Anbieter von Campingtaschen in China, trifft Qualit\u00e4t auf unschlagbare Preise.<\/p>\n<\/li>\n<\/ul>\n<p class=\"ds-markdown-paragraph\"><strong>Eigenschaften, die Abenteurer lieben:<\/strong><br \/>\n\ud83d\udd39 100% wasserdichte YKK-Rei\u00dfverschl\u00fcsse + Entw\u00e4sserungs\u00f6ffnungen<br \/>\n\ud83d\udd39 Versteckte Anti-Diebstahl-F\u00e4cher &amp; RFID-Taschen<br \/>\n\ud83d\udd39 Verst\u00e4rkte Griffe + wandelbarer Rucksack\/Duffle-Design<br \/>\n\ud83d\udd39 OEKO-TEX-zertifiziert (keine giftigen Farbstoffe oder Ger\u00fcche)<\/p>\n<p class=\"ds-markdown-paragraph\"><strong>Perfekt f\u00fcr:<\/strong><\/p>\n<ul>\n<li>\n<p class=\"ds-markdown-paragraph\">Outdoor-Einzelh\u00e4ndler und Gro\u00dfh\u00e4ndler f\u00fcr Campingtaschen<\/p>\n<\/li>\n<li>\n<p class=\"ds-markdown-paragraph\">Anbieter von taktischer Ausr\u00fcstung und E-Commerce-Giganten<\/p>\n<\/li>\n<li>\n<p class=\"ds-markdown-paragraph\">Start-ups, die Eigenmarkenl\u00f6sungen f\u00fcr Campingtaschen ben\u00f6tigen<\/p>\n<\/li>\n<\/ul>\n<p class=\"ds-markdown-paragraph\"><strong>Wie wir operieren:<\/strong><br \/>\n1\ufe0f\u20e3 Senden Sie Ihr Design (oder w\u00e4hlen Sie aus \u00fcber 200 taktischen Vorlagen)<br \/>\n2\ufe0f\u20e3 Prototyp in 7 Tagen \u2192 Freigabe \u2192 Massenproduktion<br \/>\n3\ufe0f\u20e3 Versand \u00fcber Campingbeutel-Exportnetzwerke (DDP\/DAP-Optionen)<\/p>\n<p class=\"ds-markdown-paragraph\"><strong>Sind Sie bereit, Ihre Kunden mit unverw\u00fcstlicher Ausr\u00fcstung auszustatten?<\/strong><br \/>\n\ud83d\udc49\u00a0<strong>Kostenlose Proben<\/strong>\u00a0\ud83d\udc49 25% Kaution \ud83d\udc49 24h-Kurse<\/p>\n<\/div>\n<\/div>\n<\/div>\n<\/div>","protected":false},"excerpt":{"rendered":"<h2 data-immersive-translate-walked=\"344be1c1-5052-41eb-8fcd-0dbe236a0d6b\" data-immersive-translate-paragraph=\"1\">Taktischer Camping-Rucksack Duffle Bag<\/h2>\n<p><strong>1. GROSSES FASSUNGSVERM\u00d6GEN VON 50L:<\/strong> Abmessungen: 30 x 20 x 56 cm. Passt perfekt f\u00fcr Laptop, B\u00fccher, Kleidung, Stifte, Handy, Handtasche, MacBook usw. Alle Gr\u00f6\u00dfen von tragbaren Tablets und Notebooks bis zu 15,6 Zoll k\u00f6nnen in den Taschen untergebracht werden. Das Fassungsverm\u00f6gen ist gro\u00df genug, um alle Gegenst\u00e4nde zu packen, die Sie ben\u00f6tigen.<\/p>\n<p><strong>2. ERGONOMISCHES DESIGN:<\/strong> Komfortabel gepolsterte Schultergurte und hintere Sto\u00dfd\u00e4mpfer bieten zus\u00e4tzlichen Schutz f\u00fcr den R\u00fccken. Neue Polsterung mit ergonomischem Design. Die verstellbaren Schultergurte erm\u00f6glichen eine sehr gute Anpassung an Ihren K\u00f6rper: Sie k\u00f6nnen den Gurt, der von der Schulter bis zur Brust reicht, verl\u00e4ngern, und dasselbe gilt f\u00fcr den H\u00fcftgurt.<\/p>","protected":false},"featured_media":3215,"template":"","meta":{"_uag_custom_page_level_css":""},"product_brand":[],"product_cat":[44,60,63,55],"product_tag":[],"class_list":{"0":"post-3214","1":"product","2":"type-product","3":"status-publish","4":"has-post-thumbnail","6":"product_cat-camping-bags","7":"product_cat-backpack","8":"product_cat-duffel-bag","9":"product_cat-tactical-bag","11":"first","12":"instock","13":"shipping-taxable","14":"product-type-simple"},"uagb_featured_image_src":{"full":["https:\/\/pecbag.com\/wp-content\/uploads\/2025\/05\/Tactical-Camping-Backpack-Duffle-Bag-6.jpeg",960,960,false],"thumbnail":["https:\/\/pecbag.com\/wp-content\/uploads\/2025\/05\/Tactical-Camping-Backpack-Duffle-Bag-6-150x150.jpeg",150,150,true],"medium":["https:\/\/pecbag.com\/wp-content\/uploads\/2025\/05\/Tactical-Camping-Backpack-Duffle-Bag-6-300x300.jpeg",300,300,true],"medium_large":["https:\/\/pecbag.com\/wp-content\/uploads\/2025\/05\/Tactical-Camping-Backpack-Duffle-Bag-6-768x768.jpeg",768,768,true],"large":["https:\/\/pecbag.com\/wp-content\/uploads\/2025\/05\/Tactical-Camping-Backpack-Duffle-Bag-6.jpeg",800,800,false],"1536x1536":["https:\/\/pecbag.com\/wp-content\/uploads\/2025\/05\/Tactical-Camping-Backpack-Duffle-Bag-6.jpeg",960,960,false],"2048x2048":["https:\/\/pecbag.com\/wp-content\/uploads\/2025\/05\/Tactical-Camping-Backpack-Duffle-Bag-6.jpeg",960,960,false],"trp-custom-language-flag":["https:\/\/pecbag.com\/wp-content\/uploads\/2025\/05\/Tactical-Camping-Backpack-Duffle-Bag-6-12x12.jpeg",12,12,true],"woocommerce_thumbnail":["https:\/\/pecbag.com\/wp-content\/uploads\/2025\/05\/Tactical-Camping-Backpack-Duffle-Bag-6-300x300.jpeg",300,300,true],"woocommerce_single":["https:\/\/pecbag.com\/wp-content\/uploads\/2025\/05\/Tactical-Camping-Backpack-Duffle-Bag-6-600x600.jpeg",600,600,true],"woocommerce_gallery_thumbnail":["https:\/\/pecbag.com\/wp-content\/uploads\/2025\/05\/Tactical-Camping-Backpack-Duffle-Bag-6-100x100.jpeg",100,100,true]},"uagb_author_info":{"display_name":"Lawrence","author_link":"https:\/\/pecbag.com\/de\/author\/"},"uagb_comment_info":0,"uagb_excerpt":"Tactical Camping Backpack Duffle Bag 1. LARGE CAPACITY OF 50L: Dimensions: 30 x 20 x 56 cm. Perfectly fits laptop, books, clothes, pens, mobile, purse, MacBook, etc. All sizes of portable tablets and notebooks up to 15.6 inches could be put into the bags. The capacity is large enough to pack all the items you&hellip;","_links":{"self":[{"href":"https:\/\/pecbag.com\/de\/wp-json\/wp\/v2\/product\/3214","targetHints":{"allow":["GET"]}}],"collection":[{"href":"https:\/\/pecbag.com\/de\/wp-json\/wp\/v2\/product"}],"about":[{"href":"https:\/\/pecbag.com\/de\/wp-json\/wp\/v2\/types\/product"}],"wp:featuredmedia":[{"embeddable":true,"href":"https:\/\/pecbag.com\/de\/wp-json\/wp\/v2\/media\/3215"}],"wp:attachment":[{"href":"https:\/\/pecbag.com\/de\/wp-json\/wp\/v2\/media?parent=3214"}],"wp:term":[{"taxonomy":"product_brand","embeddable":true,"href":"https:\/\/pecbag.com\/de\/wp-json\/wp\/v2\/product_brand?post=3214"},{"taxonomy":"product_cat","embeddable":true,"href":"https:\/\/pecbag.com\/de\/wp-json\/wp\/v2\/product_cat?post=3214"},{"taxonomy":"product_tag","embeddable":true,"href":"https:\/\/pecbag.com\/de\/wp-json\/wp\/v2\/product_tag?post=3214"}],"curies":[{"name":"wp","href":"https:\/\/api.w.org\/{rel}","templated":true}]}}