{"id":3244,"date":"2025-05-26T01:22:57","date_gmt":"2025-05-26T01:22:57","guid":{"rendered":"https:\/\/pecbag.com\/?post_type=product&#038;p=3244"},"modified":"2025-11-29T02:06:16","modified_gmt":"2025-11-29T02:06:16","slug":"large-soft-sided-cooling-bag","status":"publish","type":"product","link":"https:\/\/pecbag.com\/de\/large-soft-sided-cooling-bag\/","title":{"rendered":"Gro\u00dfe Soft-Sided-K\u00fchltasche"},"content":{"rendered":"<h5 title=\"Faltbare Hundetasche Atmungsaktives Mesh Haustier Umh\u00e4ngetasche f\u00fcr kleine Haustier Hund Katzen\" data-immersive-translate-walked=\"1c928421-2e42-4cd3-8754-5404553c0af5\" data-immersive-translate-paragraph=\"1\" data-spm-anchor-id=\"a2700.details.0.i35.4f6757d4w4zNZA\">Gro\u00dfe Soft Sided K\u00fchltasche Hersteller | Wasserdichte Tasche Fabrik &amp; Rucksack Lieferant | Bulk OEM<\/h5>\n<div class=\"flex flex-grow flex-col max-w-full\">\n<div class=\"min-h-[20px] text-message flex w-full flex-col items-end gap-2 whitespace-pre-wrap break-words [.text-message+&amp;]:mt-5 overflow-x-auto\" dir=\"auto\" data-message-author-role=\"assistant\" data-message-id=\"3d7d46f6-7ec2-4222-9257-48fa0bba23c6\" data-suggestions=\"true\">\n<div class=\"flex w-full flex-col gap-1 empty:hidden first:pt-[3px]\">\n<div class=\"markdown prose w-full break-words dark:prose-invert light\">\n<p>Ben\u00f6tigen Sie gro\u00dfe K\u00fchltaschen mit weichen Seiten, die Waren tagelang k\u00fchl halten? Wir sind ein Hersteller von wasserdichten Taschen und Rucks\u00e4cken in China, der strapazierf\u00e4hige K\u00fchll\u00f6sungen f\u00fcr Lebensmittellieferdienste, Pharmaunternehmen und K\u00fchltaschen-Gro\u00dfh\u00e4ndler weltweit produziert!<\/p>\n<table width=\"288\">\n<tbody>\n<tr>\n<td width=\"137\"><span style=\"color: #333333;\">Produkte Name<\/span><\/td>\n<td width=\"151\"><span style=\"color: #333333;\">K\u00fchltasche<\/span><\/td>\n<\/tr>\n<tr>\n<td><span style=\"color: #333333;\">Artikel Nr.<\/span><\/td>\n<td><span style=\"color: #333333;\">PB-2036<\/span><\/td>\n<\/tr>\n<tr>\n<td><span style=\"color: #333333;\">Material<\/span><\/td>\n<td>600D Polyester<\/td>\n<\/tr>\n<tr>\n<td><span style=\"color: #333333;\">\u00a0Gr\u00f6\u00dfe und Farbe<\/span><\/td>\n<td>40 x 30 x 30 cm<\/td>\n<\/tr>\n<tr>\n<td><span style=\"color: #333333;\">\u00a0Lieferfrist<\/span><\/td>\n<td><span style=\"color: #333333;\">1-5 Tage f\u00fcr kleine Mengen auf dem Luftweg und 30-35 Tage f\u00fcr gro\u00dfe Mengen auf dem Seeweg<\/span><\/td>\n<\/tr>\n<\/tbody>\n<\/table>\n<p class=\"ds-markdown-paragraph\">\u2705\u00a0<strong>Warum mit uns zusammenarbeiten?<\/strong><\/p>\n<ul>\n<li>\n<p class=\"ds-markdown-paragraph\"><strong>72-Stunden-K\u00fchlung<\/strong>: 4 cm \u00d6ko-Isolierung + w\u00e4rmereflektierendes Futter - perfekt f\u00fcr Impfstoffe, Meeresfr\u00fcchte oder die Zubereitung von Mahlzeiten!<\/p>\n<\/li>\n<li>\n<p class=\"ds-markdown-paragraph\"><strong>Weich und ger\u00e4umig<\/strong>: 50L-100L Fassungsverm\u00f6gen - f\u00fcr Kisten, Flaschen oder unregelm\u00e4\u00dfige Gegenst\u00e4nde ohne Ausbeulen.<\/p>\n<\/li>\n<li>\n<p class=\"ds-markdown-paragraph\"><strong>Vorteile bei Gro\u00dfbestellungen<\/strong>: Produzieren Sie K\u00fchltaschen-Gro\u00dfauftr\u00e4ge (MOQ 50 St\u00fcck) mit ODM\/OEM oder Eigenmarke in 15 Tagen!<\/p>\n<\/li>\n<li>\n<p class=\"ds-markdown-paragraph\"><strong>China Kostenvorteil<\/strong>: Als einer der f\u00fchrenden Anbieter von K\u00fchltaschen in China verbinden wir Qualit\u00e4t mit unschlagbaren Preisen.<\/p>\n<\/li>\n<\/ul>\n<p class=\"ds-markdown-paragraph\"><strong>Merkmale, die verkaufen:<\/strong><br \/>\n\ud83d\udd39 100% wasserdichte TPU-N\u00e4hte + schimmelresistente PEVA-Innenausstattung<br \/>\n\ud83d\udd39 Verst\u00e4rkte Griffe (300+ lbs Kapazit\u00e4t) + abnehmbare Schultergurte<br \/>\n\ud83d\udd39 Individuell anpassbare F\u00e4cher + Taschen mit RFID-Blockierung<br \/>\n\ud83d\udd39 OEKO-TEX-zertifiziert - sicher f\u00fcr Lebensmittel\/Pharma<\/p>\n<p class=\"ds-markdown-paragraph\"><strong>Perfekt f\u00fcr:<\/strong><\/p>\n<ul>\n<li>\n<p class=\"ds-markdown-paragraph\">Medizinische Lieferanten &amp; K\u00fchltaschenverk\u00e4ufer<\/p>\n<\/li>\n<li>\n<p class=\"ds-markdown-paragraph\">Unternehmen f\u00fcr Mahlzeitensets und Gro\u00dfh\u00e4ndler f\u00fcr K\u00fchltaschen<\/p>\n<\/li>\n<li>\n<p class=\"ds-markdown-paragraph\">Startups bauen Eigenmarken-K\u00fchltaschen Eigenmarken-Marken<\/p>\n<\/li>\n<\/ul>\n<p class=\"ds-markdown-paragraph\"><strong>Wie wir arbeiten:<\/strong><br \/>\n1\ufe0f\u20e3 W\u00e4hlen Sie aus \u00fcber 80 Designs oder senden Sie uns Ihre Spezifikationen<br \/>\n2\ufe0f\u20e3 Prototyp in 7 Tagen \u2192 Freigabe \u2192 Massenproduktion<br \/>\n3\ufe0f\u20e3 Versand \u00fcber K\u00fchltaschen-Exportnetze (DDP\/DAP-Optionen)<\/p>\n<p class=\"ds-markdown-paragraph\"><strong>Sind Sie bereit, Ihre Gewinnspannen zu senken?<\/strong><br \/>\n\ud83d\udc49\u00a0<strong>Kostenlose Proben<\/strong>\u00a0\ud83d\udc49 20% Kaution \ud83d\udc49 24-Stunden-Kurse<\/p>\n<\/div>\n<\/div>\n<\/div>\n<\/div>","protected":false},"excerpt":{"rendered":"<h2 data-immersive-translate-walked=\"344be1c1-5052-41eb-8fcd-0dbe236a0d6b\" data-immersive-translate-paragraph=\"1\">Gro\u00dfe Soft-Sided-K\u00fchltasche<\/h2>\n<div class=\"sliderTable mt10 mb10 sliderTable-index0\">\n<div class=\"inner\">Diese K\u00fchltasche zeichnet sich durch ein hervorragendes Design, eine angemessene Gr\u00f6\u00dfe und eine leicht zu verstauende, tragbare Verpackung aus. Sie k\u00f6nnen sie flach zusammenfalten und in Ihr Gep\u00e4ck packen oder gefrorene Lebensmittel beim Einkaufen aufbewahren. Hergestellt aus hochwertigem 600D-Polyestergewebe und verst\u00e4rkten Rei\u00dfverschl\u00fcssen, um maximale Haltbarkeit zu gew\u00e4hrleisten. Verf\u00fcgt \u00fcber ein auslaufsicheres, leicht zu reinigendes Ultra Safe-Innenfutter. Das weiche, auslaufsichere Innenfutter l\u00e4sst sich auch leicht reinigen; einfach mit einem feuchten Tuch abwischen.<\/div>\n<\/div>","protected":false},"featured_media":3251,"template":"","meta":{"_uag_custom_page_level_css":""},"product_brand":[],"product_cat":[44,50],"product_tag":[],"class_list":{"0":"post-3244","1":"product","2":"type-product","3":"status-publish","4":"has-post-thumbnail","6":"product_cat-camping-bags","7":"product_cat-cooler-bag","9":"first","10":"instock","11":"shipping-taxable","12":"product-type-simple"},"uagb_featured_image_src":{"full":["https:\/\/pecbag.com\/wp-content\/uploads\/2025\/05\/Large-Soft-Sided-Cooling-Bag-3-1.jpeg",750,750,false],"thumbnail":["https:\/\/pecbag.com\/wp-content\/uploads\/2025\/05\/Large-Soft-Sided-Cooling-Bag-3-1-150x150.jpeg",150,150,true],"medium":["https:\/\/pecbag.com\/wp-content\/uploads\/2025\/05\/Large-Soft-Sided-Cooling-Bag-3-1-300x300.jpeg",300,300,true],"medium_large":["https:\/\/pecbag.com\/wp-content\/uploads\/2025\/05\/Large-Soft-Sided-Cooling-Bag-3-1.jpeg",750,750,false],"large":["https:\/\/pecbag.com\/wp-content\/uploads\/2025\/05\/Large-Soft-Sided-Cooling-Bag-3-1.jpeg",750,750,false],"1536x1536":["https:\/\/pecbag.com\/wp-content\/uploads\/2025\/05\/Large-Soft-Sided-Cooling-Bag-3-1.jpeg",750,750,false],"2048x2048":["https:\/\/pecbag.com\/wp-content\/uploads\/2025\/05\/Large-Soft-Sided-Cooling-Bag-3-1.jpeg",750,750,false],"trp-custom-language-flag":["https:\/\/pecbag.com\/wp-content\/uploads\/2025\/05\/Large-Soft-Sided-Cooling-Bag-3-1-12x12.jpeg",12,12,true],"woocommerce_thumbnail":["https:\/\/pecbag.com\/wp-content\/uploads\/2025\/05\/Large-Soft-Sided-Cooling-Bag-3-1-300x300.jpeg",300,300,true],"woocommerce_single":["https:\/\/pecbag.com\/wp-content\/uploads\/2025\/05\/Large-Soft-Sided-Cooling-Bag-3-1-600x600.jpeg",600,600,true],"woocommerce_gallery_thumbnail":["https:\/\/pecbag.com\/wp-content\/uploads\/2025\/05\/Large-Soft-Sided-Cooling-Bag-3-1-100x100.jpeg",100,100,true]},"uagb_author_info":{"display_name":"Lawrence","author_link":"https:\/\/pecbag.com\/de\/author\/"},"uagb_comment_info":0,"uagb_excerpt":"Large Soft Sided Cooling Bag This cooler bag is an excellent design, a suitable size, and an easy-to-store portable pack. You can fold it flat and pack it in your luggage, or store frozen food while shopping. Made with high-quality 600D polyester fabric and reinforced zippers to ensure maximum durability. Features an Ultra Safe leak-proof,&hellip;","_links":{"self":[{"href":"https:\/\/pecbag.com\/de\/wp-json\/wp\/v2\/product\/3244","targetHints":{"allow":["GET"]}}],"collection":[{"href":"https:\/\/pecbag.com\/de\/wp-json\/wp\/v2\/product"}],"about":[{"href":"https:\/\/pecbag.com\/de\/wp-json\/wp\/v2\/types\/product"}],"wp:featuredmedia":[{"embeddable":true,"href":"https:\/\/pecbag.com\/de\/wp-json\/wp\/v2\/media\/3251"}],"wp:attachment":[{"href":"https:\/\/pecbag.com\/de\/wp-json\/wp\/v2\/media?parent=3244"}],"wp:term":[{"taxonomy":"product_brand","embeddable":true,"href":"https:\/\/pecbag.com\/de\/wp-json\/wp\/v2\/product_brand?post=3244"},{"taxonomy":"product_cat","embeddable":true,"href":"https:\/\/pecbag.com\/de\/wp-json\/wp\/v2\/product_cat?post=3244"},{"taxonomy":"product_tag","embeddable":true,"href":"https:\/\/pecbag.com\/de\/wp-json\/wp\/v2\/product_tag?post=3244"}],"curies":[{"name":"wp","href":"https:\/\/api.w.org\/{rel}","templated":true}]}}