{"id":3252,"date":"2025-05-26T01:56:16","date_gmt":"2025-05-26T01:56:16","guid":{"rendered":"https:\/\/pecbag.com\/?post_type=product&#038;p=3252"},"modified":"2025-11-29T02:03:49","modified_gmt":"2025-11-29T02:03:49","slug":"durable-multifunctional-large-rolling-cooler-bag","status":"publish","type":"product","link":"https:\/\/pecbag.com\/de\/durable-multifunctional-large-rolling-cooler-bag\/","title":{"rendered":"Langlebige multifunktionale gro\u00dfe rollende K\u00fchltasche"},"content":{"rendered":"<h5 title=\"Faltbare Hundetasche Atmungsaktives Mesh Haustier Umh\u00e4ngetasche f\u00fcr kleine Haustier Hund Katzen\" data-immersive-translate-walked=\"1c928421-2e42-4cd3-8754-5404553c0af5\" data-immersive-translate-paragraph=\"1\" data-spm-anchor-id=\"a2700.details.0.i35.4f6757d4w4zNZA\">Langlebige Multifunktions gro\u00dfe rollende K\u00fchltasche Hersteller | Wasserdichte Tasche Fabrik &amp; Rucksack Lieferant | Bulk OEM<\/h5>\n<div class=\"flex flex-grow flex-col max-w-full\">\n<div class=\"min-h-[20px] text-message flex w-full flex-col items-end gap-2 whitespace-pre-wrap break-words [.text-message+&amp;]:mt-5 overflow-x-auto\" dir=\"auto\" data-message-author-role=\"assistant\" data-message-id=\"3d7d46f6-7ec2-4222-9257-48fa0bba23c6\" data-suggestions=\"true\">\n<div class=\"flex w-full flex-col gap-1 empty:hidden first:pt-[3px]\">\n<div class=\"markdown prose w-full break-words dark:prose-invert light\">\n<p>Sind Sie auf der Suche nach strapazierf\u00e4higen, multifunktionalen, gro\u00dfen rollenden K\u00fchltaschen, die schweren Lasten und rauen Bedingungen standhalten? Als f\u00fchrender Hersteller von wasserdichten Taschen und Rucks\u00e4cken in China haben wir uns auf die Herstellung von langlebigen und multifunktionalen gro\u00dfen rollenden K\u00fchltaschen in Industriequalit\u00e4t f\u00fcr die Lebensmittellogistik, medizinische Anbieter und Outdoor-Marken weltweit spezialisiert!<\/p>\n<table width=\"288\">\n<tbody>\n<tr>\n<td width=\"137\"><span style=\"color: #333333;\">Produkte Name<\/span><\/td>\n<td width=\"151\"><span style=\"color: #333333;\">K\u00fchltasche<\/span><\/td>\n<\/tr>\n<tr>\n<td><span style=\"color: #333333;\">Artikel Nr.<\/span><\/td>\n<td><span style=\"color: #333333;\">PB-2037<\/span><\/td>\n<\/tr>\n<tr>\n<td><span style=\"color: #333333;\">Material<\/span><\/td>\n<td>Oxford<\/td>\n<\/tr>\n<tr>\n<td><span style=\"color: #333333;\">Gr\u00f6\u00dfe<\/span><\/td>\n<td>10,6\u2033 x 12,9\u2033 x 20,1\u2033<\/td>\n<\/tr>\n<tr>\n<td><span style=\"color: #333333;\">\u00a0Lieferfrist<\/span><\/td>\n<td><span style=\"color: #333333;\">1-5 Tage f\u00fcr kleine Mengen auf dem Luftweg und 30-35 Tage f\u00fcr gro\u00dfe Mengen auf dem Seeweg<\/span><\/td>\n<\/tr>\n<\/tbody>\n<\/table>\n<p class=\"ds-markdown-paragraph\">\u2705\u00a0<strong>Warum sollten Sie sich f\u00fcr unsere langlebigen, multifunktionalen, gro\u00dfen, rollenden K\u00fchltaschen entscheiden?<\/strong><\/p>\n<ul>\n<li>\n<p class=\"ds-markdown-paragraph\"><strong>Gebaut f\u00fcr die Ewigkeit<\/strong>: 1680D Polyester + verst\u00e4rkte Ecken - h\u00e4lt mehr als 200 Pfund aus, perfekt f\u00fcr Gro\u00dfbestellungen von K\u00fchltaschen!<\/p>\n<\/li>\n<li>\n<p class=\"ds-markdown-paragraph\"><strong>All-in-One-Design<\/strong>: 360\u00b0-R\u00e4der + Teleskopgriff + herausnehmbare Trennw\u00e4nde - l\u00e4sst sich in Sekundenschnelle vom Lager in einen LKW umwandeln.<\/p>\n<\/li>\n<li>\n<p class=\"ds-markdown-paragraph\"><strong>72-Stunden-K\u00fchlung<\/strong>: 5 cm \u00d6ko-Isolierung + reflektierendes Futter - h\u00e4lt Arzneimittel, Meeresfr\u00fcchte oder Getr\u00e4nke eiskalt.<\/p>\n<\/li>\n<li>\n<p class=\"ds-markdown-paragraph\"><strong>Anpassungsf\u00e4hig<\/strong>: Hinzuf\u00fcgen von Logos, Farben oder F\u00e4chern \u00fcber K\u00fchltasche ODM\/OEM oder Private Label.<\/p>\n<\/li>\n<\/ul>\n<p class=\"ds-markdown-paragraph\"><strong>Merkmale, die M\u00e4rkte beherrschen:<\/strong><br \/>\n\ud83d\udd39 100% wasserdichte TPU-N\u00e4hte + schimmelresistente PEVA-Innenseite (FDA-konform)<br \/>\n\ud83d\udd39 Abschlie\u00dfbare YKK-Rei\u00dfverschl\u00fcsse + RFID-blockierende Sicherheitstaschen<br \/>\n\ud83d\udd39 Erweiterbares Fassungsverm\u00f6gen 80L-150L - passend f\u00fcr Paletten oder unregelm\u00e4\u00dfige Ladung<br \/>\n\ud83d\udd39 CE\/SGS-zertifiziert - sicher f\u00fcr den weltweiten K\u00fchltaschenexport<\/p>\n<p class=\"ds-markdown-paragraph\"><strong>Perfekt f\u00fcr:<\/strong><\/p>\n<ul>\n<li>\n<p class=\"ds-markdown-paragraph\">Pharmah\u00e4ndler und K\u00fchltaschenverk\u00e4ufer<\/p>\n<\/li>\n<li>\n<p class=\"ds-markdown-paragraph\">Supermarktketten &amp; K\u00fchltaschen-Gro\u00dfh\u00e4ndler<\/p>\n<\/li>\n<li>\n<p class=\"ds-markdown-paragraph\">Startups bauen K\u00fchltaschen-Eigenmarken auf<\/p>\n<\/li>\n<\/ul>\n<p class=\"ds-markdown-paragraph\"><strong>Wie wir Ihre langlebigen, multifunktionalen, gro\u00dfen, rollenden K\u00fchltaschen liefern:<\/strong><br \/>\n1\ufe0f\u20e3 Senden Sie Spezifikationen oder w\u00e4hlen Sie aus \u00fcber 50 Hochleistungsdesigns<br \/>\n2\ufe0f\u20e3 Prototyp in 10 Tagen \u2192 Freigabe \u2192 Massenproduktion<br \/>\n3\ufe0f\u20e3 Versand \u00fcber K\u00fchltaschen-Exportnetze (Luft\/See\/Schiene)<\/p>\n<p class=\"ds-markdown-paragraph\"><strong>Warum wir Ihr Top-K\u00fchltasche China Lieferant sind:<\/strong><br \/>\n15 Jahre Erfahrung als K\u00fchltaschenhersteller<br \/>\n\u2705 30% niedrigere Kosten als US\/EU-Fabriken<br \/>\n\u2705 24\/7 zweisprachige Unterst\u00fctzung<\/p>\n<p class=\"ds-markdown-paragraph\"><strong>Sind Sie bereit, Gewinne zu erzielen?<\/strong><br \/>\n\ud83d\udc49\u00a0<strong>Kostenlose Proben<\/strong>\u00a0\ud83d\udc49 25% Kaution \ud83d\udc49 48h Angebote<\/p>\n<\/div>\n<\/div>\n<\/div>\n<\/div>","protected":false},"excerpt":{"rendered":"<h2 data-immersive-translate-walked=\"344be1c1-5052-41eb-8fcd-0dbe236a0d6b\" data-immersive-translate-paragraph=\"1\">Langlebige multifunktionale gro\u00dfe rollende K\u00fchltasche<\/h2>\n<div class=\"sliderTable mt10 mb10 sliderTable-index0\">\n<div class=\"inner\">\n<div>Auslaufsicher und isoliert: Die weiche K\u00fchlbox auf R\u00e4dern im Inneren verf\u00fcgt \u00fcber lebensmittelechtes EVA mit nahtlosem Hei\u00dfpressen, um sicherzustellen, dass 100% auslaufsicher ist. 4-Schicht High-Density-Isolierung Material und wasserdicht, auslaufsicher Liner arbeiten zusammen, um den Inhalt lang anhaltend warm \/ kalt zu halten.<\/div>\n<\/div>\n<\/div>","protected":false},"featured_media":3259,"template":"","meta":{"_uag_custom_page_level_css":""},"product_brand":[],"product_cat":[44,50],"product_tag":[],"class_list":{"0":"post-3252","1":"product","2":"type-product","3":"status-publish","4":"has-post-thumbnail","6":"product_cat-camping-bags","7":"product_cat-cooler-bag","9":"first","10":"instock","11":"shipping-taxable","12":"product-type-simple"},"uagb_featured_image_src":{"full":["https:\/\/pecbag.com\/wp-content\/uploads\/2025\/05\/COOLER2.jpg",679,717,false],"thumbnail":["https:\/\/pecbag.com\/wp-content\/uploads\/2025\/05\/COOLER2-150x150.jpg",150,150,true],"medium":["https:\/\/pecbag.com\/wp-content\/uploads\/2025\/05\/COOLER2-284x300.jpg",284,300,true],"medium_large":["https:\/\/pecbag.com\/wp-content\/uploads\/2025\/05\/COOLER2.jpg",679,717,false],"large":["https:\/\/pecbag.com\/wp-content\/uploads\/2025\/05\/COOLER2.jpg",679,717,false],"1536x1536":["https:\/\/pecbag.com\/wp-content\/uploads\/2025\/05\/COOLER2.jpg",679,717,false],"2048x2048":["https:\/\/pecbag.com\/wp-content\/uploads\/2025\/05\/COOLER2.jpg",679,717,false],"trp-custom-language-flag":["https:\/\/pecbag.com\/wp-content\/uploads\/2025\/05\/COOLER2-11x12.jpg",11,12,true],"woocommerce_thumbnail":["https:\/\/pecbag.com\/wp-content\/uploads\/2025\/05\/COOLER2-300x300.jpg",300,300,true],"woocommerce_single":["https:\/\/pecbag.com\/wp-content\/uploads\/2025\/05\/COOLER2-600x634.jpg",600,634,true],"woocommerce_gallery_thumbnail":["https:\/\/pecbag.com\/wp-content\/uploads\/2025\/05\/COOLER2-100x100.jpg",100,100,true]},"uagb_author_info":{"display_name":"Lawrence","author_link":"https:\/\/pecbag.com\/de\/author\/"},"uagb_comment_info":0,"uagb_excerpt":"Durable Multifunctional Large Rolling Cooler Bag Leakproof and Insulated: The soft cooler on wheels inside features food-grade EVA with seamless hot pressing to make sure 100% leak-proof. 4-layer high-density insulation material and waterproof, leakproof liner work together to keep the contents long-lasting warm\/cold.","_links":{"self":[{"href":"https:\/\/pecbag.com\/de\/wp-json\/wp\/v2\/product\/3252","targetHints":{"allow":["GET"]}}],"collection":[{"href":"https:\/\/pecbag.com\/de\/wp-json\/wp\/v2\/product"}],"about":[{"href":"https:\/\/pecbag.com\/de\/wp-json\/wp\/v2\/types\/product"}],"wp:featuredmedia":[{"embeddable":true,"href":"https:\/\/pecbag.com\/de\/wp-json\/wp\/v2\/media\/3259"}],"wp:attachment":[{"href":"https:\/\/pecbag.com\/de\/wp-json\/wp\/v2\/media?parent=3252"}],"wp:term":[{"taxonomy":"product_brand","embeddable":true,"href":"https:\/\/pecbag.com\/de\/wp-json\/wp\/v2\/product_brand?post=3252"},{"taxonomy":"product_cat","embeddable":true,"href":"https:\/\/pecbag.com\/de\/wp-json\/wp\/v2\/product_cat?post=3252"},{"taxonomy":"product_tag","embeddable":true,"href":"https:\/\/pecbag.com\/de\/wp-json\/wp\/v2\/product_tag?post=3252"}],"curies":[{"name":"wp","href":"https:\/\/api.w.org\/{rel}","templated":true}]}}