{"id":3269,"date":"2025-05-26T02:52:21","date_gmt":"2025-05-26T02:52:21","guid":{"rendered":"https:\/\/pecbag.com\/?post_type=product&#038;p=3269"},"modified":"2025-11-29T02:04:08","modified_gmt":"2025-11-29T02:04:08","slug":"compartment-outdoor-cooler-picnic-backpack","status":"publish","type":"product","link":"https:\/\/pecbag.com\/de\/compartment-outdoor-cooler-picnic-backpack\/","title":{"rendered":"Fach Outdoor-K\u00fchlbox Picknick-Rucksack"},"content":{"rendered":"<h5 title=\"Faltbare Hundetasche Atmungsaktives Mesh Haustier Umh\u00e4ngetasche f\u00fcr kleine Haustier Hund Katzen\" data-immersive-translate-walked=\"1c928421-2e42-4cd3-8754-5404553c0af5\" data-immersive-translate-paragraph=\"1\" data-spm-anchor-id=\"a2700.details.0.i35.4f6757d4w4zNZA\">Fach Outdoor-K\u00fchler Picknick-Rucksack Hersteller | Wasserdichte Tasche Fabrik &amp; Rucksack Lieferant | Bulk OEM<\/h5>\n<div class=\"flex flex-grow flex-col max-w-full\">\n<div class=\"min-h-[20px] text-message flex w-full flex-col items-end gap-2 whitespace-pre-wrap break-words [.text-message+&amp;]:mt-5 overflow-x-auto\" dir=\"auto\" data-message-author-role=\"assistant\" data-message-id=\"3d7d46f6-7ec2-4222-9257-48fa0bba23c6\" data-suggestions=\"true\">\n<div class=\"flex w-full flex-col gap-1 empty:hidden first:pt-[3px]\">\n<div class=\"markdown prose w-full break-words dark:prose-invert light\">\n<p>Ben\u00f6tigen Sie Outdoor-K\u00fchlboxen und Picknick-Rucks\u00e4cke, die Ihre Ausr\u00fcstung organisieren und Getr\u00e4nke den ganzen Tag \u00fcber k\u00fchl halten? Als f\u00fchrender Hersteller von wasserdichten Taschen und Rucks\u00e4cken in China fertigen wir Outdoor-K\u00fchlboxen und Picknick-Rucks\u00e4cke mit intelligenten Aufbewahrungsl\u00f6sungen f\u00fcr Outdoor-Marken, Veranstaltungsplaner und Gro\u00dfh\u00e4ndler von K\u00fchltaschen weltweit!<\/p>\n<table width=\"288\">\n<tbody>\n<tr>\n<td width=\"137\"><span style=\"color: #333333;\">Produkte Name<\/span><\/td>\n<td width=\"151\"><span style=\"color: #333333;\">K\u00fchltasche<\/span><\/td>\n<\/tr>\n<tr>\n<td><span style=\"color: #333333;\">Artikel Nr.<\/span><\/td>\n<td><span style=\"color: #333333;\">PB-2039<\/span><\/td>\n<\/tr>\n<tr>\n<td><span style=\"color: #333333;\">Material<\/span><\/td>\n<td>Schneeflocke<\/td>\n<\/tr>\n<tr>\n<td><span style=\"color: #333333;\">\u00a0Gr\u00f6\u00dfe und Farbe<\/span><\/td>\n<td>19*32*46 cm<\/td>\n<\/tr>\n<tr>\n<td><span style=\"color: #333333;\">\u00a0Lieferfrist<\/span><\/td>\n<td><span style=\"color: #333333;\">1-5 Tage f\u00fcr kleine Mengen auf dem Luftweg und 30-35 Tage f\u00fcr gro\u00dfe Mengen auf dem Seeweg<\/span><\/td>\n<\/tr>\n<\/tbody>\n<\/table>\n<p class=\"ds-markdown-paragraph\">\u2705\u00a0<strong>Warum sich unsere Picknickrucks\u00e4cke mit F\u00e4chern f\u00fcr den Au\u00dfenbereich auszeichnen:<\/strong><\/p>\n<ul>\n<li>\n<p class=\"ds-markdown-paragraph\"><strong>6+ dedizierte F\u00e4cher<\/strong>: Getrennte Lebensmittel, Getr\u00e4nke, Utensilien und Ger\u00e4te - kein Picknick-Chaos mehr!<\/p>\n<\/li>\n<li>\n<p class=\"ds-markdown-paragraph\"><strong>48-Stunden-K\u00fchlung<\/strong>: 4 cm \u00d6ko-Isolierung + wasserdichtes TPU-Futter - das Eis h\u00e4lt 2x l\u00e4nger als bei herk\u00f6mmlichen Taschen.<\/p>\n<\/li>\n<li>\n<p class=\"ds-markdown-paragraph\"><strong>Sammelbestellung Strom<\/strong>: Produzieren K\u00fchltasche Gro\u00dfauftr\u00e4ge (MOQ 50pcs) mit K\u00fchltasche ODM\/OEM oder private Label in 12 Tagen!<\/p>\n<\/li>\n<li>\n<p class=\"ds-markdown-paragraph\"><strong>China Kostenvorteil<\/strong>: Als Top-K\u00fchltasche China Lieferant, verschmelzen wir Qualit\u00e4t mit unschlagbaren Preisen.<\/p>\n<\/li>\n<\/ul>\n<p class=\"ds-markdown-paragraph\"><strong>Funktionen, die den Verkauf f\u00f6rdern:<\/strong><br \/>\n\ud83d\udd39 30L-50L Fassungsverm\u00f6gen + erweiterbare Seitentaschen (f\u00fcr Weinflaschen und Decken)<br \/>\n\ud83d\udd39 Gepolsterte Schultergurte + atmungsaktives R\u00fcckenteil (ganzt\u00e4giger Komfort)<br \/>\n\ud83d\udd39 Anti-Diebstahl-Rei\u00dfverschl\u00fcsse + RFID-blockierende Kartenf\u00e4cher<br \/>\n\ud83d\udd39 CE\/SGS-zertifiziert - sicher f\u00fcr den Kontakt mit Lebensmitteln<\/p>\n<p class=\"ds-markdown-paragraph\"><strong>Perfekt f\u00fcr:<\/strong><\/p>\n<ul>\n<li>\n<p class=\"ds-markdown-paragraph\">Outdoor-Einzelh\u00e4ndler und K\u00fchltaschen-Verk\u00e4ufer<\/p>\n<\/li>\n<li>\n<p class=\"ds-markdown-paragraph\">Hochzeitsplaner &amp; Gro\u00dfh\u00e4ndler f\u00fcr K\u00fchltaschen<\/p>\n<\/li>\n<li>\n<p class=\"ds-markdown-paragraph\">Start-ups entwickeln Eigenmarken f\u00fcr K\u00fchltaschen mit Eigenmarkencharakter<\/p>\n<\/li>\n<\/ul>\n<p class=\"ds-markdown-paragraph\"><strong>Wie wir Ihr Fach Outdoor Cooler Picknick Rucks\u00e4cke bauen:<\/strong><br \/>\n1\ufe0f\u20e3 W\u00e4hlen Sie aus \u00fcber 100 Designs oder passen Sie jedes Detail an<br \/>\n2\ufe0f\u20e3 Prototyp in 7 Tagen \u2192 Freigabe \u2192 Massenproduktion<br \/>\n3\ufe0f\u20e3 Versand \u00fcber K\u00fchltaschen-Exportnetze (Luft\/See\/Express)<\/p>\n<p class=\"ds-markdown-paragraph\"><strong>Warum wir Ihr #1 K\u00fchltasche China Hersteller sind:<\/strong><br \/>\n\u2705 Mehr als 10 Jahre Erfahrung als K\u00fchltaschenhersteller<br \/>\n\u2705 40% leichtere Isolierungstechnologie als die Konkurrenz<br \/>\n\u2705 24\/7 mehrsprachiger Support (EN\/ES\/FR\/DE)<\/p>\n<p class=\"ds-markdown-paragraph\"><strong>Sind Sie bereit, Picknicks in Gewinne zu verwandeln?<\/strong><br \/>\n\ud83d\udc49\u00a0<strong>Kostenlose Proben<\/strong>\u00a0\ud83d\udc49 15% Kaution \ud83d\udc49 24h-Kurse<\/p>\n<\/div>\n<\/div>\n<\/div>\n<\/div>","protected":false},"excerpt":{"rendered":"<h2 data-immersive-translate-walked=\"344be1c1-5052-41eb-8fcd-0dbe236a0d6b\" data-immersive-translate-paragraph=\"1\">Fach Outdoor-K\u00fchlbox Picknick-Rucksack<\/h2>\n<div class=\"sliderTable mt10 mb10 sliderTable-index0\">\n<div class=\"inner\">1. 22 Stunden isolierter Rucksack: Verdickter Isolierfolienschaum und auslaufsicherer Liner sorgen f\u00fcr eine hervorragende Isolierleistung. Egal, ob Sie campen, am Strand, picknicken, wandern, reisen, Boot fahren, im Freien spielen oder arbeiten, unsere K\u00fchltasche kann Ihre Biere und Lebensmittel f\u00fcr eine lange Zeit k\u00fchl\/warm\/frisch halten<br \/>\n2. Gro\u00dfe Kapazit\u00e4t &amp; Multi-Pocket-Design K\u00fchler: Der isolierte Rucksack Cooler bietet mehrere Taschen, Haupttasche kann bis zu 36 Dosen (32L) halten. 2 vordere Rei\u00dfverschlusstaschen, um Ihr Besteck und Handys, 4 Seitentaschen zu platzieren, um Regenschirme und Getr\u00e4nke zu speichern, gibt es auch eine obere Tasche f\u00fcr einfache Lagerung von Snacks und Obst.<\/div>\n<\/div>","protected":false},"featured_media":3271,"template":"","meta":{"_uag_custom_page_level_css":""},"product_brand":[],"product_cat":[44,60,50],"product_tag":[],"class_list":{"0":"post-3269","1":"product","2":"type-product","3":"status-publish","4":"has-post-thumbnail","6":"product_cat-camping-bags","7":"product_cat-backpack","8":"product_cat-cooler-bag","10":"first","11":"instock","12":"shipping-taxable","13":"product-type-simple"},"uagb_featured_image_src":{"full":["https:\/\/pecbag.com\/wp-content\/uploads\/2025\/05\/Compartment-Outdoor-Cooler-Picnic-Backpack-1.jpeg",963,963,false],"thumbnail":["https:\/\/pecbag.com\/wp-content\/uploads\/2025\/05\/Compartment-Outdoor-Cooler-Picnic-Backpack-1-150x150.jpeg",150,150,true],"medium":["https:\/\/pecbag.com\/wp-content\/uploads\/2025\/05\/Compartment-Outdoor-Cooler-Picnic-Backpack-1-300x300.jpeg",300,300,true],"medium_large":["https:\/\/pecbag.com\/wp-content\/uploads\/2025\/05\/Compartment-Outdoor-Cooler-Picnic-Backpack-1-768x768.jpeg",768,768,true],"large":["https:\/\/pecbag.com\/wp-content\/uploads\/2025\/05\/Compartment-Outdoor-Cooler-Picnic-Backpack-1.jpeg",800,800,false],"1536x1536":["https:\/\/pecbag.com\/wp-content\/uploads\/2025\/05\/Compartment-Outdoor-Cooler-Picnic-Backpack-1.jpeg",963,963,false],"2048x2048":["https:\/\/pecbag.com\/wp-content\/uploads\/2025\/05\/Compartment-Outdoor-Cooler-Picnic-Backpack-1.jpeg",963,963,false],"trp-custom-language-flag":["https:\/\/pecbag.com\/wp-content\/uploads\/2025\/05\/Compartment-Outdoor-Cooler-Picnic-Backpack-1-12x12.jpeg",12,12,true],"woocommerce_thumbnail":["https:\/\/pecbag.com\/wp-content\/uploads\/2025\/05\/Compartment-Outdoor-Cooler-Picnic-Backpack-1-300x300.jpeg",300,300,true],"woocommerce_single":["https:\/\/pecbag.com\/wp-content\/uploads\/2025\/05\/Compartment-Outdoor-Cooler-Picnic-Backpack-1-600x600.jpeg",600,600,true],"woocommerce_gallery_thumbnail":["https:\/\/pecbag.com\/wp-content\/uploads\/2025\/05\/Compartment-Outdoor-Cooler-Picnic-Backpack-1-100x100.jpeg",100,100,true]},"uagb_author_info":{"display_name":"Lawrence","author_link":"https:\/\/pecbag.com\/de\/author\/"},"uagb_comment_info":0,"uagb_excerpt":"Compartment Outdoor Cooler Picnic Backpack 1. 22 Hours Insulated Backpack: Thickened insulation foil foam and leak-proof liner ensure excellent insulation performance. Whether you're camping, at the beach, picnicking, hiking, traveling, boating, playing outdoors, or working, our Cooler Bag can keep your beers and food cool\/hot\/fresh for a long time 2. Large Capacity &amp; Multi-Pocket Design&hellip;","_links":{"self":[{"href":"https:\/\/pecbag.com\/de\/wp-json\/wp\/v2\/product\/3269","targetHints":{"allow":["GET"]}}],"collection":[{"href":"https:\/\/pecbag.com\/de\/wp-json\/wp\/v2\/product"}],"about":[{"href":"https:\/\/pecbag.com\/de\/wp-json\/wp\/v2\/types\/product"}],"wp:featuredmedia":[{"embeddable":true,"href":"https:\/\/pecbag.com\/de\/wp-json\/wp\/v2\/media\/3271"}],"wp:attachment":[{"href":"https:\/\/pecbag.com\/de\/wp-json\/wp\/v2\/media?parent=3269"}],"wp:term":[{"taxonomy":"product_brand","embeddable":true,"href":"https:\/\/pecbag.com\/de\/wp-json\/wp\/v2\/product_brand?post=3269"},{"taxonomy":"product_cat","embeddable":true,"href":"https:\/\/pecbag.com\/de\/wp-json\/wp\/v2\/product_cat?post=3269"},{"taxonomy":"product_tag","embeddable":true,"href":"https:\/\/pecbag.com\/de\/wp-json\/wp\/v2\/product_tag?post=3269"}],"curies":[{"name":"wp","href":"https:\/\/api.w.org\/{rel}","templated":true}]}}