{"id":3275,"date":"2025-05-26T03:12:51","date_gmt":"2025-05-26T03:12:51","guid":{"rendered":"https:\/\/pecbag.com\/?post_type=product&#038;p=3275"},"modified":"2025-11-29T02:03:29","modified_gmt":"2025-11-29T02:03:29","slug":"new-design-lightweight-sports-chest-bag","status":"publish","type":"product","link":"https:\/\/pecbag.com\/de\/new-design-lightweight-sports-chest-bag\/","title":{"rendered":"Neues Design Leichtgewicht Sport Brusttasche"},"content":{"rendered":"<h5 title=\"Faltbare Hundetasche Atmungsaktives Mesh Haustier Umh\u00e4ngetasche f\u00fcr kleine Haustier Hund Katzen\" data-immersive-translate-walked=\"1c928421-2e42-4cd3-8754-5404553c0af5\" data-immersive-translate-paragraph=\"1\" data-spm-anchor-id=\"a2700.details.0.i35.4f6757d4w4zNZA\">Neues Design Leichte Sporttasche Hersteller | Wasserdichte Tasche Fabrik &amp; Rucksack Lieferant | Bulk OEM<\/h5>\n<div class=\"flex flex-grow flex-col max-w-full\">\n<div class=\"min-h-[20px] text-message flex w-full flex-col items-end gap-2 whitespace-pre-wrap break-words [.text-message+&amp;]:mt-5 overflow-x-auto\" dir=\"auto\" data-message-author-role=\"assistant\" data-message-id=\"3d7d46f6-7ec2-4222-9257-48fa0bba23c6\" data-suggestions=\"true\">\n<div class=\"flex w-full flex-col gap-1 empty:hidden first:pt-[3px]\">\n<div class=\"markdown prose w-full break-words dark:prose-invert light\">\n<p>Ben\u00f6tigen Sie neue, leichte Sporttaschen, die mit einem aktiven Lebensstil mithalten k\u00f6nnen? Wir sind ein f\u00fchrender Hersteller von wasserdichten Taschen und Rucks\u00e4cken in China, der leistungsstarke, leichte Sporttaschen mit neuem Design f\u00fcr Sportler, Outdoor-Marken und Gro\u00dfh\u00e4ndler von Brusttaschen weltweit herstellt!<\/p>\n<table width=\"288\">\n<tbody>\n<tr>\n<td width=\"137\"><span style=\"color: #333333;\">Produkte Name<\/span><\/td>\n<td width=\"151\"><span style=\"color: #333333;\">Brustbeutel<\/span><\/td>\n<\/tr>\n<tr>\n<td><span style=\"color: #333333;\">Artikel Nr.<\/span><\/td>\n<td><span style=\"color: #333333;\">PB-2040<\/span><\/td>\n<\/tr>\n<tr>\n<td><span style=\"color: #333333;\">Material<\/span><\/td>\n<td>Zweifarbig karierter Stoff\/PU<\/td>\n<\/tr>\n<tr>\n<td><span style=\"color: #333333;\">\u00a0Gr\u00f6\u00dfe und Farbe<\/span><\/td>\n<td><span style=\"color: #333333;\">Kundenspezifisch<\/span><\/td>\n<\/tr>\n<tr>\n<td><span style=\"color: #333333;\">\u00a0Lieferfrist<\/span><\/td>\n<td><span style=\"color: #333333;\">1-5 Tage f\u00fcr kleine Mengen auf dem Luftweg und 30-35 Tage f\u00fcr gro\u00dfe Mengen auf dem Seeweg<\/span><\/td>\n<\/tr>\n<\/tbody>\n<\/table>\n<p class=\"ds-markdown-paragraph\">\u2705\u00a0<strong>Warum unsere leichten Sporttaschen mit neuem Design gewinnen:<\/strong><\/p>\n<ul>\n<li>\n<p class=\"ds-markdown-paragraph\"><strong>Ultraleichter Komfort<\/strong>: 300D Ripstop-Nylon (nur 0,5 kg!) - perfekt zum Laufen, Radfahren oder Wandern.<\/p>\n<\/li>\n<li>\n<p class=\"ds-markdown-paragraph\"><strong>Bereit f\u00fcr Schwei\u00df und Regen<\/strong>: Wasserdichte Rei\u00dfverschl\u00fcsse und atmungsaktives Mesh auf der R\u00fcckseite - \u00fcberstehen auch intensive Workouts oder Nieselregen.<\/p>\n<\/li>\n<li>\n<p class=\"ds-markdown-paragraph\"><strong>Flexibilit\u00e4t bei Gro\u00dfauftr\u00e4gen<\/strong>: Produzieren Brustbeutel Gro\u00dfauftr\u00e4ge (MOQ 100pcs) mit Brustbeutel ODM\/OEM oder private Label in 10 Tagen!<\/p>\n<\/li>\n<li>\n<p class=\"ds-markdown-paragraph\"><strong>China Kostenvorteil<\/strong>: Als einer der f\u00fchrenden Anbieter von Brusttaschen in China liefern wir Premium-Qualit\u00e4t zu Fabrikpreisen.<\/p>\n<\/li>\n<\/ul>\n<p class=\"ds-markdown-paragraph\"><strong>Eigenschaften, die Athleten lieben:<\/strong><br \/>\n\ud83d\udd39 Verstellbare Tr\u00e4ger (passend f\u00fcr alle K\u00f6rpertypen) + schnell zug\u00e4ngliche Handytasche<br \/>\n\ud83d\udd39 RFID-Blockierfach + versteckte Sicherheitsrei\u00dfverschl\u00fcsse<br \/>\n\ud83d\udd39 Reflektierende Logos f\u00fcr Sicherheit bei Nacht<br \/>\n\ud83d\udd39 OEKO-TEX zertifiziert - hautfreundlich &amp; geruchsneutral<\/p>\n<p class=\"ds-markdown-paragraph\"><strong>Perfekt f\u00fcr:<\/strong><\/p>\n<ul>\n<li>\n<p class=\"ds-markdown-paragraph\">Sportfachh\u00e4ndler &amp; Brustbeutelverk\u00e4ufer<\/p>\n<\/li>\n<li>\n<p class=\"ds-markdown-paragraph\">Gro\u00dfh\u00e4ndler f\u00fcr Gymnastikketten und Brustbeutel<\/p>\n<\/li>\n<li>\n<p class=\"ds-markdown-paragraph\">Startups bauen Brustbeutel-Eigenmarken<\/p>\n<\/li>\n<\/ul>\n<p class=\"ds-markdown-paragraph\"><strong>Wie wir arbeiten:<\/strong><br \/>\n1\ufe0f\u20e3 W\u00e4hlen Sie aus \u00fcber 50 trendigen Designs oder gestalten Sie Ihr eigenes<br \/>\n2\ufe0f\u20e3 Prototyp in 5 Tagen \u2192 Freigabe \u2192 Massenproduktion<br \/>\n3\ufe0f\u20e3 Weltweiter Versand \u00fcber\u00a0<strong>Brustbeutel Export<\/strong>\u00a0Netzwerke<\/p>\n<p class=\"ds-markdown-paragraph\"><strong>Warum sollten Sie uns als Ihren Brustbeutel China Hersteller w\u00e4hlen?<\/strong><br \/>\n\u2705 Mehr als 8 Jahre Erfahrung als Brustbeutelhersteller<br \/>\n\u2705 30% ist leichter als der Durchschnitt der Marktprodukte<br \/>\n\u2705 24\/7-Support auf Englisch, Spanisch und Deutsch<\/p>\n<p class=\"ds-markdown-paragraph\"><strong>Sind Sie bereit, den Erfolg anzuschnallen?<\/strong><br \/>\n\ud83d\udc49\u00a0<strong>Kostenlose Proben<\/strong>\u00a0\ud83d\udc49 20% Kaution \ud83d\udc49 24-Stunden-Kurse<\/p>\n<\/div>\n<\/div>\n<\/div>\n<\/div>","protected":false},"excerpt":{"rendered":"<h2 data-immersive-translate-walked=\"344be1c1-5052-41eb-8fcd-0dbe236a0d6b\" data-immersive-translate-paragraph=\"1\">Neues Design Leichtgewicht Sport Brusttasche<\/h2>\n<p>Wir bieten Premium-Taschen mit individueller Gr\u00f6\u00dfen- und Farbgestaltung, langlebigen Stoffen und zertifizierter Qualit\u00e4t.<\/p>\n<p>Genie\u00dfen Sie flexible MOQs, schnellen weltweiten Versand und Private-Label-L\u00f6sungen.<\/p>\n<p>Kontaktieren Sie uns noch heute!<\/p>","protected":false},"featured_media":3281,"template":"","meta":{"_uag_custom_page_level_css":""},"product_brand":[],"product_cat":[61,56],"product_tag":[],"class_list":{"0":"post-3275","1":"product","2":"type-product","3":"status-publish","4":"has-post-thumbnail","6":"product_cat-chest-bag","7":"product_cat-gym-bag","9":"first","10":"instock","11":"shipping-taxable","12":"product-type-simple"},"uagb_featured_image_src":{"full":["https:\/\/pecbag.com\/wp-content\/uploads\/2025\/05\/New-Design-Lightweight-Sports-Chest-Bag-4.jpeg",1000,1000,false],"thumbnail":["https:\/\/pecbag.com\/wp-content\/uploads\/2025\/05\/New-Design-Lightweight-Sports-Chest-Bag-4-150x150.jpeg",150,150,true],"medium":["https:\/\/pecbag.com\/wp-content\/uploads\/2025\/05\/New-Design-Lightweight-Sports-Chest-Bag-4-300x300.jpeg",300,300,true],"medium_large":["https:\/\/pecbag.com\/wp-content\/uploads\/2025\/05\/New-Design-Lightweight-Sports-Chest-Bag-4-768x768.jpeg",768,768,true],"large":["https:\/\/pecbag.com\/wp-content\/uploads\/2025\/05\/New-Design-Lightweight-Sports-Chest-Bag-4.jpeg",800,800,false],"1536x1536":["https:\/\/pecbag.com\/wp-content\/uploads\/2025\/05\/New-Design-Lightweight-Sports-Chest-Bag-4.jpeg",1000,1000,false],"2048x2048":["https:\/\/pecbag.com\/wp-content\/uploads\/2025\/05\/New-Design-Lightweight-Sports-Chest-Bag-4.jpeg",1000,1000,false],"trp-custom-language-flag":["https:\/\/pecbag.com\/wp-content\/uploads\/2025\/05\/New-Design-Lightweight-Sports-Chest-Bag-4-12x12.jpeg",12,12,true],"woocommerce_thumbnail":["https:\/\/pecbag.com\/wp-content\/uploads\/2025\/05\/New-Design-Lightweight-Sports-Chest-Bag-4-300x300.jpeg",300,300,true],"woocommerce_single":["https:\/\/pecbag.com\/wp-content\/uploads\/2025\/05\/New-Design-Lightweight-Sports-Chest-Bag-4-600x600.jpeg",600,600,true],"woocommerce_gallery_thumbnail":["https:\/\/pecbag.com\/wp-content\/uploads\/2025\/05\/New-Design-Lightweight-Sports-Chest-Bag-4-100x100.jpeg",100,100,true]},"uagb_author_info":{"display_name":"Lawrence","author_link":"https:\/\/pecbag.com\/de\/author\/"},"uagb_comment_info":0,"uagb_excerpt":"New Design Lightweight Sports Chest Bag We provide premium bags with full-size and color customization, durable fabrics, and certified quality. Enjoy flexible MOQs, fast global shipping, and private label solutions. Contact us today!","_links":{"self":[{"href":"https:\/\/pecbag.com\/de\/wp-json\/wp\/v2\/product\/3275","targetHints":{"allow":["GET"]}}],"collection":[{"href":"https:\/\/pecbag.com\/de\/wp-json\/wp\/v2\/product"}],"about":[{"href":"https:\/\/pecbag.com\/de\/wp-json\/wp\/v2\/types\/product"}],"wp:featuredmedia":[{"embeddable":true,"href":"https:\/\/pecbag.com\/de\/wp-json\/wp\/v2\/media\/3281"}],"wp:attachment":[{"href":"https:\/\/pecbag.com\/de\/wp-json\/wp\/v2\/media?parent=3275"}],"wp:term":[{"taxonomy":"product_brand","embeddable":true,"href":"https:\/\/pecbag.com\/de\/wp-json\/wp\/v2\/product_brand?post=3275"},{"taxonomy":"product_cat","embeddable":true,"href":"https:\/\/pecbag.com\/de\/wp-json\/wp\/v2\/product_cat?post=3275"},{"taxonomy":"product_tag","embeddable":true,"href":"https:\/\/pecbag.com\/de\/wp-json\/wp\/v2\/product_tag?post=3275"}],"curies":[{"name":"wp","href":"https:\/\/api.w.org\/{rel}","templated":true}]}}