{"id":3289,"date":"2025-05-26T03:41:44","date_gmt":"2025-05-26T03:41:44","guid":{"rendered":"https:\/\/pecbag.com\/?post_type=product&#038;p=3289"},"modified":"2025-11-29T02:03:20","modified_gmt":"2025-11-29T02:03:20","slug":"fishing-tackle-storage-chest-bag","status":"publish","type":"product","link":"https:\/\/pecbag.com\/de\/fishing-tackle-storage-chest-bag\/","title":{"rendered":"Angelger\u00e4t Aufbewahrungstruhe Tasche"},"content":{"rendered":"<h5 title=\"Faltbare Hundetasche Atmungsaktives Mesh Haustier Umh\u00e4ngetasche f\u00fcr kleine Haustier Hund Katzen\" data-immersive-translate-walked=\"1c928421-2e42-4cd3-8754-5404553c0af5\" data-immersive-translate-paragraph=\"1\" data-spm-anchor-id=\"a2700.details.0.i35.4f6757d4w4zNZA\">Fishing Tackle Storage Chest Bag Hersteller | Waterproof Bag Factory &amp; Backpack Supplier | Bulk OEM<\/h5>\n<div class=\"flex flex-grow flex-col max-w-full\">\n<div class=\"min-h-[20px] text-message flex w-full flex-col items-end gap-2 whitespace-pre-wrap break-words [.text-message+&amp;]:mt-5 overflow-x-auto\" dir=\"auto\" data-message-author-role=\"assistant\" data-message-id=\"3d7d46f6-7ec2-4222-9257-48fa0bba23c6\" data-suggestions=\"true\">\n<div class=\"flex w-full flex-col gap-1 empty:hidden first:pt-[3px]\">\n<div class=\"markdown prose w-full break-words dark:prose-invert light\">\n<p>Ben\u00f6tigen Sie Taschen zur Aufbewahrung von Angelger\u00e4ten, die K\u00f6der trocken und die Ausr\u00fcstung organisiert halten? Als f\u00fchrender Hersteller von wasserdichten Taschen und Rucks\u00e4cken in China haben wir uns auf Aufbewahrungstaschen f\u00fcr Angelger\u00e4te spezialisiert, die f\u00fcr Angler, Fischereimarken und Gro\u00dfh\u00e4ndler von Taschen weltweit entwickelt wurden!<\/p>\n<table width=\"288\">\n<tbody>\n<tr>\n<td width=\"137\"><span style=\"color: #333333;\">Produkte Name<\/span><\/td>\n<td width=\"151\"><span style=\"color: #333333;\">Brustbeutel<\/span><\/td>\n<\/tr>\n<tr>\n<td><span style=\"color: #333333;\">Artikel Nr.<\/span><\/td>\n<td><span style=\"color: #333333;\">PB-2042<\/span><\/td>\n<\/tr>\n<tr>\n<td><span style=\"color: #333333;\">Material<\/span><\/td>\n<td>1000D-Nylon<\/td>\n<\/tr>\n<tr>\n<td><span style=\"color: #333333;\">Gr\u00f6\u00dfe<\/span><\/td>\n<td>11.8*9*6.3in<\/td>\n<\/tr>\n<tr>\n<td><span style=\"color: #333333;\">\u00a0Lieferfrist<\/span><\/td>\n<td><span style=\"color: #333333;\">1-5 Tage f\u00fcr kleine Mengen auf dem Luftweg und 30-35 Tage f\u00fcr gro\u00dfe Mengen auf dem Seeweg<\/span><\/td>\n<\/tr>\n<\/tbody>\n<\/table>\n<p class=\"ds-markdown-paragraph\">\u2705\u00a0<strong>Warum unsere Fishing Tackle Storage Chest Bags Hook Sales:<\/strong><\/p>\n<ul>\n<li>\n<p class=\"ds-markdown-paragraph\"><strong>Wasserdichte Krieger<\/strong>: Nahtversiegelte TPU-Beschichtung + Entw\u00e4sserungs\u00f6ffnungen - \u00fcbersteht Bootsspritzer und Regentage!<\/p>\n<\/li>\n<li>\n<p class=\"ds-markdown-paragraph\"><strong>Anglerfreundliches Design<\/strong>8+ modulare F\u00e4cher - verstauen Sie Haken, Leinen, Werkzeug und K\u00f6der ohne Verwicklungen.<\/p>\n<\/li>\n<li>\n<p class=\"ds-markdown-paragraph\"><strong>Vorteile bei Gro\u00dfbestellungen<\/strong>: Produzieren Brustbeutel Gro\u00dfauftr\u00e4ge (MOQ 50pcs) mit Brustbeutel ODM\/OEM oder private Label in 10 Tagen!<\/p>\n<\/li>\n<li>\n<p class=\"ds-markdown-paragraph\"><strong>China Kostenvorteil<\/strong>: Als Top-Lieferant f\u00fcr Brustbeutel in China trifft Qualit\u00e4t auf unschlagbare Preise.<\/p>\n<\/li>\n<\/ul>\n<p class=\"ds-markdown-paragraph\"><strong>Eigenschaften, die Angler lieben:<\/strong><br \/>\n\ud83d\udd39 Korrosionsbest\u00e4ndige Rei\u00dfverschl\u00fcsse + rostfreie D-Ringe (salzwasserfest!)<br \/>\n\ud83d\udd39 Schnell trocknende Netztaschen + Rutenhaltergurte<br \/>\n\ud83d\udd39 Reflektierende Verzierungen f\u00fcr Sicherheit bei D\u00e4mmerung und Dunkelheit<br \/>\n\ud83d\udd39 OEKO-TEX-zertifiziert - keine chemischen Ger\u00fcche, die Fische verschrecken<\/p>\n<p class=\"ds-markdown-paragraph\"><strong>Perfekt f\u00fcr:<\/strong><\/p>\n<ul>\n<li>\n<p class=\"ds-markdown-paragraph\">Gesch\u00e4fte f\u00fcr Fischereiger\u00e4te und Anbieter von Brusttaschen<\/p>\n<\/li>\n<li>\n<p class=\"ds-markdown-paragraph\">Marine Lieferanten &amp; Gro\u00dfh\u00e4ndler f\u00fcr Brustbeutel<\/p>\n<\/li>\n<li>\n<p class=\"ds-markdown-paragraph\">Marken bauen Brustbeutel-Eigenmarkenkollektionen auf<\/p>\n<\/li>\n<\/ul>\n<p class=\"ds-markdown-paragraph\"><strong>Wie wir die Taschen f\u00fcr die Aufbewahrung von Angelger\u00e4t herstellen:<\/strong><br \/>\n1\ufe0f\u20e3 W\u00e4hlen Sie aus \u00fcber 30 von Anglern empfohlenen Designs oder gestalten Sie Ihr eigenes<br \/>\n2\ufe0f\u20e3 Prototyp in 5 Tagen \u2192 Test \u2192 Massenproduktion<br \/>\n3\ufe0f\u20e3 Versand \u00fcber Brustbeutel-Exportnetze (DDP\/DAP verf\u00fcgbar)<\/p>\n<p class=\"ds-markdown-paragraph\"><strong>Warum wir Ihr #1 Brusttasche China Hersteller sind:<\/strong><br \/>\n\u2705 Mehr als 12 Jahre Erfahrung in der Herstellung von Brustbeuteln<br \/>\n\u2705 50% dickere wasserdichte Beschichtung als die Konkurrenz<br \/>\n\u2705 24\/7-Support auf Englisch, Japanisch und Spanisch<\/p>\n<p class=\"ds-markdown-paragraph\"><strong>Sind Sie bereit, gr\u00f6\u00dfere Gewinne zu erwirtschaften?<\/strong><br \/>\n\ud83d\udc49\u00a0<strong>Kostenlose Proben<\/strong>\u00a0\ud83d\udc49 20% Kaution \ud83d\udc49 24-Stunden-Kurse<\/p>\n<\/div>\n<\/div>\n<\/div>\n<\/div>","protected":false},"excerpt":{"rendered":"<h2 data-immersive-translate-walked=\"344be1c1-5052-41eb-8fcd-0dbe236a0d6b\" data-immersive-translate-paragraph=\"1\">Angelger\u00e4t Aufbewahrungstruhe Tasche<\/h2>\n<ol class=\"list-paddingleft-2\">\n<li>Die Gr\u00f6\u00dfe der Angelausr\u00fcstung Tasche ist 11,8 * 9 * 6,3in. Es gibt mehrere F\u00e4cher f\u00fcr Sie zu speichern K\u00f6der, Zangen, Draht, ein K\u00f6der-Box, eine Brieftasche, ein Telefon und anderes Zubeh\u00f6r. Machen Sie Ihre Reise bequemer.<\/li>\n<li>Der Schultergurt ist verstellbar und abnehmbar, k\u00f6nnen Sie mehrere M\u00f6glichkeiten, es zu verwenden, wie Umh\u00e4ngetasche, Handtasche, Brustbeutel, Angelger\u00e4t Tasche, Crossbody Bag, etc.<\/li>\n<\/ol>","protected":false},"featured_media":3290,"template":"","meta":{"_uag_custom_page_level_css":""},"product_brand":[],"product_cat":[61,46],"product_tag":[],"class_list":{"0":"post-3289","1":"product","2":"type-product","3":"status-publish","4":"has-post-thumbnail","6":"product_cat-chest-bag","7":"product_cat-fishing-bag","9":"first","10":"instock","11":"shipping-taxable","12":"product-type-simple"},"uagb_featured_image_src":{"full":["https:\/\/pecbag.com\/wp-content\/uploads\/2025\/05\/Fishing-Tackle-Storage-Chest-Bag.jpeg",1053,1500,false],"thumbnail":["https:\/\/pecbag.com\/wp-content\/uploads\/2025\/05\/Fishing-Tackle-Storage-Chest-Bag-150x150.jpeg",150,150,true],"medium":["https:\/\/pecbag.com\/wp-content\/uploads\/2025\/05\/Fishing-Tackle-Storage-Chest-Bag-211x300.jpeg",211,300,true],"medium_large":["https:\/\/pecbag.com\/wp-content\/uploads\/2025\/05\/Fishing-Tackle-Storage-Chest-Bag-768x1094.jpeg",768,1094,true],"large":["https:\/\/pecbag.com\/wp-content\/uploads\/2025\/05\/Fishing-Tackle-Storage-Chest-Bag-719x1024.jpeg",719,1024,true],"1536x1536":["https:\/\/pecbag.com\/wp-content\/uploads\/2025\/05\/Fishing-Tackle-Storage-Chest-Bag.jpeg",1053,1500,false],"2048x2048":["https:\/\/pecbag.com\/wp-content\/uploads\/2025\/05\/Fishing-Tackle-Storage-Chest-Bag.jpeg",1053,1500,false],"trp-custom-language-flag":["https:\/\/pecbag.com\/wp-content\/uploads\/2025\/05\/Fishing-Tackle-Storage-Chest-Bag-8x12.jpeg",8,12,true],"woocommerce_thumbnail":["https:\/\/pecbag.com\/wp-content\/uploads\/2025\/05\/Fishing-Tackle-Storage-Chest-Bag-300x300.jpeg",300,300,true],"woocommerce_single":["https:\/\/pecbag.com\/wp-content\/uploads\/2025\/05\/Fishing-Tackle-Storage-Chest-Bag-600x855.jpeg",600,855,true],"woocommerce_gallery_thumbnail":["https:\/\/pecbag.com\/wp-content\/uploads\/2025\/05\/Fishing-Tackle-Storage-Chest-Bag-100x100.jpeg",100,100,true]},"uagb_author_info":{"display_name":"Lawrence","author_link":"https:\/\/pecbag.com\/de\/author\/"},"uagb_comment_info":0,"uagb_excerpt":"Fishing Tackle Storage Chest Bag The size of the fishing gear bag is 11.8*9*6.3in. There are multiple compartments for you to store bait, pliers, wire, a bait box, a wallet, a phone, and other accessories. Make your travel more convenient. The shoulder strap is adjustable and detachable, you can have multiple ways to use it,&hellip;","_links":{"self":[{"href":"https:\/\/pecbag.com\/de\/wp-json\/wp\/v2\/product\/3289","targetHints":{"allow":["GET"]}}],"collection":[{"href":"https:\/\/pecbag.com\/de\/wp-json\/wp\/v2\/product"}],"about":[{"href":"https:\/\/pecbag.com\/de\/wp-json\/wp\/v2\/types\/product"}],"wp:featuredmedia":[{"embeddable":true,"href":"https:\/\/pecbag.com\/de\/wp-json\/wp\/v2\/media\/3290"}],"wp:attachment":[{"href":"https:\/\/pecbag.com\/de\/wp-json\/wp\/v2\/media?parent=3289"}],"wp:term":[{"taxonomy":"product_brand","embeddable":true,"href":"https:\/\/pecbag.com\/de\/wp-json\/wp\/v2\/product_brand?post=3289"},{"taxonomy":"product_cat","embeddable":true,"href":"https:\/\/pecbag.com\/de\/wp-json\/wp\/v2\/product_cat?post=3289"},{"taxonomy":"product_tag","embeddable":true,"href":"https:\/\/pecbag.com\/de\/wp-json\/wp\/v2\/product_tag?post=3289"}],"curies":[{"name":"wp","href":"https:\/\/api.w.org\/{rel}","templated":true}]}}