{"id":3324,"date":"2025-05-26T07:33:50","date_gmt":"2025-05-26T07:33:50","guid":{"rendered":"https:\/\/pecbag.com\/?post_type=product&#038;p=3324"},"modified":"2025-11-29T02:01:10","modified_gmt":"2025-11-29T02:01:10","slug":"customized-military-gear-messenger-bag","status":"publish","type":"product","link":"https:\/\/pecbag.com\/de\/customized-military-gear-messenger-bag\/","title":{"rendered":"Ma\u00dfgeschneiderte milit\u00e4rische Ausr\u00fcstung Messenger Bag"},"content":{"rendered":"<h5 title=\"Faltbare Hundetasche Atmungsaktives Mesh Haustier Umh\u00e4ngetasche f\u00fcr kleine Haustier Hund Katzen\" data-immersive-translate-walked=\"1c928421-2e42-4cd3-8754-5404553c0af5\" data-immersive-translate-paragraph=\"1\" data-spm-anchor-id=\"a2700.details.0.i35.4f6757d4w4zNZA\">Customized Military Gear Messenger Bags | Waterproof Bag Factory &amp; Backpack Manufacturer - Bulk OEM Tactical Solutions<\/h5>\n<div class=\"flex flex-grow flex-col max-w-full\">\n<div class=\"min-h-[20px] text-message flex w-full flex-col items-end gap-2 whitespace-pre-wrap break-words [.text-message+&amp;]:mt-5 overflow-x-auto\" dir=\"auto\" data-message-author-role=\"assistant\" data-message-id=\"3d7d46f6-7ec2-4222-9257-48fa0bba23c6\" data-suggestions=\"true\">\n<div class=\"flex w-full flex-col gap-1 empty:hidden first:pt-[3px]\">\n<div class=\"markdown prose w-full break-words dark:prose-invert light\">\n<table width=\"288\">\n<tbody>\n<tr>\n<td width=\"137\"><span style=\"color: #333333;\">Produkte Name<\/span><\/td>\n<td width=\"151\"><span style=\"color: #333333;\">Umh\u00e4ngetasche<\/span><\/td>\n<\/tr>\n<tr>\n<td><span style=\"color: #333333;\">Artikel Nr.<\/span><\/td>\n<td><span style=\"color: #333333;\">PB-2047<\/span><\/td>\n<\/tr>\n<tr>\n<td><span style=\"color: #333333;\">Material<\/span><\/td>\n<td>600D Polyester<\/td>\n<\/tr>\n<tr>\n<td><span style=\"color: #333333;\">Gr\u00f6\u00dfe<\/span><\/td>\n<td>41*16*20cm<\/td>\n<\/tr>\n<tr>\n<td><span style=\"color: #333333;\">\u00a0Lieferfrist<\/span><\/td>\n<td><span style=\"color: #333333;\">1-5 Tage f\u00fcr kleine Mengen auf dem Luftweg und 30-35 Tage f\u00fcr gro\u00dfe Mengen auf dem Seeweg<\/span><\/td>\n<\/tr>\n<\/tbody>\n<\/table>\n<p>Als professioneller Hersteller von Crossbody-Taschen und Lieferant von Crossbody-Taschen in China haben wir uns auf die Herstellung von strapazierf\u00e4higen, ma\u00dfgeschneiderten milit\u00e4rischen Kuriertaschen spezialisiert. Unsere Crossbody Tasche Fabrik bietet:<br \/>\nWasserdichte milit\u00e4rische Kuriertaschen mit MOLLE-Gurtband (500D- 1000D-Nylon)<br \/>\n\u2705 <strong>OEM\/ODM-Dienstleistungen<\/strong> f\u00fcr Crossbody-Taschen der Eigenmarke (MOQ 100 St\u00fcck)<br \/>\n\u2705 Massenproduktion von Crossbody-Taschen mit 15-t\u00e4giger Bearbeitungszeit<br \/>\n\u2705 MIL-SPEC-zertifizierte taktische Crossbody-Taschen f\u00fcr den weltweiten Export<\/p>\n<p>Weltweit vertrauen Milit\u00e4r- und Polizeieinheiten sowie Outdoor-Marken auf unsere Produkte. Fordern Sie kostenlose Muster unserer in China hergestellten Umh\u00e4ngetaschen an oder laden Sie die technischen Daten herunter. Gro\u00dfh\u00e4ndler von Crossbody-Taschen erhalten exklusive Rabatte auf Bestellungen \u00fcber 2.000 St\u00fcck.<\/p>\n<\/div>\n<\/div>\n<\/div>\n<\/div>","protected":false},"excerpt":{"rendered":"<h2 data-immersive-translate-walked=\"344be1c1-5052-41eb-8fcd-0dbe236a0d6b\" data-immersive-translate-paragraph=\"1\">Ma\u00dfgeschneiderte milit\u00e4rische Ausr\u00fcstung Messenger Bag<\/h2>\n<div>\n<p><strong>1. das MOLLE-System:\u00a0<\/strong>Molle taktische Umh\u00e4ngetasche mit Molle-System, kann als eine zus\u00e4tzliche taktische Tasche und Ausr\u00fcstung verwendet werden. Der Aufkleber auf der Vorderseite k\u00f6nnen Sie das Abzeichen zu kleben, so dass die Tasche einzigartig.<\/p>\n<p><strong>2. multifunktional:<\/strong>\u00a0Das ger\u00e4umige geschlossene Fach bietet ger\u00e4umigen und sicheren Stauraum f\u00fcr Ihre Ausr\u00fcstung; die Vordertasche ist praktisch f\u00fcr den schnellen Zugriff; die Innentasche ist praktisch, um Gegenst\u00e4nde separat aufzubewahren; die linke Tasche mit Kordelzug ist als eine Trinkglastasche konzipiert; die Tasche mit Rei\u00dfverschluss zum \u00d6ffnen und Schlie\u00dfen auf der rechten Seite kann kleine Gegenst\u00e4nde aufnehmen.<\/p>\n<\/div>","protected":false},"featured_media":3323,"template":"","meta":{"_uag_custom_page_level_css":""},"product_brand":[],"product_cat":[62],"product_tag":[],"class_list":{"0":"post-3324","1":"product","2":"type-product","3":"status-publish","4":"has-post-thumbnail","6":"product_cat-crossbody-bags","8":"first","9":"instock","10":"shipping-taxable","11":"product-type-simple"},"uagb_featured_image_src":{"full":["https:\/\/pecbag.com\/wp-content\/uploads\/2025\/05\/Durable-Outdoor-Sport-Crossbody-Bag-5.jpeg",800,800,false],"thumbnail":["https:\/\/pecbag.com\/wp-content\/uploads\/2025\/05\/Durable-Outdoor-Sport-Crossbody-Bag-5-150x150.jpeg",150,150,true],"medium":["https:\/\/pecbag.com\/wp-content\/uploads\/2025\/05\/Durable-Outdoor-Sport-Crossbody-Bag-5-300x300.jpeg",300,300,true],"medium_large":["https:\/\/pecbag.com\/wp-content\/uploads\/2025\/05\/Durable-Outdoor-Sport-Crossbody-Bag-5-768x768.jpeg",768,768,true],"large":["https:\/\/pecbag.com\/wp-content\/uploads\/2025\/05\/Durable-Outdoor-Sport-Crossbody-Bag-5.jpeg",800,800,false],"1536x1536":["https:\/\/pecbag.com\/wp-content\/uploads\/2025\/05\/Durable-Outdoor-Sport-Crossbody-Bag-5.jpeg",800,800,false],"2048x2048":["https:\/\/pecbag.com\/wp-content\/uploads\/2025\/05\/Durable-Outdoor-Sport-Crossbody-Bag-5.jpeg",800,800,false],"trp-custom-language-flag":["https:\/\/pecbag.com\/wp-content\/uploads\/2025\/05\/Durable-Outdoor-Sport-Crossbody-Bag-5-12x12.jpeg",12,12,true],"woocommerce_thumbnail":["https:\/\/pecbag.com\/wp-content\/uploads\/2025\/05\/Durable-Outdoor-Sport-Crossbody-Bag-5-300x300.jpeg",300,300,true],"woocommerce_single":["https:\/\/pecbag.com\/wp-content\/uploads\/2025\/05\/Durable-Outdoor-Sport-Crossbody-Bag-5-600x600.jpeg",600,600,true],"woocommerce_gallery_thumbnail":["https:\/\/pecbag.com\/wp-content\/uploads\/2025\/05\/Durable-Outdoor-Sport-Crossbody-Bag-5-100x100.jpeg",100,100,true]},"uagb_author_info":{"display_name":"Lawrence","author_link":"https:\/\/pecbag.com\/de\/author\/"},"uagb_comment_info":0,"uagb_excerpt":"Customized Military Gear Messenger Bag 1.MOLLE system:\u00a0Molle tactical shoulder bag with molle system, can be used as an additional tactical pouch and equipment. The sticker on the front allows you to stick the badge, making the bag unique. 2.Multi-function:\u00a0The spacious closed compartment provides spacious and safe storage space for your equipment; the front pocket is&hellip;","_links":{"self":[{"href":"https:\/\/pecbag.com\/de\/wp-json\/wp\/v2\/product\/3324","targetHints":{"allow":["GET"]}}],"collection":[{"href":"https:\/\/pecbag.com\/de\/wp-json\/wp\/v2\/product"}],"about":[{"href":"https:\/\/pecbag.com\/de\/wp-json\/wp\/v2\/types\/product"}],"wp:featuredmedia":[{"embeddable":true,"href":"https:\/\/pecbag.com\/de\/wp-json\/wp\/v2\/media\/3323"}],"wp:attachment":[{"href":"https:\/\/pecbag.com\/de\/wp-json\/wp\/v2\/media?parent=3324"}],"wp:term":[{"taxonomy":"product_brand","embeddable":true,"href":"https:\/\/pecbag.com\/de\/wp-json\/wp\/v2\/product_brand?post=3324"},{"taxonomy":"product_cat","embeddable":true,"href":"https:\/\/pecbag.com\/de\/wp-json\/wp\/v2\/product_cat?post=3324"},{"taxonomy":"product_tag","embeddable":true,"href":"https:\/\/pecbag.com\/de\/wp-json\/wp\/v2\/product_tag?post=3324"}],"curies":[{"name":"wp","href":"https:\/\/api.w.org\/{rel}","templated":true}]}}