{"id":3354,"date":"2025-05-26T08:39:17","date_gmt":"2025-05-26T08:39:17","guid":{"rendered":"https:\/\/pecbag.com\/?post_type=product&#038;p=3354"},"modified":"2025-11-29T02:00:48","modified_gmt":"2025-11-29T02:00:48","slug":"wholesale-fashion-large-capacity-duffel-bag","status":"publish","type":"product","link":"https:\/\/pecbag.com\/de\/wholesale-fashion-large-capacity-duffel-bag\/","title":{"rendered":"Gro\u00dfhandel Mode gro\u00dfe Kapazit\u00e4t Duffel Tasche"},"content":{"rendered":"<h5 title=\"Faltbare Hundetasche Atmungsaktives Mesh Haustier Umh\u00e4ngetasche f\u00fcr kleine Haustier Hund Katzen\" data-immersive-translate-walked=\"1c928421-2e42-4cd3-8754-5404553c0af5\" data-immersive-translate-paragraph=\"1\" data-spm-anchor-id=\"a2700.details.0.i35.4f6757d4w4zNZA\">Gro\u00dfhandel Mode gro\u00dfe Kapazit\u00e4t Duffel Taschen | wasserdichte Tasche Fabrik &amp; Rucksack Hersteller - Bulk OEM-L\u00f6sungen<\/h5>\n<div class=\"flex flex-grow flex-col max-w-full\">\n<div class=\"min-h-[20px] text-message flex w-full flex-col items-end gap-2 whitespace-pre-wrap break-words [.text-message+&amp;]:mt-5 overflow-x-auto\" dir=\"auto\" data-message-author-role=\"assistant\" data-message-id=\"3d7d46f6-7ec2-4222-9257-48fa0bba23c6\" data-suggestions=\"true\">\n<div class=\"flex w-full flex-col gap-1 empty:hidden first:pt-[3px]\">\n<div class=\"markdown prose w-full break-words dark:prose-invert light\">\n<table width=\"288\">\n<tbody>\n<tr>\n<td width=\"137\"><span style=\"color: #333333;\">Produkte Name<\/span><\/td>\n<td width=\"151\">Seesack<\/td>\n<\/tr>\n<tr>\n<td><span style=\"color: #333333;\">Artikel Nr.<\/span><\/td>\n<td><span style=\"color: #333333;\">PB-2051<\/span><\/td>\n<\/tr>\n<tr>\n<td><span style=\"color: #333333;\">Material<\/span><\/td>\n<td>600D Polyester<\/td>\n<\/tr>\n<tr>\n<td><span style=\"color: #333333;\">Gr\u00f6\u00dfe<\/span><\/td>\n<td><span style=\"color: #333333;\">40,6 cm x 40,6 cm x 73,7 cm<\/span><\/td>\n<\/tr>\n<tr>\n<td><span style=\"color: #333333;\">\u00a0Lieferfrist<\/span><\/td>\n<td><span style=\"color: #333333;\">1-5 Tage f\u00fcr kleine Mengen auf dem Luftweg und 30-35 Tage f\u00fcr gro\u00dfe Mengen auf dem Seeweg<\/span><\/td>\n<\/tr>\n<\/tbody>\n<\/table>\n<p>Als einer der f\u00fchrenden Hersteller von Sees\u00e4cken und wasserdichten Taschen in China haben wir uns auf die Produktion von modischen Sees\u00e4cken mit gro\u00dfem Fassungsverm\u00f6gen f\u00fcr globale Einzelh\u00e4ndler spezialisiert. Unser Seesack Unternehmen bietet:<\/p>\n<p>\u2705 <strong>Extra gro\u00dfe 100-Liter-Sees\u00e4cke<\/strong> mit erweiterbaren F\u00e4chern (600D PVC-beschichtetes Polyester)<br \/>\n\u2705 <strong>Individuell gestaltete Sees\u00e4cke<\/strong> mit \u00fcber 200 Pantone-Farboptionen (MOQ 50 St\u00fcck)<br \/>\n\u2705 <strong>ODM\/OEM-Dienstleistungen<\/strong> f\u00fcr <strong>Sees\u00e4cke der Eigenmarke<\/strong><br \/>\n\u2705 <strong>Produktion von Sees\u00e4cken in gro\u00dfen Mengen<\/strong> mit 12-t\u00e4giger Bearbeitungszeit<\/p>\n<p>Die Seesack-Gro\u00dfh\u00e4ndler und Modemarken weltweit vertrauen auf uns. Merkmale umfassen:<br \/>\n- Wasserdichte Rei\u00dfverschl\u00fcsse und rei\u00dffester Stoff<br \/>\n- Abnehmbare Riemen &amp; Schuhf\u00e4cher<br \/>\n- Von der Fluggesellschaft zugelassene Abmessungen f\u00fcr das Handgep\u00e4ck<\/p>\n<p><strong>Warum unsere Seesackfabrik w\u00e4hlen<\/strong>:<br \/>\n\ud83d\udd39 10+ Jahre als f\u00fchrender Exporteur von Sees\u00e4cken aus China<br \/>\n\ud83d\udd39 Kostenlose 3D-Konstruktionsunterst\u00fctzung und Musterentwicklung<br \/>\n\ud83d\udd39 FOB\/DDP-Versand mit REACH-Zertifizierungen<br \/>\n\ud83d\udd39 15%-Rabatt bei Gro\u00dfhandelsbestellungen \u00fcber 2.000 St\u00fcck<\/p>\n<p>Fordern Sie kostenlose Muster unserer modischen Sees\u00e4cke mit gro\u00dfem Fassungsverm\u00f6gen an oder holen Sie sich sofort ein Angebot ein. Verk\u00e4ufer von Sees\u00e4cken erhalten vorrangig Zugang zu saisonalen Aktionspreisen.<\/p>\n<\/div>\n<\/div>\n<\/div>\n<\/div>","protected":false},"excerpt":{"rendered":"<h2 data-immersive-translate-walked=\"344be1c1-5052-41eb-8fcd-0dbe236a0d6b\" data-immersive-translate-paragraph=\"1\">Gro\u00dfhandel Mode gro\u00dfe Kapazit\u00e4t Duffel Tasche<\/h2>\n<p>Wir bieten Premium-Taschen mit individueller Gr\u00f6\u00dfen- und Farbgestaltung, langlebigen Stoffen und zertifizierter Qualit\u00e4t.<\/p>\n<p>Genie\u00dfen Sie flexible MOQs, schnellen weltweiten Versand und Private-Label-L\u00f6sungen.<\/p>\n<p>Kontaktieren Sie uns noch heute!<\/p>","protected":false},"featured_media":3360,"template":"","meta":{"_uag_custom_page_level_css":""},"product_brand":[],"product_cat":[63,56,67],"product_tag":[],"class_list":{"0":"post-3354","1":"product","2":"type-product","3":"status-publish","4":"has-post-thumbnail","6":"product_cat-duffel-bag","7":"product_cat-gym-bag","8":"product_cat-sports-bag","10":"first","11":"instock","12":"shipping-taxable","13":"product-type-simple"},"uagb_featured_image_src":{"full":["https:\/\/pecbag.com\/wp-content\/uploads\/2025\/05\/Wholesale-Fashion-Large-Capacity-Duffel-Bag-4.jpeg",1500,1500,false],"thumbnail":["https:\/\/pecbag.com\/wp-content\/uploads\/2025\/05\/Wholesale-Fashion-Large-Capacity-Duffel-Bag-4-150x150.jpeg",150,150,true],"medium":["https:\/\/pecbag.com\/wp-content\/uploads\/2025\/05\/Wholesale-Fashion-Large-Capacity-Duffel-Bag-4-300x300.jpeg",300,300,true],"medium_large":["https:\/\/pecbag.com\/wp-content\/uploads\/2025\/05\/Wholesale-Fashion-Large-Capacity-Duffel-Bag-4-768x768.jpeg",768,768,true],"large":["https:\/\/pecbag.com\/wp-content\/uploads\/2025\/05\/Wholesale-Fashion-Large-Capacity-Duffel-Bag-4-1024x1024.jpeg",800,800,true],"1536x1536":["https:\/\/pecbag.com\/wp-content\/uploads\/2025\/05\/Wholesale-Fashion-Large-Capacity-Duffel-Bag-4.jpeg",1500,1500,false],"2048x2048":["https:\/\/pecbag.com\/wp-content\/uploads\/2025\/05\/Wholesale-Fashion-Large-Capacity-Duffel-Bag-4.jpeg",1500,1500,false],"trp-custom-language-flag":["https:\/\/pecbag.com\/wp-content\/uploads\/2025\/05\/Wholesale-Fashion-Large-Capacity-Duffel-Bag-4-12x12.jpeg",12,12,true],"woocommerce_thumbnail":["https:\/\/pecbag.com\/wp-content\/uploads\/2025\/05\/Wholesale-Fashion-Large-Capacity-Duffel-Bag-4-300x300.jpeg",300,300,true],"woocommerce_single":["https:\/\/pecbag.com\/wp-content\/uploads\/2025\/05\/Wholesale-Fashion-Large-Capacity-Duffel-Bag-4-600x600.jpeg",600,600,true],"woocommerce_gallery_thumbnail":["https:\/\/pecbag.com\/wp-content\/uploads\/2025\/05\/Wholesale-Fashion-Large-Capacity-Duffel-Bag-4-100x100.jpeg",100,100,true]},"uagb_author_info":{"display_name":"Lawrence","author_link":"https:\/\/pecbag.com\/de\/author\/"},"uagb_comment_info":0,"uagb_excerpt":"Wholesale Fashion Large Capacity Duffel Bag We provide premium bags with full-size and color customization, durable fabrics, and certified quality. Enjoy flexible MOQs, fast global shipping, and private label solutions. Contact us today!","_links":{"self":[{"href":"https:\/\/pecbag.com\/de\/wp-json\/wp\/v2\/product\/3354","targetHints":{"allow":["GET"]}}],"collection":[{"href":"https:\/\/pecbag.com\/de\/wp-json\/wp\/v2\/product"}],"about":[{"href":"https:\/\/pecbag.com\/de\/wp-json\/wp\/v2\/types\/product"}],"wp:featuredmedia":[{"embeddable":true,"href":"https:\/\/pecbag.com\/de\/wp-json\/wp\/v2\/media\/3360"}],"wp:attachment":[{"href":"https:\/\/pecbag.com\/de\/wp-json\/wp\/v2\/media?parent=3354"}],"wp:term":[{"taxonomy":"product_brand","embeddable":true,"href":"https:\/\/pecbag.com\/de\/wp-json\/wp\/v2\/product_brand?post=3354"},{"taxonomy":"product_cat","embeddable":true,"href":"https:\/\/pecbag.com\/de\/wp-json\/wp\/v2\/product_cat?post=3354"},{"taxonomy":"product_tag","embeddable":true,"href":"https:\/\/pecbag.com\/de\/wp-json\/wp\/v2\/product_tag?post=3354"}],"curies":[{"name":"wp","href":"https:\/\/api.w.org\/{rel}","templated":true}]}}