{"id":3361,"date":"2025-05-26T08:46:22","date_gmt":"2025-05-26T08:46:22","guid":{"rendered":"https:\/\/pecbag.com\/?post_type=product&#038;p=3361"},"modified":"2025-11-29T02:00:41","modified_gmt":"2025-11-29T02:00:41","slug":"durable-oxford-sports-travel-duffel-bag","status":"publish","type":"product","link":"https:\/\/pecbag.com\/de\/durable-oxford-sports-travel-duffel-bag\/","title":{"rendered":"Strapazierf\u00e4higer Oxford-Sport-Reise-Seesack"},"content":{"rendered":"<h5 title=\"Faltbare Hundetasche Atmungsaktives Mesh Haustier Umh\u00e4ngetasche f\u00fcr kleine Haustier Hund Katzen\" data-immersive-translate-walked=\"1c928421-2e42-4cd3-8754-5404553c0af5\" data-immersive-translate-paragraph=\"1\" data-spm-anchor-id=\"a2700.details.0.i35.4f6757d4w4zNZA\">Durable Oxford Sports Travel Duffel Bags | Waterproof Bag Factory &amp; Backpack Manufacturer - Bulk OEM Solutions<\/h5>\n<div class=\"flex flex-grow flex-col max-w-full\">\n<div class=\"min-h-[20px] text-message flex w-full flex-col items-end gap-2 whitespace-pre-wrap break-words [.text-message+&amp;]:mt-5 overflow-x-auto\" dir=\"auto\" data-message-author-role=\"assistant\" data-message-id=\"3d7d46f6-7ec2-4222-9257-48fa0bba23c6\" data-suggestions=\"true\">\n<div class=\"flex w-full flex-col gap-1 empty:hidden first:pt-[3px]\">\n<div class=\"markdown prose w-full break-words dark:prose-invert light\">\n<table width=\"288\">\n<tbody>\n<tr>\n<td width=\"137\"><span style=\"color: #333333;\">Produkte Name<\/span><\/td>\n<td width=\"151\">Seesack<\/td>\n<\/tr>\n<tr>\n<td><span style=\"color: #333333;\">Artikel Nr.<\/span><\/td>\n<td><span style=\"color: #333333;\">PB-2052<\/span><\/td>\n<\/tr>\n<tr>\n<td><span style=\"color: #333333;\">Material<\/span><\/td>\n<td>Ripstop mit Lederbeschichtung<\/td>\n<\/tr>\n<tr>\n<td><span style=\"color: #333333;\">Gr\u00f6\u00dfe und Farbe<\/span><\/td>\n<td><span style=\"color: #333333;\">Kundenspezifisch<\/span><\/td>\n<\/tr>\n<tr>\n<td><span style=\"color: #333333;\">\u00a0Lieferfrist<\/span><\/td>\n<td><span style=\"color: #333333;\">1-5 Tage f\u00fcr kleine Mengen auf dem Luftweg und 30-35 Tage f\u00fcr gro\u00dfe Mengen auf dem Seeweg<\/span><\/td>\n<\/tr>\n<\/tbody>\n<\/table>\n<p>Als f\u00fchrender Hersteller von Sees\u00e4cken und wasserdichten Taschen in China haben wir uns auf strapazierf\u00e4hige, langlebige Oxford-Sportreises\u00e4cke f\u00fcr den weltweiten Vertrieb spezialisiert. Unsere Duffel Tasche Unternehmen bietet:<\/p>\n<p>\u2705 <strong>Sees\u00e4cke aus 1680D Oxford-Gewebe<\/strong> mit wasserdichter TPU-Beschichtung<br \/>\n\u2705 <strong>Individuelle Sporttaschen<\/strong> mit bel\u00fcfteten Schuhf\u00e4chern (MOQ 100pcs)<br \/>\n\u2705 <strong>ODM\/OEM-Dienstleistungen<\/strong> f\u00fcr <strong>Sees\u00e4cke der Eigenmarke<\/strong><br \/>\n\u2705 <strong>Produktion von Sees\u00e4cken in gro\u00dfen Mengen<\/strong> mit 10-t\u00e4giger Bearbeitungszeit<\/p>\n<p>Gro\u00dfh\u00e4ndler und Sportmarken auf der ganzen Welt vertrauen auf Duffel Bag. Hauptmerkmale:<br \/>\n- YKK-Rei\u00dfverschl\u00fcsse in Milit\u00e4rqualit\u00e4t und verst\u00e4rkte Belastungspunkte<br \/>\n- Abnehmbare Rucksackriemen und RFID-sichere Taschen<br \/>\n- Von der Fluggesellschaft genehmigtes Handgep\u00e4ckformat 22x14x9 Zoll<\/p>\n<p><strong>Warum w\u00e4hlen Sie unsere Duffel bag factory<\/strong>:<br \/>\n\ud83d\udd39 15+ Jahre als Top Duffel bag Exporteure aus China<br \/>\n\ud83d\udd39 Kostenloses 3D-Tech-Pack-Design mit Ihrem Logo<br \/>\nIP67 wasserdicht und abriebfest zertifiziert<br \/>\n\ud83d\udd39 20% Rabatt auf Bestellungen \u00fcber 1.500 St\u00fcck f\u00fcr Duffel-Bag-Verk\u00e4ufer<\/p>\n<p>Fordern Sie kostenlose Muster unserer Oxford Sportreises\u00e4cke an oder holen Sie sich sofort ein Angebot ein. Lieferanten von Sees\u00e4cken genie\u00dfen engagierte QC-Manager und EXW\/FOB-Bedingungen.<\/p>\n<\/div>\n<\/div>\n<\/div>\n<\/div>","protected":false},"excerpt":{"rendered":"<h2 data-immersive-translate-walked=\"344be1c1-5052-41eb-8fcd-0dbe236a0d6b\" data-immersive-translate-paragraph=\"1\">Strapazierf\u00e4higer Oxford-Sport-Reise-Seesack<\/h2>\n<p>Wir bieten Premium-Taschen mit individueller Gr\u00f6\u00dfen- und Farbgestaltung, langlebigen Stoffen und zertifizierter Qualit\u00e4t.<\/p>\n<p>Genie\u00dfen Sie flexible MOQs, schnellen weltweiten Versand und Private-Label-L\u00f6sungen.<\/p>\n<p>Kontaktieren Sie uns noch heute!<\/p>","protected":false},"featured_media":3366,"template":"","meta":{"_uag_custom_page_level_css":""},"product_brand":[],"product_cat":[63,56,67],"product_tag":[],"class_list":{"0":"post-3361","1":"product","2":"type-product","3":"status-publish","4":"has-post-thumbnail","6":"product_cat-duffel-bag","7":"product_cat-gym-bag","8":"product_cat-sports-bag","10":"first","11":"instock","12":"shipping-taxable","13":"product-type-simple"},"uagb_featured_image_src":{"full":["https:\/\/pecbag.com\/wp-content\/uploads\/2025\/05\/Durable-Oxford-Sports-Travel-Duffel-Bag-2.jpeg",1000,1000,false],"thumbnail":["https:\/\/pecbag.com\/wp-content\/uploads\/2025\/05\/Durable-Oxford-Sports-Travel-Duffel-Bag-2-150x150.jpeg",150,150,true],"medium":["https:\/\/pecbag.com\/wp-content\/uploads\/2025\/05\/Durable-Oxford-Sports-Travel-Duffel-Bag-2-300x300.jpeg",300,300,true],"medium_large":["https:\/\/pecbag.com\/wp-content\/uploads\/2025\/05\/Durable-Oxford-Sports-Travel-Duffel-Bag-2-768x768.jpeg",768,768,true],"large":["https:\/\/pecbag.com\/wp-content\/uploads\/2025\/05\/Durable-Oxford-Sports-Travel-Duffel-Bag-2.jpeg",800,800,false],"1536x1536":["https:\/\/pecbag.com\/wp-content\/uploads\/2025\/05\/Durable-Oxford-Sports-Travel-Duffel-Bag-2.jpeg",1000,1000,false],"2048x2048":["https:\/\/pecbag.com\/wp-content\/uploads\/2025\/05\/Durable-Oxford-Sports-Travel-Duffel-Bag-2.jpeg",1000,1000,false],"trp-custom-language-flag":["https:\/\/pecbag.com\/wp-content\/uploads\/2025\/05\/Durable-Oxford-Sports-Travel-Duffel-Bag-2-12x12.jpeg",12,12,true],"woocommerce_thumbnail":["https:\/\/pecbag.com\/wp-content\/uploads\/2025\/05\/Durable-Oxford-Sports-Travel-Duffel-Bag-2-300x300.jpeg",300,300,true],"woocommerce_single":["https:\/\/pecbag.com\/wp-content\/uploads\/2025\/05\/Durable-Oxford-Sports-Travel-Duffel-Bag-2-600x600.jpeg",600,600,true],"woocommerce_gallery_thumbnail":["https:\/\/pecbag.com\/wp-content\/uploads\/2025\/05\/Durable-Oxford-Sports-Travel-Duffel-Bag-2-100x100.jpeg",100,100,true]},"uagb_author_info":{"display_name":"Lawrence","author_link":"https:\/\/pecbag.com\/de\/author\/"},"uagb_comment_info":0,"uagb_excerpt":"Durable Oxford Sports Travel Duffel Bag We provide premium bags with full-size and color customization, durable fabrics, and certified quality. Enjoy flexible MOQs, fast global shipping, and private label solutions. Contact us today!","_links":{"self":[{"href":"https:\/\/pecbag.com\/de\/wp-json\/wp\/v2\/product\/3361","targetHints":{"allow":["GET"]}}],"collection":[{"href":"https:\/\/pecbag.com\/de\/wp-json\/wp\/v2\/product"}],"about":[{"href":"https:\/\/pecbag.com\/de\/wp-json\/wp\/v2\/types\/product"}],"wp:featuredmedia":[{"embeddable":true,"href":"https:\/\/pecbag.com\/de\/wp-json\/wp\/v2\/media\/3366"}],"wp:attachment":[{"href":"https:\/\/pecbag.com\/de\/wp-json\/wp\/v2\/media?parent=3361"}],"wp:term":[{"taxonomy":"product_brand","embeddable":true,"href":"https:\/\/pecbag.com\/de\/wp-json\/wp\/v2\/product_brand?post=3361"},{"taxonomy":"product_cat","embeddable":true,"href":"https:\/\/pecbag.com\/de\/wp-json\/wp\/v2\/product_cat?post=3361"},{"taxonomy":"product_tag","embeddable":true,"href":"https:\/\/pecbag.com\/de\/wp-json\/wp\/v2\/product_tag?post=3361"}],"curies":[{"name":"wp","href":"https:\/\/api.w.org\/{rel}","templated":true}]}}