{"id":3424,"date":"2025-05-27T01:26:48","date_gmt":"2025-05-27T01:26:48","guid":{"rendered":"https:\/\/pecbag.com\/?post_type=product&#038;p=3424"},"modified":"2025-11-29T01:58:58","modified_gmt":"2025-11-29T01:58:58","slug":"lightweight-durable-disc-golf-backpack-bag","status":"publish","type":"product","link":"https:\/\/pecbag.com\/de\/lightweight-durable-disc-golf-backpack-bag\/","title":{"rendered":"Leichte, strapazierf\u00e4hige Disc-Golf-Rucksacktasche"},"content":{"rendered":"<h5 title=\"Faltbare Hundetasche Atmungsaktives Mesh Haustier Umh\u00e4ngetasche f\u00fcr kleine Haustier Hund Katzen\" data-immersive-translate-walked=\"1c928421-2e42-4cd3-8754-5404553c0af5\" data-immersive-translate-paragraph=\"1\" data-spm-anchor-id=\"a2700.details.0.i35.4f6757d4w4zNZA\">Leichte, langlebige Disc Golf Rucksacktaschen | Wasserdichte Tasche Fabrik &amp; Rucksack Hersteller - Bulk Golf Gear Solutions<\/h5>\n<div class=\"flex flex-grow flex-col max-w-full\">\n<div class=\"min-h-[20px] text-message flex w-full flex-col items-end gap-2 whitespace-pre-wrap break-words [.text-message+&amp;]:mt-5 overflow-x-auto\" dir=\"auto\" data-message-author-role=\"assistant\" data-message-id=\"3d7d46f6-7ec2-4222-9257-48fa0bba23c6\" data-suggestions=\"true\">\n<div class=\"flex w-full flex-col gap-1 empty:hidden first:pt-[3px]\">\n<div class=\"markdown prose w-full break-words dark:prose-invert light\">\n<table width=\"288\">\n<tbody>\n<tr>\n<td width=\"137\"><span style=\"color: #333333;\">Produkte Name<\/span><\/td>\n<td width=\"151\">Golftasche<\/td>\n<\/tr>\n<tr>\n<td><span style=\"color: #333333;\">Artikel Nr.<\/span><\/td>\n<td><span style=\"color: #333333;\">PB-2058<\/span><\/td>\n<\/tr>\n<tr>\n<td><span style=\"color: #333333;\">Material<\/span><\/td>\n<td>600D Polyester<\/td>\n<\/tr>\n<tr>\n<td><span style=\"color: #333333;\">Gr\u00f6\u00dfe<\/span><\/td>\n<td>24 \"L*15 \"W*11 \"H<\/td>\n<\/tr>\n<tr>\n<td><span style=\"color: #333333;\">\u00a0Lieferfrist<\/span><\/td>\n<td><span style=\"color: #333333;\">1-5 Tage f\u00fcr kleine Mengen auf dem Luftweg und 30-35 Tage f\u00fcr gro\u00dfe Mengen auf dem Seeweg<\/span><\/td>\n<\/tr>\n<\/tbody>\n<\/table>\n<p>Als Chinas f\u00fchrender Golftaschenhersteller und Fabrik f\u00fcr wasserdichte Taschen entwickeln wir leistungsstarke, leichte und strapazierf\u00e4hige Discgolf-Rucksacktaschen f\u00fcr den weltweiten Vertrieb. Unsere Golftasche Unternehmen liefert:<\/p>\n<p>\u2705 <strong>Ultraleichte 800D-Nylon-Konstruktion<\/strong> (unter 2,5 lbs leer)<br \/>\n\u2705 <strong>18+ Disc-Kapazit\u00e4t<\/strong> mit gepolsterten Trennw\u00e4nden und Puttertaschen (MOQ 50 St\u00fcck)<br \/>\n\u2705 <strong>OEM\/ODM-Dienstleistungen<\/strong> f\u00fcr <strong>Eigenmarken-Golfausr\u00fcstung<\/strong><br \/>\n\u2705 <strong>Massenproduktion von Golftaschen<\/strong> mit 10-t\u00e4giger Bearbeitungszeit<\/p>\n<p>Das Vertrauen von Golfbag-Gro\u00dfh\u00e4ndlern und Sportmarken weltweit. Wichtigste Merkmale:<br \/>\n- Wasserdichte Rei\u00dfverschl\u00fcsse nach IPX6 und verst\u00e4rkte Bodenplatte<br \/>\n- Schnell zug\u00e4ngliche Tasche f\u00fcr Wertsachen und ergonomische Gurte<br \/>\n- PDGA-gepr\u00fcfte Turnierdesigns<\/p>\n<p><strong>Warum sollten Sie unsere Golftaschenfabrik w\u00e4hlen?\u00a0<\/strong><br \/>\n\ud83d\udd39 12+ Jahre als f\u00fchrender Exporteur von Golftaschen aus China<br \/>\n\ud83d\udd39 Kostenloses 3D-Design mit Ihrem Logo und Farbanpassung<br \/>\n\ud83d\udd39 CE\/SGS-Zertifizierungen und FOB\/DDP-Versand<br \/>\n\ud83d\udd39 20%-Rabatt f\u00fcr Anbieter von Golftaschen ab 1.500 St\u00fcck<\/p>\n<p>Fordern Sie kostenlose Muster unserer Discgolf-Rucksacktaschen an oder holen Sie sich sofort ein Angebot ein. Lieferanten von Golftaschen erhalten spezielle Qualit\u00e4tskontrollberichte und RFID-Diebstahlschutz-Upgrades.<\/p>\n<\/div>\n<\/div>\n<\/div>\n<\/div>","protected":false},"excerpt":{"rendered":"<h2 data-immersive-translate-walked=\"344be1c1-5052-41eb-8fcd-0dbe236a0d6b\" data-immersive-translate-paragraph=\"1\">Leichte, strapazierf\u00e4hige Disc-Golf-Rucksacktasche<\/h2>\n<p>1. Gro\u00dfe Kapazit\u00e4t: Das Hauptfach dieser Disc-Golf-Tasche kann 16 Scheiben aufnehmen, und das obere Fach kann 5 Scheiben aufnehmen.<\/p>\n<p>2. Mehrere Aufbewahrungstaschen: Dieser Disc-Golf-Rucksack hat 6 zus\u00e4tzliche multifunktionale Taschen, um alles zu tragen, was Sie brauchen, einschlie\u00dflich einer 42oz Wasserflasche, Disc-Golf-Retriever, Regenschirm, Stifte, Scorecard, Handtuch, Schl\u00fcssel, Uhr, Brieftasche und Handy.\u3010Hinweis: Discs und diese Gegenst\u00e4nde sind nicht enthalten.\u3011<\/p>\n<p>3. Leicht und bequem: Diese Disc-Golf-Tasche wiegt etwa 1,5 lbs und verf\u00fcgt \u00fcber verstellbare gepolsterte Schultergurte, gepolsterte Handschlaufe und gepolsterte R\u00fcckseite, so dass es tragbar, bequem und atmungsaktiv zu tragen.<\/p>\n<p>4. Langlebiges Material: Diese Disk-Golf-Tasche ist aus strapazierf\u00e4higem 600D-Polyester-Gewebe gefertigt. Die eingebaute starre Skelett h\u00e4lt es aufrecht zu allen Zeiten stehen.<\/p>","protected":false},"featured_media":3426,"template":"","meta":{"_uag_custom_page_level_css":""},"product_brand":[],"product_cat":[51,60],"product_tag":[],"class_list":{"0":"post-3424","1":"product","2":"type-product","3":"status-publish","4":"has-post-thumbnail","6":"product_cat-golf-bag","7":"product_cat-backpack","9":"first","10":"instock","11":"shipping-taxable","12":"product-type-simple"},"uagb_featured_image_src":{"full":["https:\/\/pecbag.com\/wp-content\/uploads\/2025\/05\/Lightweight-Durable-Disc-Golf-Backpack-Bag-6-scaled.jpeg",2560,2560,false],"thumbnail":["https:\/\/pecbag.com\/wp-content\/uploads\/2025\/05\/Lightweight-Durable-Disc-Golf-Backpack-Bag-6-150x150.jpeg",150,150,true],"medium":["https:\/\/pecbag.com\/wp-content\/uploads\/2025\/05\/Lightweight-Durable-Disc-Golf-Backpack-Bag-6-300x300.jpeg",300,300,true],"medium_large":["https:\/\/pecbag.com\/wp-content\/uploads\/2025\/05\/Lightweight-Durable-Disc-Golf-Backpack-Bag-6-768x768.jpeg",768,768,true],"large":["https:\/\/pecbag.com\/wp-content\/uploads\/2025\/05\/Lightweight-Durable-Disc-Golf-Backpack-Bag-6-1024x1024.jpeg",800,800,true],"1536x1536":["https:\/\/pecbag.com\/wp-content\/uploads\/2025\/05\/Lightweight-Durable-Disc-Golf-Backpack-Bag-6-1536x1536.jpeg",1536,1536,true],"2048x2048":["https:\/\/pecbag.com\/wp-content\/uploads\/2025\/05\/Lightweight-Durable-Disc-Golf-Backpack-Bag-6-2048x2048.jpeg",2048,2048,true],"trp-custom-language-flag":["https:\/\/pecbag.com\/wp-content\/uploads\/2025\/05\/Lightweight-Durable-Disc-Golf-Backpack-Bag-6-12x12.jpeg",12,12,true],"woocommerce_thumbnail":["https:\/\/pecbag.com\/wp-content\/uploads\/2025\/05\/Lightweight-Durable-Disc-Golf-Backpack-Bag-6-300x300.jpeg",300,300,true],"woocommerce_single":["https:\/\/pecbag.com\/wp-content\/uploads\/2025\/05\/Lightweight-Durable-Disc-Golf-Backpack-Bag-6-600x600.jpeg",600,600,true],"woocommerce_gallery_thumbnail":["https:\/\/pecbag.com\/wp-content\/uploads\/2025\/05\/Lightweight-Durable-Disc-Golf-Backpack-Bag-6-100x100.jpeg",100,100,true]},"uagb_author_info":{"display_name":"Lawrence","author_link":"https:\/\/pecbag.com\/de\/author\/"},"uagb_comment_info":0,"uagb_excerpt":"Lightweight Durable Disc Golf Backpack Bag 1. Large Capacity: The main compartment of this disc golf bag can hold 16 discs, and the upper compartment can hold 5 discs. 2. Multiple Storage Pockets: This disc golf backpack has 6 extra multifunctional pockets to carry all you need including a 42oz water bottle, disc golf retriever,&hellip;","_links":{"self":[{"href":"https:\/\/pecbag.com\/de\/wp-json\/wp\/v2\/product\/3424","targetHints":{"allow":["GET"]}}],"collection":[{"href":"https:\/\/pecbag.com\/de\/wp-json\/wp\/v2\/product"}],"about":[{"href":"https:\/\/pecbag.com\/de\/wp-json\/wp\/v2\/types\/product"}],"wp:featuredmedia":[{"embeddable":true,"href":"https:\/\/pecbag.com\/de\/wp-json\/wp\/v2\/media\/3426"}],"wp:attachment":[{"href":"https:\/\/pecbag.com\/de\/wp-json\/wp\/v2\/media?parent=3424"}],"wp:term":[{"taxonomy":"product_brand","embeddable":true,"href":"https:\/\/pecbag.com\/de\/wp-json\/wp\/v2\/product_brand?post=3424"},{"taxonomy":"product_cat","embeddable":true,"href":"https:\/\/pecbag.com\/de\/wp-json\/wp\/v2\/product_cat?post=3424"},{"taxonomy":"product_tag","embeddable":true,"href":"https:\/\/pecbag.com\/de\/wp-json\/wp\/v2\/product_tag?post=3424"}],"curies":[{"name":"wp","href":"https:\/\/api.w.org\/{rel}","templated":true}]}}