{"id":3452,"date":"2025-05-27T02:44:27","date_gmt":"2025-05-27T02:44:27","guid":{"rendered":"https:\/\/pecbag.com\/?post_type=product&#038;p=3452"},"modified":"2025-11-29T01:58:33","modified_gmt":"2025-11-29T01:58:33","slug":"oem-waterproof-disc-golf-bag","status":"publish","type":"product","link":"https:\/\/pecbag.com\/de\/oem-waterproof-disc-golf-bag\/","title":{"rendered":"Neue OEM wasserdichte Disc Golf Tasche"},"content":{"rendered":"<h5 title=\"Faltbare Hundetasche Atmungsaktives Mesh Haustier Umh\u00e4ngetasche f\u00fcr kleine Haustier Hund Katzen\" data-immersive-translate-walked=\"1c928421-2e42-4cd3-8754-5404553c0af5\" data-immersive-translate-paragraph=\"1\" data-spm-anchor-id=\"a2700.details.0.i35.4f6757d4w4zNZA\">OEM Wasserdichte Disc Golf Taschen | Wasserdichte Tasche Fabrik &amp; Rucksack Hersteller - Custom Golf Gear Solutions<\/h5>\n<div class=\"flex flex-grow flex-col max-w-full\">\n<div class=\"min-h-[20px] text-message flex w-full flex-col items-end gap-2 whitespace-pre-wrap break-words [.text-message+&amp;]:mt-5 overflow-x-auto\" dir=\"auto\" data-message-author-role=\"assistant\" data-message-id=\"3d7d46f6-7ec2-4222-9257-48fa0bba23c6\" data-suggestions=\"true\">\n<div class=\"flex w-full flex-col gap-1 empty:hidden first:pt-[3px]\">\n<div class=\"markdown prose w-full break-words dark:prose-invert light\">\n<table width=\"288\">\n<tbody>\n<tr>\n<td width=\"137\"><span style=\"color: #333333;\">Produkte Name<\/span><\/td>\n<td width=\"151\">Golftasche<\/td>\n<\/tr>\n<tr>\n<td><span style=\"color: #333333;\">Artikel Nr.<\/span><\/td>\n<td><span style=\"color: #333333;\">PB-2062<\/span><\/td>\n<\/tr>\n<tr>\n<td><span style=\"color: #333333;\">Material<\/span><\/td>\n<td>Polyester<\/td>\n<\/tr>\n<tr>\n<td><span style=\"color: #333333;\">Gr\u00f6\u00dfe<\/span><\/td>\n<td>45,7*35,5*24,3 cm<\/td>\n<\/tr>\n<tr>\n<td><span style=\"color: #333333;\">\u00a0Lieferfrist<\/span><\/td>\n<td><span style=\"color: #333333;\">1-5 Tage f\u00fcr kleine Mengen auf dem Luftweg und 30-35 Tage f\u00fcr gro\u00dfe Mengen auf dem Seeweg<\/span><\/td>\n<\/tr>\n<\/tbody>\n<\/table>\n<p>Als Chinas f\u00fchrender Golftaschenhersteller und Fabrik f\u00fcr wasserdichte Taschen entwickeln wir erstklassige wasserdichte OEM-Disc-Golftaschen f\u00fcr globale Marken. Unsere Golftasche Unternehmen liefert:<\/p>\n<p>\u2705 <strong>Wasserdichter IPX8-Schutz<\/strong> mit verschwei\u00dften TPU-N\u00e4hten (800D ballistisches Nylon)<br \/>\n\u2705 <strong>20+ Disc-Kapazit\u00e4t<\/strong> mit PDGA-gepr\u00fcfter Organisation (MOQ 50pcs)<br \/>\n\u2705 <strong>Schl\u00fcsselfertige OEM\/ODM-Dienstleistungen<\/strong> f\u00fcr <strong>Eigenmarken-Golfausr\u00fcstung<\/strong><br \/>\n\u2705 <strong>Massenproduktion von Golftaschen<\/strong> mit 10-t\u00e4giger Bearbeitungszeit<\/p>\n<p>Das Vertrauen von Golfbag-Gro\u00dfh\u00e4ndlern und professionellen Einzelh\u00e4ndlern weltweit. Wichtigste Merkmale:<br \/>\n- 3D-Luftstrom-R\u00fcckensystem und ergonomischer Gurt<br \/>\n- Schnellzugriffsfach f\u00fcr Wertsachen + RFID-Abschirmung<br \/>\n- Abnehmbares K\u00fchlfach und Schirmtasche<\/p>\n<p><strong>Warum eine Partnerschaft mit unserer Golftaschenfabrik?<\/strong>:<br \/>\n\ud83d\udd39 15+ Jahre als f\u00fchrender Exporteur von Golftaschen aus China<br \/>\n\ud83d\udd39 Kostenloses 3D-Tech-Pack-Design mit Ihrem Branding<br \/>\n\ud83d\udd39 CE\/SGS\/REACH-Zertifizierungen &amp; DDP-Versand<br \/>\n\ud83d\udd39 30%-Rabatt f\u00fcr Golfbag-H\u00e4ndler ab 3.000 St\u00fcck<\/p>\n<p>Fordern Sie kostenlose Muster unserer wasserdichten Discgolf-Taschen an oder holen Sie sich sofort ein Angebot ein. Golf Tasche Lieferanten erhalten:<br \/>\n- Ma\u00dfgeschneiderte Verbesserungen der W\u00e4rmed\u00e4mmung<br \/>\n- Chargenspezifische Qualit\u00e4tskontrollberichte<br \/>\n- Zuweisung einer eigenen Produktionslinie<\/p>\n<\/div>\n<\/div>\n<\/div>\n<\/div>","protected":false},"excerpt":{"rendered":"<h2 data-immersive-translate-walked=\"344be1c1-5052-41eb-8fcd-0dbe236a0d6b\" data-immersive-translate-paragraph=\"1\">OEM Wasserdichte Disc Golf Tasche<\/h2>\n<p>Stauraum f\u00fcr Ihre gesamte Disc-Golf-Ausr\u00fcstung und mehr: Wir haben alles Wesentliche abgedeckt, wenn es um die Aufbewahrung geht, aber was ist mit all Ihrer anderen Ausr\u00fcstung und Ihrem Zubeh\u00f6r?<\/p>\n<p>Neben dem Hauptfach f\u00fcr Discs, das bis zu 18 Discs aufnehmen kann, und dem K\u00fchlfach gibt es 7 weitere F\u00e4cher, in denen alles M\u00f6gliche verstaut werden kann - vom Autoschl\u00fcssel bis zum kleinen Klapphocker oder Regenschirm.<\/p>\n<p>2 Getr\u00e4nkehalter k\u00f6nnen alles von einer Dose bis zu einer 36-Unzen-Flasche aufnehmen.<\/p>","protected":false},"featured_media":3456,"template":"","meta":{"_uag_custom_page_level_css":""},"product_brand":[],"product_cat":[51,60],"product_tag":[],"class_list":{"0":"post-3452","1":"product","2":"type-product","3":"status-publish","4":"has-post-thumbnail","6":"product_cat-golf-bag","7":"product_cat-backpack","9":"first","10":"instock","11":"shipping-taxable","12":"product-type-simple"},"uagb_featured_image_src":{"full":["https:\/\/pecbag.com\/wp-content\/uploads\/2025\/05\/OEM-Waterproof-Disc-Golf-Bag-1.jpeg",720,720,false],"thumbnail":["https:\/\/pecbag.com\/wp-content\/uploads\/2025\/05\/OEM-Waterproof-Disc-Golf-Bag-1-150x150.jpeg",150,150,true],"medium":["https:\/\/pecbag.com\/wp-content\/uploads\/2025\/05\/OEM-Waterproof-Disc-Golf-Bag-1-300x300.jpeg",300,300,true],"medium_large":["https:\/\/pecbag.com\/wp-content\/uploads\/2025\/05\/OEM-Waterproof-Disc-Golf-Bag-1.jpeg",720,720,false],"large":["https:\/\/pecbag.com\/wp-content\/uploads\/2025\/05\/OEM-Waterproof-Disc-Golf-Bag-1.jpeg",720,720,false],"1536x1536":["https:\/\/pecbag.com\/wp-content\/uploads\/2025\/05\/OEM-Waterproof-Disc-Golf-Bag-1.jpeg",720,720,false],"2048x2048":["https:\/\/pecbag.com\/wp-content\/uploads\/2025\/05\/OEM-Waterproof-Disc-Golf-Bag-1.jpeg",720,720,false],"trp-custom-language-flag":["https:\/\/pecbag.com\/wp-content\/uploads\/2025\/05\/OEM-Waterproof-Disc-Golf-Bag-1-12x12.jpeg",12,12,true],"woocommerce_thumbnail":["https:\/\/pecbag.com\/wp-content\/uploads\/2025\/05\/OEM-Waterproof-Disc-Golf-Bag-1-300x300.jpeg",300,300,true],"woocommerce_single":["https:\/\/pecbag.com\/wp-content\/uploads\/2025\/05\/OEM-Waterproof-Disc-Golf-Bag-1-600x600.jpeg",600,600,true],"woocommerce_gallery_thumbnail":["https:\/\/pecbag.com\/wp-content\/uploads\/2025\/05\/OEM-Waterproof-Disc-Golf-Bag-1-100x100.jpeg",100,100,true]},"uagb_author_info":{"display_name":"Lawrence","author_link":"https:\/\/pecbag.com\/de\/author\/"},"uagb_comment_info":0,"uagb_excerpt":"OEM Waterproof Disc Golf Bag Storage for all your disc golf equipment and more: We have all the essentials covered when it comes to storage, but what about all your other gear and accessories? Besides the main disc storage section, which can hold up to 18 discs, and the cooler section, there are 7 other&hellip;","_links":{"self":[{"href":"https:\/\/pecbag.com\/de\/wp-json\/wp\/v2\/product\/3452","targetHints":{"allow":["GET"]}}],"collection":[{"href":"https:\/\/pecbag.com\/de\/wp-json\/wp\/v2\/product"}],"about":[{"href":"https:\/\/pecbag.com\/de\/wp-json\/wp\/v2\/types\/product"}],"wp:featuredmedia":[{"embeddable":true,"href":"https:\/\/pecbag.com\/de\/wp-json\/wp\/v2\/media\/3456"}],"wp:attachment":[{"href":"https:\/\/pecbag.com\/de\/wp-json\/wp\/v2\/media?parent=3452"}],"wp:term":[{"taxonomy":"product_brand","embeddable":true,"href":"https:\/\/pecbag.com\/de\/wp-json\/wp\/v2\/product_brand?post=3452"},{"taxonomy":"product_cat","embeddable":true,"href":"https:\/\/pecbag.com\/de\/wp-json\/wp\/v2\/product_cat?post=3452"},{"taxonomy":"product_tag","embeddable":true,"href":"https:\/\/pecbag.com\/de\/wp-json\/wp\/v2\/product_tag?post=3452"}],"curies":[{"name":"wp","href":"https:\/\/api.w.org\/{rel}","templated":true}]}}