{"id":3459,"date":"2025-05-27T02:51:48","date_gmt":"2025-05-27T02:51:48","guid":{"rendered":"https:\/\/pecbag.com\/?post_type=product&#038;p=3459"},"modified":"2025-11-29T01:58:26","modified_gmt":"2025-11-29T01:58:26","slug":"travel-hiking-daypack-foldable-lightweight-backpack","status":"publish","type":"product","link":"https:\/\/pecbag.com\/de\/travel-hiking-daypack-foldable-lightweight-backpack\/","title":{"rendered":"Travel Hiking Daypack faltbar Leichtgewichtiger Rucksack"},"content":{"rendered":"<h5 title=\"Faltbare Hundetasche Atmungsaktives Mesh Haustier Umh\u00e4ngetasche f\u00fcr kleine Haustier Hund Katzen\" data-immersive-translate-walked=\"1c928421-2e42-4cd3-8754-5404553c0af5\" data-immersive-translate-paragraph=\"1\" data-spm-anchor-id=\"a2700.details.0.i35.4f6757d4w4zNZA\">Reisen Wandern Daypack faltbare leichte Rucks\u00e4cke | Wasserdichte Tasche Fabrik &amp; Rucksack Hersteller - Bulk Wandern Gear Solutions<\/h5>\n<div class=\"flex flex-grow flex-col max-w-full\">\n<div class=\"min-h-[20px] text-message flex w-full flex-col items-end gap-2 whitespace-pre-wrap break-words [.text-message+&amp;]:mt-5 overflow-x-auto\" dir=\"auto\" data-message-author-role=\"assistant\" data-message-id=\"3d7d46f6-7ec2-4222-9257-48fa0bba23c6\" data-suggestions=\"true\">\n<div class=\"flex w-full flex-col gap-1 empty:hidden first:pt-[3px]\">\n<div class=\"markdown prose w-full break-words dark:prose-invert light\">\n<table width=\"288\">\n<tbody>\n<tr>\n<td width=\"137\"><span style=\"color: #333333;\">Produkte Name<\/span><\/td>\n<td width=\"151\">Wandertasche<\/td>\n<\/tr>\n<tr>\n<td><span style=\"color: #333333;\">Artikel Nr.<\/span><\/td>\n<td><span style=\"color: #333333;\">PB-2063<\/span><\/td>\n<\/tr>\n<tr>\n<td><span style=\"color: #333333;\">Material<\/span><\/td>\n<td>Ripstop<\/td>\n<\/tr>\n<tr>\n<td><span style=\"color: #333333;\">Gr\u00f6\u00dfe<\/span><\/td>\n<td>47 x 28 x 23 cm<\/td>\n<\/tr>\n<tr>\n<td><span style=\"color: #333333;\">\u00a0Lieferfrist<\/span><\/td>\n<td><span style=\"color: #333333;\">1-5 Tage f\u00fcr kleine Mengen auf dem Luftweg und 30-35 Tage f\u00fcr gro\u00dfe Mengen auf dem Seeweg<\/span><\/td>\n<\/tr>\n<\/tbody>\n<\/table>\n<p>Als Chinas f\u00fchrender Hersteller von Wandertaschen und wasserdichten Taschen sind wir auf die Produktion von hochwertigen Wandertaschen und faltbaren, leichten Rucks\u00e4cken f\u00fcr globale Outdoor-Marken spezialisiert. Unsere Wandertasche Unternehmen bietet:<\/p>\n<p>\u2705 <strong>Ultraleichtes 300D Ripstop-Nylon<\/strong> (unter 1,2 lbs Leergewicht)<br \/>\n\u2705 <strong>3-Sekunden faltbares Design<\/strong> mit Kompressionsriemen (MOQ 100 Stk.)<br \/>\n\u2705 <strong>OEM\/ODM-Dienstleistungen<\/strong> f\u00fcr <strong>Eigenmarken-Wanderausr\u00fcstung<\/strong><br \/>\n\u2705 <strong>Herstellung von Wanders\u00e4cken in loser Sch\u00fcttung<\/strong> mit 15-t\u00e4giger schneller Lieferung<\/p>\n<p>Gro\u00df- und Einzelh\u00e4ndler auf der ganzen Welt vertrauen auf diese Wandertaschen. Wichtigste Merkmale:<br \/>\n- Wasserdichte IPX4-Rei\u00dfverschl\u00fcsse und versteckte Anti-Diebstahl-Taschen<br \/>\n- Ergonomisches Netz-R\u00fcckenteil und verstellbarer Brustgurt<br \/>\n- Kompatibel mit Trinkblasen (3 l Fassungsverm\u00f6gen)<\/p>\n<p><strong>Warum unsere Wandertaschenfabrik w\u00e4hlen<\/strong>:<br \/>\n\ud83d\udd39 12+ Jahre als Top-Exporteur von Wandertaschen aus China<br \/>\n\ud83d\udd39 Kostenloses 3D-Tech-Pack-Design mit Ihrem Branding<br \/>\n\ud83d\udd39 OEKO-Tex &amp; REACH zertifizierte Materialien<br \/>\n\ud83d\udd39 25%-Rabatt f\u00fcr Anbieter von Wandertaschen ab 2.000 St\u00fcck<\/p>\n<p>Fordern Sie kostenlose Muster unserer faltbaren, leichten Rucks\u00e4cke an oder holen Sie sich sofort ein Angebot ein. Lieferanten f\u00fcr Wandertaschen erhalten:<br \/>\n- Kundenspezifische MOQ-Flexibilit\u00e4t<br \/>\n- Chargenspezifische Qualit\u00e4tspr\u00fcfberichte<br \/>\n- Vorrangige Zuweisung von Luft-\/Seefracht<\/p>\n<\/div>\n<\/div>\n<\/div>\n<\/div>","protected":false},"excerpt":{"rendered":"<h2 data-immersive-translate-walked=\"344be1c1-5052-41eb-8fcd-0dbe236a0d6b\" data-immersive-translate-paragraph=\"1\">Travel Hiking Daypack faltbar Leichtgewichtiger Rucksack<\/h2>\n<ul class=\"list-paddingleft-2\">\n<li>Verstellbare Riemen - stellen Sie die Straffheit nach Bedarf ein, zum Festbinden Ihres Rucksacks oder zum Aufh\u00e4ngen von Schlafsack, Matte, H\u00e4ngematte usw., geeignet f\u00fcr alle Menschen.<\/li>\n<li>Multifunktionale Reisetasche mit 50 l Fassungsverm\u00f6gen und einem Hauptfach, zwei Rei\u00dfverschlusstaschen auf der Vorderseite, einem Schlafsackfach und seitlichen Netztaschen. In diesem Rucksack k\u00f6nnen Sie Zelte, Decken oder Kochutensilien verstauen - ideal f\u00fcr 2-4-t\u00e4gige Abenteuer.<\/li>\n<\/ul>","protected":false},"featured_media":3461,"template":"","meta":{"_uag_custom_page_level_css":""},"product_brand":[],"product_cat":[60,45,68],"product_tag":[],"class_list":{"0":"post-3459","1":"product","2":"type-product","3":"status-publish","4":"has-post-thumbnail","6":"product_cat-backpack","7":"product_cat-hiking-bag","8":"product_cat-travel-bag","10":"first","11":"instock","12":"shipping-taxable","13":"product-type-simple"},"uagb_featured_image_src":{"full":["https:\/\/pecbag.com\/wp-content\/uploads\/2025\/05\/Travel-Hiking-Daypack-foldable-Lightweight-Backpack-5.jpeg",487,487,false],"thumbnail":["https:\/\/pecbag.com\/wp-content\/uploads\/2025\/05\/Travel-Hiking-Daypack-foldable-Lightweight-Backpack-5-150x150.jpeg",150,150,true],"medium":["https:\/\/pecbag.com\/wp-content\/uploads\/2025\/05\/Travel-Hiking-Daypack-foldable-Lightweight-Backpack-5-300x300.jpeg",300,300,true],"medium_large":["https:\/\/pecbag.com\/wp-content\/uploads\/2025\/05\/Travel-Hiking-Daypack-foldable-Lightweight-Backpack-5.jpeg",487,487,false],"large":["https:\/\/pecbag.com\/wp-content\/uploads\/2025\/05\/Travel-Hiking-Daypack-foldable-Lightweight-Backpack-5.jpeg",487,487,false],"1536x1536":["https:\/\/pecbag.com\/wp-content\/uploads\/2025\/05\/Travel-Hiking-Daypack-foldable-Lightweight-Backpack-5.jpeg",487,487,false],"2048x2048":["https:\/\/pecbag.com\/wp-content\/uploads\/2025\/05\/Travel-Hiking-Daypack-foldable-Lightweight-Backpack-5.jpeg",487,487,false],"trp-custom-language-flag":["https:\/\/pecbag.com\/wp-content\/uploads\/2025\/05\/Travel-Hiking-Daypack-foldable-Lightweight-Backpack-5-12x12.jpeg",12,12,true],"woocommerce_thumbnail":["https:\/\/pecbag.com\/wp-content\/uploads\/2025\/05\/Travel-Hiking-Daypack-foldable-Lightweight-Backpack-5-300x300.jpeg",300,300,true],"woocommerce_single":["https:\/\/pecbag.com\/wp-content\/uploads\/2025\/05\/Travel-Hiking-Daypack-foldable-Lightweight-Backpack-5.jpeg",487,487,false],"woocommerce_gallery_thumbnail":["https:\/\/pecbag.com\/wp-content\/uploads\/2025\/05\/Travel-Hiking-Daypack-foldable-Lightweight-Backpack-5-100x100.jpeg",100,100,true]},"uagb_author_info":{"display_name":"Lawrence","author_link":"https:\/\/pecbag.com\/de\/author\/"},"uagb_comment_info":0,"uagb_excerpt":"Travel Hiking Daypack foldable Lightweight Backpack Adjustable Straps- adjust the tightness as you need, for tying up your pack or hanging sleeping bag, mat, hammock, etc, Suitable for all people. Multi-functional travel bag, 50L high-capacity includes a main compartment, two zipped front pockets, a sleeping bag compartment, mesh side pockets, you can put your tents,&hellip;","_links":{"self":[{"href":"https:\/\/pecbag.com\/de\/wp-json\/wp\/v2\/product\/3459","targetHints":{"allow":["GET"]}}],"collection":[{"href":"https:\/\/pecbag.com\/de\/wp-json\/wp\/v2\/product"}],"about":[{"href":"https:\/\/pecbag.com\/de\/wp-json\/wp\/v2\/types\/product"}],"wp:featuredmedia":[{"embeddable":true,"href":"https:\/\/pecbag.com\/de\/wp-json\/wp\/v2\/media\/3461"}],"wp:attachment":[{"href":"https:\/\/pecbag.com\/de\/wp-json\/wp\/v2\/media?parent=3459"}],"wp:term":[{"taxonomy":"product_brand","embeddable":true,"href":"https:\/\/pecbag.com\/de\/wp-json\/wp\/v2\/product_brand?post=3459"},{"taxonomy":"product_cat","embeddable":true,"href":"https:\/\/pecbag.com\/de\/wp-json\/wp\/v2\/product_cat?post=3459"},{"taxonomy":"product_tag","embeddable":true,"href":"https:\/\/pecbag.com\/de\/wp-json\/wp\/v2\/product_tag?post=3459"}],"curies":[{"name":"wp","href":"https:\/\/api.w.org\/{rel}","templated":true}]}}