{"id":3485,"date":"2025-05-27T03:22:19","date_gmt":"2025-05-27T03:22:19","guid":{"rendered":"https:\/\/pecbag.com\/?post_type=product&#038;p=3485"},"modified":"2025-11-29T01:57:24","modified_gmt":"2025-11-29T01:57:24","slug":"new-design-tactical-hiking-bag","status":"publish","type":"product","link":"https:\/\/pecbag.com\/de\/new-design-tactical-hiking-bag\/","title":{"rendered":"Neues Design Taktische Wandertasche"},"content":{"rendered":"<h5 title=\"Faltbare Hundetasche Atmungsaktives Mesh Haustier Umh\u00e4ngetasche f\u00fcr kleine Haustier Hund Katzen\" data-immersive-translate-walked=\"1c928421-2e42-4cd3-8754-5404553c0af5\" data-immersive-translate-paragraph=\"1\" data-spm-anchor-id=\"a2700.details.0.i35.4f6757d4w4zNZA\">Neues Design Taktische Wandertaschen | Wasserdichte Tasche Fabrik &amp; Rucksack Hersteller - Bulk Outdoor Solutions<\/h5>\n<div class=\"flex flex-grow flex-col max-w-full\">\n<div class=\"min-h-[20px] text-message flex w-full flex-col items-end gap-2 whitespace-pre-wrap break-words [.text-message+&amp;]:mt-5 overflow-x-auto\" dir=\"auto\" data-message-author-role=\"assistant\" data-message-id=\"3d7d46f6-7ec2-4222-9257-48fa0bba23c6\" data-suggestions=\"true\">\n<div class=\"flex w-full flex-col gap-1 empty:hidden first:pt-[3px]\">\n<div class=\"markdown prose w-full break-words dark:prose-invert light\">\n<table width=\"288\">\n<tbody>\n<tr>\n<td width=\"137\"><span style=\"color: #333333;\">Produkte Name<\/span><\/td>\n<td width=\"151\">Wandertasche<\/td>\n<\/tr>\n<tr>\n<td><span style=\"color: #333333;\">Artikel Nr.<\/span><\/td>\n<td><span style=\"color: #333333;\">PB-2067<\/span><\/td>\n<\/tr>\n<tr>\n<td><span style=\"color: #333333;\">Material<\/span><\/td>\n<td>600D Polyester<\/td>\n<\/tr>\n<tr>\n<td><span style=\"color: #333333;\">Gr\u00f6\u00dfe<\/span><\/td>\n<td>15 x 8 x 21 Zoll<\/td>\n<\/tr>\n<tr>\n<td><span style=\"color: #333333;\">\u00a0Lieferfrist<\/span><\/td>\n<td><span style=\"color: #333333;\">1-5 Tage f\u00fcr kleine Mengen auf dem Luftweg und 30-35 Tage f\u00fcr gro\u00dfe Mengen auf dem Seeweg<\/span><\/td>\n<\/tr>\n<\/tbody>\n<\/table>\n<p>Als Chinas f\u00fchrender Hersteller von Wandertaschen und wasserdichter Taschenfabrik entwickeln wir neue taktische Wandertaschen f\u00fcr Outdoor-Profis weltweit. Unsere Wandertasche Unternehmen liefert:<\/p>\n<p>\u2705 <strong>1000D-Nylon in Milit\u00e4rqualit\u00e4t<\/strong> mit wasserdichten IPX7-Rei\u00dfverschl\u00fcssen<br \/>\n\u2705 <strong>MODULARES MOLLE-System<\/strong> (mehr als 20 Befestigungspunkte) f\u00fcr die Anpassung der Ausr\u00fcstung<br \/>\n\u2705 <strong>OEM\/ODM-Dienstleistungen<\/strong> f\u00fcr <strong>Eigenmarken-Wandertaschen<\/strong> (MOQ 50St\u00fcck)<br \/>\n\u2705 <strong>Herstellung von Wanders\u00e4cken in loser Sch\u00fcttung<\/strong> mit 10-t\u00e4giger Bearbeitungszeit<\/p>\n<p>Das Vertrauen von Wandertaschen-Gro\u00dfh\u00e4ndlern und taktischen Ausr\u00fcstungsmarken weltweit. Die wichtigsten Innovationen:<br \/>\n- Schnell zug\u00e4ngliches Waffenfach und Trinkblasenh\u00fclle<br \/>\n- Verst\u00e4rkter Schleppgriff &amp; Notpfeifenschnalle<br \/>\n- Kompatibel mit ballistischen Platteneins\u00e4tzen<\/p>\n<p><strong>Warum eine Partnerschaft mit unserer Wandertaschenfabrik?<\/strong>:<br \/>\n\ud83d\udd39 18+ Jahre als f\u00fchrender Exporteur von Wandertaschen aus China<br \/>\n\ud83d\udd39 Kostenloses 3D-Tech-Pack-Design mit Ihrem Branding<br \/>\n\ud83d\udd39 MIL-STD-810G getestet &amp; OEKO-Tex zertifiziert<br \/>\n\ud83d\udd39 30%-Rabatt f\u00fcr Anbieter von Wandertaschen ab 3.000 St\u00fcck<\/p>\n<p>Fordern Sie kostenlose Muster unserer taktischen Wandertaschen an oder holen Sie sich sofort ein Angebot ein. Wandertasche Lieferanten genie\u00dfen:<br \/>\n- Kundenspezifische MOQ ab 30 St\u00fcck<br \/>\n- RFID\/NFC-Technologie zum Schutz vor F\u00e4lschungen<br \/>\n- Vorrangige Zuteilung von Luft-\/Seefracht<\/p>\n<\/div>\n<\/div>\n<\/div>\n<\/div>","protected":false},"excerpt":{"rendered":"<h2 data-immersive-translate-walked=\"344be1c1-5052-41eb-8fcd-0dbe236a0d6b\" data-immersive-translate-paragraph=\"1\">Neues Design Taktische Wandertasche<\/h2>\n<p>Wir bieten Premium-Taschen mit individueller Gr\u00f6\u00dfen- und Farbgestaltung, langlebigen Stoffen und zertifizierter Qualit\u00e4t.<\/p>\n<p>Genie\u00dfen Sie flexible MOQs, schnellen weltweiten Versand und Private-Label-L\u00f6sungen.<\/p>\n<p>Kontaktieren Sie uns noch heute!<\/p>","protected":false},"featured_media":3488,"template":"","meta":{"_uag_custom_page_level_css":""},"product_brand":[],"product_cat":[60,45,68],"product_tag":[],"class_list":{"0":"post-3485","1":"product","2":"type-product","3":"status-publish","4":"has-post-thumbnail","6":"product_cat-backpack","7":"product_cat-hiking-bag","8":"product_cat-travel-bag","10":"first","11":"instock","12":"shipping-taxable","13":"product-type-simple"},"uagb_featured_image_src":{"full":["https:\/\/pecbag.com\/wp-content\/uploads\/2025\/05\/New-Design-Tactical-Hiking-Bag-5.jpeg",960,960,false],"thumbnail":["https:\/\/pecbag.com\/wp-content\/uploads\/2025\/05\/New-Design-Tactical-Hiking-Bag-5-150x150.jpeg",150,150,true],"medium":["https:\/\/pecbag.com\/wp-content\/uploads\/2025\/05\/New-Design-Tactical-Hiking-Bag-5-300x300.jpeg",300,300,true],"medium_large":["https:\/\/pecbag.com\/wp-content\/uploads\/2025\/05\/New-Design-Tactical-Hiking-Bag-5-768x768.jpeg",768,768,true],"large":["https:\/\/pecbag.com\/wp-content\/uploads\/2025\/05\/New-Design-Tactical-Hiking-Bag-5.jpeg",800,800,false],"1536x1536":["https:\/\/pecbag.com\/wp-content\/uploads\/2025\/05\/New-Design-Tactical-Hiking-Bag-5.jpeg",960,960,false],"2048x2048":["https:\/\/pecbag.com\/wp-content\/uploads\/2025\/05\/New-Design-Tactical-Hiking-Bag-5.jpeg",960,960,false],"trp-custom-language-flag":["https:\/\/pecbag.com\/wp-content\/uploads\/2025\/05\/New-Design-Tactical-Hiking-Bag-5-12x12.jpeg",12,12,true],"woocommerce_thumbnail":["https:\/\/pecbag.com\/wp-content\/uploads\/2025\/05\/New-Design-Tactical-Hiking-Bag-5-300x300.jpeg",300,300,true],"woocommerce_single":["https:\/\/pecbag.com\/wp-content\/uploads\/2025\/05\/New-Design-Tactical-Hiking-Bag-5-600x600.jpeg",600,600,true],"woocommerce_gallery_thumbnail":["https:\/\/pecbag.com\/wp-content\/uploads\/2025\/05\/New-Design-Tactical-Hiking-Bag-5-100x100.jpeg",100,100,true]},"uagb_author_info":{"display_name":"Lawrence","author_link":"https:\/\/pecbag.com\/de\/author\/"},"uagb_comment_info":0,"uagb_excerpt":"New Design Tactical Hiking Bag We provide premium bags with full-size and color customization, durable fabrics, and certified quality. Enjoy flexible MOQs, fast global shipping, and private label solutions. Contact us today!","_links":{"self":[{"href":"https:\/\/pecbag.com\/de\/wp-json\/wp\/v2\/product\/3485","targetHints":{"allow":["GET"]}}],"collection":[{"href":"https:\/\/pecbag.com\/de\/wp-json\/wp\/v2\/product"}],"about":[{"href":"https:\/\/pecbag.com\/de\/wp-json\/wp\/v2\/types\/product"}],"wp:featuredmedia":[{"embeddable":true,"href":"https:\/\/pecbag.com\/de\/wp-json\/wp\/v2\/media\/3488"}],"wp:attachment":[{"href":"https:\/\/pecbag.com\/de\/wp-json\/wp\/v2\/media?parent=3485"}],"wp:term":[{"taxonomy":"product_brand","embeddable":true,"href":"https:\/\/pecbag.com\/de\/wp-json\/wp\/v2\/product_brand?post=3485"},{"taxonomy":"product_cat","embeddable":true,"href":"https:\/\/pecbag.com\/de\/wp-json\/wp\/v2\/product_cat?post=3485"},{"taxonomy":"product_tag","embeddable":true,"href":"https:\/\/pecbag.com\/de\/wp-json\/wp\/v2\/product_tag?post=3485"}],"curies":[{"name":"wp","href":"https:\/\/api.w.org\/{rel}","templated":true}]}}