{"id":3507,"date":"2025-05-27T03:52:20","date_gmt":"2025-05-27T03:52:20","guid":{"rendered":"https:\/\/pecbag.com\/?post_type=product&#038;p=3507"},"modified":"2025-11-29T01:57:04","modified_gmt":"2025-11-29T01:57:04","slug":"waterproof-camo-hunting-portable-bag","status":"publish","type":"product","link":"https:\/\/pecbag.com\/de\/waterproof-camo-hunting-portable-bag\/","title":{"rendered":"Wasserdichte Camo-Jagd-Tasche"},"content":{"rendered":"<h5 title=\"Faltbare Hundetasche Atmungsaktives Mesh Haustier Umh\u00e4ngetasche f\u00fcr kleine Haustier Hund Katzen\" data-immersive-translate-walked=\"1c928421-2e42-4cd3-8754-5404553c0af5\" data-immersive-translate-paragraph=\"1\" data-spm-anchor-id=\"a2700.details.0.i35.4f6757d4w4zNZA\">Wasserdichte Camo Jagd Portable Taschen | Wasserdichte Tasche Fabrik &amp; Rucksack Hersteller - Bulk Outdoor Solutions<\/h5>\n<div class=\"flex flex-grow flex-col max-w-full\">\n<div class=\"min-h-[20px] text-message flex w-full flex-col items-end gap-2 whitespace-pre-wrap break-words [.text-message+&amp;]:mt-5 overflow-x-auto\" dir=\"auto\" data-message-author-role=\"assistant\" data-message-id=\"3d7d46f6-7ec2-4222-9257-48fa0bba23c6\" data-suggestions=\"true\">\n<div class=\"flex w-full flex-col gap-1 empty:hidden first:pt-[3px]\">\n<div class=\"markdown prose w-full break-words dark:prose-invert light\">\n<table style=\"height: 262px;\" width=\"323\">\n<tbody>\n<tr>\n<td width=\"137\"><span style=\"color: #333333;\">Produkte Name<\/span><\/td>\n<td width=\"151\">Jagdtasche<\/td>\n<\/tr>\n<tr>\n<td><span style=\"color: #333333;\">Artikel Nr.<\/span><\/td>\n<td><span style=\"color: #333333;\">PB-2070<\/span><\/td>\n<\/tr>\n<tr>\n<td><span style=\"color: #333333;\">Material<\/span><\/td>\n<td>600D Tarnfarbenes Polyester<\/td>\n<\/tr>\n<tr>\n<td><span style=\"color: #333333;\">Gr\u00f6\u00dfe<\/span><\/td>\n<td>12,6 x 9,8 x 20,9 Zoll<\/td>\n<\/tr>\n<tr>\n<td><span style=\"color: #333333;\">\u00a0Lieferfrist<\/span><\/td>\n<td><span style=\"color: #333333;\">1-5 Tage f\u00fcr kleine Mengen auf dem Luftweg und 30-35 Tage f\u00fcr gro\u00dfe Mengen auf dem Seeweg<\/span><\/td>\n<\/tr>\n<\/tbody>\n<\/table>\n<p>Als Chinas f\u00fchrender Hersteller von Jagdtaschen und wasserdichten Taschen entwickeln wir taktische, wasserdichte, tragbare Jagdtaschen in Tarnfarben f\u00fcr Outdoor-Profis weltweit. Unsere Jagd Tasche Unternehmen liefert:<\/p>\n<p>\u2705 <strong>Multi-Terrain-Tarnmuster<\/strong> (Woodland\/Arctic\/Desert) mit geruchshemmender Technologie<br \/>\n\u2705 <strong>Wasserdichtes IPX7-Design<\/strong> (600D Polyester + verschwei\u00dfte N\u00e4hte)<br \/>\n\u2705 <strong>OEM\/ODM-Dienstleistungen<\/strong> f\u00fcr <strong>Eigenmarken-Jagdtaschen<\/strong> (MOQ 50St\u00fcck)<br \/>\n\u2705 <strong>Produktion von Jagdtaschen in loser Sch\u00fcttung<\/strong> mit 10-t\u00e4giger Schnelllieferung<\/p>\n<p>Das Vertrauen von Jagdtaschen-Gro\u00dfh\u00e4ndlern und taktischen Marken weltweit. Wichtigste Merkmale:<br \/>\n- Ger\u00e4uschlose Magnetverschl\u00fcsse &amp; beidh\u00e4ndiger Zugang<br \/>\n- Boden aus blutentleerendem Netzgewebe + Organizer f\u00fcr Spielrufe<br \/>\n- Zusammenklappbar zu einer 8\u2033x6\u2033-Tasche f\u00fcr ultraleichte Tragbarkeit<\/p>\n<p><strong>Warum eine Partnerschaft mit unserer Jagdtaschenfabrik<\/strong>:<br \/>\n\ud83d\udd39 Seit \u00fcber 15 Jahren f\u00fchrender Exporteur von Jagdtaschen aus China<br \/>\n\ud83d\udd39 Kostenlose 3D-Tarnmuster-Anpassung<br \/>\n\ud83d\udd39 MIL-STD-810G getestet &amp; OEKO-Tex zertifiziert<br \/>\n\ud83d\udd39 25%-Rabatt f\u00fcr Anbieter von Jagdtaschen f\u00fcr mehr als 2.500 Einheiten<\/p>\n<p>Fordern Sie kostenlose Muster unserer wasserdichten Tarns\u00e4cke an oder holen Sie sich sofort ein Angebot ein. Jagdtasche Lieferanten genie\u00dfen:<br \/>\n- Upgrades f\u00fcr RFID-blockierende F\u00e4cher<br \/>\n- Chargenspezifische Materialzertifizierungen<br \/>\n- Vorrangige Zuteilung von Luftfracht<\/p>\n<\/div>\n<\/div>\n<\/div>\n<\/div>","protected":false},"excerpt":{"rendered":"<h2 data-immersive-translate-walked=\"344be1c1-5052-41eb-8fcd-0dbe236a0d6b\" data-immersive-translate-paragraph=\"1\">Wasserdichte Camo-Jagd-Tasche<\/h2>\n<p>1. \u3010Durable &amp; Stealthy\u3011 Hergestellt aus strapazierf\u00e4higem 600D-Gewebe, das entwickelt wurde, um Pannen und L\u00e4rm zu widerstehen, um sicherzustellen, dass Sie im Wald unentdeckt bleiben. Das Tarnmuster bietet optimale Tarnung w\u00e4hrend der Jagd, so dass Sie nahtlos mit Ihrer Umgebung verschmelzen k\u00f6nnen.<\/p>\n<p>2. \u3010Zwei Kapazit\u00e4tsoptionen\u301130L Kapazit\u00e4t ist perfekt f\u00fcr J\u00e4ger, die eine kompakte und leichte Option bevorzugen. Sie bietet ausreichend Platz f\u00fcr die wichtigsten Ausr\u00fcstungsgegenst\u00e4nde und Vorr\u00e4te, w\u00e4hrend sie gleichzeitig ein schlankes und wendiges Profil beibeh\u00e4lt. Die 30-Liter-Kapazit\u00e4t ist ideal f\u00fcr Tagesjagden oder k\u00fcrzere Jagdausfl\u00fcge.<\/p>","protected":false},"featured_media":3510,"template":"","meta":{"_uag_custom_page_level_css":""},"product_brand":[],"product_cat":[54,60,44,66],"product_tag":[],"class_list":{"0":"post-3507","1":"product","2":"type-product","3":"status-publish","4":"has-post-thumbnail","6":"product_cat-hunting-bag","7":"product_cat-backpack","8":"product_cat-camping-bags","9":"product_cat-waterproof-bag","11":"first","12":"instock","13":"shipping-taxable","14":"product-type-simple"},"uagb_featured_image_src":{"full":["https:\/\/pecbag.com\/wp-content\/uploads\/2025\/05\/Waterproof-Camo-Hunting-Pack-Portable-Storage-Bag-2.jpeg",960,960,false],"thumbnail":["https:\/\/pecbag.com\/wp-content\/uploads\/2025\/05\/Waterproof-Camo-Hunting-Pack-Portable-Storage-Bag-2-150x150.jpeg",150,150,true],"medium":["https:\/\/pecbag.com\/wp-content\/uploads\/2025\/05\/Waterproof-Camo-Hunting-Pack-Portable-Storage-Bag-2-300x300.jpeg",300,300,true],"medium_large":["https:\/\/pecbag.com\/wp-content\/uploads\/2025\/05\/Waterproof-Camo-Hunting-Pack-Portable-Storage-Bag-2-768x768.jpeg",768,768,true],"large":["https:\/\/pecbag.com\/wp-content\/uploads\/2025\/05\/Waterproof-Camo-Hunting-Pack-Portable-Storage-Bag-2.jpeg",800,800,false],"1536x1536":["https:\/\/pecbag.com\/wp-content\/uploads\/2025\/05\/Waterproof-Camo-Hunting-Pack-Portable-Storage-Bag-2.jpeg",960,960,false],"2048x2048":["https:\/\/pecbag.com\/wp-content\/uploads\/2025\/05\/Waterproof-Camo-Hunting-Pack-Portable-Storage-Bag-2.jpeg",960,960,false],"trp-custom-language-flag":["https:\/\/pecbag.com\/wp-content\/uploads\/2025\/05\/Waterproof-Camo-Hunting-Pack-Portable-Storage-Bag-2-12x12.jpeg",12,12,true],"woocommerce_thumbnail":["https:\/\/pecbag.com\/wp-content\/uploads\/2025\/05\/Waterproof-Camo-Hunting-Pack-Portable-Storage-Bag-2-300x300.jpeg",300,300,true],"woocommerce_single":["https:\/\/pecbag.com\/wp-content\/uploads\/2025\/05\/Waterproof-Camo-Hunting-Pack-Portable-Storage-Bag-2-600x600.jpeg",600,600,true],"woocommerce_gallery_thumbnail":["https:\/\/pecbag.com\/wp-content\/uploads\/2025\/05\/Waterproof-Camo-Hunting-Pack-Portable-Storage-Bag-2-100x100.jpeg",100,100,true]},"uagb_author_info":{"display_name":"Lawrence","author_link":"https:\/\/pecbag.com\/de\/author\/"},"uagb_comment_info":0,"uagb_excerpt":"Waterproof Camo Hunting Portable Bag 1. \u3010Durable &amp; Stealthy\u3011 Constructed with durable 600D fabric, which is designed to resist punctures and noise, ensuring you remain undetected in the forest. The camouflage pattern provides optimal camouflage during hunting, allowing you to blend seamlessly with your surroundings. 2. \u3010Two Capacity Options\u301130L capacity is perfect for hunters who&hellip;","_links":{"self":[{"href":"https:\/\/pecbag.com\/de\/wp-json\/wp\/v2\/product\/3507","targetHints":{"allow":["GET"]}}],"collection":[{"href":"https:\/\/pecbag.com\/de\/wp-json\/wp\/v2\/product"}],"about":[{"href":"https:\/\/pecbag.com\/de\/wp-json\/wp\/v2\/types\/product"}],"wp:featuredmedia":[{"embeddable":true,"href":"https:\/\/pecbag.com\/de\/wp-json\/wp\/v2\/media\/3510"}],"wp:attachment":[{"href":"https:\/\/pecbag.com\/de\/wp-json\/wp\/v2\/media?parent=3507"}],"wp:term":[{"taxonomy":"product_brand","embeddable":true,"href":"https:\/\/pecbag.com\/de\/wp-json\/wp\/v2\/product_brand?post=3507"},{"taxonomy":"product_cat","embeddable":true,"href":"https:\/\/pecbag.com\/de\/wp-json\/wp\/v2\/product_cat?post=3507"},{"taxonomy":"product_tag","embeddable":true,"href":"https:\/\/pecbag.com\/de\/wp-json\/wp\/v2\/product_tag?post=3507"}],"curies":[{"name":"wp","href":"https:\/\/api.w.org\/{rel}","templated":true}]}}