{"id":3526,"date":"2025-05-27T06:21:34","date_gmt":"2025-05-27T06:21:34","guid":{"rendered":"https:\/\/pecbag.com\/?post_type=product&#038;p=3526"},"modified":"2025-11-29T01:56:43","modified_gmt":"2025-11-29T01:56:43","slug":"customized-insulated-portable-lunch-bag","status":"publish","type":"product","link":"https:\/\/pecbag.com\/de\/customized-insulated-portable-lunch-bag\/","title":{"rendered":"Ma\u00dfgeschneiderte isolierte tragbare Lunch-Tasche"},"content":{"rendered":"<h5 title=\"Faltbare Hundetasche Atmungsaktives Mesh Haustier Umh\u00e4ngetasche f\u00fcr kleine Haustier Hund Katzen\" data-immersive-translate-walked=\"1c928421-2e42-4cd3-8754-5404553c0af5\" data-immersive-translate-paragraph=\"1\" data-spm-anchor-id=\"a2700.details.0.i35.4f6757d4w4zNZA\">Kundenspezifische isolierte tragbare Lunch-Taschen | Wasserdichte Tasche Fabrik &amp; Rucksack Hersteller - Bulk Food Solutions<\/h5>\n<div class=\"flex flex-grow flex-col max-w-full\">\n<div class=\"min-h-[20px] text-message flex w-full flex-col items-end gap-2 whitespace-pre-wrap break-words [.text-message+&amp;]:mt-5 overflow-x-auto\" dir=\"auto\" data-message-author-role=\"assistant\" data-message-id=\"3d7d46f6-7ec2-4222-9257-48fa0bba23c6\" data-suggestions=\"true\">\n<div class=\"flex w-full flex-col gap-1 empty:hidden first:pt-[3px]\">\n<div class=\"markdown prose w-full break-words dark:prose-invert light\">\n<table width=\"288\">\n<tbody>\n<tr>\n<td width=\"137\"><span style=\"color: #333333;\">Produkte Name<\/span><\/td>\n<td width=\"151\">Lunch Tasche<\/td>\n<\/tr>\n<tr>\n<td><span style=\"color: #333333;\">Artikel Nr.<\/span><\/td>\n<td><span style=\"color: #333333;\">PB-2073<\/span><\/td>\n<\/tr>\n<tr>\n<td><span style=\"color: #333333;\">Material<\/span><\/td>\n<td>600D Polyester<\/td>\n<\/tr>\n<tr>\n<td><span style=\"color: #333333;\">\u00a0Gr\u00f6\u00dfe und Farbe<\/span><\/td>\n<td>15*10*13Zoll<\/td>\n<\/tr>\n<tr>\n<td><span style=\"color: #333333;\">\u00a0Lieferfrist<\/span><\/td>\n<td><span style=\"color: #333333;\">1-5 Tage f\u00fcr kleine Mengen auf dem Luftweg und 30-35 Tage f\u00fcr gro\u00dfe Mengen auf dem Seeweg<\/span><\/td>\n<\/tr>\n<\/tbody>\n<\/table>\n<p>Als Chinas f\u00fchrender Hersteller von Lunchbags und wasserdichten Taschen entwickeln wir hochwertige, ma\u00dfgeschneiderte, isolierte, tragbare Lunchbags f\u00fcr globale Lebensmittelh\u00e4ndler. Unser Mittagessen Tasche Unternehmen bietet:<\/p>\n<p>\u2705 <strong>6 Stunden W\u00e4rmer\u00fcckhalt<\/strong> (FDA-gepr\u00fcftes PEVA-Futter)<br \/>\n\u2705 <strong>Auslaufsicheres, wasserdichtes Design<\/strong> (Schutzklasse IPX4)<br \/>\n\u2705 <strong>OEM\/ODM-Dienstleistungen<\/strong> f\u00fcr <strong>Eigenmarken-Lunchbags<\/strong> (MOQ 100St\u00fcck)<br \/>\n\u2705 <strong>Produktion von Lunchpaketen in gro\u00dfen Mengen<\/strong> mit 10-t\u00e4giger Schnelllieferung<\/p>\n<p>Gro\u00dfh\u00e4ndler und Gastronomiebetriebe auf der ganzen Welt vertrauen auf diese Tasche. Wichtigste Merkmale:<br \/>\n- Verstellbarer Schultergurt und seitliche Flaschentaschen<br \/>\n- Umweltfreundliche, lebensmittelechte Materialien (BPA-frei)<br \/>\n- Zusammenklappbares Design f\u00fcr platzsparende Aufbewahrung<\/p>\n<p><strong>Warum unsere Lunchbag-Fabrik w\u00e4hlen?<\/strong>:<br \/>\n\ud83d\udd39 Seit \u00fcber 12 Jahren f\u00fchrender Exporteur von Lunchpaketen aus China<br \/>\n\ud83d\udd39 Kostenloses 3D-Design mit Ihrem Branding und Logo<br \/>\n\ud83d\udd39 SGS\/REACH-Zertifizierungen und FOB\/DDP-Versand<br \/>\n\ud83d\udd39 25%-Rabatt f\u00fcr Anbieter von Lunchpaketen bei mehr als 2.000 Einheiten<\/p>\n<p>Fordern Sie kostenlose Muster unserer isolierten Lunchbags an oder holen Sie sich sofort ein Angebot ein. Lieferanten von Lunchtaschen genie\u00dfen:<br \/>\n- Kundenspezifische MOQ ab 50 St\u00fcck<br \/>\n- Chargenspezifische Berichte zur Lebensmittelsicherheit<br \/>\n- Vorrangige Zuweisung von Produktionslinien<\/p>\n<\/div>\n<\/div>\n<\/div>\n<\/div>","protected":false},"excerpt":{"rendered":"<h2 data-immersive-translate-walked=\"344be1c1-5052-41eb-8fcd-0dbe236a0d6b\" data-immersive-translate-paragraph=\"1\">Ma\u00dfgeschneiderte isolierte tragbare Lunch-Tasche<\/h2>\n<p>(IDEALE FALTBARE K\u00dcHLTASCHE F\u00dcR DIE REISE): Von unserer kleinsten bis zu unserer gr\u00f6\u00dften isolierten 50-Kanister-K\u00fchltasche sind diese Taschen die perfekte Reisek\u00fchlung f\u00fcr das Auto, da die weichwandige K\u00fchltasche leichter in enge R\u00e4ume passt als eine Styropor-K\u00fchltasche, ohne dass man sich Sorgen machen muss, dass sie zerbricht.<\/p>\n<p>Diese Outdoor-K\u00fchlbox verf\u00fcgt \u00fcber einen Schultergurt, mit dem Sie Ihre Speisen und Getr\u00e4nke einfacher als mit einem Picknickkorb transportieren k\u00f6nnen, w\u00e4hrend Sie die Natur genie\u00dfen.<\/p>","protected":false},"featured_media":3530,"template":"","meta":{"_uag_custom_page_level_css":""},"product_brand":[],"product_cat":[52,50],"product_tag":[],"class_list":{"0":"post-3526","1":"product","2":"type-product","3":"status-publish","4":"has-post-thumbnail","6":"product_cat-lunch-bag","7":"product_cat-cooler-bag","9":"first","10":"instock","11":"shipping-taxable","12":"product-type-simple"},"uagb_featured_image_src":{"full":["https:\/\/pecbag.com\/wp-content\/uploads\/2025\/05\/Customized-Insulated-Portable-Lunch-Bag-3.jpeg",2400,2400,false],"thumbnail":["https:\/\/pecbag.com\/wp-content\/uploads\/2025\/05\/Customized-Insulated-Portable-Lunch-Bag-3-150x150.jpeg",150,150,true],"medium":["https:\/\/pecbag.com\/wp-content\/uploads\/2025\/05\/Customized-Insulated-Portable-Lunch-Bag-3-300x300.jpeg",300,300,true],"medium_large":["https:\/\/pecbag.com\/wp-content\/uploads\/2025\/05\/Customized-Insulated-Portable-Lunch-Bag-3-768x768.jpeg",768,768,true],"large":["https:\/\/pecbag.com\/wp-content\/uploads\/2025\/05\/Customized-Insulated-Portable-Lunch-Bag-3-1024x1024.jpeg",800,800,true],"1536x1536":["https:\/\/pecbag.com\/wp-content\/uploads\/2025\/05\/Customized-Insulated-Portable-Lunch-Bag-3-1536x1536.jpeg",1536,1536,true],"2048x2048":["https:\/\/pecbag.com\/wp-content\/uploads\/2025\/05\/Customized-Insulated-Portable-Lunch-Bag-3-2048x2048.jpeg",2048,2048,true],"trp-custom-language-flag":["https:\/\/pecbag.com\/wp-content\/uploads\/2025\/05\/Customized-Insulated-Portable-Lunch-Bag-3-12x12.jpeg",12,12,true],"woocommerce_thumbnail":["https:\/\/pecbag.com\/wp-content\/uploads\/2025\/05\/Customized-Insulated-Portable-Lunch-Bag-3-300x300.jpeg",300,300,true],"woocommerce_single":["https:\/\/pecbag.com\/wp-content\/uploads\/2025\/05\/Customized-Insulated-Portable-Lunch-Bag-3-600x600.jpeg",600,600,true],"woocommerce_gallery_thumbnail":["https:\/\/pecbag.com\/wp-content\/uploads\/2025\/05\/Customized-Insulated-Portable-Lunch-Bag-3-100x100.jpeg",100,100,true]},"uagb_author_info":{"display_name":"Lawrence","author_link":"https:\/\/pecbag.com\/de\/author\/"},"uagb_comment_info":0,"uagb_excerpt":"Customized Insulated Portable Lunch Bag [IDEAL COLLAPSIBLE COOLER BAG FOR TRAVEL]: From our smallest to our largest 50-can insulated cooler bag, these are a perfect travel cooler for the car because the soft-sided cooler can fit more easily in tight spaces than a Styrofoam cooler without worrying about them breaking. This outdoor cooler includes a&hellip;","_links":{"self":[{"href":"https:\/\/pecbag.com\/de\/wp-json\/wp\/v2\/product\/3526","targetHints":{"allow":["GET"]}}],"collection":[{"href":"https:\/\/pecbag.com\/de\/wp-json\/wp\/v2\/product"}],"about":[{"href":"https:\/\/pecbag.com\/de\/wp-json\/wp\/v2\/types\/product"}],"wp:featuredmedia":[{"embeddable":true,"href":"https:\/\/pecbag.com\/de\/wp-json\/wp\/v2\/media\/3530"}],"wp:attachment":[{"href":"https:\/\/pecbag.com\/de\/wp-json\/wp\/v2\/media?parent=3526"}],"wp:term":[{"taxonomy":"product_brand","embeddable":true,"href":"https:\/\/pecbag.com\/de\/wp-json\/wp\/v2\/product_brand?post=3526"},{"taxonomy":"product_cat","embeddable":true,"href":"https:\/\/pecbag.com\/de\/wp-json\/wp\/v2\/product_cat?post=3526"},{"taxonomy":"product_tag","embeddable":true,"href":"https:\/\/pecbag.com\/de\/wp-json\/wp\/v2\/product_tag?post=3526"}],"curies":[{"name":"wp","href":"https:\/\/api.w.org\/{rel}","templated":true}]}}