{"id":3533,"date":"2025-05-27T06:34:38","date_gmt":"2025-05-27T06:34:38","guid":{"rendered":"https:\/\/pecbag.com\/?post_type=product&#038;p=3533"},"modified":"2025-11-29T01:56:38","modified_gmt":"2025-11-29T01:56:38","slug":"customized-insulated-cooler-lunch-bag","status":"publish","type":"product","link":"https:\/\/pecbag.com\/de\/customized-insulated-cooler-lunch-bag\/","title":{"rendered":"Ma\u00dfgeschneiderte isolierte K\u00fchltasche f\u00fcr das Mittagessen"},"content":{"rendered":"<h5 title=\"Faltbare Hundetasche Atmungsaktives Mesh Haustier Umh\u00e4ngetasche f\u00fcr kleine Haustier Hund Katzen\" data-immersive-translate-walked=\"1c928421-2e42-4cd3-8754-5404553c0af5\" data-immersive-translate-paragraph=\"1\" data-spm-anchor-id=\"a2700.details.0.i35.4f6757d4w4zNZA\">Ma\u00dfgeschneiderte isolierte K\u00fchltaschen f\u00fcr das Mittagessen | Wasserdichte Tasche Fabrik &amp; Rucksack Hersteller - Bulk Food Solutions<\/h5>\n<div class=\"flex flex-grow flex-col max-w-full\">\n<div class=\"min-h-[20px] text-message flex w-full flex-col items-end gap-2 whitespace-pre-wrap break-words [.text-message+&amp;]:mt-5 overflow-x-auto\" dir=\"auto\" data-message-author-role=\"assistant\" data-message-id=\"3d7d46f6-7ec2-4222-9257-48fa0bba23c6\" data-suggestions=\"true\">\n<div class=\"flex w-full flex-col gap-1 empty:hidden first:pt-[3px]\">\n<div class=\"markdown prose w-full break-words dark:prose-invert light\">\n<table width=\"288\">\n<tbody>\n<tr>\n<td width=\"137\"><span style=\"color: #333333;\">Produkte Name<\/span><\/td>\n<td width=\"151\">Lunch Tasche<\/td>\n<\/tr>\n<tr>\n<td><span style=\"color: #333333;\">Artikel Nr.<\/span><\/td>\n<td><span style=\"color: #333333;\">PB-2074<\/span><\/td>\n<\/tr>\n<tr>\n<td><span style=\"color: #333333;\">Material<\/span><\/td>\n<td>600D Polyester<\/td>\n<\/tr>\n<tr>\n<td><span style=\"color: #333333;\">Gr\u00f6\u00dfe<\/span><\/td>\n<td>21 x 17 x 8 Zoll<\/td>\n<\/tr>\n<tr>\n<td><span style=\"color: #333333;\">\u00a0Lieferfrist<\/span><\/td>\n<td><span style=\"color: #333333;\">1-5 Tage f\u00fcr kleine Mengen auf dem Luftweg und 30-35 Tage f\u00fcr gro\u00dfe Mengen auf dem Seeweg<\/span><\/td>\n<\/tr>\n<\/tbody>\n<\/table>\n<p>Als Chinas f\u00fchrender Hersteller von Lunchbags und wasserdichten Taschen produzieren wir erstklassige, ma\u00dfgeschneiderte, isolierte und k\u00fchlende Lunchbags f\u00fcr globale Lebensmitteldienstleister. Unser Mittagessen Tasche Unternehmen bietet:<\/p>\n<p>\u2705 <strong>8 Stunden K\u00e4ltespeicherung<\/strong> mit FDA-zugelassener PEVA-Isolierung<br \/>\n\u2705 <strong>Wasserdichtes IPX5-Design<\/strong> (600D Polyester + verschwei\u00dfte N\u00e4hte)<br \/>\n\u2705 <strong>OEM\/ODM-Dienstleistungen<\/strong> f\u00fcr <strong>Eigenmarken-Lunchbags<\/strong><br \/>\n\u2705 <strong>Produktion von Lunchpaketen in gro\u00dfen Mengen<\/strong> mit 12-t\u00e4giger Schnelllieferung<\/p>\n<p>Gro\u00dfh\u00e4ndler und Gastronomiebetriebe auf der ganzen Welt vertrauen auf diese Tasche. Wichtigste Merkmale:<br \/>\n- Auslaufsicherer rei\u00dfverschlussloser Verschluss &amp; verstellbarer Schultergurt<br \/>\n- Abnehmbarer K\u00fchlakku und Organisation mit mehreren F\u00e4chern<br \/>\n- Faltbares Design f\u00fcr platzsparenden Versand\/Lagerung<\/p>\n<p><strong>Warum unsere Lunchbag-Fabrik w\u00e4hlen?<\/strong>:<br \/>\n\ud83d\udd39 Seit \u00fcber 15 Jahren f\u00fchrender Exporteur von Lunchpaketen aus China<br \/>\n\ud83d\udd39 Kostenloser 3D-Entwurf mit Ihrem Logo\/Kunstwerk<br \/>\n\ud83d\udd39 SGS\/REACH-Zertifizierungen und FOB\/DDP-Versand<br \/>\n\ud83d\udd39 30%-Rabatt f\u00fcr Anbieter von Lunchpaketen bei mehr als 3.000 Einheiten<\/p>\n<p>Fordern Sie kostenlose Muster unserer isolierten K\u00fchltaschen an oder holen Sie sich sofort ein Angebot ein. Mittagessen Tasche Lieferanten genie\u00dfen:<br \/>\n- Kundenspezifisches MOQ<br \/>\n- Chargenspezifische Zertifizierungen der Lebensmittelsicherheit<br \/>\n- Vorrangige Zuteilung von Luftfracht<\/p>\n<\/div>\n<\/div>\n<\/div>\n<\/div>","protected":false},"excerpt":{"rendered":"<h2 data-immersive-translate-walked=\"344be1c1-5052-41eb-8fcd-0dbe236a0d6b\" data-immersive-translate-paragraph=\"1\">Ma\u00dfgeschneiderte isolierte K\u00fchltasche f\u00fcr das Mittagessen<\/h2>\n<p>1. H\u00e4lt das Eis stundenlang gefroren: Mit dickem Thermoschaum, der Ihre Getr\u00e4nke am Strand eiskalt h\u00e4lt und gefrorene Lebensmittel auf der Heimfahrt gefroren h\u00e4lt! Die K\u00fchlboxen wurden getestet, um Eis f\u00fcr 8 oder mehr Stunden gefroren zu halten, wenn der Rei\u00dfverschluss geschlossen ist!<\/p>\n<p>2. Hei\u00dfes Essen bleibt hei\u00df: Die robusten Gurtgriffe lassen sich so einstellen, dass Sie Pizza, Carry-Out und selbstgekochte Gerichte horizontal transportieren k\u00f6nnen, um Versch\u00fcttungen zu vermeiden, w\u00e4hrend die 3-lagige Reisek\u00fchlbox Ihr Essen auf der Fahrt durch die Stadt hei\u00df h\u00e4lt! Innen leicht abwaschbar<\/p>","protected":false},"featured_media":3534,"template":"","meta":{"_uag_custom_page_level_css":""},"product_brand":[],"product_cat":[52,50],"product_tag":[],"class_list":{"0":"post-3533","1":"product","2":"type-product","3":"status-publish","4":"has-post-thumbnail","6":"product_cat-lunch-bag","7":"product_cat-cooler-bag","9":"first","10":"instock","11":"shipping-taxable","12":"product-type-simple"},"uagb_featured_image_src":{"full":["https:\/\/pecbag.com\/wp-content\/uploads\/2025\/05\/Customized-Insulated-Cooler-Lunch-Bag-6.jpeg",1500,1500,false],"thumbnail":["https:\/\/pecbag.com\/wp-content\/uploads\/2025\/05\/Customized-Insulated-Cooler-Lunch-Bag-6-150x150.jpeg",150,150,true],"medium":["https:\/\/pecbag.com\/wp-content\/uploads\/2025\/05\/Customized-Insulated-Cooler-Lunch-Bag-6-300x300.jpeg",300,300,true],"medium_large":["https:\/\/pecbag.com\/wp-content\/uploads\/2025\/05\/Customized-Insulated-Cooler-Lunch-Bag-6-768x768.jpeg",768,768,true],"large":["https:\/\/pecbag.com\/wp-content\/uploads\/2025\/05\/Customized-Insulated-Cooler-Lunch-Bag-6-1024x1024.jpeg",800,800,true],"1536x1536":["https:\/\/pecbag.com\/wp-content\/uploads\/2025\/05\/Customized-Insulated-Cooler-Lunch-Bag-6.jpeg",1500,1500,false],"2048x2048":["https:\/\/pecbag.com\/wp-content\/uploads\/2025\/05\/Customized-Insulated-Cooler-Lunch-Bag-6.jpeg",1500,1500,false],"trp-custom-language-flag":["https:\/\/pecbag.com\/wp-content\/uploads\/2025\/05\/Customized-Insulated-Cooler-Lunch-Bag-6-12x12.jpeg",12,12,true],"woocommerce_thumbnail":["https:\/\/pecbag.com\/wp-content\/uploads\/2025\/05\/Customized-Insulated-Cooler-Lunch-Bag-6-300x300.jpeg",300,300,true],"woocommerce_single":["https:\/\/pecbag.com\/wp-content\/uploads\/2025\/05\/Customized-Insulated-Cooler-Lunch-Bag-6-600x600.jpeg",600,600,true],"woocommerce_gallery_thumbnail":["https:\/\/pecbag.com\/wp-content\/uploads\/2025\/05\/Customized-Insulated-Cooler-Lunch-Bag-6-100x100.jpeg",100,100,true]},"uagb_author_info":{"display_name":"Lawrence","author_link":"https:\/\/pecbag.com\/de\/author\/"},"uagb_comment_info":0,"uagb_excerpt":"Customized Insulated Cooler Lunch Bag 1. Keeps Ice Frozen for Hours: Featuring thick thermal foam to keep your drinks ice-cold at the beach and to keep frozen food frozen while you drive home! Coolers are tested to keep ice frozen for 8 or more hours when zipped closed! 2. Hot Food Stays Hot: The sturdy&hellip;","_links":{"self":[{"href":"https:\/\/pecbag.com\/de\/wp-json\/wp\/v2\/product\/3533","targetHints":{"allow":["GET"]}}],"collection":[{"href":"https:\/\/pecbag.com\/de\/wp-json\/wp\/v2\/product"}],"about":[{"href":"https:\/\/pecbag.com\/de\/wp-json\/wp\/v2\/types\/product"}],"wp:featuredmedia":[{"embeddable":true,"href":"https:\/\/pecbag.com\/de\/wp-json\/wp\/v2\/media\/3534"}],"wp:attachment":[{"href":"https:\/\/pecbag.com\/de\/wp-json\/wp\/v2\/media?parent=3533"}],"wp:term":[{"taxonomy":"product_brand","embeddable":true,"href":"https:\/\/pecbag.com\/de\/wp-json\/wp\/v2\/product_brand?post=3533"},{"taxonomy":"product_cat","embeddable":true,"href":"https:\/\/pecbag.com\/de\/wp-json\/wp\/v2\/product_cat?post=3533"},{"taxonomy":"product_tag","embeddable":true,"href":"https:\/\/pecbag.com\/de\/wp-json\/wp\/v2\/product_tag?post=3533"}],"curies":[{"name":"wp","href":"https:\/\/api.w.org\/{rel}","templated":true}]}}