{"id":3542,"date":"2025-05-27T06:42:12","date_gmt":"2025-05-27T06:42:12","guid":{"rendered":"https:\/\/pecbag.com\/?post_type=product&#038;p=3542"},"modified":"2025-11-29T01:56:34","modified_gmt":"2025-11-29T01:56:34","slug":"waterproof-600d-oxford-cooler-bag","status":"publish","type":"product","link":"https:\/\/pecbag.com\/de\/waterproof-600d-oxford-cooler-bag\/","title":{"rendered":"Wasserdichte 600D Oxford K\u00fchltasche"},"content":{"rendered":"<h5 title=\"Faltbare Hundetasche Atmungsaktives Mesh Haustier Umh\u00e4ngetasche f\u00fcr kleine Haustier Hund Katzen\" data-immersive-translate-walked=\"1c928421-2e42-4cd3-8754-5404553c0af5\" data-immersive-translate-paragraph=\"1\" data-spm-anchor-id=\"a2700.details.0.i35.4f6757d4w4zNZA\">Wasserdichte 600D Oxford K\u00fchltaschen | Waterproof Bag Factory &amp; Backpack Hersteller - Bulk Food Solutions<\/h5>\n<div class=\"flex flex-grow flex-col max-w-full\">\n<div class=\"min-h-[20px] text-message flex w-full flex-col items-end gap-2 whitespace-pre-wrap break-words [.text-message+&amp;]:mt-5 overflow-x-auto\" dir=\"auto\" data-message-author-role=\"assistant\" data-message-id=\"3d7d46f6-7ec2-4222-9257-48fa0bba23c6\" data-suggestions=\"true\">\n<div class=\"flex w-full flex-col gap-1 empty:hidden first:pt-[3px]\">\n<div class=\"markdown prose w-full break-words dark:prose-invert light\">\n<table width=\"288\">\n<tbody>\n<tr>\n<td width=\"137\"><span style=\"color: #333333;\">Produkte Name<\/span><\/td>\n<td width=\"151\">Lunch Tasche<\/td>\n<\/tr>\n<tr>\n<td><span style=\"color: #333333;\">Artikel Nr.<\/span><\/td>\n<td><span style=\"color: #333333;\">PB-2075<\/span><\/td>\n<\/tr>\n<tr>\n<td><span style=\"color: #333333;\">Material<\/span><\/td>\n<td>600D Oxford<\/td>\n<\/tr>\n<tr>\n<td><span style=\"color: #333333;\">Gr\u00f6\u00dfe<\/span><\/td>\n<td>13,77 x 9,44 x 10,62 Zoll<\/td>\n<\/tr>\n<tr>\n<td><span style=\"color: #333333;\">\u00a0Lieferfrist<\/span><\/td>\n<td><span style=\"color: #333333;\">1-5 Tage f\u00fcr kleine Mengen auf dem Luftweg und 30-35 Tage f\u00fcr gro\u00dfe Mengen auf dem Seeweg<\/span><\/td>\n<\/tr>\n<\/tbody>\n<\/table>\n<p>Als Chinas f\u00fchrender Hersteller von Lunchbags und wasserdichten Taschen produzieren wir strapazierf\u00e4hige, wasserdichte 600D Oxford K\u00fchltaschen f\u00fcr globale Lebensmittelh\u00e4ndler. Unser Mittagessen Tasche Unternehmen bietet:<\/p>\n<p>\u2705 <strong>Wasserdichter IPX6-Schutz<\/strong> mit verschwei\u00dften N\u00e4hten (600D-Oxford-Gewebe)<br \/>\n\u2705 <strong>12 Stunden K\u00e4ltespeicherung<\/strong> (FDA-zugelassene EPE-Schaumisolierung)<br \/>\n\u2705 <strong>OEM\/ODM-Dienstleistungen<\/strong> f\u00fcr <strong>Eigenmarken-Lunchbags<\/strong><br \/>\n\u2705 <strong>Produktion von Lunchpaketen in gro\u00dfen Mengen<\/strong> mit 10-t\u00e4giger Schnelllieferung<\/p>\n<p>Gro\u00dfh\u00e4ndler und Gastronomiebetriebe auf der ganzen Welt vertrauen auf diese Tasche. Wichtigste Merkmale:<br \/>\n- Auslaufsicherer Rolltop-Verschluss &amp; verstellbare Schultergurte<br \/>\n- Abnehmbarer K\u00fchlakku-Schacht und Utensilien-Organizer<br \/>\n- Faltbares Design (18\u2033x12\u2033 im flachen Zustand) f\u00fcr kompakte Lagerung<\/p>\n<p><strong>Warum eine Partnerschaft mit unserer Lunchbag-Fabrik?<\/strong>:<br \/>\n\ud83d\udd39 Seit \u00fcber 12 Jahren f\u00fchrender Exporteur von Lunchpaketen aus China<br \/>\n\ud83d\udd39 Kostenloser 3D-Entwurf mit Ihrem Logo\/Kunstwerk<br \/>\n\ud83d\udd39 SGS\/REACH-zertifiziert &amp; BPA-freie Materialien<br \/>\n\ud83d\udd39 30%-Rabatt f\u00fcr Anbieter von Lunchpaketen bei mehr als 3.000 Einheiten<\/p>\n<p>Fordern Sie kostenlose Muster unserer 600D Oxford-K\u00fchltaschen an oder holen Sie sich sofort ein Angebot ein. Mittagessen Tasche Lieferanten genie\u00dfen:<br \/>\n- Kundenspezifisches MOQ<br \/>\n- Chargenspezifische Berichte zur Lebensmittelsicherheit<br \/>\n- Vorrangige Zuteilung von Luft-\/Seefracht<\/p>\n<\/div>\n<\/div>\n<\/div>\n<\/div>","protected":false},"excerpt":{"rendered":"<h2 data-immersive-translate-walked=\"344be1c1-5052-41eb-8fcd-0dbe236a0d6b\" data-immersive-translate-paragraph=\"1\">Wasserdichte 600D Oxford K\u00fchltasche<\/h2>\n<p><strong>1.\u3010Effizient und Massenspeicher\u3011<\/strong>Das elastische Seil an der Au\u00dfenseite der K\u00fchlbox h\u00e4lt ein Lunch-Tuch, das obere Fach verhindert, dass das Essen im Boden zerdr\u00fcckt wird. Die Au\u00dfentaschen an der Vorderseite und die seitlichen Netztaschen sind f\u00fcr Ihre kleinen Notwendigkeiten gedacht, ger\u00e4umig genug f\u00fcr die meisten Ihrer Bed\u00fcrfnisse<\/p>\n<p><strong>2.\u3010Versatile Usage\u3011<\/strong>Sie k\u00f6nnen die Soft-Side-K\u00fchlbox beim Camping, bei Picknicks, Strandausfl\u00fcgen oder Autoreisen mitnehmen und sie auch f\u00fcr allt\u00e4gliche Aktivit\u00e4ten wie Lebensmitteleink\u00e4ufe oder Arbeitsessen verwenden. Es ist eine gro\u00dfartige, gro\u00dfe Lunchbox, die daf\u00fcr sorgt, dass Ihre Vorr\u00e4te frisch und gesch\u00fctzt bleiben.<\/p>","protected":false},"featured_media":3546,"template":"","meta":{"_uag_custom_page_level_css":""},"product_brand":[],"product_cat":[52,50],"product_tag":[],"class_list":{"0":"post-3542","1":"product","2":"type-product","3":"status-publish","4":"has-post-thumbnail","6":"product_cat-lunch-bag","7":"product_cat-cooler-bag","9":"first","10":"instock","11":"shipping-taxable","12":"product-type-simple"},"uagb_featured_image_src":{"full":["https:\/\/pecbag.com\/wp-content\/uploads\/2025\/05\/Waterproof-600D-Oxford-Cooler-Bag-2.jpeg",960,960,false],"thumbnail":["https:\/\/pecbag.com\/wp-content\/uploads\/2025\/05\/Waterproof-600D-Oxford-Cooler-Bag-2-150x150.jpeg",150,150,true],"medium":["https:\/\/pecbag.com\/wp-content\/uploads\/2025\/05\/Waterproof-600D-Oxford-Cooler-Bag-2-300x300.jpeg",300,300,true],"medium_large":["https:\/\/pecbag.com\/wp-content\/uploads\/2025\/05\/Waterproof-600D-Oxford-Cooler-Bag-2-768x768.jpeg",768,768,true],"large":["https:\/\/pecbag.com\/wp-content\/uploads\/2025\/05\/Waterproof-600D-Oxford-Cooler-Bag-2.jpeg",800,800,false],"1536x1536":["https:\/\/pecbag.com\/wp-content\/uploads\/2025\/05\/Waterproof-600D-Oxford-Cooler-Bag-2.jpeg",960,960,false],"2048x2048":["https:\/\/pecbag.com\/wp-content\/uploads\/2025\/05\/Waterproof-600D-Oxford-Cooler-Bag-2.jpeg",960,960,false],"trp-custom-language-flag":["https:\/\/pecbag.com\/wp-content\/uploads\/2025\/05\/Waterproof-600D-Oxford-Cooler-Bag-2-12x12.jpeg",12,12,true],"woocommerce_thumbnail":["https:\/\/pecbag.com\/wp-content\/uploads\/2025\/05\/Waterproof-600D-Oxford-Cooler-Bag-2-300x300.jpeg",300,300,true],"woocommerce_single":["https:\/\/pecbag.com\/wp-content\/uploads\/2025\/05\/Waterproof-600D-Oxford-Cooler-Bag-2-600x600.jpeg",600,600,true],"woocommerce_gallery_thumbnail":["https:\/\/pecbag.com\/wp-content\/uploads\/2025\/05\/Waterproof-600D-Oxford-Cooler-Bag-2-100x100.jpeg",100,100,true]},"uagb_author_info":{"display_name":"Lawrence","author_link":"https:\/\/pecbag.com\/de\/author\/"},"uagb_comment_info":0,"uagb_excerpt":"Waterproof 600D Oxford Cooler Bag 1.\u3010Efficient and Mass Storage\u3011The elastic rope on the exterior of the cooler holds a lunch cloth, upper compartment is nice to prevent food from getting crushed in the bottom. Exterior front pockets &amp; side mesh pockets are designed for your small necessities, roomy enough for most of your needs 2.\u3010Versatile&hellip;","_links":{"self":[{"href":"https:\/\/pecbag.com\/de\/wp-json\/wp\/v2\/product\/3542","targetHints":{"allow":["GET"]}}],"collection":[{"href":"https:\/\/pecbag.com\/de\/wp-json\/wp\/v2\/product"}],"about":[{"href":"https:\/\/pecbag.com\/de\/wp-json\/wp\/v2\/types\/product"}],"wp:featuredmedia":[{"embeddable":true,"href":"https:\/\/pecbag.com\/de\/wp-json\/wp\/v2\/media\/3546"}],"wp:attachment":[{"href":"https:\/\/pecbag.com\/de\/wp-json\/wp\/v2\/media?parent=3542"}],"wp:term":[{"taxonomy":"product_brand","embeddable":true,"href":"https:\/\/pecbag.com\/de\/wp-json\/wp\/v2\/product_brand?post=3542"},{"taxonomy":"product_cat","embeddable":true,"href":"https:\/\/pecbag.com\/de\/wp-json\/wp\/v2\/product_cat?post=3542"},{"taxonomy":"product_tag","embeddable":true,"href":"https:\/\/pecbag.com\/de\/wp-json\/wp\/v2\/product_tag?post=3542"}],"curies":[{"name":"wp","href":"https:\/\/api.w.org\/{rel}","templated":true}]}}