{"id":3587,"date":"2025-05-27T08:53:00","date_gmt":"2025-05-27T08:53:00","guid":{"rendered":"https:\/\/pecbag.com\/?post_type=product&#038;p=3587"},"modified":"2025-11-29T01:55:21","modified_gmt":"2025-11-29T01:55:21","slug":"durable-water-resistant-shoulder-bag","status":"publish","type":"product","link":"https:\/\/pecbag.com\/de\/durable-water-resistant-shoulder-bag\/","title":{"rendered":"Strapazierf\u00e4hige, wasserfeste Umh\u00e4ngetasche"},"content":{"rendered":"<h5 title=\"Faltbare Hundetasche Atmungsaktives Mesh Haustier Umh\u00e4ngetasche f\u00fcr kleine Haustier Hund Katzen\" data-immersive-translate-walked=\"1c928421-2e42-4cd3-8754-5404553c0af5\" data-immersive-translate-paragraph=\"1\" data-spm-anchor-id=\"a2700.details.0.i35.4f6757d4w4zNZA\">Langlebige wasserabweisende Schultertaschen | Wasserdichte Tasche Fabrik &amp; Rucksack Hersteller - Bulk Messenger Solutions<\/h5>\n<div class=\"flex flex-grow flex-col max-w-full\">\n<div class=\"min-h-[20px] text-message flex w-full flex-col items-end gap-2 whitespace-pre-wrap break-words [.text-message+&amp;]:mt-5 overflow-x-auto\" dir=\"auto\" data-message-author-role=\"assistant\" data-message-id=\"3d7d46f6-7ec2-4222-9257-48fa0bba23c6\" data-suggestions=\"true\">\n<div class=\"flex w-full flex-col gap-1 empty:hidden first:pt-[3px]\">\n<div class=\"markdown prose w-full break-words dark:prose-invert light\">\n<table width=\"288\">\n<tbody>\n<tr>\n<td width=\"137\"><span style=\"color: #333333;\">Produkte Name<\/span><\/td>\n<td width=\"151\">Kuriertasche<\/td>\n<\/tr>\n<tr>\n<td><span style=\"color: #333333;\">Artikel Nr.<\/span><\/td>\n<td><span style=\"color: #333333;\">PB-2078<\/span><\/td>\n<\/tr>\n<tr>\n<td><span style=\"color: #333333;\">Material<\/span><\/td>\n<td>600D Schneeflocken-Polyester<\/td>\n<\/tr>\n<tr>\n<td><span style=\"color: #333333;\">Gr\u00f6\u00dfe<\/span><\/td>\n<td>38 x 14 x 18 cm<\/td>\n<\/tr>\n<tr>\n<td><span style=\"color: #333333;\">\u00a0Lieferfrist<\/span><\/td>\n<td><span style=\"color: #333333;\">1-5 Tage f\u00fcr kleine Mengen auf dem Luftweg und 30-35 Tage f\u00fcr gro\u00dfe Mengen auf dem Seeweg<\/span><\/td>\n<\/tr>\n<\/tbody>\n<\/table>\n<p>Als Chinas f\u00fchrender Hersteller von Umh\u00e4ngetaschen und wasserdichten Taschen entwickeln wir strapazierf\u00e4hige und wasserdichte Umh\u00e4ngetaschen f\u00fcr globale Logistikmarken. Unsere Kuriertasche Unternehmen bietet:<\/p>\n<p>\u2705 <strong>IPX4-Wasserbest\u00e4ndigkeit<\/strong> (600D Polyester + TPU-Beschichtung)<br \/>\n\u2705 <strong>25 Liter erweiterbares Fassungsverm\u00f6gen<\/strong> mit MOLLE-Gurtband (MOQ 50 St\u00fcck)<br \/>\n\u2705 <strong>OEM\/ODM-Dienstleistungen<\/strong> f\u00fcr <strong>Eigenmarken-Kuriertaschen<\/strong><br \/>\n\u2705 <strong>Massenproduktion von Umh\u00e4ngetaschen<\/strong> mit 10-t\u00e4giger Bearbeitungszeit<\/p>\n<p>Weltweites Vertrauen bei Gro\u00dfh\u00e4ndlern und Lieferanten von Kuriertaschen. Hauptmerkmale:<br \/>\n- Gepolstertes Laptop-Fach (bis zu 17\u2033) &amp; RFID-Blockierfach<br \/>\n- Schnellverschlussschnallen und ergonomischer Schultergurt<br \/>\n- Abnehmbarer Trageriemen f\u00fcr verschiedene Tragem\u00f6glichkeiten<\/p>\n<p><strong>Warum unsere Kuriertaschenfabrik w\u00e4hlen<\/strong>:<br \/>\n\ud83d\udd39 12+ Jahre als Top-Exporteur von Umh\u00e4ngetaschen aus China<br \/>\n\ud83d\udd39 Kostenloses 3D-Tech-Pack-Design mit Ihrem Branding<br \/>\n\ud83d\udd39 OEKO-Tex\/SGS-zertifizierte Materialien<br \/>\n\ud83d\udd39 30%-Rabatt f\u00fcr Anbieter von Kuriertaschen bei mehr als 3.000 Einheiten<\/p>\n<p>Fordern Sie kostenlose Muster unserer wasserfesten Umh\u00e4ngetaschen an oder holen Sie sich sofort ein Angebot ein. Messenger Bag Lieferanten genie\u00dfen:<br \/>\n- Kundenspezifische MOQ ab 30 St\u00fcck<br \/>\n- Chargenspezifische Abriebpr\u00fcfberichte<br \/>\n- Vorrangige Zuteilung von Luftfracht<\/p>\n<\/div>\n<\/div>\n<\/div>\n<\/div>","protected":false},"excerpt":{"rendered":"<h2 data-immersive-translate-walked=\"344be1c1-5052-41eb-8fcd-0dbe236a0d6b\" data-immersive-translate-paragraph=\"1\">Strapazierf\u00e4hige, wasserfeste Umh\u00e4ngetasche<\/h2>\n<p><strong>1. Mehrzweck-Fahrrad-Lenkertasche\u00a0<\/strong>- Mehrzweck-Lenkertasche mit verstellbarem Gurt kann auch als Fahrrad Oberrohr Tasche, Umh\u00e4ngetasche, H\u00fcfttasche und Kuriertasche verwendet werden. H\u00e4ngen Sie es am Lenker als sechstes Bild zeigt bitte.<\/p>\n<p><strong>2. 600D Polyester und wasserabweisende Materialien<\/strong>\u00a0- Hergestellt aus echtem 600D Polyester und einer wasserabweisenden PU-Innenschicht, ist dieser strapazierf\u00e4hige Rucksack kratzfest, abriebfest, farbecht, rostfrei und an allen Belastungspunkten verst\u00e4rkt.<\/p>\n<p><strong>3. Tasche mit MOLLE-System<\/strong>\u00a0- Diese erweiterbare Tasche hat MOLLE-Befestigungen auf der R\u00fcckseite, mit denen sie am Duty Utility Belt, Admin Bag, Rucks\u00e4cken, PALS Vest oder anderen MOLLE-kompatiblen Ausr\u00fcstungsgegenst\u00e4nden befestigt werden kann.<\/p>","protected":false},"featured_media":3592,"template":"","meta":{"_uag_custom_page_level_css":""},"product_brand":[],"product_cat":[65,48,64],"product_tag":[],"class_list":{"0":"post-3587","1":"product","2":"type-product","3":"status-publish","4":"has-post-thumbnail","6":"product_cat-messenger-bag","7":"product_cat-bike-bag","8":"product_cat-shoulder-bag","10":"first","11":"instock","12":"shipping-taxable","13":"product-type-simple"},"uagb_featured_image_src":{"full":["https:\/\/pecbag.com\/wp-content\/uploads\/2025\/05\/Durable-Water-Resistant-Shoulder-Bag-2.jpeg",1600,1600,false],"thumbnail":["https:\/\/pecbag.com\/wp-content\/uploads\/2025\/05\/Durable-Water-Resistant-Shoulder-Bag-2-150x150.jpeg",150,150,true],"medium":["https:\/\/pecbag.com\/wp-content\/uploads\/2025\/05\/Durable-Water-Resistant-Shoulder-Bag-2-300x300.jpeg",300,300,true],"medium_large":["https:\/\/pecbag.com\/wp-content\/uploads\/2025\/05\/Durable-Water-Resistant-Shoulder-Bag-2-768x768.jpeg",768,768,true],"large":["https:\/\/pecbag.com\/wp-content\/uploads\/2025\/05\/Durable-Water-Resistant-Shoulder-Bag-2-1024x1024.jpeg",800,800,true],"1536x1536":["https:\/\/pecbag.com\/wp-content\/uploads\/2025\/05\/Durable-Water-Resistant-Shoulder-Bag-2-1536x1536.jpeg",1536,1536,true],"2048x2048":["https:\/\/pecbag.com\/wp-content\/uploads\/2025\/05\/Durable-Water-Resistant-Shoulder-Bag-2.jpeg",1600,1600,false],"trp-custom-language-flag":["https:\/\/pecbag.com\/wp-content\/uploads\/2025\/05\/Durable-Water-Resistant-Shoulder-Bag-2-12x12.jpeg",12,12,true],"woocommerce_thumbnail":["https:\/\/pecbag.com\/wp-content\/uploads\/2025\/05\/Durable-Water-Resistant-Shoulder-Bag-2-300x300.jpeg",300,300,true],"woocommerce_single":["https:\/\/pecbag.com\/wp-content\/uploads\/2025\/05\/Durable-Water-Resistant-Shoulder-Bag-2-600x600.jpeg",600,600,true],"woocommerce_gallery_thumbnail":["https:\/\/pecbag.com\/wp-content\/uploads\/2025\/05\/Durable-Water-Resistant-Shoulder-Bag-2-100x100.jpeg",100,100,true]},"uagb_author_info":{"display_name":"Lawrence","author_link":"https:\/\/pecbag.com\/de\/author\/"},"uagb_comment_info":0,"uagb_excerpt":"Durable Water Resistant Shoulder Bag 1. Multi-purpose Bike Handlebar Bag\u00a0- Multi-purpose handlebar bag with adjustable strap can also be used as bike top tube bag, shoulder bag, waist bag and messenger bag. Hang it on handlebar as sixth image shows please. 2. 600D Polyester and Water Resistant Materials\u00a0- Made of real 600D Polyester and inner&hellip;","_links":{"self":[{"href":"https:\/\/pecbag.com\/de\/wp-json\/wp\/v2\/product\/3587","targetHints":{"allow":["GET"]}}],"collection":[{"href":"https:\/\/pecbag.com\/de\/wp-json\/wp\/v2\/product"}],"about":[{"href":"https:\/\/pecbag.com\/de\/wp-json\/wp\/v2\/types\/product"}],"wp:featuredmedia":[{"embeddable":true,"href":"https:\/\/pecbag.com\/de\/wp-json\/wp\/v2\/media\/3592"}],"wp:attachment":[{"href":"https:\/\/pecbag.com\/de\/wp-json\/wp\/v2\/media?parent=3587"}],"wp:term":[{"taxonomy":"product_brand","embeddable":true,"href":"https:\/\/pecbag.com\/de\/wp-json\/wp\/v2\/product_brand?post=3587"},{"taxonomy":"product_cat","embeddable":true,"href":"https:\/\/pecbag.com\/de\/wp-json\/wp\/v2\/product_cat?post=3587"},{"taxonomy":"product_tag","embeddable":true,"href":"https:\/\/pecbag.com\/de\/wp-json\/wp\/v2\/product_tag?post=3587"}],"curies":[{"name":"wp","href":"https:\/\/api.w.org\/{rel}","templated":true}]}}