{"id":3594,"date":"2025-05-27T08:57:44","date_gmt":"2025-05-27T08:57:44","guid":{"rendered":"https:\/\/pecbag.com\/?post_type=product&#038;p=3594"},"modified":"2025-11-29T01:55:15","modified_gmt":"2025-11-29T01:55:15","slug":"new-design-multi-functional-messenger-bag","status":"publish","type":"product","link":"https:\/\/pecbag.com\/de\/new-design-multi-functional-messenger-bag\/","title":{"rendered":"Neue Design-Multifunktions-Messenger-Tasche"},"content":{"rendered":"<h5 title=\"Faltbare Hundetasche Atmungsaktives Mesh Haustier Umh\u00e4ngetasche f\u00fcr kleine Haustier Hund Katzen\" data-immersive-translate-walked=\"1c928421-2e42-4cd3-8754-5404553c0af5\" data-immersive-translate-paragraph=\"1\" data-spm-anchor-id=\"a2700.details.0.i35.4f6757d4w4zNZA\">Neues Design Multifunktionale Messenger Bags | Wasserdichte Tasche Fabrik &amp; Rucksack Hersteller - Bulk Corporate Solutions<\/h5>\n<div class=\"flex flex-grow flex-col max-w-full\">\n<div class=\"min-h-[20px] text-message flex w-full flex-col items-end gap-2 whitespace-pre-wrap break-words [.text-message+&amp;]:mt-5 overflow-x-auto\" dir=\"auto\" data-message-author-role=\"assistant\" data-message-id=\"3d7d46f6-7ec2-4222-9257-48fa0bba23c6\" data-suggestions=\"true\">\n<div class=\"flex w-full flex-col gap-1 empty:hidden first:pt-[3px]\">\n<div class=\"markdown prose w-full break-words dark:prose-invert light\">\n<table width=\"288\">\n<tbody>\n<tr>\n<td width=\"137\"><span style=\"color: #333333;\">Produkte Name<\/span><\/td>\n<td width=\"151\">Kuriertasche<\/td>\n<\/tr>\n<tr>\n<td><span style=\"color: #333333;\">Artikel Nr.<\/span><\/td>\n<td><span style=\"color: #333333;\">PB-2079<\/span><\/td>\n<\/tr>\n<tr>\n<td><span style=\"color: #333333;\">Material<\/span><\/td>\n<td>Plane<\/td>\n<\/tr>\n<tr>\n<td><span style=\"color: #333333;\">Gr\u00f6\u00dfe<\/span><\/td>\n<td>13 x 7 x 25 cm<\/td>\n<\/tr>\n<tr>\n<td><span style=\"color: #333333;\">\u00a0Lieferfrist<\/span><\/td>\n<td><span style=\"color: #333333;\">1-5 Tage f\u00fcr kleine Mengen auf dem Luftweg und 30-35 Tage f\u00fcr gro\u00dfe Mengen auf dem Seeweg<\/span><\/td>\n<\/tr>\n<\/tbody>\n<\/table>\n<p>Als Chinas f\u00fchrender Hersteller von Umh\u00e4ngetaschen und wasserdichten Taschen entwickeln wir neue, multifunktionale Umh\u00e4ngetaschen f\u00fcr globale Gesch\u00e4ftsleute. Unsere Kuriertasche Unternehmen bietet:<\/p>\n<p>\u2705 <strong>Wasserdichte Konstruktion nach IPX5<\/strong> (600D recyceltes Polyester + verschwei\u00dfte N\u00e4hte)<br \/>\n\u2705 <strong>Wandelbare Designs<\/strong> (Rucksack\/Schulter\/Messenger-Modi)<br \/>\n\u2705 <strong>OEM\/ODM-Dienstleistungen<\/strong> f\u00fcr <strong>Eigenmarken-Kuriertaschen<\/strong><br \/>\n\u2705 <strong>Massenproduktion von Umh\u00e4ngetaschen<\/strong> mit 10-Tage-Lieferung<\/p>\n<p>Vertraut von Kuriertaschen-Gro\u00dfh\u00e4ndlern und Fortune-500-Unternehmen. Wichtigste Merkmale:<br \/>\n- RFID-blockierende F\u00e4cher und versteckte Anti-Diebstahl-Taschen<br \/>\n- Abnehmbarer Technik-Organizer mit USB-Ladeanschluss<br \/>\n- Ergonomisches Airflow-R\u00fcckenteil und Gep\u00e4ckgurt<\/p>\n<p><strong>Warum unsere Kuriertaschenfabrik w\u00e4hlen<\/strong>:<br \/>\n\ud83d\udd39 15+ Jahre als Top-Exporteur von Umh\u00e4ngetaschen aus China<br \/>\n\ud83d\udd39 Kostenloses 3D-Design mit Ihrem Logo\/Farbschema<br \/>\n\ud83d\udd39 OEKO-Tex\/SGS-zertifizierte nachhaltige Materialien<br \/>\n\ud83d\udd39 25%-Rabatt f\u00fcr Anbieter von Kuriertaschen ab 2.500 St\u00fcck<\/p>\n<p>Fordern Sie kostenlose Muster unserer multifunktionalen Kuriertaschen an oder holen Sie sich sofort ein Angebot ein. Lieferanten von Kuriertaschen erhalten:<br \/>\n- Kundenspezifisches MOQ<br \/>\n- Chargenspezifische Abriebpr\u00fcfberichte<br \/>\n- Vorrangige Zuteilung von Luft-\/Seefracht<\/p>\n<\/div>\n<\/div>\n<\/div>\n<\/div>","protected":false},"excerpt":{"rendered":"<h2 data-immersive-translate-walked=\"344be1c1-5052-41eb-8fcd-0dbe236a0d6b\" data-immersive-translate-paragraph=\"1\">Neue Design-Multifunktions-Messenger-Tasche<\/h2>\n<div class=\"sliderTable mt10 mb10 sliderTable-index0\">\n<div class=\"inner\">\n<p><strong>1. Gro\u00dfer Stauraum:\u00a0<\/strong>Die Haupttasche hat ein eingebautes Rei\u00dfverschlussfach zur bequemen Aufbewahrung von Gegenst\u00e4nden. Und die vordere Rei\u00dfverschlusstasche ist bequemer, um Dinge zu bekommen, die t\u00e4gliche Reise Bed\u00fcrfnisse zu erf\u00fcllen.<\/p>\n<p><strong>2. Wasserdicht:<\/strong>\u00a0Wasserabweisendes Gewebe mit laminiertem wasserdichtem Rei\u00dfverschluss kann Regenspritzer effektiv abhalten. Ausgezeichnete Materialien k\u00f6nnen eine sichere Umgebung f\u00fcr Ihre Artikel an regnerischen Tagen bieten.<\/p>\n<p><strong>3. Einfaches Wechseln der Szene:<\/strong> Kann als Fronttasche und als Dreieckstasche mit Kreuzrahmen verwendet werden. Abnehmbare Schultergurte werden mitgeliefert, die jederzeit und \u00fcberall zu Kuriertaschen, Brusttaschen, Handtaschen und H\u00fcfttaschen umfunktioniert werden k\u00f6nnen.<\/p>\n<\/div>\n<\/div>","protected":false},"featured_media":3595,"template":"","meta":{"_uag_custom_page_level_css":""},"product_brand":[],"product_cat":[65,48,62],"product_tag":[],"class_list":{"0":"post-3594","1":"product","2":"type-product","3":"status-publish","4":"has-post-thumbnail","6":"product_cat-messenger-bag","7":"product_cat-bike-bag","8":"product_cat-crossbody-bags","10":"first","11":"instock","12":"shipping-taxable","13":"product-type-simple"},"uagb_featured_image_src":{"full":["https:\/\/pecbag.com\/wp-content\/uploads\/2025\/05\/New-Design-Multi-functional-Messenger-Bag-3.jpeg",1000,1000,false],"thumbnail":["https:\/\/pecbag.com\/wp-content\/uploads\/2025\/05\/New-Design-Multi-functional-Messenger-Bag-3-150x150.jpeg",150,150,true],"medium":["https:\/\/pecbag.com\/wp-content\/uploads\/2025\/05\/New-Design-Multi-functional-Messenger-Bag-3-300x300.jpeg",300,300,true],"medium_large":["https:\/\/pecbag.com\/wp-content\/uploads\/2025\/05\/New-Design-Multi-functional-Messenger-Bag-3-768x768.jpeg",768,768,true],"large":["https:\/\/pecbag.com\/wp-content\/uploads\/2025\/05\/New-Design-Multi-functional-Messenger-Bag-3.jpeg",800,800,false],"1536x1536":["https:\/\/pecbag.com\/wp-content\/uploads\/2025\/05\/New-Design-Multi-functional-Messenger-Bag-3.jpeg",1000,1000,false],"2048x2048":["https:\/\/pecbag.com\/wp-content\/uploads\/2025\/05\/New-Design-Multi-functional-Messenger-Bag-3.jpeg",1000,1000,false],"trp-custom-language-flag":["https:\/\/pecbag.com\/wp-content\/uploads\/2025\/05\/New-Design-Multi-functional-Messenger-Bag-3-12x12.jpeg",12,12,true],"woocommerce_thumbnail":["https:\/\/pecbag.com\/wp-content\/uploads\/2025\/05\/New-Design-Multi-functional-Messenger-Bag-3-300x300.jpeg",300,300,true],"woocommerce_single":["https:\/\/pecbag.com\/wp-content\/uploads\/2025\/05\/New-Design-Multi-functional-Messenger-Bag-3-600x600.jpeg",600,600,true],"woocommerce_gallery_thumbnail":["https:\/\/pecbag.com\/wp-content\/uploads\/2025\/05\/New-Design-Multi-functional-Messenger-Bag-3-100x100.jpeg",100,100,true]},"uagb_author_info":{"display_name":"Lawrence","author_link":"https:\/\/pecbag.com\/de\/author\/"},"uagb_comment_info":0,"uagb_excerpt":"New Design Multi-functional Messenger Bag 1. Large Storage Space:\u00a0The main pocket has a built-in zipper compartment for convenient storage of items. And the front zipper pocket is more convenient to get things, meeting daily travel needs. 2. Waterproof:\u00a0Water-resistant fabric, with laminated waterproof zipper, can effectively block rain splashes. Excellent materials can provide a safe environment&hellip;","_links":{"self":[{"href":"https:\/\/pecbag.com\/de\/wp-json\/wp\/v2\/product\/3594","targetHints":{"allow":["GET"]}}],"collection":[{"href":"https:\/\/pecbag.com\/de\/wp-json\/wp\/v2\/product"}],"about":[{"href":"https:\/\/pecbag.com\/de\/wp-json\/wp\/v2\/types\/product"}],"wp:featuredmedia":[{"embeddable":true,"href":"https:\/\/pecbag.com\/de\/wp-json\/wp\/v2\/media\/3595"}],"wp:attachment":[{"href":"https:\/\/pecbag.com\/de\/wp-json\/wp\/v2\/media?parent=3594"}],"wp:term":[{"taxonomy":"product_brand","embeddable":true,"href":"https:\/\/pecbag.com\/de\/wp-json\/wp\/v2\/product_brand?post=3594"},{"taxonomy":"product_cat","embeddable":true,"href":"https:\/\/pecbag.com\/de\/wp-json\/wp\/v2\/product_cat?post=3594"},{"taxonomy":"product_tag","embeddable":true,"href":"https:\/\/pecbag.com\/de\/wp-json\/wp\/v2\/product_tag?post=3594"}],"curies":[{"name":"wp","href":"https:\/\/api.w.org\/{rel}","templated":true}]}}