{"id":3618,"date":"2025-05-27T09:15:00","date_gmt":"2025-05-27T09:15:00","guid":{"rendered":"https:\/\/pecbag.com\/?post_type=product&#038;p=3618"},"modified":"2025-11-29T01:54:58","modified_gmt":"2025-11-29T01:54:58","slug":"laptop-business-messenger-bag","status":"publish","type":"product","link":"https:\/\/pecbag.com\/de\/laptop-business-messenger-bag\/","title":{"rendered":"Laptop Business Messenger Bag"},"content":{"rendered":"<h5 title=\"Faltbare Hundetasche Atmungsaktives Mesh Haustier Umh\u00e4ngetasche f\u00fcr kleine Haustier Hund Katzen\" data-immersive-translate-walked=\"1c928421-2e42-4cd3-8754-5404553c0af5\" data-immersive-translate-paragraph=\"1\" data-spm-anchor-id=\"a2700.details.0.i35.4f6757d4w4zNZA\">Laptop Business Messenger Bags | Waterproof Bag Factory &amp; Backpack Hersteller - Bulk Corporate Solutions<\/h5>\n<div class=\"flex flex-grow flex-col max-w-full\">\n<div class=\"min-h-[20px] text-message flex w-full flex-col items-end gap-2 whitespace-pre-wrap break-words [.text-message+&amp;]:mt-5 overflow-x-auto\" dir=\"auto\" data-message-author-role=\"assistant\" data-message-id=\"3d7d46f6-7ec2-4222-9257-48fa0bba23c6\" data-suggestions=\"true\">\n<div class=\"flex w-full flex-col gap-1 empty:hidden first:pt-[3px]\">\n<div class=\"markdown prose w-full break-words dark:prose-invert light\">\n<table width=\"288\">\n<tbody>\n<tr>\n<td width=\"137\"><span style=\"color: #333333;\">Produkte Name<\/span><\/td>\n<td width=\"151\">Kuriertasche<\/td>\n<\/tr>\n<tr>\n<td><span style=\"color: #333333;\">Artikel Nr.<\/span><\/td>\n<td><span style=\"color: #333333;\">PB-2081<\/span><\/td>\n<\/tr>\n<tr>\n<td><span style=\"color: #333333;\">Material<\/span><\/td>\n<td>600D Polyester<\/td>\n<\/tr>\n<tr>\n<td><span style=\"color: #333333;\">Gr\u00f6\u00dfe<\/span><\/td>\n<td>17 x 6,3 x 13,4 Zoll<\/td>\n<\/tr>\n<tr>\n<td><span style=\"color: #333333;\">\u00a0Lieferfrist<\/span><\/td>\n<td><span style=\"color: #333333;\">1-5 Tage f\u00fcr kleine Mengen auf dem Luftweg und 30-35 Tage f\u00fcr gro\u00dfe Mengen auf dem Seeweg<\/span><\/td>\n<\/tr>\n<\/tbody>\n<\/table>\n<p>Als Chinas f\u00fchrender Hersteller von Umh\u00e4ngetaschen und wasserdichten Taschen stellen wir professionelle Laptop-Business-Umh\u00e4ngetaschen f\u00fcr globale Unternehmen her. Unsere Kuriertasche Unternehmen bietet:<\/p>\n<p>\u2705 <strong>Wasserdichter IPX5-Schutz<\/strong> (600D Polyester + verschwei\u00dfte N\u00e4hte)<br \/>\n\u2705 <strong>Laptop-Fach f\u00fcr bis zu 17\u2033<\/strong> mit Anti-Schock-Polsterung<br \/>\n\u2705 <strong>OEM\/ODM-Dienstleistungen<\/strong> f\u00fcr <strong>Eigenmarken-Kuriertaschen<\/strong><br \/>\n\u2705 <strong>Massenproduktion von Umh\u00e4ngetaschen<\/strong> mit 10-Tage-Lieferung<\/p>\n<p>Vertraut von Kuriertaschen-Gro\u00dfh\u00e4ndlern und Fortune-500-Unternehmen. Wichtigste Merkmale:<br \/>\n- RFID-blockierende Taschen und versteckte Anti-Diebstahl-Rei\u00dfverschl\u00fcsse<br \/>\n- Abnehmbarer Schultergurt und Tasche f\u00fcr Gep\u00e4ckwagen<br \/>\n- Schnell zug\u00e4nglicher technischer Organizer mit USB-Anschluss<\/p>\n<p><strong>Warum unsere Kuriertaschenfabrik w\u00e4hlen<\/strong>:<br \/>\n\ud83d\udd39 15+ Jahre als Top-Exporteur von Umh\u00e4ngetaschen aus China<br \/>\n\ud83d\udd39 Kostenloses 3D-Design mit Ihrem Corporate Branding<br \/>\n\ud83d\udd39 OEKO-Tex zertifizierte &amp; abriebfeste Materialien<br \/>\n\ud83d\udd39 25%-Rabatt f\u00fcr Anbieter von Kuriertaschen ab 2.500 St\u00fcck<\/p>\n<p>Fordern Sie kostenlose Muster unserer Business-Messenger-Taschen an oder holen Sie sich sofort ein Angebot ein. Lieferanten von Kuriertaschen genie\u00dfen:<br \/>\n- Kundenspezifisches MOQ<br \/>\n- Chargenspezifische Qualit\u00e4tszertifikate<br \/>\n- Vorrangige Luft-\/Seefrachtoptionen<\/p>\n<\/div>\n<\/div>\n<\/div>\n<\/div>","protected":false},"excerpt":{"rendered":"<h2 data-immersive-translate-walked=\"344be1c1-5052-41eb-8fcd-0dbe236a0d6b\" data-immersive-translate-paragraph=\"1\">Laptop Business Messenger Bag<\/h2>\n<div class=\"sliderTable mt10 mb10 sliderTable-index0\">\n<div class=\"inner\">\n<p>Das Multi-Pocket-Design, um alles zu organisieren, was Sie f\u00fcr die Arbeit oder die Schule brauchen.<\/p>\n<p>Das vordere Rei\u00dfverschlussfach mit 3 offenen Taschen bietet Platz f\u00fcr Ipad, Brieftasche, Notebook usw. Die 3 Au\u00dfentaschen bieten Platz f\u00fcr Handys, Ladeger\u00e4te, Powerbanks, Kopfh\u00f6rer, eine Maus oder andere kleine Gegenst\u00e4nde.<\/p>\n<\/div>\n<\/div>","protected":false},"featured_media":3623,"template":"","meta":{"_uag_custom_page_level_css":""},"product_brand":[],"product_cat":[65,64],"product_tag":[],"class_list":{"0":"post-3618","1":"product","2":"type-product","3":"status-publish","4":"has-post-thumbnail","6":"product_cat-messenger-bag","7":"product_cat-shoulder-bag","9":"first","10":"instock","11":"shipping-taxable","12":"product-type-simple"},"uagb_featured_image_src":{"full":["https:\/\/pecbag.com\/wp-content\/uploads\/2025\/05\/Laptop-Business-Messenger-Bag-2.jpeg",800,800,false],"thumbnail":["https:\/\/pecbag.com\/wp-content\/uploads\/2025\/05\/Laptop-Business-Messenger-Bag-2-150x150.jpeg",150,150,true],"medium":["https:\/\/pecbag.com\/wp-content\/uploads\/2025\/05\/Laptop-Business-Messenger-Bag-2-300x300.jpeg",300,300,true],"medium_large":["https:\/\/pecbag.com\/wp-content\/uploads\/2025\/05\/Laptop-Business-Messenger-Bag-2-768x768.jpeg",768,768,true],"large":["https:\/\/pecbag.com\/wp-content\/uploads\/2025\/05\/Laptop-Business-Messenger-Bag-2.jpeg",800,800,false],"1536x1536":["https:\/\/pecbag.com\/wp-content\/uploads\/2025\/05\/Laptop-Business-Messenger-Bag-2.jpeg",800,800,false],"2048x2048":["https:\/\/pecbag.com\/wp-content\/uploads\/2025\/05\/Laptop-Business-Messenger-Bag-2.jpeg",800,800,false],"trp-custom-language-flag":["https:\/\/pecbag.com\/wp-content\/uploads\/2025\/05\/Laptop-Business-Messenger-Bag-2-12x12.jpeg",12,12,true],"woocommerce_thumbnail":["https:\/\/pecbag.com\/wp-content\/uploads\/2025\/05\/Laptop-Business-Messenger-Bag-2-300x300.jpeg",300,300,true],"woocommerce_single":["https:\/\/pecbag.com\/wp-content\/uploads\/2025\/05\/Laptop-Business-Messenger-Bag-2-600x600.jpeg",600,600,true],"woocommerce_gallery_thumbnail":["https:\/\/pecbag.com\/wp-content\/uploads\/2025\/05\/Laptop-Business-Messenger-Bag-2-100x100.jpeg",100,100,true]},"uagb_author_info":{"display_name":"Lawrence","author_link":"https:\/\/pecbag.com\/de\/author\/"},"uagb_comment_info":0,"uagb_excerpt":"Laptop Business Messenger Bag The multi-pocket design to organized everything you need for work or school. The front zipper compartment with 3 open pockets to hold Ipad, wallet, notebook etc. While the 3 exterior pockets hold cell phones, chargers, power banks, earphones, and a mouse or other small items.","_links":{"self":[{"href":"https:\/\/pecbag.com\/de\/wp-json\/wp\/v2\/product\/3618","targetHints":{"allow":["GET"]}}],"collection":[{"href":"https:\/\/pecbag.com\/de\/wp-json\/wp\/v2\/product"}],"about":[{"href":"https:\/\/pecbag.com\/de\/wp-json\/wp\/v2\/types\/product"}],"wp:featuredmedia":[{"embeddable":true,"href":"https:\/\/pecbag.com\/de\/wp-json\/wp\/v2\/media\/3623"}],"wp:attachment":[{"href":"https:\/\/pecbag.com\/de\/wp-json\/wp\/v2\/media?parent=3618"}],"wp:term":[{"taxonomy":"product_brand","embeddable":true,"href":"https:\/\/pecbag.com\/de\/wp-json\/wp\/v2\/product_brand?post=3618"},{"taxonomy":"product_cat","embeddable":true,"href":"https:\/\/pecbag.com\/de\/wp-json\/wp\/v2\/product_cat?post=3618"},{"taxonomy":"product_tag","embeddable":true,"href":"https:\/\/pecbag.com\/de\/wp-json\/wp\/v2\/product_tag?post=3618"}],"curies":[{"name":"wp","href":"https:\/\/api.w.org\/{rel}","templated":true}]}}