{"id":3660,"date":"2025-05-27T10:03:22","date_gmt":"2025-05-27T10:03:22","guid":{"rendered":"https:\/\/pecbag.com\/?post_type=product&#038;p=3660"},"modified":"2025-11-29T01:54:51","modified_gmt":"2025-11-29T01:54:51","slug":"hot-selling-premium-ski-boot-bag","status":"publish","type":"product","link":"https:\/\/pecbag.com\/de\/hot-selling-premium-ski-boot-bag\/","title":{"rendered":"Hot Selling Premium Skischuh Tasche"},"content":{"rendered":"<h5 title=\"Faltbare Hundetasche Atmungsaktives Mesh Haustier Umh\u00e4ngetasche f\u00fcr kleine Haustier Hund Katzen\" data-immersive-translate-walked=\"1c928421-2e42-4cd3-8754-5404553c0af5\" data-immersive-translate-paragraph=\"1\" data-spm-anchor-id=\"a2700.details.0.i35.4f6757d4w4zNZA\">Hot Selling Premium Ski Boot Bags | Waterproof Bag Factory &amp; Backpack Manufacturer - Bulk Winter Solutions<\/h5>\n<div class=\"flex flex-grow flex-col max-w-full\">\n<div class=\"min-h-[20px] text-message flex w-full flex-col items-end gap-2 whitespace-pre-wrap break-words [.text-message+&amp;]:mt-5 overflow-x-auto\" dir=\"auto\" data-message-author-role=\"assistant\" data-message-id=\"3d7d46f6-7ec2-4222-9257-48fa0bba23c6\" data-suggestions=\"true\">\n<div class=\"flex w-full flex-col gap-1 empty:hidden first:pt-[3px]\">\n<div class=\"markdown prose w-full break-words dark:prose-invert light\">\n<table width=\"288\">\n<tbody>\n<tr>\n<td width=\"137\"><span style=\"color: #333333;\">Produkte Name<\/span><\/td>\n<td width=\"151\">Skisack<\/td>\n<\/tr>\n<tr>\n<td><span style=\"color: #333333;\">Artikel Nr.<\/span><\/td>\n<td><span style=\"color: #333333;\">PB-2083<\/span><\/td>\n<\/tr>\n<tr>\n<td><span style=\"color: #333333;\">Material<\/span><\/td>\n<td>1680D Polyester<\/td>\n<\/tr>\n<tr>\n<td><span style=\"color: #333333;\">Gr\u00f6\u00dfe<\/span><\/td>\n<td>32*30*51 cm<\/td>\n<\/tr>\n<tr>\n<td><span style=\"color: #333333;\">\u00a0Lieferfrist<\/span><\/td>\n<td><span style=\"color: #333333;\">1-5 Tage f\u00fcr kleine Mengen auf dem Luftweg und 30-35 Tage f\u00fcr gro\u00dfe Mengen auf dem Seeweg<\/span><\/td>\n<\/tr>\n<\/tbody>\n<\/table>\n<p>Als Chinas f\u00fchrender Hersteller von Skis\u00e4cken und wasserdichten Taschen produzieren wir erstklassige, hei\u00df begehrte Premium-Skischuhtaschen f\u00fcr globale Wintersportmarken. Unser Skisack Unternehmen bietet:<\/p>\n<p>\u2705 <strong>Wasserdichtes IPX6-Design<\/strong> (600D Polyester + verschwei\u00dfte N\u00e4hte)<br \/>\n\u2705 <strong>42L \u00fcbergro\u00dfes Fassungsverm\u00f6gen<\/strong> mit verst\u00e4rkten Tragegriffen (MOQ 50St\u00fcck)<br \/>\n\u2705 <strong>OEM\/ODM-Dienstleistungen<\/strong> f\u00fcr Skis\u00e4cke der Eigenmarke<br \/>\n\u2705 <strong>Herstellung von Skis\u00e4cken in loser Sch\u00fcttung<\/strong> mit 10-t\u00e4giger Schnelllieferung<\/p>\n<p>Das Vertrauen von Skisack-Gro\u00dfh\u00e4ndlern und Skigebieten weltweit. Wichtigste Merkmale:<br \/>\n- Thermofutter (-30\u00b0C) und bel\u00fcftete Kofferraumabteile<br \/>\n- Gepolsterter Schultergurt und Snowboard-Befestigungspunkte<br \/>\n- Tasche f\u00fcr RFID-Gep\u00e4ckanh\u00e4nger und TSA-zugelassene Schl\u00f6sser<\/p>\n<p><strong>Warum unsere Skisackfabrik w\u00e4hlen<\/strong>:<br \/>\n\ud83d\udd39 10+ Jahre als Top-Skisack-Exporteur aus China<br \/>\n\ud83d\udd39 Kostenloses 3D-Design mit dem Branding Ihres Berggebiets<br \/>\n\ud83d\udd39 OEKO-Tex\/SGS-zertifizierte k\u00e4ltebest\u00e4ndige Materialien<br \/>\n\ud83d\udd39 25%-Rabatt f\u00fcr Skisack-Verk\u00e4ufer ab 2.500 St\u00fcck<\/p>\n<p>Fordern Sie kostenlose Muster unserer hochwertigen Skischuhtaschen an oder holen Sie sich sofort ein Angebot ein. Skisack Lieferanten genie\u00dfen:<br \/>\n- Kundenspezifische MOQ ab 30 St\u00fcck<br \/>\n- Chargenspezifische K\u00e4ltekammer-Pr\u00fcfberichte<br \/>\n- Vorrangige Zuteilung von Luftfracht<\/p>\n<\/div>\n<\/div>\n<\/div>\n<\/div>","protected":false},"excerpt":{"rendered":"<h2 data-immersive-translate-walked=\"344be1c1-5052-41eb-8fcd-0dbe236a0d6b\" data-immersive-translate-paragraph=\"1\">Hot Selling Premium Skischuh Tasche<\/h2>\n<p>Wir bieten Premium-Taschen mit individueller Gr\u00f6\u00dfen- und Farbgestaltung, langlebigen Stoffen und zertifizierter Qualit\u00e4t.<\/p>\n<p>Genie\u00dfen Sie flexible MOQs, schnellen weltweiten Versand und Private-Label-L\u00f6sungen.<\/p>\n<p>Kontaktieren Sie uns noch heute!<\/p>","protected":false},"featured_media":3665,"template":"","meta":{"_uag_custom_page_level_css":""},"product_brand":[],"product_cat":[59,60,67,68,66],"product_tag":[],"class_list":{"0":"post-3660","1":"product","2":"type-product","3":"status-publish","4":"has-post-thumbnail","6":"product_cat-ski-bag","7":"product_cat-backpack","8":"product_cat-sports-bag","9":"product_cat-travel-bag","10":"product_cat-waterproof-bag","12":"first","13":"instock","14":"shipping-taxable","15":"product-type-simple"},"uagb_featured_image_src":{"full":["https:\/\/pecbag.com\/wp-content\/uploads\/2025\/05\/Hot-Selling-Premium-Ski-Boot-Bag-5.jpeg",679,828,false],"thumbnail":["https:\/\/pecbag.com\/wp-content\/uploads\/2025\/05\/Hot-Selling-Premium-Ski-Boot-Bag-5-150x150.jpeg",150,150,true],"medium":["https:\/\/pecbag.com\/wp-content\/uploads\/2025\/05\/Hot-Selling-Premium-Ski-Boot-Bag-5-246x300.jpeg",246,300,true],"medium_large":["https:\/\/pecbag.com\/wp-content\/uploads\/2025\/05\/Hot-Selling-Premium-Ski-Boot-Bag-5.jpeg",679,828,false],"large":["https:\/\/pecbag.com\/wp-content\/uploads\/2025\/05\/Hot-Selling-Premium-Ski-Boot-Bag-5.jpeg",679,828,false],"1536x1536":["https:\/\/pecbag.com\/wp-content\/uploads\/2025\/05\/Hot-Selling-Premium-Ski-Boot-Bag-5.jpeg",679,828,false],"2048x2048":["https:\/\/pecbag.com\/wp-content\/uploads\/2025\/05\/Hot-Selling-Premium-Ski-Boot-Bag-5.jpeg",679,828,false],"trp-custom-language-flag":["https:\/\/pecbag.com\/wp-content\/uploads\/2025\/05\/Hot-Selling-Premium-Ski-Boot-Bag-5-10x12.jpeg",10,12,true],"woocommerce_thumbnail":["https:\/\/pecbag.com\/wp-content\/uploads\/2025\/05\/Hot-Selling-Premium-Ski-Boot-Bag-5-300x300.jpeg",300,300,true],"woocommerce_single":["https:\/\/pecbag.com\/wp-content\/uploads\/2025\/05\/Hot-Selling-Premium-Ski-Boot-Bag-5-600x732.jpeg",600,732,true],"woocommerce_gallery_thumbnail":["https:\/\/pecbag.com\/wp-content\/uploads\/2025\/05\/Hot-Selling-Premium-Ski-Boot-Bag-5-100x100.jpeg",100,100,true]},"uagb_author_info":{"display_name":"Lawrence","author_link":"https:\/\/pecbag.com\/de\/author\/"},"uagb_comment_info":0,"uagb_excerpt":"Hot Selling Premium Ski Boot Bag We provide premium bags with full-size and color customization, durable fabrics, and certified quality. Enjoy flexible MOQs, fast global shipping, and private label solutions. Contact us today!","_links":{"self":[{"href":"https:\/\/pecbag.com\/de\/wp-json\/wp\/v2\/product\/3660","targetHints":{"allow":["GET"]}}],"collection":[{"href":"https:\/\/pecbag.com\/de\/wp-json\/wp\/v2\/product"}],"about":[{"href":"https:\/\/pecbag.com\/de\/wp-json\/wp\/v2\/types\/product"}],"wp:featuredmedia":[{"embeddable":true,"href":"https:\/\/pecbag.com\/de\/wp-json\/wp\/v2\/media\/3665"}],"wp:attachment":[{"href":"https:\/\/pecbag.com\/de\/wp-json\/wp\/v2\/media?parent=3660"}],"wp:term":[{"taxonomy":"product_brand","embeddable":true,"href":"https:\/\/pecbag.com\/de\/wp-json\/wp\/v2\/product_brand?post=3660"},{"taxonomy":"product_cat","embeddable":true,"href":"https:\/\/pecbag.com\/de\/wp-json\/wp\/v2\/product_cat?post=3660"},{"taxonomy":"product_tag","embeddable":true,"href":"https:\/\/pecbag.com\/de\/wp-json\/wp\/v2\/product_tag?post=3660"}],"curies":[{"name":"wp","href":"https:\/\/api.w.org\/{rel}","templated":true}]}}