{"id":3728,"date":"2025-05-28T01:43:46","date_gmt":"2025-05-28T01:43:46","guid":{"rendered":"https:\/\/pecbag.com\/?post_type=product&#038;p=3728"},"modified":"2025-11-29T01:53:59","modified_gmt":"2025-11-29T01:53:59","slug":"lightweight-boot-bag-snowboard-bag","status":"publish","type":"product","link":"https:\/\/pecbag.com\/de\/lightweight-boot-bag-snowboard-bag\/","title":{"rendered":"Leichte Boot Bag Snowboardtasche"},"content":{"rendered":"<h5 title=\"Faltbare Hundetasche Atmungsaktives Mesh Haustier Umh\u00e4ngetasche f\u00fcr kleine Haustier Hund Katzen\" data-immersive-translate-walked=\"1c928421-2e42-4cd3-8754-5404553c0af5\" data-immersive-translate-paragraph=\"1\" data-spm-anchor-id=\"a2700.details.0.i35.4f6757d4w4zNZA\">Lightweight Boot Bag Snowboard Bags | Waterproof Bag Factory &amp; Backpack Manufacturer - Bulk Winter Solutions<\/h5>\n<div class=\"flex flex-grow flex-col max-w-full\">\n<div class=\"min-h-[20px] text-message flex w-full flex-col items-end gap-2 whitespace-pre-wrap break-words [.text-message+&amp;]:mt-5 overflow-x-auto\" dir=\"auto\" data-message-author-role=\"assistant\" data-message-id=\"3d7d46f6-7ec2-4222-9257-48fa0bba23c6\" data-suggestions=\"true\">\n<div class=\"flex w-full flex-col gap-1 empty:hidden first:pt-[3px]\">\n<div class=\"markdown prose w-full break-words dark:prose-invert light\">\n<table width=\"288\">\n<tbody>\n<tr>\n<td width=\"137\"><span style=\"color: #333333;\">Produkte Name<\/span><\/td>\n<td width=\"151\">Skisack<\/td>\n<\/tr>\n<tr>\n<td><span style=\"color: #333333;\">Artikel Nr.<\/span><\/td>\n<td><span style=\"color: #333333;\">PB-2086<\/span><\/td>\n<\/tr>\n<tr>\n<td><span style=\"color: #333333;\">Material<\/span><\/td>\n<td>Polyester<\/td>\n<\/tr>\n<tr>\n<td><span style=\"color: #333333;\">Gr\u00f6\u00dfe<\/span><\/td>\n<td>190 cm<\/td>\n<\/tr>\n<tr>\n<td><span style=\"color: #333333;\">\u00a0Lieferfrist<\/span><\/td>\n<td><span style=\"color: #333333;\">1-5 Tage f\u00fcr kleine Mengen auf dem Luftweg und 30-35 Tage f\u00fcr gro\u00dfe Mengen auf dem Seeweg<\/span><\/td>\n<\/tr>\n<\/tbody>\n<\/table>\n<p>Als Chinas f\u00fchrender Hersteller von Skis\u00e4cken und wasserdichten Taschen stellen wir ultraleichte, leichte Skischuhtaschen und Snowboardtaschen f\u00fcr globale Wintersportmarken her. Unser Skisack Unternehmen bietet:<\/p>\n<p>\u2705 <strong>1.8lbs Leergewicht<\/strong> (420D Ripstop-Nylon) mit IPX6 Wasserdichtigkeit<br \/>\n\u2705 <strong>Zweifach verwendbare Konstruktion<\/strong> f\u00fcr Boots und Boards bis zu 165cm (MOQ 50pcs)<br \/>\n\u2705 <strong>OEM\/ODM-Dienstleistungen<\/strong> f\u00fcr Skis\u00e4cke der Eigenmarke<br \/>\n\u2705 <strong>Herstellung von Skis\u00e4cken in loser Sch\u00fcttung<\/strong> mit 10-t\u00e4giger Schnelllieferung<\/p>\n<p>Das Vertrauen von Skisack-Gro\u00dfh\u00e4ndlern und Skigebieten weltweit. Wichtigste Merkmale:<br \/>\n- Bel\u00fcftete F\u00e4cher &amp; antimikrobielles Futter<br \/>\n- Gepolsterte Schultergurte und Snowboard-Kantenschutz<br \/>\n- RFID-Gep\u00e4ckanh\u00e4ngerschlitz und TSA-zugelassene Schl\u00f6sser<\/p>\n<p><strong>Warum unsere Skisackfabrik w\u00e4hlen<\/strong>:<br \/>\n\ud83d\udd39 12+ Jahre als Top-Skisack-Exporteur aus China<br \/>\n\ud83d\udd39 Kostenloses 3D-Design mit Ihrem alpinen Branding<br \/>\n\ud83d\udd39 OEKO-Tex\/SGS-zertifizierte umweltfreundliche Materialien<br \/>\n\ud83d\udd39 25%-Rabatt f\u00fcr Skisack-Verk\u00e4ufer ab 2.500 St\u00fcck<\/p>\n<p>Fordern Sie kostenlose Muster unserer leichten Snowboardtaschen an oder holen Sie sich sofort ein Angebot ein. Lieferanten von Skitaschen genie\u00dfen:<br \/>\n- Kundenspezifische MOQ ab 30 St\u00fcck<br \/>\n- Chargenspezifische Pr\u00fcfberichte zur K\u00e4ltebest\u00e4ndigkeit<br \/>\n- Vorrangige Zuteilung von Luftfracht<\/p>\n<\/div>\n<\/div>\n<\/div>\n<\/div>","protected":false},"excerpt":{"rendered":"<h2 data-immersive-translate-walked=\"344be1c1-5052-41eb-8fcd-0dbe236a0d6b\" data-immersive-translate-paragraph=\"1\">Leichte Boot Bag Snowboardtasche<\/h2>\n<p>Wir bieten Premium-Taschen mit individueller Gr\u00f6\u00dfen- und Farbgestaltung, langlebigen Stoffen und zertifizierter Qualit\u00e4t.<\/p>\n<p>Genie\u00dfen Sie flexible MOQs, schnellen weltweiten Versand und Private-Label-L\u00f6sungen.<\/p>\n<p>Kontaktieren Sie uns noch heute!<\/p>","protected":false},"featured_media":3729,"template":"","meta":{"_uag_custom_page_level_css":""},"product_brand":[],"product_cat":[59,67],"product_tag":[],"class_list":{"0":"post-3728","1":"product","2":"type-product","3":"status-publish","4":"has-post-thumbnail","6":"product_cat-ski-bag","7":"product_cat-sports-bag","9":"first","10":"instock","11":"shipping-taxable","12":"product-type-simple"},"uagb_featured_image_src":{"full":["https:\/\/pecbag.com\/wp-content\/uploads\/2025\/05\/Lightweight-Boot-Bag-Snowboard-Bag-5.jpeg",1000,1000,false],"thumbnail":["https:\/\/pecbag.com\/wp-content\/uploads\/2025\/05\/Lightweight-Boot-Bag-Snowboard-Bag-5-150x150.jpeg",150,150,true],"medium":["https:\/\/pecbag.com\/wp-content\/uploads\/2025\/05\/Lightweight-Boot-Bag-Snowboard-Bag-5-300x300.jpeg",300,300,true],"medium_large":["https:\/\/pecbag.com\/wp-content\/uploads\/2025\/05\/Lightweight-Boot-Bag-Snowboard-Bag-5-768x768.jpeg",768,768,true],"large":["https:\/\/pecbag.com\/wp-content\/uploads\/2025\/05\/Lightweight-Boot-Bag-Snowboard-Bag-5.jpeg",800,800,false],"1536x1536":["https:\/\/pecbag.com\/wp-content\/uploads\/2025\/05\/Lightweight-Boot-Bag-Snowboard-Bag-5.jpeg",1000,1000,false],"2048x2048":["https:\/\/pecbag.com\/wp-content\/uploads\/2025\/05\/Lightweight-Boot-Bag-Snowboard-Bag-5.jpeg",1000,1000,false],"trp-custom-language-flag":["https:\/\/pecbag.com\/wp-content\/uploads\/2025\/05\/Lightweight-Boot-Bag-Snowboard-Bag-5-12x12.jpeg",12,12,true],"woocommerce_thumbnail":["https:\/\/pecbag.com\/wp-content\/uploads\/2025\/05\/Lightweight-Boot-Bag-Snowboard-Bag-5-300x300.jpeg",300,300,true],"woocommerce_single":["https:\/\/pecbag.com\/wp-content\/uploads\/2025\/05\/Lightweight-Boot-Bag-Snowboard-Bag-5-600x600.jpeg",600,600,true],"woocommerce_gallery_thumbnail":["https:\/\/pecbag.com\/wp-content\/uploads\/2025\/05\/Lightweight-Boot-Bag-Snowboard-Bag-5-100x100.jpeg",100,100,true]},"uagb_author_info":{"display_name":"Lawrence","author_link":"https:\/\/pecbag.com\/de\/author\/"},"uagb_comment_info":0,"uagb_excerpt":"Lightweight Boot Bag Snowboard Bag We provide premium bags with full-size and color customization, durable fabrics, and certified quality. Enjoy flexible MOQs, fast global shipping, and private label solutions. Contact us today!","_links":{"self":[{"href":"https:\/\/pecbag.com\/de\/wp-json\/wp\/v2\/product\/3728","targetHints":{"allow":["GET"]}}],"collection":[{"href":"https:\/\/pecbag.com\/de\/wp-json\/wp\/v2\/product"}],"about":[{"href":"https:\/\/pecbag.com\/de\/wp-json\/wp\/v2\/types\/product"}],"wp:featuredmedia":[{"embeddable":true,"href":"https:\/\/pecbag.com\/de\/wp-json\/wp\/v2\/media\/3729"}],"wp:attachment":[{"href":"https:\/\/pecbag.com\/de\/wp-json\/wp\/v2\/media?parent=3728"}],"wp:term":[{"taxonomy":"product_brand","embeddable":true,"href":"https:\/\/pecbag.com\/de\/wp-json\/wp\/v2\/product_brand?post=3728"},{"taxonomy":"product_cat","embeddable":true,"href":"https:\/\/pecbag.com\/de\/wp-json\/wp\/v2\/product_cat?post=3728"},{"taxonomy":"product_tag","embeddable":true,"href":"https:\/\/pecbag.com\/de\/wp-json\/wp\/v2\/product_tag?post=3728"}],"curies":[{"name":"wp","href":"https:\/\/api.w.org\/{rel}","templated":true}]}}