{"id":3742,"date":"2025-05-28T02:13:32","date_gmt":"2025-05-28T02:13:32","guid":{"rendered":"https:\/\/pecbag.com\/?post_type=product&#038;p=3742"},"modified":"2025-11-29T01:53:40","modified_gmt":"2025-11-29T01:53:40","slug":"ski-snowboard-dual-storage","status":"publish","type":"product","link":"https:\/\/pecbag.com\/de\/ski-snowboard-dual-storage\/","title":{"rendered":"Doppelte Aufbewahrung f\u00fcr Ski und Snowboard"},"content":{"rendered":"<h5 title=\"Faltbare Hundetasche Atmungsaktives Mesh Haustier Umh\u00e4ngetasche f\u00fcr kleine Haustier Hund Katzen\" data-immersive-translate-walked=\"1c928421-2e42-4cd3-8754-5404553c0af5\" data-immersive-translate-paragraph=\"1\" data-spm-anchor-id=\"a2700.details.0.i35.4f6757d4w4zNZA\">Ski &amp; Snowboard Dual Storage Bags | Waterproof Bag Factory &amp; Backpack Manufacturer - Bulk Winter Solutions<\/h5>\n<div class=\"flex flex-grow flex-col max-w-full\">\n<div class=\"min-h-[20px] text-message flex w-full flex-col items-end gap-2 whitespace-pre-wrap break-words [.text-message+&amp;]:mt-5 overflow-x-auto\" dir=\"auto\" data-message-author-role=\"assistant\" data-message-id=\"3d7d46f6-7ec2-4222-9257-48fa0bba23c6\" data-suggestions=\"true\">\n<div class=\"flex w-full flex-col gap-1 empty:hidden first:pt-[3px]\">\n<div class=\"markdown prose w-full break-words dark:prose-invert light\">\n<table width=\"288\">\n<tbody>\n<tr>\n<td width=\"137\"><span style=\"color: #333333;\">Produkte Name<\/span><\/td>\n<td width=\"151\">Skisack<\/td>\n<\/tr>\n<tr>\n<td><span style=\"color: #333333;\">Artikel Nr.<\/span><\/td>\n<td><span style=\"color: #333333;\">PB-2088<\/span><\/td>\n<\/tr>\n<tr>\n<td><span style=\"color: #333333;\">Material<\/span><\/td>\n<td>Polyester<\/td>\n<\/tr>\n<tr>\n<td><span style=\"color: #333333;\">Gr\u00f6\u00dfe<\/span><\/td>\n<td>190 cm<\/td>\n<\/tr>\n<tr>\n<td><span style=\"color: #333333;\">\u00a0Lieferfrist<\/span><\/td>\n<td><span style=\"color: #333333;\">1-5 Tage f\u00fcr kleine Mengen auf dem Luftweg und 30-35 Tage f\u00fcr gro\u00dfe Mengen auf dem Seeweg<\/span><\/td>\n<\/tr>\n<\/tbody>\n<\/table>\n<p>Als Chinas f\u00fchrender Hersteller von Skitaschen und wasserdichten Taschen entwickeln wir innovative Ski- und Snowboardtaschen f\u00fcr globale Wintersportmarken. Unser Skisack Unternehmen bietet:<\/p>\n<p>\u2705 <strong>Zwei F\u00e4cher<\/strong> f\u00fcr Skier bis zu 185cm + Schuhe (MOQ 50pcs)<br \/>\n\u2705 <strong>Wasserdichtes IPX6-Design<\/strong> (600D Polyester + nahtlose Verschwei\u00dfung)<br \/>\n\u2705 <strong>OEM\/ODM-Dienstleistungen<\/strong> f\u00fcr Skis\u00e4cke der Eigenmarke<br \/>\n\u2705 <strong>Herstellung von Skis\u00e4cken in loser Sch\u00fcttung<\/strong> mit 12-t\u00e4giger Schnelllieferung<\/p>\n<p>Das Vertrauen von Skisack-Gro\u00dfh\u00e4ndlern und Skigebieten weltweit. Wichtigste Merkmale:<br \/>\n- Verst\u00e4rkte Tragegriffe und R\u00e4der f\u00fcr einfachen Transport<br \/>\n- Bel\u00fcftete Kofferraumf\u00e4cher &amp; Kantenschoner<br \/>\n- TSA-zugelassene Schl\u00f6sser und RFID-Gep\u00e4ckanh\u00e4ngerschlitze<\/p>\n<p><strong>Warum unsere Skisackfabrik w\u00e4hlen<\/strong>:<br \/>\n\ud83d\udd39 15+ Jahre als Top-Skisack-Exporteur aus China<br \/>\n\ud83d\udd39 Kostenloses 3D-Design mit Ihrem Alpine-Branding<br \/>\n\ud83d\udd39 OEKO-Tex\/SGS-zertifizierte abriebfeste Materialien<br \/>\n\ud83d\udd39 30%-Rabatt f\u00fcr Skisack-Verk\u00e4ufer ab 3.000 St\u00fcck<\/p>\n<p>Fordern Sie kostenlose Muster unserer Skis\u00e4cke mit doppeltem Stauraum an oder holen Sie sich sofort ein Angebot ein. Skisack Lieferanten genie\u00dfen:<br \/>\n- Kundenspezifische MOQ ab 30 St\u00fcck<br \/>\n- Chargenspezifische K\u00e4ltekammer-Pr\u00fcfberichte<br \/>\n- Vorrangige Zuteilung von Luftfracht<\/p>\n<\/div>\n<\/div>\n<\/div>\n<\/div>","protected":false},"excerpt":{"rendered":"<h2 data-immersive-translate-walked=\"344be1c1-5052-41eb-8fcd-0dbe236a0d6b\" data-immersive-translate-paragraph=\"1\">Doppelte Aufbewahrung f\u00fcr Ski und Snowboard<\/h2>\n<p>Wir bieten hochwertige Taschen, die in Gr\u00f6\u00dfe und Farbe individuell angepasst werden k\u00f6nnen, langlebige Stoffe und zertifizierte Qualit\u00e4t.<\/p>\n<p>Genie\u00dfen Sie flexible MOQs, schnellen weltweiten Versand und Private-Label-L\u00f6sungen.<\/p>\n<p>Kontaktieren Sie uns noch heute!<\/p>","protected":false},"featured_media":3751,"template":"","meta":{"_uag_custom_page_level_css":""},"product_brand":[],"product_cat":[59,67,66],"product_tag":[],"class_list":{"0":"post-3742","1":"product","2":"type-product","3":"status-publish","4":"has-post-thumbnail","6":"product_cat-ski-bag","7":"product_cat-sports-bag","8":"product_cat-waterproof-bag","10":"first","11":"instock","12":"shipping-taxable","13":"product-type-simple"},"uagb_featured_image_src":{"full":["https:\/\/pecbag.com\/wp-content\/uploads\/2025\/05\/Ski-Snowboard-Dual-Storage-6.jpeg",1500,1500,false],"thumbnail":["https:\/\/pecbag.com\/wp-content\/uploads\/2025\/05\/Ski-Snowboard-Dual-Storage-6-150x150.jpeg",150,150,true],"medium":["https:\/\/pecbag.com\/wp-content\/uploads\/2025\/05\/Ski-Snowboard-Dual-Storage-6-300x300.jpeg",300,300,true],"medium_large":["https:\/\/pecbag.com\/wp-content\/uploads\/2025\/05\/Ski-Snowboard-Dual-Storage-6-768x768.jpeg",768,768,true],"large":["https:\/\/pecbag.com\/wp-content\/uploads\/2025\/05\/Ski-Snowboard-Dual-Storage-6-1024x1024.jpeg",800,800,true],"1536x1536":["https:\/\/pecbag.com\/wp-content\/uploads\/2025\/05\/Ski-Snowboard-Dual-Storage-6.jpeg",1500,1500,false],"2048x2048":["https:\/\/pecbag.com\/wp-content\/uploads\/2025\/05\/Ski-Snowboard-Dual-Storage-6.jpeg",1500,1500,false],"trp-custom-language-flag":["https:\/\/pecbag.com\/wp-content\/uploads\/2025\/05\/Ski-Snowboard-Dual-Storage-6-12x12.jpeg",12,12,true],"woocommerce_thumbnail":["https:\/\/pecbag.com\/wp-content\/uploads\/2025\/05\/Ski-Snowboard-Dual-Storage-6-300x300.jpeg",300,300,true],"woocommerce_single":["https:\/\/pecbag.com\/wp-content\/uploads\/2025\/05\/Ski-Snowboard-Dual-Storage-6-600x600.jpeg",600,600,true],"woocommerce_gallery_thumbnail":["https:\/\/pecbag.com\/wp-content\/uploads\/2025\/05\/Ski-Snowboard-Dual-Storage-6-100x100.jpeg",100,100,true]},"uagb_author_info":{"display_name":"Lawrence","author_link":"https:\/\/pecbag.com\/de\/author\/"},"uagb_comment_info":0,"uagb_excerpt":"Ski &amp; Snowboard Dual Storage We provide high-quality Bags with full-size and color customization, durable fabrics, and certified quality. Enjoy flexible MOQs, fast global shipping, and private label solutions. Contact us today!","_links":{"self":[{"href":"https:\/\/pecbag.com\/de\/wp-json\/wp\/v2\/product\/3742","targetHints":{"allow":["GET"]}}],"collection":[{"href":"https:\/\/pecbag.com\/de\/wp-json\/wp\/v2\/product"}],"about":[{"href":"https:\/\/pecbag.com\/de\/wp-json\/wp\/v2\/types\/product"}],"wp:featuredmedia":[{"embeddable":true,"href":"https:\/\/pecbag.com\/de\/wp-json\/wp\/v2\/media\/3751"}],"wp:attachment":[{"href":"https:\/\/pecbag.com\/de\/wp-json\/wp\/v2\/media?parent=3742"}],"wp:term":[{"taxonomy":"product_brand","embeddable":true,"href":"https:\/\/pecbag.com\/de\/wp-json\/wp\/v2\/product_brand?post=3742"},{"taxonomy":"product_cat","embeddable":true,"href":"https:\/\/pecbag.com\/de\/wp-json\/wp\/v2\/product_cat?post=3742"},{"taxonomy":"product_tag","embeddable":true,"href":"https:\/\/pecbag.com\/de\/wp-json\/wp\/v2\/product_tag?post=3742"}],"curies":[{"name":"wp","href":"https:\/\/api.w.org\/{rel}","templated":true}]}}