{"id":3798,"date":"2025-05-28T03:27:12","date_gmt":"2025-05-28T03:27:12","guid":{"rendered":"https:\/\/pecbag.com\/?post_type=product&#038;p=3798"},"modified":"2025-11-29T01:53:22","modified_gmt":"2025-11-29T01:53:22","slug":"golf-staff-bag","status":"publish","type":"product","link":"https:\/\/pecbag.com\/de\/golf-staff-bag\/","title":{"rendered":"Golfschl\u00e4gertasche - Wasserdichtes Pro Tour Design"},"content":{"rendered":"<h5 title=\"Faltbare Hundetasche Atmungsaktives Mesh Haustier Umh\u00e4ngetasche f\u00fcr kleine Haustier Hund Katzen\" data-immersive-translate-walked=\"1c928421-2e42-4cd3-8754-5404553c0af5\" data-immersive-translate-paragraph=\"1\" data-spm-anchor-id=\"a2700.details.0.i35.4f6757d4w4zNZA\">Golf Staff Bags | Wasserdichte Tasche Fabrik &amp; Rucksack Hersteller - Bulk Golf Solutions<\/h5>\n<div class=\"flex flex-grow flex-col max-w-full\">\n<div class=\"min-h-[20px] text-message flex w-full flex-col items-end gap-2 whitespace-pre-wrap break-words [.text-message+&amp;]:mt-5 overflow-x-auto\" dir=\"auto\" data-message-author-role=\"assistant\" data-message-id=\"3d7d46f6-7ec2-4222-9257-48fa0bba23c6\" data-suggestions=\"true\">\n<div class=\"flex w-full flex-col gap-1 empty:hidden first:pt-[3px]\">\n<div class=\"markdown prose w-full break-words dark:prose-invert light\">\n<table width=\"288\">\n<tbody>\n<tr>\n<td width=\"137\"><span style=\"color: #333333;\">Produkte Name<\/span><\/td>\n<td width=\"151\">Golftasche<\/td>\n<\/tr>\n<tr>\n<td><span style=\"color: #333333;\">Artikel Nr.<\/span><\/td>\n<td><span style=\"color: #333333;\">PB-2091<\/span><\/td>\n<\/tr>\n<tr>\n<td><span style=\"color: #333333;\">Material<\/span><\/td>\n<td>PU-Leder + Nylon<\/td>\n<\/tr>\n<tr>\n<td><span style=\"color: #333333;\">Gr\u00f6\u00dfe<\/span><\/td>\n<td>Kundenspezifisch<\/td>\n<\/tr>\n<tr>\n<td><span style=\"color: #333333;\">\u00a0Lieferfrist<\/span><\/td>\n<td><span style=\"color: #333333;\">1-5 Tage f\u00fcr kleine Mengen auf dem Luftweg und 30-35 Tage f\u00fcr gro\u00dfe Mengen auf dem Seeweg<\/span><\/td>\n<\/tr>\n<\/tbody>\n<\/table>\n<p>Als Chinas f\u00fchrender Golftaschenhersteller und Fabrik f\u00fcr wasserdichte Taschen stellen wir hochwertige Golftaschen f\u00fcr globale Golfmarken her. Unser Golfbag-Unternehmen bietet:<\/p>\n<p>\u2705 <strong>Wasserdichtes IPX6-Design<\/strong> (600D Polyester + verschwei\u00dfte N\u00e4hte)<br \/>\n\u2705 <strong>15-Klub-Kapazit\u00e4t<\/strong> mit individuellen Trennw\u00e4nden (MOQ 200pcs)<br \/>\n\u2705 <strong>OEM\/ODM-Dienstleistungen<\/strong> f\u00fcr Golftaschen der Eigenmarke<br \/>\n\u2705 <strong>Massenproduktion von Golftaschen<\/strong> mit 10-t\u00e4giger Schnelllieferung<\/p>\n<p>Zuverl\u00e4ssig von Golfbag-Gro\u00dfh\u00e4ndlern und PGA-gepr\u00fcften Resorts. Wichtigste Merkmale:<br \/>\n- Isolierte K\u00fchltasche und UV-best\u00e4ndiges Material<br \/>\n- Gepolsterte Schultergurte und ergonomische R\u00fcckenplatte<br \/>\n- RFID-Sicherheitstasche und Organizer f\u00fcr T-St\u00fccke\/B\u00e4lle<\/p>\n<p><strong>Warum unsere Golftaschenfabrik w\u00e4hlen<\/strong>:<br \/>\n\ud83d\udd39 15+ Jahre als Top-Golftaschenexporteur aus China<br \/>\n\ud83d\udd39 Kostenlose 3D-Gestaltung mit Ihrem Vereinslogo\/-farben<br \/>\n\ud83d\udd39 OEKO-Tex\/SGS-zertifizierte hochwertige Materialien<br \/>\n\ud83d\udd39 25%-Rabatt f\u00fcr Golfbag-H\u00e4ndler ab 2.500 St\u00fcck<\/p>\n<p>Fordern Sie kostenlose Muster unserer Personal-Golftaschen an oder holen Sie sich sofort ein Angebot ein. Golf Tasche Lieferanten genie\u00dfen:<br \/>\n- Kundenspezifische MOQ ab 300 St\u00fcck<br \/>\n- Chargenspezifische Haltbarkeitspr\u00fcfungsberichte<br \/>\n- Vorrangige Zuweisung von Luft-\/Seefracht<\/p>\n<\/div>\n<\/div>\n<\/div>\n<\/div>","protected":false},"excerpt":{"rendered":"<h2 data-immersive-translate-walked=\"344be1c1-5052-41eb-8fcd-0dbe236a0d6b\" data-immersive-translate-paragraph=\"1\">Golfschl\u00e4gertasche - Wasserdichtes Pro Tour Design<\/h2>\n<p>Wir bieten Premium-Golftaschen in voller Gr\u00f6\u00dfe und Farbe an, mit strapazierf\u00e4higen Stoffen und zertifizierter Qualit\u00e4t.<\/p>\n<p>Genie\u00dfen Sie flexible MOQs, schnellen weltweiten Versand und Private-Label-L\u00f6sungen.<\/p>\n<p>Kontaktieren Sie uns noch heute!<\/p>","protected":false},"featured_media":3804,"template":"","meta":{"_uag_custom_page_level_css":""},"product_brand":[],"product_cat":[51,67],"product_tag":[],"class_list":{"0":"post-3798","1":"product","2":"type-product","3":"status-publish","4":"has-post-thumbnail","6":"product_cat-golf-bag","7":"product_cat-sports-bag","9":"first","10":"instock","11":"shipping-taxable","12":"product-type-simple"},"uagb_featured_image_src":{"full":["https:\/\/pecbag.com\/wp-content\/uploads\/2025\/05\/Golf-Staff-Bag-4.jpg",800,800,false],"thumbnail":["https:\/\/pecbag.com\/wp-content\/uploads\/2025\/05\/Golf-Staff-Bag-4-150x150.jpg",150,150,true],"medium":["https:\/\/pecbag.com\/wp-content\/uploads\/2025\/05\/Golf-Staff-Bag-4-300x300.jpg",300,300,true],"medium_large":["https:\/\/pecbag.com\/wp-content\/uploads\/2025\/05\/Golf-Staff-Bag-4-768x768.jpg",768,768,true],"large":["https:\/\/pecbag.com\/wp-content\/uploads\/2025\/05\/Golf-Staff-Bag-4.jpg",800,800,false],"1536x1536":["https:\/\/pecbag.com\/wp-content\/uploads\/2025\/05\/Golf-Staff-Bag-4.jpg",800,800,false],"2048x2048":["https:\/\/pecbag.com\/wp-content\/uploads\/2025\/05\/Golf-Staff-Bag-4.jpg",800,800,false],"trp-custom-language-flag":["https:\/\/pecbag.com\/wp-content\/uploads\/2025\/05\/Golf-Staff-Bag-4-12x12.jpg",12,12,true],"woocommerce_thumbnail":["https:\/\/pecbag.com\/wp-content\/uploads\/2025\/05\/Golf-Staff-Bag-4-300x300.jpg",300,300,true],"woocommerce_single":["https:\/\/pecbag.com\/wp-content\/uploads\/2025\/05\/Golf-Staff-Bag-4-600x600.jpg",600,600,true],"woocommerce_gallery_thumbnail":["https:\/\/pecbag.com\/wp-content\/uploads\/2025\/05\/Golf-Staff-Bag-4-100x100.jpg",100,100,true]},"uagb_author_info":{"display_name":"Lawrence","author_link":"https:\/\/pecbag.com\/de\/author\/"},"uagb_comment_info":0,"uagb_excerpt":"Golf Staff Bag - Waterproof Pro Tour Design We provide premium golf staff bag with full-size and color customization, durable fabrics, and certified quality. Enjoy flexible MOQs, fast global shipping, and private label solutions. Contact us today!","_links":{"self":[{"href":"https:\/\/pecbag.com\/de\/wp-json\/wp\/v2\/product\/3798","targetHints":{"allow":["GET"]}}],"collection":[{"href":"https:\/\/pecbag.com\/de\/wp-json\/wp\/v2\/product"}],"about":[{"href":"https:\/\/pecbag.com\/de\/wp-json\/wp\/v2\/types\/product"}],"wp:featuredmedia":[{"embeddable":true,"href":"https:\/\/pecbag.com\/de\/wp-json\/wp\/v2\/media\/3804"}],"wp:attachment":[{"href":"https:\/\/pecbag.com\/de\/wp-json\/wp\/v2\/media?parent=3798"}],"wp:term":[{"taxonomy":"product_brand","embeddable":true,"href":"https:\/\/pecbag.com\/de\/wp-json\/wp\/v2\/product_brand?post=3798"},{"taxonomy":"product_cat","embeddable":true,"href":"https:\/\/pecbag.com\/de\/wp-json\/wp\/v2\/product_cat?post=3798"},{"taxonomy":"product_tag","embeddable":true,"href":"https:\/\/pecbag.com\/de\/wp-json\/wp\/v2\/product_tag?post=3798"}],"curies":[{"name":"wp","href":"https:\/\/api.w.org\/{rel}","templated":true}]}}