{"id":3805,"date":"2025-05-28T03:41:16","date_gmt":"2025-05-28T03:41:16","guid":{"rendered":"https:\/\/pecbag.com\/?post_type=product&#038;p=3805"},"modified":"2025-11-29T01:53:20","modified_gmt":"2025-11-29T01:53:20","slug":"ultimate-waterproof-golf-tour-bag","status":"publish","type":"product","link":"https:\/\/pecbag.com\/de\/ultimate-waterproof-golf-tour-bag\/","title":{"rendered":"Ultimative wasserdichte Golftour-Tasche - TSA-Schloss &amp; Airline-gepr\u00fcft"},"content":{"rendered":"<h5 title=\"Faltbare Hundetasche Atmungsaktives Mesh Haustier Umh\u00e4ngetasche f\u00fcr kleine Haustier Hund Katzen\" data-immersive-translate-walked=\"1c928421-2e42-4cd3-8754-5404553c0af5\" data-immersive-translate-paragraph=\"1\" data-spm-anchor-id=\"a2700.details.0.i35.4f6757d4w4zNZA\">Ultimate Waterproof Golf Tour Bags | Waterproof Bag Factory &amp; Backpack Hersteller - Bulk Golf Solutions<\/h5>\n<div class=\"flex flex-grow flex-col max-w-full\">\n<div class=\"min-h-[20px] text-message flex w-full flex-col items-end gap-2 whitespace-pre-wrap break-words [.text-message+&amp;]:mt-5 overflow-x-auto\" dir=\"auto\" data-message-author-role=\"assistant\" data-message-id=\"3d7d46f6-7ec2-4222-9257-48fa0bba23c6\" data-suggestions=\"true\">\n<div class=\"flex w-full flex-col gap-1 empty:hidden first:pt-[3px]\">\n<div class=\"markdown prose w-full break-words dark:prose-invert light\">\n<table width=\"288\">\n<tbody>\n<tr>\n<td width=\"137\"><span style=\"color: #333333;\">Produkte Name<\/span><\/td>\n<td width=\"151\">Golftasche<\/td>\n<\/tr>\n<tr>\n<td><span style=\"color: #333333;\">Artikel Nr.<\/span><\/td>\n<td><span style=\"color: #333333;\">PB-2092<\/span><\/td>\n<\/tr>\n<tr>\n<td><span style=\"color: #333333;\">Material<\/span><\/td>\n<td>PU-Leder + Nylon<\/td>\n<\/tr>\n<tr>\n<td><span style=\"color: #333333;\">Gr\u00f6\u00dfe<\/span><\/td>\n<td>Kundenspezifisch<\/td>\n<\/tr>\n<tr>\n<td><span style=\"color: #333333;\">\u00a0Lieferfrist<\/span><\/td>\n<td><span style=\"color: #333333;\">1-5 Tage f\u00fcr kleine Mengen auf dem Luftweg und 30-35 Tage f\u00fcr gro\u00dfe Mengen auf dem Seeweg<\/span><\/td>\n<\/tr>\n<\/tbody>\n<\/table>\n<p>Als Chinas f\u00fchrender Golftaschenhersteller und Fabrik f\u00fcr wasserdichte Taschen entwickeln wir ultimative wasserdichte Golftour-Taschen f\u00fcr Golfprofis weltweit. Unsere Golftasche Unternehmen bietet:<\/p>\n<p>\u2705 <strong>Wasserdichter IPX8-Schutz<\/strong> (1000D TPU-beschichtetes Nylon + nahtloses Schwei\u00dfen)<br \/>\n\u2705 <strong>14-Klub-Kapazit\u00e4t<\/strong> mit durchgehenden Trennw\u00e4nden (MOQ 50 Stk.)<br \/>\n\u2705 <strong>OEM\/ODM-Dienstleistungen<\/strong> f\u00fcr Golftaschen der Eigenmarke<br \/>\n\u2705 <strong>Massenproduktion von Golftaschen<\/strong> mit 10-t\u00e4giger Schnelllieferung<\/p>\n<p>Das Vertrauen von Golfbag-Gro\u00dfh\u00e4ndlern und PGA-Tour-Lieferanten. Wichtigste Innovationen:<br \/>\n- Versenkbare Rei\u00dfverschl\u00fcsse und Druckausgleichsventile<br \/>\n- Ergonomisches Doppelgurtsystem und verst\u00e4rkte Trolley-H\u00fclle<br \/>\n- Tasche f\u00fcr Wertsachen mit RFID-Blockierung und UV-best\u00e4ndiges Material<\/p>\n<p><strong>Warum eine Partnerschaft mit unserer Golftaschenfabrik?<\/strong>:<br \/>\n\ud83d\udd39 18+ Jahre als Top-Golftaschenexporteur aus China<br \/>\n\ud83d\udd39 Kostenloses 3D-Tech-Pack-Design mit Ihrem Branding<br \/>\n\ud83d\udd39 OEKO-Tex\/SGS-zertifizierte, strapazierf\u00e4hige Materialien<br \/>\n\ud83d\udd39 30%-Rabatt f\u00fcr Golfbag-H\u00e4ndler ab 3.000 St\u00fcck<\/p>\n<p>Fordern Sie kostenlose Muster unserer wasserdichten Golftour-Taschen an oder holen Sie sich sofort ein Angebot ein. Golf Tasche Lieferanten genie\u00dfen:<br \/>\n- Kundenspezifische MOQ ab 30 St\u00fcck<br \/>\n- Chargenspezifische wasserdichte Testvideos<br \/>\n- Vorrangige Zuteilung von Luft-\/Seefracht<\/p>\n<\/div>\n<\/div>\n<\/div>\n<\/div>","protected":false},"excerpt":{"rendered":"<h2 data-immersive-translate-walked=\"344be1c1-5052-41eb-8fcd-0dbe236a0d6b\" data-immersive-translate-paragraph=\"1\">Ultimative wasserdichte Golftour-Tasche<\/h2>\n<p>Wir bieten Premium-Golftour-Taschen mit voller Gr\u00f6\u00dfe und Farbanpassung, langlebigen Stoffen und zertifizierter Qualit\u00e4t.<\/p>\n<p>Genie\u00dfen Sie flexible MOQs, schnellen weltweiten Versand und Private-Label-L\u00f6sungen.<\/p>\n<p>Kontaktieren Sie uns noch heute!<\/p>","protected":false},"featured_media":3807,"template":"","meta":{"_uag_custom_page_level_css":""},"product_brand":[],"product_cat":[51,67],"product_tag":[],"class_list":{"0":"post-3805","1":"product","2":"type-product","3":"status-publish","4":"has-post-thumbnail","6":"product_cat-golf-bag","7":"product_cat-sports-bag","9":"first","10":"instock","11":"shipping-taxable","12":"product-type-simple"},"uagb_featured_image_src":{"full":["https:\/\/pecbag.com\/wp-content\/uploads\/2025\/05\/Ultimate-Waterproof-Golf-Tour-Bag-1.jpg",600,600,false],"thumbnail":["https:\/\/pecbag.com\/wp-content\/uploads\/2025\/05\/Ultimate-Waterproof-Golf-Tour-Bag-1-150x150.jpg",150,150,true],"medium":["https:\/\/pecbag.com\/wp-content\/uploads\/2025\/05\/Ultimate-Waterproof-Golf-Tour-Bag-1-300x300.jpg",300,300,true],"medium_large":["https:\/\/pecbag.com\/wp-content\/uploads\/2025\/05\/Ultimate-Waterproof-Golf-Tour-Bag-1.jpg",600,600,false],"large":["https:\/\/pecbag.com\/wp-content\/uploads\/2025\/05\/Ultimate-Waterproof-Golf-Tour-Bag-1.jpg",600,600,false],"1536x1536":["https:\/\/pecbag.com\/wp-content\/uploads\/2025\/05\/Ultimate-Waterproof-Golf-Tour-Bag-1.jpg",600,600,false],"2048x2048":["https:\/\/pecbag.com\/wp-content\/uploads\/2025\/05\/Ultimate-Waterproof-Golf-Tour-Bag-1.jpg",600,600,false],"trp-custom-language-flag":["https:\/\/pecbag.com\/wp-content\/uploads\/2025\/05\/Ultimate-Waterproof-Golf-Tour-Bag-1-12x12.jpg",12,12,true],"woocommerce_thumbnail":["https:\/\/pecbag.com\/wp-content\/uploads\/2025\/05\/Ultimate-Waterproof-Golf-Tour-Bag-1-300x300.jpg",300,300,true],"woocommerce_single":["https:\/\/pecbag.com\/wp-content\/uploads\/2025\/05\/Ultimate-Waterproof-Golf-Tour-Bag-1.jpg",600,600,false],"woocommerce_gallery_thumbnail":["https:\/\/pecbag.com\/wp-content\/uploads\/2025\/05\/Ultimate-Waterproof-Golf-Tour-Bag-1-100x100.jpg",100,100,true]},"uagb_author_info":{"display_name":"Lawrence","author_link":"https:\/\/pecbag.com\/de\/author\/"},"uagb_comment_info":0,"uagb_excerpt":"Ultimate Waterproof Golf Tour Bag We provide premium golf tour bag with full-size and color customization, durable fabrics, and certified quality. Enjoy flexible MOQs, fast global shipping, and private label solutions. Contact us today!","_links":{"self":[{"href":"https:\/\/pecbag.com\/de\/wp-json\/wp\/v2\/product\/3805","targetHints":{"allow":["GET"]}}],"collection":[{"href":"https:\/\/pecbag.com\/de\/wp-json\/wp\/v2\/product"}],"about":[{"href":"https:\/\/pecbag.com\/de\/wp-json\/wp\/v2\/types\/product"}],"wp:featuredmedia":[{"embeddable":true,"href":"https:\/\/pecbag.com\/de\/wp-json\/wp\/v2\/media\/3807"}],"wp:attachment":[{"href":"https:\/\/pecbag.com\/de\/wp-json\/wp\/v2\/media?parent=3805"}],"wp:term":[{"taxonomy":"product_brand","embeddable":true,"href":"https:\/\/pecbag.com\/de\/wp-json\/wp\/v2\/product_brand?post=3805"},{"taxonomy":"product_cat","embeddable":true,"href":"https:\/\/pecbag.com\/de\/wp-json\/wp\/v2\/product_cat?post=3805"},{"taxonomy":"product_tag","embeddable":true,"href":"https:\/\/pecbag.com\/de\/wp-json\/wp\/v2\/product_tag?post=3805"}],"curies":[{"name":"wp","href":"https:\/\/api.w.org\/{rel}","templated":true}]}}