{"id":3832,"date":"2025-05-28T06:45:06","date_gmt":"2025-05-28T06:45:06","guid":{"rendered":"https:\/\/pecbag.com\/?post_type=product&#038;p=3832"},"modified":"2025-11-29T01:46:05","modified_gmt":"2025-11-29T01:46:05","slug":"pro-surfboard-longboard-travel-bag","status":"publish","type":"product","link":"https:\/\/pecbag.com\/de\/pro-surfboard-longboard-travel-bag\/","title":{"rendered":"Pro Surfboard Longboard Reisetasche - 100% Wasserdicht"},"content":{"rendered":"<h5 title=\"Faltbare Hundetasche Atmungsaktives Mesh Haustier Umh\u00e4ngetasche f\u00fcr kleine Haustier Hund Katzen\" data-immersive-translate-walked=\"1c928421-2e42-4cd3-8754-5404553c0af5\" data-immersive-translate-paragraph=\"1\" data-spm-anchor-id=\"a2700.details.0.i35.4f6757d4w4zNZA\">Pro Surfboard Longboard Reisetasche | Wasserdichte Tasche Fabrik &amp; Rucksack Hersteller - Bulk Surf Solutions<\/h5>\n<div class=\"flex flex-grow flex-col max-w-full\">\n<div class=\"min-h-[20px] text-message flex w-full flex-col items-end gap-2 whitespace-pre-wrap break-words [.text-message+&amp;]:mt-5 overflow-x-auto\" dir=\"auto\" data-message-author-role=\"assistant\" data-message-id=\"3d7d46f6-7ec2-4222-9257-48fa0bba23c6\" data-suggestions=\"true\">\n<div class=\"flex w-full flex-col gap-1 empty:hidden first:pt-[3px]\">\n<div class=\"markdown prose w-full break-words dark:prose-invert light\">\n<table width=\"288\">\n<tbody>\n<tr>\n<td width=\"137\"><span style=\"color: #333333;\">Produkte Name<\/span><\/td>\n<td width=\"151\">Surfbrett Tasche<\/td>\n<\/tr>\n<tr>\n<td><span style=\"color: #333333;\">Artikel Nr.<\/span><\/td>\n<td><span style=\"color: #333333;\">PB-2097<\/span><\/td>\n<\/tr>\n<tr>\n<td><span style=\"color: #333333;\">Material<\/span><\/td>\n<td>600D SNOW\/PVC<\/td>\n<\/tr>\n<tr>\n<td><span style=\"color: #333333;\">Gr\u00f6\u00dfe<\/span><\/td>\n<td>6'0'' x 22''x 6\"<\/td>\n<\/tr>\n<tr>\n<td><span style=\"color: #333333;\">\u00a0Lieferfrist<\/span><\/td>\n<td><span style=\"color: #333333;\">1-5 Tage f\u00fcr kleine Mengen auf dem Luftweg und 30-35 Tage f\u00fcr gro\u00dfe Mengen auf dem Seeweg<\/span><\/td>\n<\/tr>\n<\/tbody>\n<\/table>\n<p>Als Chinas f\u00fchrender Hersteller von Surfboardtaschen und wasserdichten Taschen entwickeln wir professionelle Longboard-Reisetaschen f\u00fcr globale Surfmarken. Unser Surfbrett Tasche Unternehmen bietet:<\/p>\n<p>\u2705 <strong>Wasserdichter IPX7-Schutz<\/strong> (1000D PVC-beschichtetes Nylon + verschwei\u00dfte N\u00e4hte)<br \/>\n\u2705 <strong>Bis zu 10\u2032 Longboard-Kapazit\u00e4t<\/strong> mit gepolsterten Griffen (MOQ 200 St\u00fcck)<br \/>\n\u2705 <strong>OEM\/ODM-Dienstleistungen<\/strong> f\u00fcr Eigenmarken-Surfboardtaschen<br \/>\n\u2705 <strong>Herstellung von Surfboardtaschen in gro\u00dfen Mengen<\/strong> mit 10-t\u00e4giger Schnelllieferung<\/p>\n<p>Vertraut von <strong>Gro\u00dfh\u00e4ndler f\u00fcr Surfbrett-Taschen<\/strong> und K\u00fcstenst\u00e4dte. Wichtigste Merkmale:<br \/>\n- UV-best\u00e4ndige Beschichtung &amp; Anti-Sand-Netztaschen<br \/>\n- Abnehmbare Schultergurte und Kantenschutz f\u00fcr das Brett<br \/>\n- RFID-Gep\u00e4ckanh\u00e4ngerschlitz und TSA-zugelassene Schl\u00f6sser<\/p>\n<p><strong>Warum eine Partnerschaft mit unserer Surfboard-Taschenfabrik?<\/strong>:<br \/>\n\ud83d\udd39 Seit mehr als 15 Jahren f\u00fchrender Exporteur von Surfbrett-Taschen aus China<br \/>\n\ud83d\udd39 Kostenloses 3D-Design mit Ihrem Beach Club Branding<br \/>\n\ud83d\udd39 OEKO-Tex\/SGS-zertifizierte Materialien in Meeresqualit\u00e4t<br \/>\n\ud83d\udd39 25%-Rabatt f\u00fcr Anbieter von Surfboardtaschen ab 2.500 St\u00fcck<\/p>\n<p>Fordern Sie kostenlose Muster unserer Profi-Reise-Surfbretttasche an oder holen Sie sich sofort ein Angebot ein. Surfbrett Tasche Lieferanten genie\u00dfen:<br \/>\n- Kundenspezifische MOQ ab 300 St\u00fcck<br \/>\n- Chargenspezifische Salzwasser-Korrosionsberichte<br \/>\n- Vorrangige Zuteilung von Luft-\/Seefracht<\/p>\n<\/div>\n<\/div>\n<\/div>\n<\/div>","protected":false},"excerpt":{"rendered":"<h2 data-immersive-translate-walked=\"344be1c1-5052-41eb-8fcd-0dbe236a0d6b\" data-immersive-translate-paragraph=\"1\">Pro Surfboard Longboard Reisetasche<\/h2>\n<p>1.BAG SIZE WEIGHT AND SHAPE: 6'0'' x 22''x 6\", 10 lbs, f\u00fcr Boardgr\u00f6\u00dfe bis zu 6'2'' x 24''; spitzer Kopf und gro\u00dfes rundes Heck; mit Finnenschlitz\u00f6ffnung<\/p>\n<p>2.360\u00b0 SCHUTZ: Mit 200g PE-Plane im Inneren, 10mm Polsterung auf jeder Seite dazwischen, 600D\/1680D beschichtetem Gewebe auf der Oberseite und extra verst\u00e4rktem Gewebe an Kopf- und Heckbereich auf jeder Seite ist diese Surfboard-Reisetasche f\u00fcr sorgenfreies Reisen gebaut. Sie bietet einen Rundumschutz f\u00fcr Ihre Tasche, insbesondere bei Langstreckenreisen.<\/p>\n<p>3. KOMFORTABEL: Diese Tasche hat 3 verdickte gepolsterte Tragegriffe und 1 verstellbaren Schultertragegurt. Das gro\u00dfe Schultergurtpolster (14 '' x4 '' x1'') wird den Druck auf Ihre Schulter stark entlasten. Sie k\u00f6nnen auch den Schultergurt w\u00e4hrend des Transports auf dem Autodach oder bei anderen Langstreckenreisen abnehmen.<\/p>","protected":false},"featured_media":3834,"template":"","meta":{"_uag_custom_page_level_css":""},"product_brand":[],"product_cat":[47,67],"product_tag":[],"class_list":{"0":"post-3832","1":"product","2":"type-product","3":"status-publish","4":"has-post-thumbnail","6":"product_cat-surfboard-bag","7":"product_cat-sports-bag","9":"first","10":"instock","11":"shipping-taxable","12":"product-type-simple"},"uagb_featured_image_src":{"full":["https:\/\/pecbag.com\/wp-content\/uploads\/2025\/05\/Pro-Surfboard-Longboard-Travel-Bag-1.jpg",808,808,false],"thumbnail":["https:\/\/pecbag.com\/wp-content\/uploads\/2025\/05\/Pro-Surfboard-Longboard-Travel-Bag-1-150x150.jpg",150,150,true],"medium":["https:\/\/pecbag.com\/wp-content\/uploads\/2025\/05\/Pro-Surfboard-Longboard-Travel-Bag-1-300x300.jpg",300,300,true],"medium_large":["https:\/\/pecbag.com\/wp-content\/uploads\/2025\/05\/Pro-Surfboard-Longboard-Travel-Bag-1-768x768.jpg",768,768,true],"large":["https:\/\/pecbag.com\/wp-content\/uploads\/2025\/05\/Pro-Surfboard-Longboard-Travel-Bag-1.jpg",800,800,false],"1536x1536":["https:\/\/pecbag.com\/wp-content\/uploads\/2025\/05\/Pro-Surfboard-Longboard-Travel-Bag-1.jpg",808,808,false],"2048x2048":["https:\/\/pecbag.com\/wp-content\/uploads\/2025\/05\/Pro-Surfboard-Longboard-Travel-Bag-1.jpg",808,808,false],"trp-custom-language-flag":["https:\/\/pecbag.com\/wp-content\/uploads\/2025\/05\/Pro-Surfboard-Longboard-Travel-Bag-1-12x12.jpg",12,12,true],"woocommerce_thumbnail":["https:\/\/pecbag.com\/wp-content\/uploads\/2025\/05\/Pro-Surfboard-Longboard-Travel-Bag-1-300x300.jpg",300,300,true],"woocommerce_single":["https:\/\/pecbag.com\/wp-content\/uploads\/2025\/05\/Pro-Surfboard-Longboard-Travel-Bag-1-600x600.jpg",600,600,true],"woocommerce_gallery_thumbnail":["https:\/\/pecbag.com\/wp-content\/uploads\/2025\/05\/Pro-Surfboard-Longboard-Travel-Bag-1-100x100.jpg",100,100,true]},"uagb_author_info":{"display_name":"Lawrence","author_link":"https:\/\/pecbag.com\/de\/author\/"},"uagb_comment_info":0,"uagb_excerpt":"Pro Surfboard Longboard Travel Bag 1.BAG SIZE WEIGHT AND SHAPE: 6\u20190\u2019\u2019 x 22\u2019\u2019x 6'', 10 lbs, for board size up to 6\u20192\u2019\u2019 x 24\u2019\u2019; pointed head and big round tail; with fin slot opening 2.360\u00b0 PROTECTION: With 200g PE tarpaulin inside, 10mm (0.4 inches) padding on each side in between, 600D\/1680D coated fabric on top,&hellip;","_links":{"self":[{"href":"https:\/\/pecbag.com\/de\/wp-json\/wp\/v2\/product\/3832","targetHints":{"allow":["GET"]}}],"collection":[{"href":"https:\/\/pecbag.com\/de\/wp-json\/wp\/v2\/product"}],"about":[{"href":"https:\/\/pecbag.com\/de\/wp-json\/wp\/v2\/types\/product"}],"wp:featuredmedia":[{"embeddable":true,"href":"https:\/\/pecbag.com\/de\/wp-json\/wp\/v2\/media\/3834"}],"wp:attachment":[{"href":"https:\/\/pecbag.com\/de\/wp-json\/wp\/v2\/media?parent=3832"}],"wp:term":[{"taxonomy":"product_brand","embeddable":true,"href":"https:\/\/pecbag.com\/de\/wp-json\/wp\/v2\/product_brand?post=3832"},{"taxonomy":"product_cat","embeddable":true,"href":"https:\/\/pecbag.com\/de\/wp-json\/wp\/v2\/product_cat?post=3832"},{"taxonomy":"product_tag","embeddable":true,"href":"https:\/\/pecbag.com\/de\/wp-json\/wp\/v2\/product_tag?post=3832"}],"curies":[{"name":"wp","href":"https:\/\/api.w.org\/{rel}","templated":true}]}}