{"id":3859,"date":"2025-05-28T07:46:04","date_gmt":"2025-05-28T07:46:04","guid":{"rendered":"https:\/\/pecbag.com\/?post_type=product&#038;p=3859"},"modified":"2025-11-29T01:43:42","modified_gmt":"2025-11-29T01:43:42","slug":"oem-premium-makeup-bag","status":"publish","type":"product","link":"https:\/\/pecbag.com\/de\/oem-premium-makeup-bag\/","title":{"rendered":"OEM Premium Makeup Tasche - Professionelle China Lieferant"},"content":{"rendered":"<h5 title=\"Faltbare Hundetasche Atmungsaktives Mesh Haustier Umh\u00e4ngetasche f\u00fcr kleine Haustier Hund Katzen\" data-immersive-translate-walked=\"1c928421-2e42-4cd3-8754-5404553c0af5\" data-immersive-translate-paragraph=\"1\" data-spm-anchor-id=\"a2700.details.0.i35.4f6757d4w4zNZA\">OEM Premium Makeup-Taschen | Wasserdichte Tasche Fabrik &amp; Rucksack Hersteller - Bulk Beauty Solutions<\/h5>\n<div class=\"flex flex-grow flex-col max-w-full\">\n<div class=\"min-h-[20px] text-message flex w-full flex-col items-end gap-2 whitespace-pre-wrap break-words [.text-message+&amp;]:mt-5 overflow-x-auto\" dir=\"auto\" data-message-author-role=\"assistant\" data-message-id=\"3d7d46f6-7ec2-4222-9257-48fa0bba23c6\" data-suggestions=\"true\">\n<div class=\"flex w-full flex-col gap-1 empty:hidden first:pt-[3px]\">\n<div class=\"markdown prose w-full break-words dark:prose-invert light\">\n<table width=\"288\">\n<tbody>\n<tr>\n<td width=\"137\"><span style=\"color: #333333;\">Produkte Name<\/span><\/td>\n<td width=\"151\"><span style=\"color: #333333;\">Kosmetiktasche<\/span><\/td>\n<\/tr>\n<tr>\n<td><span style=\"color: #333333;\">Artikel Nr.<\/span><\/td>\n<td><span style=\"color: #333333;\">PB-2101<\/span><\/td>\n<\/tr>\n<tr>\n<td><span style=\"color: #333333;\">Material<\/span><\/td>\n<td><span style=\"color: #333333;\">Baumwolle, Polyester, Vlies<\/span><\/td>\n<\/tr>\n<tr>\n<td><span style=\"color: #333333;\">\u00a0Gr\u00f6\u00dfe und Farbe<\/span><\/td>\n<td><span style=\"color: #333333;\">Kundenspezifisch<\/span><\/td>\n<\/tr>\n<tr>\n<td><span style=\"color: #333333;\">\u00a0Lieferfrist<\/span><\/td>\n<td><span style=\"color: #333333;\">1-5 Tage f\u00fcr kleine Mengen auf dem Luftweg und 30-35 Tage f\u00fcr gro\u00dfe Mengen auf dem Seeweg<\/span><\/td>\n<\/tr>\n<\/tbody>\n<\/table>\n<p>Als Chinas f\u00fchrender Hersteller von Kosmetiktaschen und wasserdichten Taschen stellen wir OEM-Premium-Kosmetiktaschen f\u00fcr globale Sch\u00f6nheitsmarken her. Unser Kosmetiktaschen Unternehmen bietet:<\/p>\n<p>\u2705 <strong>IPX5 wasserdichte Rei\u00dfverschl\u00fcsse<\/strong> (veganes Leder + recyceltes Polyester)<br \/>\n\u2705 <strong>Kundenspezifische F\u00e4cherdesigns<\/strong> (MOQ 200 St\u00fcck) mit Spiegel und B\u00fcrstenschlitzen<br \/>\n\u2705 <strong>ODM\/OEM-Dienstleistungen<\/strong> f\u00fcr Eigenmarken-Schminktaschen<br \/>\n\u2705 <strong>Herstellung von Kosmetiktaschen in gro\u00dfen Mengen<\/strong> mit 12-Tage-Lieferung<\/p>\n<p>Vertraut von Kosmetiktaschen-Gro\u00dfh\u00e4ndlern und Kosmetikgiganten. Wichtigste Merkmale:<br \/>\n- Kartenschlitze mit RFID-Blockierung und antimikrobielles Futter<br \/>\n- Abnehmbare Trageriemen und Geschenkverpackung<br \/>\n- OEKO-Tex-zertifizierte, tierversuchsfreie Materialien<\/p>\n<p><strong>Warum unsere Kosmetiktaschenfabrik w\u00e4hlen<\/strong>:<br \/>\n\ud83d\udd39 10+ Jahre als Top-Schminktaschen-Exporteur aus China<br \/>\n\ud83d\udd39 Kostenlose 3D-Mockups mit Ihren Markenfarben\/Logo<br \/>\n\ud83d\udd39 SGS\/REACH-zertifizierte nachhaltige Materialien<br \/>\n\ud83d\udd39 30%-Rabatt f\u00fcr Kosmetiktaschenverk\u00e4ufer ab 3.000 St\u00fcck<\/p>\n<p>Fordern Sie kostenlose Muster unserer hochwertigen Kosmetiktaschen an oder holen Sie sich sofort ein Angebot ein. Kosmetiktasche Lieferanten genie\u00dfen:<br \/>\n- Kundenspezifische MOQ ab 200 St\u00fcck<br \/>\n- Chargenspezifische Qualit\u00e4tszertifikate<br \/>\n- Vorrangige Zuweisung von Luft-\/Seefracht<\/p>\n<\/div>\n<\/div>\n<\/div>\n<\/div>","protected":false},"excerpt":{"rendered":"<h2 data-immersive-translate-walked=\"344be1c1-5052-41eb-8fcd-0dbe236a0d6b\" data-immersive-translate-paragraph=\"1\">OEM Premium-Kosmetiktasche<\/h2>\n<p>Wir bieten erstklassige OEM-Premium-Schminktaschen mit vollst\u00e4ndiger Gr\u00f6\u00dfen- und Farbanpassung, langlebigen Stoffen und zertifizierter Qualit\u00e4t.<\/p>\n<p>Genie\u00dfen Sie flexible MOQs, schnellen weltweiten Versand und Private-Label-L\u00f6sungen.<\/p>\n<p>Kontaktieren Sie uns noch heute!<\/p>","protected":false},"featured_media":3863,"template":"","meta":{"_uag_custom_page_level_css":""},"product_brand":[],"product_cat":[53],"product_tag":[],"class_list":{"0":"post-3859","1":"product","2":"type-product","3":"status-publish","4":"has-post-thumbnail","6":"product_cat-makeup-bag","8":"first","9":"instock","10":"shipping-taxable","11":"product-type-simple"},"uagb_featured_image_src":{"full":["https:\/\/pecbag.com\/wp-content\/uploads\/2025\/05\/OEM-Premium-Makeup-Bag-1.jpg",1000,1000,false],"thumbnail":["https:\/\/pecbag.com\/wp-content\/uploads\/2025\/05\/OEM-Premium-Makeup-Bag-1-150x150.jpg",150,150,true],"medium":["https:\/\/pecbag.com\/wp-content\/uploads\/2025\/05\/OEM-Premium-Makeup-Bag-1-300x300.jpg",300,300,true],"medium_large":["https:\/\/pecbag.com\/wp-content\/uploads\/2025\/05\/OEM-Premium-Makeup-Bag-1-768x768.jpg",768,768,true],"large":["https:\/\/pecbag.com\/wp-content\/uploads\/2025\/05\/OEM-Premium-Makeup-Bag-1.jpg",800,800,false],"1536x1536":["https:\/\/pecbag.com\/wp-content\/uploads\/2025\/05\/OEM-Premium-Makeup-Bag-1.jpg",1000,1000,false],"2048x2048":["https:\/\/pecbag.com\/wp-content\/uploads\/2025\/05\/OEM-Premium-Makeup-Bag-1.jpg",1000,1000,false],"trp-custom-language-flag":["https:\/\/pecbag.com\/wp-content\/uploads\/2025\/05\/OEM-Premium-Makeup-Bag-1-12x12.jpg",12,12,true],"woocommerce_thumbnail":["https:\/\/pecbag.com\/wp-content\/uploads\/2025\/05\/OEM-Premium-Makeup-Bag-1-300x300.jpg",300,300,true],"woocommerce_single":["https:\/\/pecbag.com\/wp-content\/uploads\/2025\/05\/OEM-Premium-Makeup-Bag-1-600x600.jpg",600,600,true],"woocommerce_gallery_thumbnail":["https:\/\/pecbag.com\/wp-content\/uploads\/2025\/05\/OEM-Premium-Makeup-Bag-1-100x100.jpg",100,100,true]},"uagb_author_info":{"display_name":"Lawrence","author_link":"https:\/\/pecbag.com\/de\/author\/"},"uagb_comment_info":0,"uagb_excerpt":"OEM Premium Makeup Bag We provide premium OEM Premium Makeup Bag with full-size and color customization, durable fabrics, and certified quality. Enjoy flexible MOQs, fast global shipping, and private label solutions. Contact us today!","_links":{"self":[{"href":"https:\/\/pecbag.com\/de\/wp-json\/wp\/v2\/product\/3859","targetHints":{"allow":["GET"]}}],"collection":[{"href":"https:\/\/pecbag.com\/de\/wp-json\/wp\/v2\/product"}],"about":[{"href":"https:\/\/pecbag.com\/de\/wp-json\/wp\/v2\/types\/product"}],"wp:featuredmedia":[{"embeddable":true,"href":"https:\/\/pecbag.com\/de\/wp-json\/wp\/v2\/media\/3863"}],"wp:attachment":[{"href":"https:\/\/pecbag.com\/de\/wp-json\/wp\/v2\/media?parent=3859"}],"wp:term":[{"taxonomy":"product_brand","embeddable":true,"href":"https:\/\/pecbag.com\/de\/wp-json\/wp\/v2\/product_brand?post=3859"},{"taxonomy":"product_cat","embeddable":true,"href":"https:\/\/pecbag.com\/de\/wp-json\/wp\/v2\/product_cat?post=3859"},{"taxonomy":"product_tag","embeddable":true,"href":"https:\/\/pecbag.com\/de\/wp-json\/wp\/v2\/product_tag?post=3859"}],"curies":[{"name":"wp","href":"https:\/\/api.w.org\/{rel}","templated":true}]}}