{"id":3866,"date":"2025-05-28T08:17:13","date_gmt":"2025-05-28T08:17:13","guid":{"rendered":"https:\/\/pecbag.com\/?post_type=product&#038;p=3866"},"modified":"2025-11-29T01:43:03","modified_gmt":"2025-11-29T01:43:03","slug":"heavy-duty-large-makeup-bag","status":"publish","type":"product","link":"https:\/\/pecbag.com\/de\/heavy-duty-large-makeup-bag\/","title":{"rendered":"Hochbelastbare gro\u00dfe Kosmetiktasche"},"content":{"rendered":"<h5 title=\"Faltbare Hundetasche Atmungsaktives Mesh Haustier Umh\u00e4ngetasche f\u00fcr kleine Haustier Hund Katzen\" data-immersive-translate-walked=\"1c928421-2e42-4cd3-8754-5404553c0af5\" data-immersive-translate-paragraph=\"1\" data-spm-anchor-id=\"a2700.details.0.i35.4f6757d4w4zNZA\">Heavy-Duty gro\u00dfe Make-up-Taschen | wasserdichte Tasche Fabrik &amp; Rucksack Hersteller - Bulk Beauty Solutions<\/h5>\n<div class=\"flex flex-grow flex-col max-w-full\">\n<div class=\"min-h-[20px] text-message flex w-full flex-col items-end gap-2 whitespace-pre-wrap break-words [.text-message+&amp;]:mt-5 overflow-x-auto\" dir=\"auto\" data-message-author-role=\"assistant\" data-message-id=\"3d7d46f6-7ec2-4222-9257-48fa0bba23c6\" data-suggestions=\"true\">\n<div class=\"flex w-full flex-col gap-1 empty:hidden first:pt-[3px]\">\n<div class=\"markdown prose w-full break-words dark:prose-invert light\">\n<table width=\"288\">\n<tbody>\n<tr>\n<td width=\"137\"><span style=\"color: #333333;\">Produkte Name<\/span><\/td>\n<td width=\"151\"><span style=\"color: #333333;\">Kosmetiktasche<\/span><\/td>\n<\/tr>\n<tr>\n<td><span style=\"color: #333333;\">Artikel Nr.<\/span><\/td>\n<td><span style=\"color: #333333;\">PB-2102<\/span><\/td>\n<\/tr>\n<tr>\n<td><span style=\"color: #333333;\">Material<\/span><\/td>\n<td><span style=\"color: #333333;\">Baumwolle, Polyester, Vlies<\/span><\/td>\n<\/tr>\n<tr>\n<td><span style=\"color: #333333;\">\u00a0Gr\u00f6\u00dfe und Farbe<\/span><\/td>\n<td><span style=\"color: #333333;\">Kundenspezifisch<\/span><\/td>\n<\/tr>\n<tr>\n<td><span style=\"color: #333333;\">\u00a0Lieferfrist<\/span><\/td>\n<td><span style=\"color: #333333;\">1-5 Tage f\u00fcr kleine Mengen auf dem Luftweg und 30-35 Tage f\u00fcr gro\u00dfe Mengen auf dem Seeweg<\/span><\/td>\n<\/tr>\n<\/tbody>\n<\/table>\n<p>Als Chinas f\u00fchrender Hersteller von Kosmetiktaschen und wasserdichten Taschen entwickeln wir strapazierf\u00e4hige gro\u00dfe Kosmetiktaschen f\u00fcr globale Sch\u00f6nheitsmarken. Unser Kosmetiktasche Unternehmen bietet:<\/p>\n<p>\u2705 <strong>Wasserdichter IPX6-Schutz<\/strong> (800D recyceltes Polyester + nahtloses Schwei\u00dfen)<br \/>\n\u2705 <strong>Jumbo-Kapazit\u00e4t<\/strong> mit 10+ F\u00e4chern (MOQ 200pcs)<br \/>\n\u2705 <strong>ODM\/OEM-Dienstleistungen<\/strong> f\u00fcr Eigenmarken-Schminktaschen<br \/>\n\u2705 <strong>Herstellung von Kosmetiktaschen in gro\u00dfen Mengen<\/strong> mit 10-Tage-Lieferung<\/p>\n<p>Verlassen Sie sich auf den Gro\u00dfhandel mit Kosmetiktaschen und den Kosmetikeinzelhandel. Wichtigste Merkmale:<br \/>\n- Akzente aus veganem Leder und anlaufgesch\u00fctzte Metallrei\u00dfverschl\u00fcsse<br \/>\n- Abnehmbarer Spiegel und abnehmbare B\u00fcrstenablage<br \/>\n- Kartenf\u00e4cher mit RFID-Blockierung und OEKO-Tex-zertifiziertes Futter<\/p>\n<p><strong>Warum eine Partnerschaft mit unserer Kosmetiktaschenfabrik?<\/strong>:<br \/>\n\ud83d\udd39 12+ Jahre als Top-Schminktaschen-Exporteur aus China<br \/>\n\ud83d\udd39 Kostenloses 3D-Design mit Ihrer Marken\u00e4sthetik<br \/>\n\ud83d\udd39 SGS\/REACH-zertifizierte nachhaltige Materialien<br \/>\n\ud83d\udd39 30%-Rabatt f\u00fcr Kosmetiktaschenverk\u00e4ufer ab 3.000 St\u00fcck<\/p>\n<p>Fordern Sie kostenlose Muster unserer gro\u00dfen Kosmetiktasche an oder holen Sie sich sofort ein Angebot ein. Kosmetiktasche Lieferanten genie\u00dfen:<br \/>\n- Kundenspezifische MOQ ab 200 St\u00fcck<br \/>\n- Chargenspezifische wasserdichte Testvideos<br \/>\n- Vorrangige Zuteilung von Luft-\/Seefracht<\/p>\n<\/div>\n<\/div>\n<\/div>\n<\/div>","protected":false},"excerpt":{"rendered":"<h2 data-immersive-translate-walked=\"344be1c1-5052-41eb-8fcd-0dbe236a0d6b\" data-immersive-translate-paragraph=\"1\">Hochbelastbare gro\u00dfe Kosmetiktasche<\/h2>\n<p><span class=\"a-list-item\">1. Gro\u00dfe Kapazit\u00e4t Kosmetiktasche - Unsere Kosmetiktasche ist ger\u00e4umig und tief genug, um Flaschen vertikal zu halten. Mit zwei abnehmbaren Trennw\u00e4nden, um alle Ihre Kosmetika und pers\u00f6nlichen Gegenst\u00e4nde besser zu organisieren, k\u00f6nnen Sie auch den Raum nach Bedarf anpassen!<\/span><\/p>\n<p><span class=\"a-list-item\">2. Separate Make-up Pinsel F\u00e4cher - Die Make-up Tasche Veranstalter oberen Deckel verf\u00fcgt \u00fcber ein Make-up Pinsel Fach f\u00fcr mehrere Make-up Pinsel in verschiedenen Gr\u00f6\u00dfen, extra Klettverschluss PVC-Abdeckung, um die Organisation von Pulver Staub zu sch\u00fctzen, und leicht zu reinigen Make-up Flecken!<\/span><\/p>","protected":false},"featured_media":3874,"template":"","meta":{"_uag_custom_page_level_css":""},"product_brand":[],"product_cat":[53],"product_tag":[],"class_list":{"0":"post-3866","1":"product","2":"type-product","3":"status-publish","4":"has-post-thumbnail","6":"product_cat-makeup-bag","8":"first","9":"instock","10":"shipping-taxable","11":"product-type-simple"},"uagb_featured_image_src":{"full":["https:\/\/pecbag.com\/wp-content\/uploads\/2025\/05\/Heavy-Duty-Large-Makeup-Bag-4.jpeg",1024,1024,false],"thumbnail":["https:\/\/pecbag.com\/wp-content\/uploads\/2025\/05\/Heavy-Duty-Large-Makeup-Bag-4-150x150.jpeg",150,150,true],"medium":["https:\/\/pecbag.com\/wp-content\/uploads\/2025\/05\/Heavy-Duty-Large-Makeup-Bag-4-300x300.jpeg",300,300,true],"medium_large":["https:\/\/pecbag.com\/wp-content\/uploads\/2025\/05\/Heavy-Duty-Large-Makeup-Bag-4-768x768.jpeg",768,768,true],"large":["https:\/\/pecbag.com\/wp-content\/uploads\/2025\/05\/Heavy-Duty-Large-Makeup-Bag-4.jpeg",800,800,false],"1536x1536":["https:\/\/pecbag.com\/wp-content\/uploads\/2025\/05\/Heavy-Duty-Large-Makeup-Bag-4.jpeg",1024,1024,false],"2048x2048":["https:\/\/pecbag.com\/wp-content\/uploads\/2025\/05\/Heavy-Duty-Large-Makeup-Bag-4.jpeg",1024,1024,false],"trp-custom-language-flag":["https:\/\/pecbag.com\/wp-content\/uploads\/2025\/05\/Heavy-Duty-Large-Makeup-Bag-4-12x12.jpeg",12,12,true],"woocommerce_thumbnail":["https:\/\/pecbag.com\/wp-content\/uploads\/2025\/05\/Heavy-Duty-Large-Makeup-Bag-4-300x300.jpeg",300,300,true],"woocommerce_single":["https:\/\/pecbag.com\/wp-content\/uploads\/2025\/05\/Heavy-Duty-Large-Makeup-Bag-4-600x600.jpeg",600,600,true],"woocommerce_gallery_thumbnail":["https:\/\/pecbag.com\/wp-content\/uploads\/2025\/05\/Heavy-Duty-Large-Makeup-Bag-4-100x100.jpeg",100,100,true]},"uagb_author_info":{"display_name":"Lawrence","author_link":"https:\/\/pecbag.com\/de\/author\/"},"uagb_comment_info":0,"uagb_excerpt":"Heavy-Duty Large Makeup Bag 1. Large Capacity Cosmetic Bag - Our makeup bag is spacious and deep enough to hold bottles vertically. With two removable dividers to better organize all your cosmetics and personal belongings, you can also adjust the space as needed! 2. Separate Makeup Brush Compartments - The makeup bag organizer top lid&hellip;","_links":{"self":[{"href":"https:\/\/pecbag.com\/de\/wp-json\/wp\/v2\/product\/3866","targetHints":{"allow":["GET"]}}],"collection":[{"href":"https:\/\/pecbag.com\/de\/wp-json\/wp\/v2\/product"}],"about":[{"href":"https:\/\/pecbag.com\/de\/wp-json\/wp\/v2\/types\/product"}],"wp:featuredmedia":[{"embeddable":true,"href":"https:\/\/pecbag.com\/de\/wp-json\/wp\/v2\/media\/3874"}],"wp:attachment":[{"href":"https:\/\/pecbag.com\/de\/wp-json\/wp\/v2\/media?parent=3866"}],"wp:term":[{"taxonomy":"product_brand","embeddable":true,"href":"https:\/\/pecbag.com\/de\/wp-json\/wp\/v2\/product_brand?post=3866"},{"taxonomy":"product_cat","embeddable":true,"href":"https:\/\/pecbag.com\/de\/wp-json\/wp\/v2\/product_cat?post=3866"},{"taxonomy":"product_tag","embeddable":true,"href":"https:\/\/pecbag.com\/de\/wp-json\/wp\/v2\/product_tag?post=3866"}],"curies":[{"name":"wp","href":"https:\/\/api.w.org\/{rel}","templated":true}]}}