{"id":3882,"date":"2025-05-28T08:36:39","date_gmt":"2025-05-28T08:36:39","guid":{"rendered":"https:\/\/pecbag.com\/?post_type=product&#038;p=3882"},"modified":"2025-11-29T01:30:41","modified_gmt":"2025-11-29T01:30:41","slug":"portable-travel-makeup-bag","status":"publish","type":"product","link":"https:\/\/pecbag.com\/de\/portable-travel-makeup-bag\/","title":{"rendered":"Tragbare Reise-Makeup-Tasche"},"content":{"rendered":"<h5 title=\"Faltbare Hundetasche Atmungsaktives Mesh Haustier Umh\u00e4ngetasche f\u00fcr kleine Haustier Hund Katzen\" data-immersive-translate-walked=\"1c928421-2e42-4cd3-8754-5404553c0af5\" data-immersive-translate-paragraph=\"1\" data-spm-anchor-id=\"a2700.details.0.i35.4f6757d4w4zNZA\">Tragbare Reise-Makeup-Taschen | Wasserdichte Tasche Fabrik &amp; Rucksack Hersteller - Bulk Beauty Solutions<\/h5>\n<div class=\"flex flex-grow flex-col max-w-full\">\n<div class=\"min-h-[20px] text-message flex w-full flex-col items-end gap-2 whitespace-pre-wrap break-words [.text-message+&amp;]:mt-5 overflow-x-auto\" dir=\"auto\" data-message-author-role=\"assistant\" data-message-id=\"3d7d46f6-7ec2-4222-9257-48fa0bba23c6\" data-suggestions=\"true\">\n<div class=\"flex w-full flex-col gap-1 empty:hidden first:pt-[3px]\">\n<div class=\"markdown prose w-full break-words dark:prose-invert light\">\n<table width=\"288\">\n<tbody>\n<tr>\n<td width=\"137\"><span style=\"color: #333333;\">Produkte Name<\/span><\/td>\n<td width=\"151\"><span style=\"color: #333333;\">Kosmetiktasche<\/span><\/td>\n<\/tr>\n<tr>\n<td><span style=\"color: #333333;\">Artikel Nr.<\/span><\/td>\n<td><span style=\"color: #333333;\">PB-2104<\/span><\/td>\n<\/tr>\n<tr>\n<td><span style=\"color: #333333;\">Material<\/span><\/td>\n<td><span style=\"color: #333333;\">Baumwolle, Polyester, Vlies<\/span><\/td>\n<\/tr>\n<tr>\n<td><span style=\"color: #333333;\">\u00a0Gr\u00f6\u00dfe und Farbe<\/span><\/td>\n<td><span style=\"color: #333333;\">Kundenspezifisch<\/span><\/td>\n<\/tr>\n<tr>\n<td><span style=\"color: #333333;\">\u00a0Lieferfrist<\/span><\/td>\n<td><span style=\"color: #333333;\">1-5 Tage f\u00fcr kleine Mengen auf dem Luftweg und 30-35 Tage f\u00fcr gro\u00dfe Mengen auf dem Seeweg<\/span><\/td>\n<\/tr>\n<\/tbody>\n<\/table>\n<p>Als Chinas f\u00fchrender Hersteller von Kosmetiktaschen und wasserdichten Taschen entwerfen wir tragbare Reisekosmetiktaschen f\u00fcr globale Kosmetikmarken. Unsere Kosmetiktasche Unternehmen bietet:<\/p>\n<p>\u2705 <strong>Ultraleichtes, wasserdichtes Design<\/strong> (300D-Nylon + IPX4-Beschichtung)<br \/>\n\u2705 <strong>TSA-gepr\u00fcftes kompaktes Format<\/strong> mit 8+ F\u00e4chern (MOQ 200 St\u00fcck)<br \/>\n\u2705 <strong>ODM\/OEM-Dienstleistungen<\/strong> f\u00fcr Eigenmarken-Schminktaschen<br \/>\n\u2705 <strong>Herstellung von Kosmetiktaschen in gro\u00dfen Mengen<\/strong> mit 10-Tage-Lieferung<\/p>\n<p>Vertraut von Kosmetiktaschen-Gro\u00dfh\u00e4ndlern und Reiseveranstaltern. Wichtigste Merkmale:<br \/>\n- Abnehmbare Handgelenkschlaufe und integrierter Spiegel<br \/>\n- Auslaufsichere Rei\u00dfverschlusstaschen &amp; B\u00fcrstenorganisatoren<br \/>\n- OEKO-Tex zertifizierte umweltfreundliche Materialien<\/p>\n<p><strong>Warum eine Partnerschaft mit unserer Kosmetiktaschenfabrik?<\/strong>:<br \/>\n\ud83d\udd39 12+ Jahre als Top-Schminktaschen-Exporteur aus China<br \/>\n\ud83d\udd39 Kostenloses 3D-Design mit der \u00c4sthetik Ihrer Marke<br \/>\n\ud83d\udd39 SGS\/REACH-zertifizierte nachhaltige Produktion<br \/>\n\ud83d\udd39 30%-Rabatt f\u00fcr Kosmetiktaschenverk\u00e4ufer ab 3.000 St\u00fcck<\/p>\n<p>Fordern Sie kostenlose Muster unserer Reiseschminktasche an oder holen Sie sich sofort ein Angebot ein. Kosmetiktasche Lieferanten genie\u00dfen:<br \/>\n- Kundenspezifische MOQ ab 200 St\u00fcck<br \/>\n- Chargenspezifische wasserdichte Pr\u00fcfberichte<br \/>\n- Vorrangige Zuteilung von Luft-\/Seefracht<\/p>\n<\/div>\n<\/div>\n<\/div>\n<\/div>","protected":false},"excerpt":{"rendered":"<h2 data-immersive-translate-walked=\"344be1c1-5052-41eb-8fcd-0dbe236a0d6b\" data-immersive-translate-paragraph=\"1\">Tragbare Reise-Makeup-Tasche<\/h2>\n<p><span class=\"a-list-item\">1. \u3010 MAKEUP BAG FABRIC\u3011- Die Reisekosmetiktasche mit gro\u00dfem Fassungsverm\u00f6gen ist aus umweltfreundlichem, wasserfestem PU-Leder hergestellt, 100% Polyester innen.<\/span><\/p>\n<p><span class=\"a-list-item\">2. \u3010SLIM &amp; PORTABLE DESIGN\u3011- Der Reise-Makeup-Organizer von 180-Grad-flachen offenen Mund ist das bequemste Design. Doppellagiges N\u00e4hen ist langlebig; Doppelter Rei\u00dfverschluss ist bequemer und einfacher zu \u00f6ffnen.<\/span><\/p>\n<p><span class=\"a-list-item\">3. \u3010MULTI-FUNKTIONAL\u3011- Kann nicht nur als Reisekosmetiktasche, Schminktasche, sondern auch als Reiseveranstalter f\u00fcr Kosmetika, Schminkutensilien, Ladeger\u00e4t und Kabel, Reise-Kosmetiktasche f\u00fcr Frauen verwendet werden, geeignet f\u00fcr alle Arten von t\u00e4glichen oder Reisegebrauch, und wird gro\u00dfe Bequemlichkeit in Ihr Leben bringen.<\/span><\/p>","protected":false},"featured_media":3884,"template":"","meta":{"_uag_custom_page_level_css":""},"product_brand":[],"product_cat":[53],"product_tag":[],"class_list":{"0":"post-3882","1":"product","2":"type-product","3":"status-publish","4":"has-post-thumbnail","6":"product_cat-makeup-bag","8":"first","9":"instock","10":"shipping-taxable","11":"product-type-simple"},"uagb_featured_image_src":{"full":["https:\/\/pecbag.com\/wp-content\/uploads\/2025\/05\/Portable-Travel-Makeup-Bag-1.jpg",1600,1600,false],"thumbnail":["https:\/\/pecbag.com\/wp-content\/uploads\/2025\/05\/Portable-Travel-Makeup-Bag-1-150x150.jpg",150,150,true],"medium":["https:\/\/pecbag.com\/wp-content\/uploads\/2025\/05\/Portable-Travel-Makeup-Bag-1-300x300.jpg",300,300,true],"medium_large":["https:\/\/pecbag.com\/wp-content\/uploads\/2025\/05\/Portable-Travel-Makeup-Bag-1-768x768.jpg",768,768,true],"large":["https:\/\/pecbag.com\/wp-content\/uploads\/2025\/05\/Portable-Travel-Makeup-Bag-1-1024x1024.jpg",800,800,true],"1536x1536":["https:\/\/pecbag.com\/wp-content\/uploads\/2025\/05\/Portable-Travel-Makeup-Bag-1-1536x1536.jpg",1536,1536,true],"2048x2048":["https:\/\/pecbag.com\/wp-content\/uploads\/2025\/05\/Portable-Travel-Makeup-Bag-1.jpg",1600,1600,false],"trp-custom-language-flag":["https:\/\/pecbag.com\/wp-content\/uploads\/2025\/05\/Portable-Travel-Makeup-Bag-1-12x12.jpg",12,12,true],"woocommerce_thumbnail":["https:\/\/pecbag.com\/wp-content\/uploads\/2025\/05\/Portable-Travel-Makeup-Bag-1-300x300.jpg",300,300,true],"woocommerce_single":["https:\/\/pecbag.com\/wp-content\/uploads\/2025\/05\/Portable-Travel-Makeup-Bag-1-600x600.jpg",600,600,true],"woocommerce_gallery_thumbnail":["https:\/\/pecbag.com\/wp-content\/uploads\/2025\/05\/Portable-Travel-Makeup-Bag-1-100x100.jpg",100,100,true]},"uagb_author_info":{"display_name":"Lawrence","author_link":"https:\/\/pecbag.com\/de\/author\/"},"uagb_comment_info":0,"uagb_excerpt":"Portable Travel Makeup Bag 1. \u3010 MAKEUP BAG FABRIC\u3011- The large capacity travel cosmetic bag is made from environmentally protection water water-proof PU leather, 100% polyester inner 2. \u3010SLIM &amp; PORTABLE DESIGN\u3011- The travel makeup organizer of 180-degree flat open mouth is the most convenient design. Double-layer sewing is durable; Double zipper is more convenient&hellip;","_links":{"self":[{"href":"https:\/\/pecbag.com\/de\/wp-json\/wp\/v2\/product\/3882","targetHints":{"allow":["GET"]}}],"collection":[{"href":"https:\/\/pecbag.com\/de\/wp-json\/wp\/v2\/product"}],"about":[{"href":"https:\/\/pecbag.com\/de\/wp-json\/wp\/v2\/types\/product"}],"wp:featuredmedia":[{"embeddable":true,"href":"https:\/\/pecbag.com\/de\/wp-json\/wp\/v2\/media\/3884"}],"wp:attachment":[{"href":"https:\/\/pecbag.com\/de\/wp-json\/wp\/v2\/media?parent=3882"}],"wp:term":[{"taxonomy":"product_brand","embeddable":true,"href":"https:\/\/pecbag.com\/de\/wp-json\/wp\/v2\/product_brand?post=3882"},{"taxonomy":"product_cat","embeddable":true,"href":"https:\/\/pecbag.com\/de\/wp-json\/wp\/v2\/product_cat?post=3882"},{"taxonomy":"product_tag","embeddable":true,"href":"https:\/\/pecbag.com\/de\/wp-json\/wp\/v2\/product_tag?post=3882"}],"curies":[{"name":"wp","href":"https:\/\/api.w.org\/{rel}","templated":true}]}}