{"id":3902,"date":"2025-05-28T09:19:49","date_gmt":"2025-05-28T09:19:49","guid":{"rendered":"https:\/\/pecbag.com\/?post_type=product&#038;p=3902"},"modified":"2025-11-29T01:30:22","modified_gmt":"2025-11-29T01:30:22","slug":"professional-waterproof-tool-bag-backpack","status":"publish","type":"product","link":"https:\/\/pecbag.com\/de\/professional-waterproof-tool-bag-backpack\/","title":{"rendered":"Professioneller wasserdichter Werkzeugrucksack"},"content":{"rendered":"<h5 title=\"Faltbare Hundetasche Atmungsaktives Mesh Haustier Umh\u00e4ngetasche f\u00fcr kleine Haustier Hund Katzen\" data-immersive-translate-walked=\"1c928421-2e42-4cd3-8754-5404553c0af5\" data-immersive-translate-paragraph=\"1\" data-spm-anchor-id=\"a2700.details.0.i35.4f6757d4w4zNZA\">Professionelle wasserdichte Werkzeugtasche Rucks\u00e4cke | Waterproof Bag Factory &amp; Backpack Hersteller - Bulk Industrial Solutions<\/h5>\n<div class=\"flex flex-grow flex-col max-w-full\">\n<div class=\"min-h-[20px] text-message flex w-full flex-col items-end gap-2 whitespace-pre-wrap break-words [.text-message+&amp;]:mt-5 overflow-x-auto\" dir=\"auto\" data-message-author-role=\"assistant\" data-message-id=\"3d7d46f6-7ec2-4222-9257-48fa0bba23c6\" data-suggestions=\"true\">\n<div class=\"flex w-full flex-col gap-1 empty:hidden first:pt-[3px]\">\n<div class=\"markdown prose w-full break-words dark:prose-invert light\">\n<table width=\"288\">\n<tbody>\n<tr>\n<td width=\"137\"><span style=\"color: #333333;\">Produkte Name<\/span><\/td>\n<td width=\"151\">Werkzeugtasche<\/td>\n<\/tr>\n<tr>\n<td><span style=\"color: #333333;\">Artikel Nr.<\/span><\/td>\n<td><span style=\"color: #333333;\">PB-2106<\/span><\/td>\n<\/tr>\n<tr>\n<td><span style=\"color: #333333;\">Material<\/span><\/td>\n<td>Nylon +1680D Ballistic-Gewebe<\/td>\n<\/tr>\n<tr>\n<td><span style=\"color: #333333;\">\u00a0Gr\u00f6\u00dfe und Farbe<\/span><\/td>\n<td>Kundenspezifisch<\/td>\n<\/tr>\n<tr>\n<td><span style=\"color: #333333;\">\u00a0Lieferfrist<\/span><\/td>\n<td><span style=\"color: #333333;\">1-5 Tage f\u00fcr kleine Mengen auf dem Luftweg und 30-35 Tage f\u00fcr gro\u00dfe Mengen auf dem Seeweg<\/span><\/td>\n<\/tr>\n<\/tbody>\n<\/table>\n<p>Als Chinas f\u00fchrender Hersteller von Werkzeugtaschen und wasserdichten Taschen, entwickeln wir professionelle wasserdichte Werkzeugtaschen f\u00fcr globale Industriemarken. Unser Werkzeug Tasche Unternehmen bietet:<\/p>\n<p>\u2705 <strong>Wasserdichter IPX7-Schutz<\/strong> (1000D TPU-beschichtetes Nylon + nahtloses Schwei\u00dfen)<br \/>\n\u2705 <strong>40 Liter erweiterbares Fassungsverm\u00f6gen<\/strong> mit MOLLE\/PALS-Gurtband (MOQ 200 St\u00fcck)<br \/>\n\u2705 <strong>ODM\/OEM-Dienstleistungen<\/strong> f\u00fcr Werkzeugtaschen der Eigenmarke<br \/>\n\u2705 <strong>Produktion von Werkzeugtaschen in gro\u00dfen Mengen<\/strong> mit 10-t\u00e4giger Schnelllieferung<\/p>\n<p>Zuverl\u00e4ssig bei Gro\u00dfh\u00e4ndlern und MRO-Lieferanten f\u00fcr Werkzeugtaschen. Hauptmerkmale:<br \/>\n- Verst\u00e4rkte YKK-Rei\u00dfverschl\u00fcsse und Anti-Rutsch-Schultergurte<br \/>\n- Abnehmbare Werkzeugtafeln und RFID-Blockierungstaschen<br \/>\n- OEKO-Tex zertifiziertes antimikrobielles Futter<\/p>\n<p><strong>Warum eine Partnerschaft mit unserer Werkzeugtaschenfabrik<\/strong>:<br \/>\n\ud83d\udd39 15+ Jahre als Top-Exporteur von Werkzeugtaschen aus China<br \/>\n\ud83d\udd39 Kostenloses 3D-Design mit Ihrem industriellen Branding<br \/>\n\ud83d\udd39 SGS\/REACH-zertifizierte, strapazierf\u00e4hige Materialien<br \/>\n\ud83d\udd39 30%-Rabatt f\u00fcr Anbieter von Werkzeugtaschen bei mehr als 3.000 Einheiten<\/p>\n<p>Fordern Sie kostenlose Muster unserer wasserdichten Werkzeugrucks\u00e4cke an oder holen Sie sich sofort ein Angebot ein. Lieferanten von Werkzeugtaschen genie\u00dfen:<br \/>\n- Kundenspezifische MOQ ab 200 St\u00fcck<br \/>\n- Chargenspezifische wasserdichte Testvideos<br \/>\n- Vorrangige Zuteilung von Luft-\/Seefracht<\/p>\n<\/div>\n<\/div>\n<\/div>\n<\/div>","protected":false},"excerpt":{"rendered":"<h2 data-immersive-translate-walked=\"344be1c1-5052-41eb-8fcd-0dbe236a0d6b\" data-immersive-translate-paragraph=\"1\">Professioneller wasserdichter Werkzeugrucksack<\/h2>\n<ul class=\"a-unordered-list a-vertical a-spacing-mini\">\n<li class=\"a-spacing-mini\"><span class=\"a-list-item\">Vollst\u00e4ndig zu \u00f6ffnen: Der Rucksack f\u00fcr Werkzeuge ist durch einen strapazierf\u00e4higen #10 abschlie\u00dfbaren Nylon-Rei\u00dfverschluss voll zu \u00f6ffnen. Und die internen 22 Taschen und 20 elastischen Schlitze des Rucksacks Werkzeuge sind leicht zug\u00e4nglich und sicher.<\/span><\/li>\n<li class=\"a-spacing-mini\"><span class=\"a-list-item\">44-Taschen: Diese Rucks\u00e4cke f\u00fcr Werkzeuge konstruieren 3Compartments, 44Pockets &amp; 12Molle Loops zu helfen, organisiert zu bleiben. Der Elektriker Rucksack Werkzeugtasche ist ger\u00e4umig, um alle Ihre t\u00e4glichen Werkzeuge unterzubringen.<\/span><\/li>\n<\/ul>","protected":false},"featured_media":3903,"template":"","meta":{"_uag_custom_page_level_css":""},"product_brand":[],"product_cat":[49,60],"product_tag":[],"class_list":{"0":"post-3902","1":"product","2":"type-product","3":"status-publish","4":"has-post-thumbnail","6":"product_cat-tool-bag","7":"product_cat-backpack","9":"first","10":"instock","11":"shipping-taxable","12":"product-type-simple"},"uagb_featured_image_src":{"full":["https:\/\/pecbag.com\/wp-content\/uploads\/2025\/05\/Professional-Waterproof-Tool-Bag-Backpack-4.jpg",2122,2560,false],"thumbnail":["https:\/\/pecbag.com\/wp-content\/uploads\/2025\/05\/Professional-Waterproof-Tool-Bag-Backpack-4-150x150.jpg",150,150,true],"medium":["https:\/\/pecbag.com\/wp-content\/uploads\/2025\/05\/Professional-Waterproof-Tool-Bag-Backpack-4-249x300.jpg",249,300,true],"medium_large":["https:\/\/pecbag.com\/wp-content\/uploads\/2025\/05\/Professional-Waterproof-Tool-Bag-Backpack-4-768x927.jpg",768,927,true],"large":["https:\/\/pecbag.com\/wp-content\/uploads\/2025\/05\/Professional-Waterproof-Tool-Bag-Backpack-4-849x1024.jpg",800,965,true],"1536x1536":["https:\/\/pecbag.com\/wp-content\/uploads\/2025\/05\/Professional-Waterproof-Tool-Bag-Backpack-4-1273x1536.jpg",1273,1536,true],"2048x2048":["https:\/\/pecbag.com\/wp-content\/uploads\/2025\/05\/Professional-Waterproof-Tool-Bag-Backpack-4-1698x2048.jpg",1698,2048,true],"trp-custom-language-flag":["https:\/\/pecbag.com\/wp-content\/uploads\/2025\/05\/Professional-Waterproof-Tool-Bag-Backpack-4-10x12.jpg",10,12,true],"woocommerce_thumbnail":["https:\/\/pecbag.com\/wp-content\/uploads\/2025\/05\/Professional-Waterproof-Tool-Bag-Backpack-4-300x300.jpg",300,300,true],"woocommerce_single":["https:\/\/pecbag.com\/wp-content\/uploads\/2025\/05\/Professional-Waterproof-Tool-Bag-Backpack-4-600x724.jpg",600,724,true],"woocommerce_gallery_thumbnail":["https:\/\/pecbag.com\/wp-content\/uploads\/2025\/05\/Professional-Waterproof-Tool-Bag-Backpack-4-100x100.jpg",100,100,true]},"uagb_author_info":{"display_name":"Lawrence","author_link":"https:\/\/pecbag.com\/de\/author\/"},"uagb_comment_info":0,"uagb_excerpt":"Professional Waterproof Tool Bag Backpack Full-Open: The backpack for tools is full-open by a heavy-duty #10 lockable Nylon zipper. And the internal 22 pockets and 20 Elastic slots of the backpack tools are easy to access and secure. 44-Pockets: These backpacks for tools construct 3Compartments, 44Pockets &amp; 12Molle Loops to help stay organized. The electrician's&hellip;","_links":{"self":[{"href":"https:\/\/pecbag.com\/de\/wp-json\/wp\/v2\/product\/3902","targetHints":{"allow":["GET"]}}],"collection":[{"href":"https:\/\/pecbag.com\/de\/wp-json\/wp\/v2\/product"}],"about":[{"href":"https:\/\/pecbag.com\/de\/wp-json\/wp\/v2\/types\/product"}],"wp:featuredmedia":[{"embeddable":true,"href":"https:\/\/pecbag.com\/de\/wp-json\/wp\/v2\/media\/3903"}],"wp:attachment":[{"href":"https:\/\/pecbag.com\/de\/wp-json\/wp\/v2\/media?parent=3902"}],"wp:term":[{"taxonomy":"product_brand","embeddable":true,"href":"https:\/\/pecbag.com\/de\/wp-json\/wp\/v2\/product_brand?post=3902"},{"taxonomy":"product_cat","embeddable":true,"href":"https:\/\/pecbag.com\/de\/wp-json\/wp\/v2\/product_cat?post=3902"},{"taxonomy":"product_tag","embeddable":true,"href":"https:\/\/pecbag.com\/de\/wp-json\/wp\/v2\/product_tag?post=3902"}],"curies":[{"name":"wp","href":"https:\/\/api.w.org\/{rel}","templated":true}]}}