{"id":3912,"date":"2025-05-28T09:40:56","date_gmt":"2025-05-28T09:40:56","guid":{"rendered":"https:\/\/pecbag.com\/?post_type=product&#038;p=3912"},"modified":"2025-11-29T01:28:52","modified_gmt":"2025-11-29T01:28:52","slug":"finless-double-surfboard-travel-bag","status":"publish","type":"product","link":"https:\/\/pecbag.com\/de\/finless-double-surfboard-travel-bag\/","title":{"rendered":"Finless Double Surfboard Reisetasche"},"content":{"rendered":"<h5 title=\"Faltbare Hundetasche Atmungsaktives Mesh Haustier Umh\u00e4ngetasche f\u00fcr kleine Haustier Hund Katzen\" data-immersive-translate-walked=\"1c928421-2e42-4cd3-8754-5404553c0af5\" data-immersive-translate-paragraph=\"1\" data-spm-anchor-id=\"a2700.details.0.i35.4f6757d4w4zNZA\">Finless Double Surfboard Travel Bags | Waterproof Bag Factory &amp; Backpack Hersteller - Bulk Surf Solutions<\/h5>\n<div class=\"flex flex-grow flex-col max-w-full\">\n<div class=\"min-h-[20px] text-message flex w-full flex-col items-end gap-2 whitespace-pre-wrap break-words [.text-message+&amp;]:mt-5 overflow-x-auto\" dir=\"auto\" data-message-author-role=\"assistant\" data-message-id=\"3d7d46f6-7ec2-4222-9257-48fa0bba23c6\" data-suggestions=\"true\">\n<div class=\"flex w-full flex-col gap-1 empty:hidden first:pt-[3px]\">\n<div class=\"markdown prose w-full break-words dark:prose-invert light\">\n<table width=\"288\">\n<tbody>\n<tr>\n<td width=\"137\"><span style=\"color: #333333;\">Produkte Name<\/span><\/td>\n<td width=\"151\">Surfbrett Tasche<\/td>\n<\/tr>\n<tr>\n<td><span style=\"color: #333333;\">Artikel Nr.<\/span><\/td>\n<td><span style=\"color: #333333;\">PB-2108<\/span><\/td>\n<\/tr>\n<tr>\n<td><span style=\"color: #333333;\">Material<\/span><\/td>\n<td>600 Denier Poly<\/td>\n<\/tr>\n<tr>\n<td><span style=\"color: #333333;\">Gr\u00f6\u00dfe<\/span><\/td>\n<td>Kundenspezifisch<\/td>\n<\/tr>\n<tr>\n<td><span style=\"color: #333333;\">\u00a0Lieferfrist<\/span><\/td>\n<td><span style=\"color: #333333;\">1-5 Tage f\u00fcr kleine Mengen auf dem Luftweg und 30-35 Tage f\u00fcr gro\u00dfe Mengen auf dem Seeweg<\/span><\/td>\n<\/tr>\n<\/tbody>\n<\/table>\n<p>Als Chinas f\u00fchrender Hersteller von Surfboardtaschen und wasserdichter Taschenfabrik entwerfen wir flossenlose Doppel-Surfboard-Reisetaschen f\u00fcr globale Surfmarken. Unser Surfbrett Tasche Unternehmen bietet:<\/p>\n<p>\u2705 <strong>Kapazit\u00e4t von zwei Boards<\/strong> (bis zu 7'6\u2033) mit wasserdichten IPX6-Rei\u00dfverschl\u00fcssen<br \/>\n\u2705 <strong>Ultraleichtes 420D-Nylon<\/strong> Konstruktion (MOQ 200 St\u00fcck)<br \/>\n\u2705 <strong>ODM\/OEM-Dienstleistungen<\/strong> f\u00fcr Eigenmarken-Surfboardtaschen<br \/>\n\u2705 <strong>Herstellung von Surfboardtaschen in gro\u00dfen Mengen<\/strong> mit 12-Tage-Lieferung<\/p>\n<p>Zuverl\u00e4ssig von Gro\u00dfh\u00e4ndlern f\u00fcr Surfboardtaschen und K\u00fcstenorten. Wichtigste Merkmale:<br \/>\n- FCS-Flossenschlitzdesign und verst\u00e4rkte Tragegriffe<br \/>\n- Schnell trocknende Netzeins\u00e4tze und TSA-gepr\u00fcfte Schl\u00f6sser<br \/>\n- OEKO-Tex zertifizierte umweltfreundliche Materialien<\/p>\n<p><strong>Warum eine Partnerschaft mit unserer Surfboard-Taschenfabrik?<\/strong>:<br \/>\n\ud83d\udd39 10+ Jahre als f\u00fchrender Exporteur von Surfbrett-Taschen aus China<br \/>\n\ud83d\udd39 Kostenloses 3D-Design mit der \u00c4sthetik Ihrer Surfmarke<br \/>\n\ud83d\udd39 SGS\/REACH-zertifizierte abriebfeste Stoffe<br \/>\n\ud83d\udd39 25%-Rabatt f\u00fcr Anbieter von Surfboardtaschen ab 2.500 St\u00fcck<\/p>\n<p>Fordern Sie kostenlose Muster unserer doppelten Surfboardtasche an oder holen Sie sich sofort ein Angebot ein. Surfbrett Tasche Lieferanten genie\u00dfen:<br \/>\n- Kundenspezifische MOQ ab 200 St\u00fcck<br \/>\n- Chargenspezifische Salzwasser-Korrosionsberichte<br \/>\n- Vorrangige Zuteilung von Luft-\/Seefracht<\/p>\n<\/div>\n<\/div>\n<\/div>\n<\/div>","protected":false},"excerpt":{"rendered":"<h2 data-immersive-translate-walked=\"344be1c1-5052-41eb-8fcd-0dbe236a0d6b\" data-immersive-translate-paragraph=\"1\">Finless Double Surfboard Reisetasche<\/h2>\n<p>Hast du vor, das Shortboard, den Step-up und, oh, pass auf, die Mini-Gun einzupacken?<\/p>\n<p>Nun, wenn Sie so viel laden, brauchen Sie eine Tasche, die Ihren K\u00f6cher aufnehmen kann.<\/p>\n<p>Die Surfboard-Reisetasche h\u00e4lt so ziemlich alles aus, was man ihr zumuten kann. Mit 10 mm Schaumstoffschutz, um dir mehr Polsterung zu geben, wenn der Gep\u00e4cktr\u00e4ger dr\u00e4ngelt.<\/p>\n<p>Gro\u00dfe Au\u00dfentaschen mit Drainage halten die Kruste von der Boardshorts und das L\u00e4cheln auf Ihrem Gesicht.<\/p>\n<p>Eine interne Trennwand sorgt f\u00fcr die perfekte Abtrennung Ihrer Tafeln.<\/p>\n<p>Brauchen Sie einen Platz f\u00fcr Ihren Vorrat? Stecken Sie es in die geheime ausziehbare \"Aufbewahrungstasche\".<\/p>\n<p>Machen Sie sich keine Sorgen \u00fcber gesalzene Rei\u00dfverschl\u00fcsse an dieser Tasche; strapazierf\u00e4hige, geformte, korrosionsbest\u00e4ndige Rei\u00dfverschl\u00fcsse sorgen f\u00fcr einen reibungslosen Bewegungsablauf w\u00e4hrend der gesamten Lebensdauer der Tasche.<\/p>","protected":false},"featured_media":3919,"template":"","meta":{"_uag_custom_page_level_css":""},"product_brand":[],"product_cat":[47,67,66],"product_tag":[],"class_list":{"0":"post-3912","1":"product","2":"type-product","3":"status-publish","4":"has-post-thumbnail","6":"product_cat-surfboard-bag","7":"product_cat-sports-bag","8":"product_cat-waterproof-bag","10":"first","11":"instock","12":"shipping-taxable","13":"product-type-simple"},"uagb_featured_image_src":{"full":["https:\/\/pecbag.com\/wp-content\/uploads\/2025\/05\/Finless-Double-Surfboard-Travel-Bag-4-scaled.jpeg",2560,1146,false],"thumbnail":["https:\/\/pecbag.com\/wp-content\/uploads\/2025\/05\/Finless-Double-Surfboard-Travel-Bag-4-150x150.jpeg",150,150,true],"medium":["https:\/\/pecbag.com\/wp-content\/uploads\/2025\/05\/Finless-Double-Surfboard-Travel-Bag-4-300x134.jpeg",300,134,true],"medium_large":["https:\/\/pecbag.com\/wp-content\/uploads\/2025\/05\/Finless-Double-Surfboard-Travel-Bag-4-768x344.jpeg",768,344,true],"large":["https:\/\/pecbag.com\/wp-content\/uploads\/2025\/05\/Finless-Double-Surfboard-Travel-Bag-4-1024x458.jpeg",800,358,true],"1536x1536":["https:\/\/pecbag.com\/wp-content\/uploads\/2025\/05\/Finless-Double-Surfboard-Travel-Bag-4-1536x687.jpeg",1536,687,true],"2048x2048":["https:\/\/pecbag.com\/wp-content\/uploads\/2025\/05\/Finless-Double-Surfboard-Travel-Bag-4-2048x917.jpeg",2048,917,true],"trp-custom-language-flag":["https:\/\/pecbag.com\/wp-content\/uploads\/2025\/05\/Finless-Double-Surfboard-Travel-Bag-4-18x8.jpeg",18,8,true],"woocommerce_thumbnail":["https:\/\/pecbag.com\/wp-content\/uploads\/2025\/05\/Finless-Double-Surfboard-Travel-Bag-4-300x300.jpeg",300,300,true],"woocommerce_single":["https:\/\/pecbag.com\/wp-content\/uploads\/2025\/05\/Finless-Double-Surfboard-Travel-Bag-4-600x269.jpeg",600,269,true],"woocommerce_gallery_thumbnail":["https:\/\/pecbag.com\/wp-content\/uploads\/2025\/05\/Finless-Double-Surfboard-Travel-Bag-4-100x100.jpeg",100,100,true]},"uagb_author_info":{"display_name":"Lawrence","author_link":"https:\/\/pecbag.com\/de\/author\/"},"uagb_comment_info":0,"uagb_excerpt":"Finless Double Surfboard Travel Bag Planning on packing the shortboard, step-up, and uh oh, watch out, the mini-gun? Well, if you're charging that hard, you\u2019re going to need a bag that can handle your quiver. The surfboard travel bag can pretty much handle anything you can dish out. With 10mm foam protection to give you&hellip;","_links":{"self":[{"href":"https:\/\/pecbag.com\/de\/wp-json\/wp\/v2\/product\/3912","targetHints":{"allow":["GET"]}}],"collection":[{"href":"https:\/\/pecbag.com\/de\/wp-json\/wp\/v2\/product"}],"about":[{"href":"https:\/\/pecbag.com\/de\/wp-json\/wp\/v2\/types\/product"}],"wp:featuredmedia":[{"embeddable":true,"href":"https:\/\/pecbag.com\/de\/wp-json\/wp\/v2\/media\/3919"}],"wp:attachment":[{"href":"https:\/\/pecbag.com\/de\/wp-json\/wp\/v2\/media?parent=3912"}],"wp:term":[{"taxonomy":"product_brand","embeddable":true,"href":"https:\/\/pecbag.com\/de\/wp-json\/wp\/v2\/product_brand?post=3912"},{"taxonomy":"product_cat","embeddable":true,"href":"https:\/\/pecbag.com\/de\/wp-json\/wp\/v2\/product_cat?post=3912"},{"taxonomy":"product_tag","embeddable":true,"href":"https:\/\/pecbag.com\/de\/wp-json\/wp\/v2\/product_tag?post=3912"}],"curies":[{"name":"wp","href":"https:\/\/api.w.org\/{rel}","templated":true}]}}