{"id":4075,"date":"2025-06-18T02:06:30","date_gmt":"2025-06-18T02:06:30","guid":{"rendered":"https:\/\/pecbag.com\/?post_type=product&#038;p=4075"},"modified":"2025-11-29T01:28:37","modified_gmt":"2025-11-29T01:28:37","slug":"leakproof-fishing-cooler-bag-factory","status":"publish","type":"product","link":"https:\/\/pecbag.com\/de\/leakproof-fishing-cooler-bag-factory\/","title":{"rendered":"Auslaufsichere Fischerei K\u00fchltasche Fabrik"},"content":{"rendered":"<h5 title=\"Faltbare Hundetasche Atmungsaktives Mesh Haustier Umh\u00e4ngetasche f\u00fcr kleine Haustier Hund Katzen\" data-immersive-translate-walked=\"1c928421-2e42-4cd3-8754-5404553c0af5\" data-immersive-translate-paragraph=\"1\" data-spm-anchor-id=\"a2700.details.0.i35.4f6757d4w4zNZA\">\u00a0Leakproof Fishing Cooler Bag Factory | Industrial Waterproof Bag Factory &amp; Heavy-Duty Backpack Manufacturer | Bulk OEM<\/h5>\n<div class=\"flex flex-grow flex-col max-w-full\">\n<div class=\"min-h-[20px] text-message flex w-full flex-col items-end gap-2 whitespace-pre-wrap break-words [.text-message+&amp;]:mt-5 overflow-x-auto\" dir=\"auto\" data-message-author-role=\"assistant\" data-message-id=\"3d7d46f6-7ec2-4222-9257-48fa0bba23c6\" data-suggestions=\"true\">\n<div class=\"flex w-full flex-col gap-1 empty:hidden first:pt-[3px]\">\n<div class=\"markdown prose w-full break-words dark:prose-invert light\">\n<table width=\"288\">\n<tbody>\n<tr>\n<td width=\"137\"><span style=\"color: #333333;\">Produkte Name<\/span><\/td>\n<td width=\"151\">Surfbrett Tasche<\/td>\n<\/tr>\n<tr>\n<td><span style=\"color: #333333;\">Artikel Nr.<\/span><\/td>\n<td><span style=\"color: #333333;\">PB-2110<\/span><\/td>\n<\/tr>\n<tr>\n<td><span style=\"color: #333333;\">Material<\/span><\/td>\n<td>500D Plane PVC<\/td>\n<\/tr>\n<tr>\n<td><span style=\"color: #333333;\">Gr\u00f6\u00dfe<\/span><\/td>\n<td>40,1*16,5 Zoll<\/td>\n<\/tr>\n<tr>\n<td><span style=\"color: #333333;\">\u00a0Lieferfrist<\/span><\/td>\n<td><span style=\"color: #333333;\">1-5 Tage f\u00fcr kleine Mengen auf dem Luftweg und 30-35 Tage f\u00fcr gro\u00dfe Mengen auf dem Seeweg<\/span><\/td>\n<\/tr>\n<\/tbody>\n<\/table>\n<p class=\"ds-markdown-paragraph\">Ben\u00f6tigen Sie auslaufsichere Angler-K\u00fchltaschen, die raue Meere und blutige F\u00e4nge \u00fcberstehen? Als einer der f\u00fchrenden Hersteller von wasserdichten Taschen und Rucks\u00e4cken in China fertigt unsere Leakproof Fishing Cooler Bag Factory kampftaugliche Ausr\u00fcstung f\u00fcr kommerzielle Angler, Marinemarken und Gro\u00dfh\u00e4ndler von Angeltaschen!<\/p>\n<p class=\"ds-markdown-paragraph\">\u2705\u00a0<strong>Warum 200+ K\u00e4ufer unsere Fabrik w\u00e4hlen:<\/strong><\/p>\n<ul>\n<li>\n<p class=\"ds-markdown-paragraph\"><strong>Null-Leck-Garantie<\/strong>: Geschwei\u00dfte TPU-N\u00e4hte + druckgepr\u00fcfte Ecken (\u00fcbersteht 72 Stunden unter Wasser!)<\/p>\n<\/li>\n<li>\n<p class=\"ds-markdown-paragraph\"><strong>Pro Angler Design<\/strong>: Integrierte Rutenhalter + herausnehmbare K\u00f6derf\u00e4cher - h\u00e4lt die Ausr\u00fcstung organisiert und f\u00e4ngt eisige<\/p>\n<\/li>\n<li>\n<p class=\"ds-markdown-paragraph\"><strong>Vorteile bei Gro\u00dfbestellungen<\/strong>: Produzieren Angeln Tasche Gro\u00dfauftr\u00e4ge (MOQ 50pcs) \u00fcber Angeln Tasche ODM \/ OEM oder private Label in 15 Tagen!<\/p>\n<\/li>\n<li>\n<p class=\"ds-markdown-paragraph\"><strong>China Kostenvorteil<\/strong>: Als einer der f\u00fchrenden Hersteller von Angels\u00e4cken in China, trifft industrielle Qualit\u00e4t auf Fabrikpreise<\/p>\n<\/li>\n<\/ul>\n<p class=\"ds-markdown-paragraph\"><strong>Hochseetaugliche Eigenschaften:<\/strong><br \/>\n\ud83d\udd39\u00a0<strong>5 cm \u00d6ko-Isolierung<\/strong>\u00a0- 2X l\u00e4ngere Eisr\u00fcckhaltung im Vergleich zu Standardbeuteln<br \/>\n\ud83d\udd39 Fischsicheres OEKO-TEX-Futter (kein chemischer Beigeschmack) + Blutablass-Stopfen<br \/>\n\ud83d\udd39 Rutschfester Gummiboden + 360\u00b0 R\u00e4der (felsenfestes Ufer)<br \/>\n\ud83d\udd39 Rostfreie Beschl\u00e4ge + UV-best\u00e4ndige 1200D-PVC-Plane<\/p>\n<p class=\"ds-markdown-paragraph\"><strong>Perfekt f\u00fcr:<\/strong><\/p>\n<ul>\n<li>\n<p class=\"ds-markdown-paragraph\">Kommerzielle Flotten und Anbieter von Fischereitaschen<\/p>\n<\/li>\n<li>\n<p class=\"ds-markdown-paragraph\">Exporteure von Angelger\u00e4ten &amp; Gro\u00dfh\u00e4ndler f\u00fcr Angeltaschen<\/p>\n<\/li>\n<li>\n<p class=\"ds-markdown-paragraph\">Marken bauen Fishing Bag Eigenmarken<\/p>\n<\/li>\n<\/ul>\n<p class=\"ds-markdown-paragraph\"><strong>Ihr m\u00fcheloser Prozess:<\/strong><br \/>\n1\ufe0f\u20e3 Farben\/Fassungsverm\u00f6gen anpassen (\u00fcber 30 professionelle Designs verf\u00fcgbar)<br \/>\n2\ufe0f\u20e3 Prototyp in 6 Tagen \u2192 Hochseetest \u2192 Massenproduktion<br \/>\n3\ufe0f\u20e3 Schiff \u00fcber Fischsack-Exportnetze (DDP Luft\/See weltweit)<\/p>\n<p class=\"ds-markdown-paragraph\"><strong>Factory Trust Abzeichen:<\/strong><br \/>\n12+ Jahre Erfahrung in der Herstellung von Rucks\u00e4cken<br \/>\n\u2705 40% dickere W\u00e4nde als die Konkurrenz<br \/>\n\u2705 Zertifizierungen: ISO 9001, SGS, BSCI<\/p>\n<p class=\"ds-markdown-paragraph\"><strong>Sind Sie bereit, lecksichere Gewinne zu erzielen?<\/strong><br \/>\n\ud83d\udc49 [Kostenlose salzwassergetestete Probe] \ud83d\udc49 [20% Pfand] \ud83d\udc49 [24h Angebot]<\/p>\n<\/div>\n<\/div>\n<\/div>\n<\/div>","protected":false},"excerpt":{"rendered":"<h2 data-immersive-translate-walked=\"344be1c1-5052-41eb-8fcd-0dbe236a0d6b\" data-immersive-translate-paragraph=\"1\">Auslaufsichere Fischerei K\u00fchltasche Fabrik<\/h2>\n<p>Wir bieten Premium-Taschen mit individueller Gr\u00f6\u00dfen- und Farbgestaltung, langlebigen Stoffen und zertifizierter Qualit\u00e4t.<\/p>\n<p>Genie\u00dfen Sie flexible MOQs, schnellen weltweiten Versand und Private-Label-L\u00f6sungen.<\/p>\n<p>Kontaktieren Sie uns noch heute!<\/p>","protected":false},"featured_media":4076,"template":"","meta":{"_uag_custom_page_level_css":""},"product_brand":[],"product_cat":[66,50,46],"product_tag":[],"class_list":{"0":"post-4075","1":"product","2":"type-product","3":"status-publish","4":"has-post-thumbnail","6":"product_cat-waterproof-bag","7":"product_cat-cooler-bag","8":"product_cat-fishing-bag","10":"first","11":"instock","12":"shipping-taxable","13":"product-type-simple"},"uagb_featured_image_src":{"full":["https:\/\/pecbag.com\/wp-content\/uploads\/2025\/06\/Leakproof-Fishing-Cooler-Bag-Factory-1.jpg",1000,1000,false],"thumbnail":["https:\/\/pecbag.com\/wp-content\/uploads\/2025\/06\/Leakproof-Fishing-Cooler-Bag-Factory-1-150x150.jpg",150,150,true],"medium":["https:\/\/pecbag.com\/wp-content\/uploads\/2025\/06\/Leakproof-Fishing-Cooler-Bag-Factory-1-300x300.jpg",300,300,true],"medium_large":["https:\/\/pecbag.com\/wp-content\/uploads\/2025\/06\/Leakproof-Fishing-Cooler-Bag-Factory-1-768x768.jpg",768,768,true],"large":["https:\/\/pecbag.com\/wp-content\/uploads\/2025\/06\/Leakproof-Fishing-Cooler-Bag-Factory-1.jpg",800,800,false],"1536x1536":["https:\/\/pecbag.com\/wp-content\/uploads\/2025\/06\/Leakproof-Fishing-Cooler-Bag-Factory-1.jpg",1000,1000,false],"2048x2048":["https:\/\/pecbag.com\/wp-content\/uploads\/2025\/06\/Leakproof-Fishing-Cooler-Bag-Factory-1.jpg",1000,1000,false],"trp-custom-language-flag":["https:\/\/pecbag.com\/wp-content\/uploads\/2025\/06\/Leakproof-Fishing-Cooler-Bag-Factory-1-12x12.jpg",12,12,true],"woocommerce_thumbnail":["https:\/\/pecbag.com\/wp-content\/uploads\/2025\/06\/Leakproof-Fishing-Cooler-Bag-Factory-1-300x300.jpg",300,300,true],"woocommerce_single":["https:\/\/pecbag.com\/wp-content\/uploads\/2025\/06\/Leakproof-Fishing-Cooler-Bag-Factory-1-600x600.jpg",600,600,true],"woocommerce_gallery_thumbnail":["https:\/\/pecbag.com\/wp-content\/uploads\/2025\/06\/Leakproof-Fishing-Cooler-Bag-Factory-1-100x100.jpg",100,100,true]},"uagb_author_info":{"display_name":"Lawrence","author_link":"https:\/\/pecbag.com\/de\/author\/"},"uagb_comment_info":0,"uagb_excerpt":"Leakproof Fishing Cooler Bag Factory We provide premium bags with full-size and color customization, durable fabrics, and certified quality. Enjoy flexible MOQs, fast global shipping, and private label solutions. Contact us today!","_links":{"self":[{"href":"https:\/\/pecbag.com\/de\/wp-json\/wp\/v2\/product\/4075","targetHints":{"allow":["GET"]}}],"collection":[{"href":"https:\/\/pecbag.com\/de\/wp-json\/wp\/v2\/product"}],"about":[{"href":"https:\/\/pecbag.com\/de\/wp-json\/wp\/v2\/types\/product"}],"wp:featuredmedia":[{"embeddable":true,"href":"https:\/\/pecbag.com\/de\/wp-json\/wp\/v2\/media\/4076"}],"wp:attachment":[{"href":"https:\/\/pecbag.com\/de\/wp-json\/wp\/v2\/media?parent=4075"}],"wp:term":[{"taxonomy":"product_brand","embeddable":true,"href":"https:\/\/pecbag.com\/de\/wp-json\/wp\/v2\/product_brand?post=4075"},{"taxonomy":"product_cat","embeddable":true,"href":"https:\/\/pecbag.com\/de\/wp-json\/wp\/v2\/product_cat?post=4075"},{"taxonomy":"product_tag","embeddable":true,"href":"https:\/\/pecbag.com\/de\/wp-json\/wp\/v2\/product_tag?post=4075"}],"curies":[{"name":"wp","href":"https:\/\/api.w.org\/{rel}","templated":true}]}}