{"id":4083,"date":"2025-06-18T02:28:41","date_gmt":"2025-06-18T02:28:41","guid":{"rendered":"https:\/\/pecbag.com\/?post_type=product&#038;p=4083"},"modified":"2025-11-29T01:28:20","modified_gmt":"2025-11-29T01:28:20","slug":"pvc-tarpaulin-fish-cooler-bag-manufacturer","status":"publish","type":"product","link":"https:\/\/pecbag.com\/de\/pvc-tarpaulin-fish-cooler-bag-manufacturer\/","title":{"rendered":"PVC-Plane Fisch K\u00fchltasche Hersteller"},"content":{"rendered":"<h5 title=\"Faltbare Hundetasche Atmungsaktives Mesh Haustier Umh\u00e4ngetasche f\u00fcr kleine Haustier Hund Katzen\" data-immersive-translate-walked=\"1c928421-2e42-4cd3-8754-5404553c0af5\" data-immersive-translate-paragraph=\"1\" data-spm-anchor-id=\"a2700.details.0.i35.4f6757d4w4zNZA\">\u00a0PVC-Plane Fisch K\u00fchltasche Hersteller | Wasserdichte Tasche Fabrik &amp; Heavy-Duty Rucksack Hersteller | Bulk OEM<\/h5>\n<div class=\"flex flex-grow flex-col max-w-full\">\n<div class=\"min-h-[20px] text-message flex w-full flex-col items-end gap-2 whitespace-pre-wrap break-words [.text-message+&amp;]:mt-5 overflow-x-auto\" dir=\"auto\" data-message-author-role=\"assistant\" data-message-id=\"3d7d46f6-7ec2-4222-9257-48fa0bba23c6\" data-suggestions=\"true\">\n<div class=\"flex w-full flex-col gap-1 empty:hidden first:pt-[3px]\">\n<div class=\"markdown prose w-full break-words dark:prose-invert light\">\n<table width=\"288\">\n<tbody>\n<tr>\n<td width=\"137\"><span style=\"color: #333333;\">Produkte Name<\/span><\/td>\n<td width=\"151\">Surfbrett Tasche<\/td>\n<\/tr>\n<tr>\n<td><span style=\"color: #333333;\">Artikel Nr.<\/span><\/td>\n<td><span style=\"color: #333333;\">PB-2111<\/span><\/td>\n<\/tr>\n<tr>\n<td><span style=\"color: #333333;\">Material<\/span><\/td>\n<td>500D Plane PVC<\/td>\n<\/tr>\n<tr>\n<td><span style=\"color: #333333;\">Gr\u00f6\u00dfe<\/span><\/td>\n<td>18\/25,5*8,6*13,7 Zoll<\/td>\n<\/tr>\n<tr>\n<td><span style=\"color: #333333;\">\u00a0Lieferfrist<\/span><\/td>\n<td><span style=\"color: #333333;\">1-5 Tage f\u00fcr kleine Mengen auf dem Luftweg und 30-35 Tage f\u00fcr gro\u00dfe Mengen auf dem Seeweg<\/span><\/td>\n<\/tr>\n<\/tbody>\n<\/table>\n<p class=\"ds-markdown-paragraph\">Brauchen Sie PVC Tarpaulin Fischk\u00fchltaschen, die Salzwasser, Haken und raue Docks \u00fcberstehen? Als einer der f\u00fchrenden Hersteller von wasserdichten Taschen und Rucks\u00e4cken in China sind wir auf die Herstellung von PVC-Planen-Fischk\u00fchltaschen in Industriequalit\u00e4t f\u00fcr kommerzielle Angler, Marinemarken und Gro\u00dfh\u00e4ndler von Angeltaschen spezialisiert!<\/p>\n<p class=\"ds-markdown-paragraph\">\u2705\u00a0<strong>Warum globale Eink\u00e4ufer unserer Fabrik vertrauen:<\/strong><\/p>\n<ul>\n<li>\n<p class=\"ds-markdown-paragraph\"><strong>Unzerbrechliche Plane<\/strong>: 1200D PVC-beschichtetes Gewebe + verschwei\u00dfte N\u00e4hte - widersteht Fischstacheln, UV-Strahlen und Salzwasser-Korrosion!<\/p>\n<\/li>\n<li>\n<p class=\"ds-markdown-paragraph\"><strong>Pro Angler Merkmale<\/strong>: Integrierte Rutenrohre + auslaufsichere K\u00f6dersch\u00e4chte - entwickelt mit Charterkapit\u00e4nen.<\/p>\n<\/li>\n<li>\n<p class=\"ds-markdown-paragraph\"><strong>Vorteile bei Gro\u00dfbestellungen<\/strong>: Produzieren Sie Angeln Tasche Gro\u00dfauftr\u00e4ge \u00fcber Angeln Tasche ODM \/ OEM oder private Label in 15 Tagen!<\/p>\n<\/li>\n<li>\n<p class=\"ds-markdown-paragraph\"><strong>China Kostenvorteil<\/strong>: Als einer der f\u00fchrenden Hersteller von Angels\u00e4cken in China trifft kommerzielle Haltbarkeit auf Exportpreise.<\/p>\n<\/li>\n<\/ul>\n<p class=\"ds-markdown-paragraph\"><strong>Ozean-getestet Spezifikationen:<\/strong><br \/>\n\ud83d\udd39\u00a0<strong>72 Stunden Eisfreihaltung<\/strong>: 5 cm \u00d6koschaum-Isolierung (30% dicker als Standard)<br \/>\n\ud83d\udd39 Selbsttrocknende Pfropfen + rutschfeste Gummimatten (Boot\/Deck sicher)<br \/>\n\ud83d\udd39 Rostfreie Edelstahlbeschl\u00e4ge + fischsicheres Futter (OEKO-TEX zertifiziert)<br \/>\n\ud83d\udd39 80L-200L Fassungsverm\u00f6gen - speichert 100+ lbs Fang<\/p>\n<p class=\"ds-markdown-paragraph\"><strong>Perfekt f\u00fcr:<\/strong><\/p>\n<ul>\n<li>\n<p class=\"ds-markdown-paragraph\">Kommerzielle Fischereiflotten und Anbieter von Fischereitaschen<\/p>\n<\/li>\n<li>\n<p class=\"ds-markdown-paragraph\">Exporteure von Angelger\u00e4ten &amp; Gro\u00dfh\u00e4ndler f\u00fcr Angeltaschen<\/p>\n<\/li>\n<li>\n<p class=\"ds-markdown-paragraph\">Marken bauen Angelsack-Eigenmarken-Premiumlinien<\/p>\n<\/li>\n<\/ul>\n<p class=\"ds-markdown-paragraph\"><strong>Ihre Reise in die Fertigung:<\/strong><br \/>\n1\ufe0f\u20e3 Gr\u00f6\u00dfen\/Farben anpassen (oder 25+ Profi-Designs ausw\u00e4hlen)<br \/>\n2\ufe0f\u20e3 Prototyp in 7 Tagen \u2192 Salzwasserdrucktest \u2192 Massenproduktion<br \/>\n3\ufe0f\u20e3 Schiff \u00fcber\u00a0<strong>Angelsack Export<\/strong>\u00a0Netzwerke (DDP Luft\/See nach USA\/EU\/AU)<\/p>\n<p class=\"ds-markdown-paragraph\"><strong>Werkslegitimation:<\/strong><br \/>\n15+ Jahre Erfahrung in der Herstellung von Schwerlastrucks\u00e4cken<br \/>\nUV-best\u00e4ndiges PVC (5 Jahre Garantie auf Ausbleichen)<br \/>\n\u2705 Zertifizierungen: ISO 9001, SGS, BSCI<\/p>\n<p class=\"ds-markdown-paragraph\"><strong>Sind Sie bereit, sturmsichere Gewinne zu erzielen?<\/strong><br \/>\n\ud83d\udc49\u00a0<strong>Kostenlose salzwassergetestete Probe<\/strong>\u00a0\ud83d\udc49 20% Kaution \ud83d\udc49 Angebot 24h<\/p>\n<\/div>\n<\/div>\n<\/div>\n<\/div>","protected":false},"excerpt":{"rendered":"<h2 data-immersive-translate-walked=\"344be1c1-5052-41eb-8fcd-0dbe236a0d6b\" data-immersive-translate-paragraph=\"1\">PVC-Plane Fisch K\u00fchltasche Hersteller<\/h2>\n<p>Wir bieten Premium-Taschen mit individueller Gr\u00f6\u00dfen- und Farbgestaltung, langlebigen Stoffen und zertifizierter Qualit\u00e4t.<\/p>\n<p>Genie\u00dfen Sie flexible MOQs, schnellen weltweiten Versand und Private-Label-L\u00f6sungen.<\/p>\n<p>Kontaktieren Sie uns noch heute!<\/p>","protected":false},"featured_media":4088,"template":"","meta":{"_uag_custom_page_level_css":""},"product_brand":[],"product_cat":[66,50,46],"product_tag":[],"class_list":{"0":"post-4083","1":"product","2":"type-product","3":"status-publish","4":"has-post-thumbnail","6":"product_cat-waterproof-bag","7":"product_cat-cooler-bag","8":"product_cat-fishing-bag","10":"first","11":"instock","12":"shipping-taxable","13":"product-type-simple"},"uagb_featured_image_src":{"full":["https:\/\/pecbag.com\/wp-content\/uploads\/2025\/06\/PVC-Tarpaulin-Fish-Cooler-Bag-Manufacturer-4.jpg",1000,1000,false],"thumbnail":["https:\/\/pecbag.com\/wp-content\/uploads\/2025\/06\/PVC-Tarpaulin-Fish-Cooler-Bag-Manufacturer-4-150x150.jpg",150,150,true],"medium":["https:\/\/pecbag.com\/wp-content\/uploads\/2025\/06\/PVC-Tarpaulin-Fish-Cooler-Bag-Manufacturer-4-300x300.jpg",300,300,true],"medium_large":["https:\/\/pecbag.com\/wp-content\/uploads\/2025\/06\/PVC-Tarpaulin-Fish-Cooler-Bag-Manufacturer-4-768x768.jpg",768,768,true],"large":["https:\/\/pecbag.com\/wp-content\/uploads\/2025\/06\/PVC-Tarpaulin-Fish-Cooler-Bag-Manufacturer-4.jpg",800,800,false],"1536x1536":["https:\/\/pecbag.com\/wp-content\/uploads\/2025\/06\/PVC-Tarpaulin-Fish-Cooler-Bag-Manufacturer-4.jpg",1000,1000,false],"2048x2048":["https:\/\/pecbag.com\/wp-content\/uploads\/2025\/06\/PVC-Tarpaulin-Fish-Cooler-Bag-Manufacturer-4.jpg",1000,1000,false],"trp-custom-language-flag":["https:\/\/pecbag.com\/wp-content\/uploads\/2025\/06\/PVC-Tarpaulin-Fish-Cooler-Bag-Manufacturer-4-12x12.jpg",12,12,true],"woocommerce_thumbnail":["https:\/\/pecbag.com\/wp-content\/uploads\/2025\/06\/PVC-Tarpaulin-Fish-Cooler-Bag-Manufacturer-4-300x300.jpg",300,300,true],"woocommerce_single":["https:\/\/pecbag.com\/wp-content\/uploads\/2025\/06\/PVC-Tarpaulin-Fish-Cooler-Bag-Manufacturer-4-600x600.jpg",600,600,true],"woocommerce_gallery_thumbnail":["https:\/\/pecbag.com\/wp-content\/uploads\/2025\/06\/PVC-Tarpaulin-Fish-Cooler-Bag-Manufacturer-4-100x100.jpg",100,100,true]},"uagb_author_info":{"display_name":"Lawrence","author_link":"https:\/\/pecbag.com\/de\/author\/"},"uagb_comment_info":0,"uagb_excerpt":"PVC Tarpaulin Fish Cooler Bag Manufacturer We provide premium bags with full-size and color customization, durable fabrics, and certified quality. Enjoy flexible MOQs, fast global shipping, and private label solutions. Contact us today!","_links":{"self":[{"href":"https:\/\/pecbag.com\/de\/wp-json\/wp\/v2\/product\/4083","targetHints":{"allow":["GET"]}}],"collection":[{"href":"https:\/\/pecbag.com\/de\/wp-json\/wp\/v2\/product"}],"about":[{"href":"https:\/\/pecbag.com\/de\/wp-json\/wp\/v2\/types\/product"}],"wp:featuredmedia":[{"embeddable":true,"href":"https:\/\/pecbag.com\/de\/wp-json\/wp\/v2\/media\/4088"}],"wp:attachment":[{"href":"https:\/\/pecbag.com\/de\/wp-json\/wp\/v2\/media?parent=4083"}],"wp:term":[{"taxonomy":"product_brand","embeddable":true,"href":"https:\/\/pecbag.com\/de\/wp-json\/wp\/v2\/product_brand?post=4083"},{"taxonomy":"product_cat","embeddable":true,"href":"https:\/\/pecbag.com\/de\/wp-json\/wp\/v2\/product_cat?post=4083"},{"taxonomy":"product_tag","embeddable":true,"href":"https:\/\/pecbag.com\/de\/wp-json\/wp\/v2\/product_tag?post=4083"}],"curies":[{"name":"wp","href":"https:\/\/api.w.org\/{rel}","templated":true}]}}