{"id":4090,"date":"2025-06-19T01:51:55","date_gmt":"2025-06-19T01:51:55","guid":{"rendered":"https:\/\/pecbag.com\/?post_type=product&#038;p=4090"},"modified":"2025-11-29T01:29:31","modified_gmt":"2025-11-29T01:29:31","slug":"new-design-tactical-hiking-backpack-factory","status":"publish","type":"product","link":"https:\/\/pecbag.com\/de\/new-design-tactical-hiking-backpack-factory\/","title":{"rendered":"Neues Design taktische Wanderung Rucksack Fabrik"},"content":{"rendered":"<h5 title=\"Faltbare Hundetasche Atmungsaktives Mesh Haustier Umh\u00e4ngetasche f\u00fcr kleine Haustier Hund Katzen\" data-immersive-translate-walked=\"1c928421-2e42-4cd3-8754-5404553c0af5\" data-immersive-translate-paragraph=\"1\" data-spm-anchor-id=\"a2700.details.0.i35.4f6757d4w4zNZA\">Neues Design taktische Wandern Rucksack Fabrik | wasserdichte Tasche Fabrik &amp; Professional Rucksack Hersteller | Bulk OEM<\/h5>\n<p>Brauchen Sie neue Design taktische Wanderrucks\u00e4cke f\u00fcr extreme Abenteuer gebaut? Als einer der besten Hersteller von wasserdichten Taschen und Rucks\u00e4cken in China liefert unsere New Design Tactical Hiking Backpack Factory milit\u00e4rische Ausr\u00fcstung f\u00fcr Outdoor-Marken, Armee-Lieferanten und Gro\u00dfh\u00e4ndler f\u00fcr Wandertaschen!<\/p>\n<div class=\"flex flex-grow flex-col max-w-full\">\n<div class=\"min-h-[20px] text-message flex w-full flex-col items-end gap-2 whitespace-pre-wrap break-words [.text-message+&amp;]:mt-5 overflow-x-auto\" dir=\"auto\" data-message-author-role=\"assistant\" data-message-id=\"3d7d46f6-7ec2-4222-9257-48fa0bba23c6\" data-suggestions=\"true\">\n<div class=\"flex w-full flex-col gap-1 empty:hidden first:pt-[3px]\">\n<div class=\"markdown prose w-full break-words dark:prose-invert light\">\n<table width=\"288\">\n<tbody>\n<tr>\n<td width=\"137\"><span style=\"color: #333333;\">Produkte Name<\/span><\/td>\n<td width=\"151\">Jagdtasche<\/td>\n<\/tr>\n<tr>\n<td><span style=\"color: #333333;\">Artikel Nr.<\/span><\/td>\n<td><span style=\"color: #333333;\">PB-2112<\/span><\/td>\n<\/tr>\n<tr>\n<td><span style=\"color: #333333;\">Material<\/span><\/td>\n<td>600D Polyester<\/td>\n<\/tr>\n<tr>\n<td><span style=\"color: #333333;\">Gr\u00f6\u00dfe<\/span><\/td>\n<td>15 x 8 x 21 Zoll<\/td>\n<\/tr>\n<tr>\n<td><span style=\"color: #333333;\">\u00a0Lieferfrist<\/span><\/td>\n<td><span style=\"color: #333333;\">1-5 Tage f\u00fcr kleine Mengen auf dem Luftweg und 30-35 Tage f\u00fcr gro\u00dfe Mengen auf dem Seeweg<\/span><\/td>\n<\/tr>\n<\/tbody>\n<\/table>\n<p class=\"ds-markdown-paragraph\">\u2705\u00a0<strong>Warum globale Eink\u00e4ufer uns w\u00e4hlen:<\/strong><\/p>\n<ul>\n<li>\n<p class=\"ds-markdown-paragraph\"><strong>Kampftaugliche Langlebigkeit<\/strong>: 1000D ballistisches Nylon + verschwei\u00dfte N\u00e4hte - \u00fcbersteht Felsenschrammen, Regeng\u00fcsse und 80lbs Lasten!<\/p>\n<\/li>\n<li>\n<p class=\"ds-markdown-paragraph\"><strong>2024 Taktische Upgrades<\/strong>: Modulare MOLLE-Elemente + abnehmbarer Drohnenkoffer + TSA-zugelassenes Schlosssystem.<\/p>\n<\/li>\n<li>\n<p class=\"ds-markdown-paragraph\"><strong>Effizienz bei Gro\u00dfauftr\u00e4gen<\/strong>: Produzieren Sie Wandertasche Gro\u00dfauftr\u00e4ge \u00fcber Wandertasche ODM\/OEM oder private Label in 15 Tagen!<\/p>\n<\/li>\n<li>\n<p class=\"ds-markdown-paragraph\"><strong>China Kostenvorteil<\/strong>: Als einer der f\u00fchrenden Hersteller von Wandertaschen in China, trifft professionelle Qualit\u00e4t auf unschlagbare Preise.<\/p>\n<\/li>\n<\/ul>\n<p class=\"ds-markdown-paragraph\"><strong>Praxiserprobte Innovationen:<\/strong><br \/>\n\ud83d\udd39\u00a0<strong>Sturmsichere Konstruktion<\/strong>: YKK Aquaguard\u00ae-Rei\u00dfverschl\u00fcsse + TPU-beschichteter Boden (IPX6 wasserdicht)<br \/>\n\ud83d\udd39 Bel\u00fcftetes Aufh\u00e4ngungssystem + verstellbarer Torsorahmen (passend f\u00fcr 5'0\u2033-6'8\u2033)<br \/>\n\ud83d\udd39 Stealth-Taschen f\u00fcr Wertsachen + Trinksystem-Anschluss<br \/>\n\ud83d\udd39 NATO-Farben (Coyote, OD Green, Tactical Black)<\/p>\n<p class=\"ds-markdown-paragraph\"><strong>Perfekt f\u00fcr:<\/strong><\/p>\n<ul>\n<li>\n<p class=\"ds-markdown-paragraph\">Outdoor-Einzelh\u00e4ndler &amp; Anbieter von Wandertaschen<\/p>\n<\/li>\n<li>\n<p class=\"ds-markdown-paragraph\">Lieferanten f\u00fcr milit\u00e4rische Ausr\u00fcstung &amp; Gro\u00dfh\u00e4ndler f\u00fcr Wandertaschen<\/p>\n<\/li>\n<li>\n<p class=\"ds-markdown-paragraph\">Marken bauen Eigenmarken f\u00fcr Wandertaschen<\/p>\n<\/li>\n<\/ul>\n<p class=\"ds-markdown-paragraph\"><strong>Ihre Reise in die Produktion:<\/strong><br \/>\n1\ufe0f\u20e3 Funktionen\/Farben anpassen (\u00fcber 50 taktische Vorlagen verf\u00fcgbar)<br \/>\n2\ufe0f\u20e3 Prototyp in 5 Tagen \u2192 Belastungstest \u2192 Massenproduktion<br \/>\n3\ufe0f\u20e3 Versand \u00fcber Wandersack-Exportnetzwerke (DDP nach USA\/EU\/AU)<\/p>\n<p class=\"ds-markdown-paragraph\"><strong>Werkslegitimation:<\/strong><br \/>\n12+ Jahre Erfahrung in der Herstellung von Rucks\u00e4cken<br \/>\n\u2705 40% st\u00e4rkere Belastungspunkte als die Konkurrenz<br \/>\n\u2705 Zertifizierungen: ISO 9001, BSCI, OEKO-TEX<\/p>\n<p class=\"ds-markdown-paragraph\"><strong>Sind Sie bereit, Ihr Inventar aufzur\u00fcsten?<\/strong><br \/>\n\ud83d\udc49\u00a0<strong>Kostenloses belastungsgepr\u00fcftes Muster<\/strong>\u00a0\ud83d\udc49 20% Kaution \ud83d\udc49 Angebot 24h<\/p>\n<\/div>\n<\/div>\n<\/div>\n<\/div>","protected":false},"excerpt":{"rendered":"<h2 data-immersive-translate-walked=\"344be1c1-5052-41eb-8fcd-0dbe236a0d6b\" data-immersive-translate-paragraph=\"1\">Neues Design taktische Wanderung Rucksack Fabrik<\/h2>\n<p>Wir bieten Premium-Taschen mit individueller Gr\u00f6\u00dfen- und Farbgestaltung, langlebigen Stoffen und zertifizierter Qualit\u00e4t.<\/p>\n<p>Genie\u00dfen Sie flexible MOQs, schnellen weltweiten Versand und Private-Label-L\u00f6sungen.<\/p>\n<p>Kontaktieren Sie uns noch heute!<\/p>","protected":false},"featured_media":4096,"template":"","meta":{"_uag_custom_page_level_css":""},"product_brand":[],"product_cat":[54,45,66],"product_tag":[],"class_list":{"0":"post-4090","1":"product","2":"type-product","3":"status-publish","4":"has-post-thumbnail","6":"product_cat-hunting-bag","7":"product_cat-hiking-bag","8":"product_cat-waterproof-bag","10":"first","11":"instock","12":"shipping-taxable","13":"product-type-simple"},"uagb_featured_image_src":{"full":["https:\/\/pecbag.com\/wp-content\/uploads\/2025\/06\/New-Design-Tactical-Hiking-Backpack-Factory-2.png",960,960,false],"thumbnail":["https:\/\/pecbag.com\/wp-content\/uploads\/2025\/06\/New-Design-Tactical-Hiking-Backpack-Factory-2-150x150.png",150,150,true],"medium":["https:\/\/pecbag.com\/wp-content\/uploads\/2025\/06\/New-Design-Tactical-Hiking-Backpack-Factory-2-300x300.png",300,300,true],"medium_large":["https:\/\/pecbag.com\/wp-content\/uploads\/2025\/06\/New-Design-Tactical-Hiking-Backpack-Factory-2-768x768.png",768,768,true],"large":["https:\/\/pecbag.com\/wp-content\/uploads\/2025\/06\/New-Design-Tactical-Hiking-Backpack-Factory-2.png",800,800,false],"1536x1536":["https:\/\/pecbag.com\/wp-content\/uploads\/2025\/06\/New-Design-Tactical-Hiking-Backpack-Factory-2.png",960,960,false],"2048x2048":["https:\/\/pecbag.com\/wp-content\/uploads\/2025\/06\/New-Design-Tactical-Hiking-Backpack-Factory-2.png",960,960,false],"trp-custom-language-flag":["https:\/\/pecbag.com\/wp-content\/uploads\/2025\/06\/New-Design-Tactical-Hiking-Backpack-Factory-2-12x12.png",12,12,true],"woocommerce_thumbnail":["https:\/\/pecbag.com\/wp-content\/uploads\/2025\/06\/New-Design-Tactical-Hiking-Backpack-Factory-2-300x300.png",300,300,true],"woocommerce_single":["https:\/\/pecbag.com\/wp-content\/uploads\/2025\/06\/New-Design-Tactical-Hiking-Backpack-Factory-2-600x600.png",600,600,true],"woocommerce_gallery_thumbnail":["https:\/\/pecbag.com\/wp-content\/uploads\/2025\/06\/New-Design-Tactical-Hiking-Backpack-Factory-2-100x100.png",100,100,true]},"uagb_author_info":{"display_name":"Lawrence","author_link":"https:\/\/pecbag.com\/de\/author\/"},"uagb_comment_info":0,"uagb_excerpt":"New Design Tactical Hiking Backpack Factory We provide premium bags with full-size and color customization, durable fabrics, and certified quality. Enjoy flexible MOQs, fast global shipping, and private label solutions. Contact us today!","_links":{"self":[{"href":"https:\/\/pecbag.com\/de\/wp-json\/wp\/v2\/product\/4090","targetHints":{"allow":["GET"]}}],"collection":[{"href":"https:\/\/pecbag.com\/de\/wp-json\/wp\/v2\/product"}],"about":[{"href":"https:\/\/pecbag.com\/de\/wp-json\/wp\/v2\/types\/product"}],"wp:featuredmedia":[{"embeddable":true,"href":"https:\/\/pecbag.com\/de\/wp-json\/wp\/v2\/media\/4096"}],"wp:attachment":[{"href":"https:\/\/pecbag.com\/de\/wp-json\/wp\/v2\/media?parent=4090"}],"wp:term":[{"taxonomy":"product_brand","embeddable":true,"href":"https:\/\/pecbag.com\/de\/wp-json\/wp\/v2\/product_brand?post=4090"},{"taxonomy":"product_cat","embeddable":true,"href":"https:\/\/pecbag.com\/de\/wp-json\/wp\/v2\/product_cat?post=4090"},{"taxonomy":"product_tag","embeddable":true,"href":"https:\/\/pecbag.com\/de\/wp-json\/wp\/v2\/product_tag?post=4090"}],"curies":[{"name":"wp","href":"https:\/\/api.w.org\/{rel}","templated":true}]}}