{"id":4111,"date":"2025-06-20T01:57:21","date_gmt":"2025-06-20T01:57:21","guid":{"rendered":"https:\/\/pecbag.com\/?post_type=product&#038;p=4111"},"modified":"2025-11-29T01:29:08","modified_gmt":"2025-11-29T01:29:08","slug":"custom-outdoor-hunting-bag-factory","status":"publish","type":"product","link":"https:\/\/pecbag.com\/de\/custom-outdoor-hunting-bag-factory\/","title":{"rendered":"Benutzerdefinierte Outdoor-Jagdtasche Fabrik"},"content":{"rendered":"<h5 title=\"Faltbare Hundetasche Atmungsaktives Mesh Haustier Umh\u00e4ngetasche f\u00fcr kleine Haustier Hund Katzen\" data-immersive-translate-walked=\"1c928421-2e42-4cd3-8754-5404553c0af5\" data-immersive-translate-paragraph=\"1\" data-spm-anchor-id=\"a2700.details.0.i35.4f6757d4w4zNZA\">Benutzerdefinierte Outdoor-Jagd Tasche Fabrik | Industrielle wasserdichte Tasche Fabrik &amp; Tactical Backpack Hersteller | Bulk OEM<\/h5>\n<p>Ben\u00f6tigen Sie ma\u00dfgeschneiderte Outdoor-Jagdtaschen, die f\u00fcr das \u00dcberleben in der extremen Wildnis entwickelt wurden? Als spezialisierter Hersteller von wasserdichten Taschen und Rucks\u00e4cken in China fertigt unsere Custom Outdoor Hunting Bag Factory einsatzspezifische Ausr\u00fcstung f\u00fcr Milit\u00e4reinheiten, Ausr\u00fcster und Jagdtaschen-Gro\u00dfh\u00e4ndler!<\/p>\n<div class=\"flex flex-grow flex-col max-w-full\">\n<div class=\"min-h-[20px] text-message flex w-full flex-col items-end gap-2 whitespace-pre-wrap break-words [.text-message+&amp;]:mt-5 overflow-x-auto\" dir=\"auto\" data-message-author-role=\"assistant\" data-message-id=\"3d7d46f6-7ec2-4222-9257-48fa0bba23c6\" data-suggestions=\"true\">\n<div class=\"flex w-full flex-col gap-1 empty:hidden first:pt-[3px]\">\n<div class=\"markdown prose w-full break-words dark:prose-invert light\">\n<table style=\"height: 248px;\" width=\"301\">\n<tbody>\n<tr>\n<td width=\"137\"><span style=\"color: #333333;\">Produkte Name<\/span><\/td>\n<td width=\"151\">Jagdtasche<\/td>\n<\/tr>\n<tr>\n<td><span style=\"color: #333333;\">Artikel Nr.<\/span><\/td>\n<td><span style=\"color: #333333;\">PB-2115<\/span><\/td>\n<\/tr>\n<tr>\n<td><span style=\"color: #333333;\">Material<\/span><\/td>\n<td>600D Polyester<\/td>\n<\/tr>\n<tr>\n<td><span style=\"color: #333333;\">Gr\u00f6\u00dfe<\/span><\/td>\n<td>19,5 x 12 x 7,5 Zoll<\/td>\n<\/tr>\n<tr>\n<td><span style=\"color: #333333;\">\u00a0Lieferfrist<\/span><\/td>\n<td><span style=\"color: #333333;\">1-5 Tage f\u00fcr kleine Mengen auf dem Luftweg und 30-35 Tage f\u00fcr gro\u00dfe Mengen auf dem Seeweg<\/span><\/td>\n<\/tr>\n<\/tbody>\n<\/table>\n<p class=\"ds-markdown-paragraph\">\u2705\u00a0<strong>Warum Elitek\u00e4ufer mit uns zusammenarbeiten:<\/strong><\/p>\n<ul>\n<li>\n<p class=\"ds-markdown-paragraph\"><strong>Vollst\u00e4ndige Anpassung<\/strong>: Entwerfen Sie individuelle Outdoor-Jagdtaschen nach Ihren Vorgaben - Blutabflussf\u00e4cher, Gewehrriemen oder GPS-H\u00fcllen -.\u00a0<strong>ODM\/OEM-Spezialisten<\/strong>\u00a0f\u00fcr taktische Perfektion!<\/p>\n<\/li>\n<li>\n<p class=\"ds-markdown-paragraph\"><strong>Sammelbestellung Strom<\/strong>: Produzieren Sie Jagdtaschen-Gro\u00dfbestellungen (MOQ 50pcs) in 15 Tagen - ideal f\u00fcr saisonale Jagdeinf\u00fchrungen!<\/p>\n<\/li>\n<li>\n<p class=\"ds-markdown-paragraph\"><strong>China Manufacturing Edge<\/strong>: Als einer der besten Hersteller von Jagdtaschen in China, trifft die Haltbarkeit der Mil-Spec auf die Preise des Herstellers.<\/p>\n<\/li>\n<\/ul>\n<p class=\"ds-markdown-paragraph\"><strong>Praxiserprobte Merkmale:<\/strong><br \/>\n\ud83d\udd39\u00a0<strong>Brutale Umwelt bereit<\/strong>: 1000D PVC-Plane + dreifach gen\u00e4hte N\u00e4hte (getestet f\u00fcr Blut, Dornen, -30\u00b0C)<br \/>\n\ud83d\udd39 ScentLock\u2122 Carbon-Futter + ger\u00e4uschlose Schnallen (in freier Wildbahn nicht nachweisbar)<br \/>\n\ud83d\udd39 Modulare MOLLE-Eins\u00e4tze und trinkwassertaugliches Design<br \/>\n\ud83d\udd39 Realtree\u00ae\/Mossy Oak\u00ae lizenziertes Tarnmuster (UV-best\u00e4ndig + lichtecht)<\/p>\n<p class=\"ds-markdown-paragraph\"><strong>Perfekt f\u00fcr:<\/strong><\/p>\n<ul>\n<li>\n<p class=\"ds-markdown-paragraph\">Milit\u00e4rische Lieferanten &amp; Anbieter von Jagdtaschen<\/p>\n<\/li>\n<li>\n<p class=\"ds-markdown-paragraph\">Jagdh\u00e4user &amp; Gro\u00dfh\u00e4ndler f\u00fcr Jagdtaschen<\/p>\n<\/li>\n<li>\n<p class=\"ds-markdown-paragraph\">Marken schaffen taktische Eigenmarken f\u00fcr Jagdtaschen<\/p>\n<\/li>\n<\/ul>\n<p class=\"ds-markdown-paragraph\"><strong>Ihre Reise zur Individualisierung:<\/strong><br \/>\n1\ufe0f\u20e3 Blaupausen\/Pantone-Codes austauschen \u2192 2\ufe0f\u20e3 Prototyp in 5 Tagen \u2192 3\ufe0f\u20e3 Praxistest \u2192 4\ufe0f\u20e3 Massenproduktion \u2192 5\ufe0f\u20e3 Versand \u00fcber Hunting Bag Exportnetzwerke<\/p>\n<p class=\"ds-markdown-paragraph\"><strong>Werkslegitimation:<\/strong><br \/>\n15+ Jahre Erfahrung in der Herstellung von Rucks\u00e4cken<br \/>\n\u2705 40% st\u00e4rkere Belastungspunkte als die Konkurrenz<br \/>\n\u2705 Zertifizierungen: ISO 9001, SGS, OEKO-TEX<\/p>\n<p class=\"ds-markdown-paragraph\"><strong>Bereit f\u00fcr die Bewaffnung von Elitej\u00e4gern?<\/strong><br \/>\n\ud83d\udc49\u00a0<strong>Kostenlose Blutw\u00e4sche-Probe<\/strong>\u00a0\ud83d\udc49 20% Kaution \ud83d\udc49 Angebot 24h<\/p>\n<\/div>\n<\/div>\n<\/div>\n<\/div>","protected":false},"excerpt":{"rendered":"<h2 data-immersive-translate-walked=\"344be1c1-5052-41eb-8fcd-0dbe236a0d6b\" data-immersive-translate-paragraph=\"1\">Benutzerdefinierte Outdoor-Jagdtasche Fabrik<\/h2>\n<p>1.<strong> \u3010Multiple Compartments Hunting Pack\u3011<\/strong>Der Milit\u00e4rrucksack verf\u00fcgt \u00fcber 2 Hauptf\u00e4cher mit mehreren F\u00e4chern und zwei Rei\u00dfverschlusstaschen, darunter eine Innentasche mit Rei\u00dfverschluss und eine Netztasche f\u00fcr weitere Aufbewahrungsm\u00f6glichkeiten, z. B. f\u00fcr eine Trinkblase (Trinkblase nicht im Lieferumfang enthalten), sowie ein gro\u00dfes Hauptfach und Zubeh\u00f6rtaschen zum Organisieren kleinerer Gegenst\u00e4nde.<br \/>\n2.<strong> \u3010Include Rain Cover for Hunting\u3011<\/strong>Kleiner Jagdrucksack mit einer Regenh\u00fclle kann Ihre Sachen vor dem Regen sch\u00fctzen. Gewehrrucksack mit doppelt gen\u00e4hten, strapazierf\u00e4higen Rei\u00dfverschl\u00fcssen, Kompressionssystem f\u00fcr Seiten- und Frontlast, bequemes gepolstertes R\u00fcckendesign und dicke und weiche bel\u00fcftete Polster aus mehreren Platten, atmungsaktive und verstellbare Schultergurte. Schaumstoffgepolsterter oberer Griff f\u00fcr eine lange Tragezeit.<\/p>","protected":false},"featured_media":4112,"template":"","meta":{"_uag_custom_page_level_css":""},"product_brand":[],"product_cat":[54,60],"product_tag":[],"class_list":{"0":"post-4111","1":"product","2":"type-product","3":"status-publish","4":"has-post-thumbnail","6":"product_cat-hunting-bag","7":"product_cat-backpack","9":"first","10":"instock","11":"shipping-taxable","12":"product-type-simple"},"uagb_featured_image_src":{"full":["https:\/\/pecbag.com\/wp-content\/uploads\/2025\/06\/Custom-Outdoor-Hunting-Bag-Factory-6.jpg",960,960,false],"thumbnail":["https:\/\/pecbag.com\/wp-content\/uploads\/2025\/06\/Custom-Outdoor-Hunting-Bag-Factory-6-150x150.jpg",150,150,true],"medium":["https:\/\/pecbag.com\/wp-content\/uploads\/2025\/06\/Custom-Outdoor-Hunting-Bag-Factory-6-300x300.jpg",300,300,true],"medium_large":["https:\/\/pecbag.com\/wp-content\/uploads\/2025\/06\/Custom-Outdoor-Hunting-Bag-Factory-6-768x768.jpg",768,768,true],"large":["https:\/\/pecbag.com\/wp-content\/uploads\/2025\/06\/Custom-Outdoor-Hunting-Bag-Factory-6.jpg",800,800,false],"1536x1536":["https:\/\/pecbag.com\/wp-content\/uploads\/2025\/06\/Custom-Outdoor-Hunting-Bag-Factory-6.jpg",960,960,false],"2048x2048":["https:\/\/pecbag.com\/wp-content\/uploads\/2025\/06\/Custom-Outdoor-Hunting-Bag-Factory-6.jpg",960,960,false],"trp-custom-language-flag":["https:\/\/pecbag.com\/wp-content\/uploads\/2025\/06\/Custom-Outdoor-Hunting-Bag-Factory-6-12x12.jpg",12,12,true],"woocommerce_thumbnail":["https:\/\/pecbag.com\/wp-content\/uploads\/2025\/06\/Custom-Outdoor-Hunting-Bag-Factory-6-300x300.jpg",300,300,true],"woocommerce_single":["https:\/\/pecbag.com\/wp-content\/uploads\/2025\/06\/Custom-Outdoor-Hunting-Bag-Factory-6-600x600.jpg",600,600,true],"woocommerce_gallery_thumbnail":["https:\/\/pecbag.com\/wp-content\/uploads\/2025\/06\/Custom-Outdoor-Hunting-Bag-Factory-6-100x100.jpg",100,100,true]},"uagb_author_info":{"display_name":"Lawrence","author_link":"https:\/\/pecbag.com\/de\/author\/"},"uagb_comment_info":0,"uagb_excerpt":"Custom Outdoor Hunting Bag Factory 1. \u3010Multiple Compartments Hunting Pack\u3011Military backpack has 2 main multi-compartment and dual zippered closure pockets, including an interior zip pocket and mesh pocket for more storage options, such as a hydration bladder (hydration bladder is not included).With a large main compartment, accessory pockets to organize your small gear. 2. \u3010Include&hellip;","_links":{"self":[{"href":"https:\/\/pecbag.com\/de\/wp-json\/wp\/v2\/product\/4111","targetHints":{"allow":["GET"]}}],"collection":[{"href":"https:\/\/pecbag.com\/de\/wp-json\/wp\/v2\/product"}],"about":[{"href":"https:\/\/pecbag.com\/de\/wp-json\/wp\/v2\/types\/product"}],"wp:featuredmedia":[{"embeddable":true,"href":"https:\/\/pecbag.com\/de\/wp-json\/wp\/v2\/media\/4112"}],"wp:attachment":[{"href":"https:\/\/pecbag.com\/de\/wp-json\/wp\/v2\/media?parent=4111"}],"wp:term":[{"taxonomy":"product_brand","embeddable":true,"href":"https:\/\/pecbag.com\/de\/wp-json\/wp\/v2\/product_brand?post=4111"},{"taxonomy":"product_cat","embeddable":true,"href":"https:\/\/pecbag.com\/de\/wp-json\/wp\/v2\/product_cat?post=4111"},{"taxonomy":"product_tag","embeddable":true,"href":"https:\/\/pecbag.com\/de\/wp-json\/wp\/v2\/product_tag?post=4111"}],"curies":[{"name":"wp","href":"https:\/\/api.w.org\/{rel}","templated":true}]}}