{"id":4118,"date":"2025-06-23T01:32:09","date_gmt":"2025-06-23T01:32:09","guid":{"rendered":"https:\/\/pecbag.com\/?post_type=product&#038;p=4118"},"modified":"2025-11-29T01:29:01","modified_gmt":"2025-11-29T01:29:01","slug":"camouflage-tactical-hunting-bag-manufacturer","status":"publish","type":"product","link":"https:\/\/pecbag.com\/de\/camouflage-tactical-hunting-bag-manufacturer\/","title":{"rendered":"Camouflage Tactical Jagdtasche Hersteller"},"content":{"rendered":"<h5 title=\"Faltbare Hundetasche Atmungsaktives Mesh Haustier Umh\u00e4ngetasche f\u00fcr kleine Haustier Hund Katzen\" data-immersive-translate-walked=\"1c928421-2e42-4cd3-8754-5404553c0af5\" data-immersive-translate-paragraph=\"1\" data-spm-anchor-id=\"a2700.details.0.i35.4f6757d4w4zNZA\">Camouflage taktische Jagdtasche Hersteller | Wasserdichte Tasche Fabrik &amp; Milit\u00e4r Rucksack Hersteller | Bulk OEM<\/h5>\n<p>Sie ben\u00f6tigen tarnfarbene taktische Jagdtaschen, die in der Wildnis verschwinden? Als kampferprobter Hersteller von wasserdichten Taschen und Rucks\u00e4cken in China fertigt unsere Abteilung Camouflage Tactical Hunting Bag Manufacturer geisterhafte Ausr\u00fcstung f\u00fcr Spezialeinheiten, Ausr\u00fcster und Gro\u00dfh\u00e4ndler f\u00fcr Jagdtaschen!<\/p>\n<div class=\"flex flex-grow flex-col max-w-full\">\n<div class=\"min-h-[20px] text-message flex w-full flex-col items-end gap-2 whitespace-pre-wrap break-words [.text-message+&amp;]:mt-5 overflow-x-auto\" dir=\"auto\" data-message-author-role=\"assistant\" data-message-id=\"3d7d46f6-7ec2-4222-9257-48fa0bba23c6\" data-suggestions=\"true\">\n<div class=\"flex w-full flex-col gap-1 empty:hidden first:pt-[3px]\">\n<div class=\"markdown prose w-full break-words dark:prose-invert light\">\n<table style=\"height: 251px;\" width=\"313\">\n<tbody>\n<tr>\n<td width=\"137\"><span style=\"color: #333333;\">Produkte Name<\/span><\/td>\n<td width=\"151\">Jagdtasche<\/td>\n<\/tr>\n<tr>\n<td><span style=\"color: #333333;\">Artikel Nr.<\/span><\/td>\n<td><span style=\"color: #333333;\">PB-2116<\/span><\/td>\n<\/tr>\n<tr>\n<td><span style=\"color: #333333;\">Material<\/span><\/td>\n<td>Tarnfarbenes 600D Polyester<\/td>\n<\/tr>\n<tr>\n<td><span style=\"color: #333333;\">Gr\u00f6\u00dfe<\/span><\/td>\n<td>19 x 8 x 12 Zoll<\/td>\n<\/tr>\n<tr>\n<td><span style=\"color: #333333;\">\u00a0Lieferfrist<\/span><\/td>\n<td><span style=\"color: #333333;\">1-5 Tage f\u00fcr kleine Mengen auf dem Luftweg und 30-35 Tage f\u00fcr gro\u00dfe Mengen auf dem Seeweg<\/span><\/td>\n<\/tr>\n<\/tbody>\n<\/table>\n<p class=\"ds-markdown-paragraph\">\u2705\u00a0<strong>Warum Eliteeinheiten und Einzelh\u00e4ndler uns w\u00e4hlen:<\/strong><\/p>\n<ul>\n<li>\n<p class=\"ds-markdown-paragraph\"><strong>Wahre Unsichtbarkeit<\/strong>: Realtree\u00ae\/Mossy Oak\u00ae lizenziertes Tarnmuster + matte Hardware - auf 50 Yards nicht zu erkennen!<\/p>\n<\/li>\n<li>\n<p class=\"ds-markdown-paragraph\"><strong>Blood &amp; Thorn Proof<\/strong>: 1000D PVC-Plane + verschwei\u00dfte N\u00e4hte - \u00fcbersteht blutiges Wild, Brombeeren und 80lbs Lasten.<\/p>\n<\/li>\n<li>\n<p class=\"ds-markdown-paragraph\"><strong>Sammelbestellung Strom<\/strong>: Produzieren Jagdtasche Gro\u00dfauftr\u00e4ge \u00fcber Jagdtasche ODM\/OEM oder private Label in 15 Tagen!<\/p>\n<\/li>\n<li>\n<p class=\"ds-markdown-paragraph\"><strong>China Kostenvorteil<\/strong>: Als einer der f\u00fchrenden Hersteller von Jagdtaschen in China, trifft Mil-Spec-Qualit\u00e4t auf Exportpreise.<\/p>\n<\/li>\n<\/ul>\n<p class=\"ds-markdown-paragraph\"><strong>In der Praxis erprobte Merkmale:<\/strong><br \/>\n\ud83d\udd39\u00a0<strong>ScentLock\u2122 System<\/strong>: Mit Karbon gef\u00fctterte F\u00e4cher + ozonbest\u00e4ndige Rei\u00dfverschl\u00fcsse (keine Geruchsbel\u00e4stigung f\u00fcr das Wild)<br \/>\n\ud83d\udd39 Blutentnahmebeutel + abnehmbare Gewehr-\/Bogentr\u00e4ger<br \/>\n\ud83d\udd39 Ger\u00e4uschlose Schnallen + verstellbarer Torsorahmen (passend f\u00fcr 5'1\u2033-6'9\u2033)<br \/>\n\ud83d\udd39 UV-best\u00e4ndige Muster (getestet f\u00fcr 500 Stunden Sonneneinstrahlung)<\/p>\n<p class=\"ds-markdown-paragraph\"><strong>Perfekt f\u00fcr:<\/strong><\/p>\n<ul>\n<li>\n<p class=\"ds-markdown-paragraph\">Milit\u00e4rische Lieferanten &amp; Anbieter von Jagdtaschen<\/p>\n<\/li>\n<li>\n<p class=\"ds-markdown-paragraph\">Jagdh\u00e4user &amp; Gro\u00dfh\u00e4ndler f\u00fcr Jagdtaschen<\/p>\n<\/li>\n<li>\n<p class=\"ds-markdown-paragraph\">Marken bauen taktische Eigenmarken f\u00fcr Jagdtaschen<\/p>\n<\/li>\n<\/ul>\n<p class=\"ds-markdown-paragraph\"><strong>Ihr verdeckter Produktionsweg:<\/strong><br \/>\n1\ufe0f\u20e3 Tarnfarbe\/Hardware ausw\u00e4hlen (oder neue Designs anpassen)<br \/>\n2\ufe0f\u20e3 Prototyp in 5 Tagen \u2192 Feldversuch \u2192 Massenproduktion<br \/>\n3\ufe0f\u20e3 Versand \u00fcber Hunting Bag Exportnetzwerke (DDP nach USA\/EU\/AU)<\/p>\n<p class=\"ds-markdown-paragraph\"><strong>Werkslegitimation:<\/strong><br \/>\n12+ Jahre Erfahrung in der Herstellung von Rucks\u00e4cken<br \/>\n\u2705 40% leiser als herk\u00f6mmliche Jagdtaschen<br \/>\n\u2705 Zertifizierungen: ISO 9001, SGS, ITAR-konform<\/p>\n<p class=\"ds-markdown-paragraph\"><strong>Bereit, unsichtbare J\u00e4ger zu bewaffnen?<\/strong><br \/>\n\ud83d\udc49 [Kostenloses blutwaschgetestetes Muster] \ud83d\udc49 [20% Pfand] \ud83d\udc49 [24h Spec Sheet]<\/p>\n<\/div>\n<\/div>\n<\/div>\n<\/div>","protected":false},"excerpt":{"rendered":"<h2 data-immersive-translate-walked=\"344be1c1-5052-41eb-8fcd-0dbe236a0d6b\" data-immersive-translate-paragraph=\"1\">Camouflage Tactical Jagdtasche Hersteller<\/h2>\n<p>Entdecken Sie den ultimativen Jagdbegleiter mit unserem Jagdrucksack, der auf die unterschiedlichen Bed\u00fcrfnisse von Enten-, Reh- und Hochlandvogelj\u00e4gern zugeschnitten ist.<\/p>\n<p>Jeder dieser Rucks\u00e4cke kombiniert praktische Eigenschaften, Haltbarkeit und Komfort, um Ihr Jagderlebnis zu verbessern und sicherzustellen, dass Sie alles, was Sie brauchen, in Reichweite haben, unabh\u00e4ngig von Ihrem Ziel oder Ihrer Umgebung.<\/p>","protected":false},"featured_media":4120,"template":"","meta":{"_uag_custom_page_level_css":""},"product_brand":[],"product_cat":[54,60],"product_tag":[],"class_list":{"0":"post-4118","1":"product","2":"type-product","3":"status-publish","4":"has-post-thumbnail","6":"product_cat-hunting-bag","7":"product_cat-backpack","9":"first","10":"instock","11":"shipping-taxable","12":"product-type-simple"},"uagb_featured_image_src":{"full":["https:\/\/pecbag.com\/wp-content\/uploads\/2025\/06\/Camouflage-Tactical-Hunting-Bag-Manufacturer-2.jpg",1441,1500,false],"thumbnail":["https:\/\/pecbag.com\/wp-content\/uploads\/2025\/06\/Camouflage-Tactical-Hunting-Bag-Manufacturer-2-150x150.jpg",150,150,true],"medium":["https:\/\/pecbag.com\/wp-content\/uploads\/2025\/06\/Camouflage-Tactical-Hunting-Bag-Manufacturer-2-288x300.jpg",288,300,true],"medium_large":["https:\/\/pecbag.com\/wp-content\/uploads\/2025\/06\/Camouflage-Tactical-Hunting-Bag-Manufacturer-2-768x799.jpg",768,799,true],"large":["https:\/\/pecbag.com\/wp-content\/uploads\/2025\/06\/Camouflage-Tactical-Hunting-Bag-Manufacturer-2-984x1024.jpg",800,833,true],"1536x1536":["https:\/\/pecbag.com\/wp-content\/uploads\/2025\/06\/Camouflage-Tactical-Hunting-Bag-Manufacturer-2.jpg",1441,1500,false],"2048x2048":["https:\/\/pecbag.com\/wp-content\/uploads\/2025\/06\/Camouflage-Tactical-Hunting-Bag-Manufacturer-2.jpg",1441,1500,false],"trp-custom-language-flag":["https:\/\/pecbag.com\/wp-content\/uploads\/2025\/06\/Camouflage-Tactical-Hunting-Bag-Manufacturer-2.jpg",12,12,false],"woocommerce_thumbnail":["https:\/\/pecbag.com\/wp-content\/uploads\/2025\/06\/Camouflage-Tactical-Hunting-Bag-Manufacturer-2-300x300.jpg",300,300,true],"woocommerce_single":["https:\/\/pecbag.com\/wp-content\/uploads\/2025\/06\/Camouflage-Tactical-Hunting-Bag-Manufacturer-2-600x625.jpg",600,625,true],"woocommerce_gallery_thumbnail":["https:\/\/pecbag.com\/wp-content\/uploads\/2025\/06\/Camouflage-Tactical-Hunting-Bag-Manufacturer-2-100x100.jpg",100,100,true]},"uagb_author_info":{"display_name":"Lawrence","author_link":"https:\/\/pecbag.com\/de\/author\/"},"uagb_comment_info":0,"uagb_excerpt":"Camouflage Tactical Hunting Bag Manufacturer Discover the ultimate hunting companions with our hunting backpack, designed to meet the diverse needs of duck, deer upland bird hunters. Each backpack combines practical features, durability, and comfort to enhance your hunting experience, ensuring you have everything you need within reach, regardless of your target or environment.","_links":{"self":[{"href":"https:\/\/pecbag.com\/de\/wp-json\/wp\/v2\/product\/4118","targetHints":{"allow":["GET"]}}],"collection":[{"href":"https:\/\/pecbag.com\/de\/wp-json\/wp\/v2\/product"}],"about":[{"href":"https:\/\/pecbag.com\/de\/wp-json\/wp\/v2\/types\/product"}],"wp:featuredmedia":[{"embeddable":true,"href":"https:\/\/pecbag.com\/de\/wp-json\/wp\/v2\/media\/4120"}],"wp:attachment":[{"href":"https:\/\/pecbag.com\/de\/wp-json\/wp\/v2\/media?parent=4118"}],"wp:term":[{"taxonomy":"product_brand","embeddable":true,"href":"https:\/\/pecbag.com\/de\/wp-json\/wp\/v2\/product_brand?post=4118"},{"taxonomy":"product_cat","embeddable":true,"href":"https:\/\/pecbag.com\/de\/wp-json\/wp\/v2\/product_cat?post=4118"},{"taxonomy":"product_tag","embeddable":true,"href":"https:\/\/pecbag.com\/de\/wp-json\/wp\/v2\/product_tag?post=4118"}],"curies":[{"name":"wp","href":"https:\/\/api.w.org\/{rel}","templated":true}]}}