{"id":4124,"date":"2025-06-23T01:41:40","date_gmt":"2025-06-23T01:41:40","guid":{"rendered":"https:\/\/pecbag.com\/?post_type=product&#038;p=4124"},"modified":"2025-11-29T01:19:29","modified_gmt":"2025-11-29T01:19:29","slug":"large-capacity-hunting-bag-factory","status":"publish","type":"product","link":"https:\/\/pecbag.com\/de\/large-capacity-hunting-bag-factory\/","title":{"rendered":"Gro\u00dfraum-Jagdtasche"},"content":{"rendered":"<h5 title=\"Faltbare Hundetasche Atmungsaktives Mesh Haustier Umh\u00e4ngetasche f\u00fcr kleine Haustier Hund Katzen\" data-immersive-translate-walked=\"1c928421-2e42-4cd3-8754-5404553c0af5\" data-immersive-translate-paragraph=\"1\" data-spm-anchor-id=\"a2700.details.0.i35.4f6757d4w4zNZA\">Gro\u00dfe Kapazit\u00e4t Jagdtasche Fabrik | Industrielle wasserdichte Tasche Fabrik &amp; Heavy-Duty Rucksack Hersteller | Bulk OEM<\/h5>\n<p>Ben\u00f6tigen Sie eine Jagdtasche mit gro\u00dfem Fassungsverm\u00f6gen, die gro\u00dfe Mengen an Wild durch unwegsames Gel\u00e4nde schleppt? Als kampferprobter Hersteller von wasserdichten Taschen und Rucks\u00e4cken in China fertigt unsere Large Capacity Hunting Bag Factory 100L+ Taschen f\u00fcr Elchf\u00fchrer, kommerzielle J\u00e4ger und Wandertaschen-Gro\u00dfh\u00e4ndler!<\/p>\n<div class=\"flex flex-grow flex-col max-w-full\">\n<div class=\"min-h-[20px] text-message flex w-full flex-col items-end gap-2 whitespace-pre-wrap break-words [.text-message+&amp;]:mt-5 overflow-x-auto\" dir=\"auto\" data-message-author-role=\"assistant\" data-message-id=\"3d7d46f6-7ec2-4222-9257-48fa0bba23c6\" data-suggestions=\"true\">\n<div class=\"flex w-full flex-col gap-1 empty:hidden first:pt-[3px]\">\n<div class=\"markdown prose w-full break-words dark:prose-invert light\">\n<table style=\"height: 251px;\" width=\"313\">\n<tbody>\n<tr>\n<td width=\"137\"><span style=\"color: #333333;\">Produkte Name<\/span><\/td>\n<td width=\"151\">Jagdtasche<\/td>\n<\/tr>\n<tr>\n<td><span style=\"color: #333333;\">Artikel Nr.<\/span><\/td>\n<td><span style=\"color: #333333;\">PB-2117<\/span><\/td>\n<\/tr>\n<tr>\n<td><span style=\"color: #333333;\">Material<\/span><\/td>\n<td>600D Tarnfarbe<\/td>\n<\/tr>\n<tr>\n<td><span style=\"color: #333333;\">Gr\u00f6\u00dfe<\/span><\/td>\n<td>51 x 36 x 16,5 cm<\/td>\n<\/tr>\n<tr>\n<td><span style=\"color: #333333;\">\u00a0Lieferfrist<\/span><\/td>\n<td><span style=\"color: #333333;\">1-5 Tage f\u00fcr kleine Mengen auf dem Luftweg und 30-35 Tage f\u00fcr gro\u00dfe Mengen auf dem Seeweg<\/span><\/td>\n<\/tr>\n<\/tbody>\n<\/table>\n<p class=\"ds-markdown-paragraph\">\u2705\u00a0<strong>Warum Gro\u00dfabnehmer uns w\u00e4hlen:<\/strong><\/p>\n<ul>\n<li>\n<p class=\"ds-markdown-paragraph\"><strong>Monster-Schleppkraft<\/strong>: 150L Fassungsverm\u00f6gen + 1000D PVC Au\u00dfenh\u00fclle - tr\u00e4gt 100lbs an Wildgep\u00e4ck oder Ausr\u00fcstung!<\/p>\n<\/li>\n<li>\n<p class=\"ds-markdown-paragraph\"><strong>Blut- und wetterbest\u00e4ndig<\/strong>: Verschwei\u00dfte N\u00e4hte + ozonbest\u00e4ndiges Futter - h\u00e4lt Blut, Regen und -20\u00b0C stand.<\/p>\n<\/li>\n<li>\n<p class=\"ds-markdown-paragraph\"><strong>Vorteile bei Gro\u00dfbestellungen<\/strong>: Produzieren Sie Wandertasche Gro\u00dfauftr\u00e4ge \u00fcber Wandertasche ODM\/OEM oder private Label in 15 Tagen!<\/p>\n<\/li>\n<li>\n<p class=\"ds-markdown-paragraph\"><strong>China Kosten Leistung<\/strong>: Als f\u00fchrender Hersteller von Wanders\u00e4cken in China bieten wir Langlebigkeit in kommerzieller Qualit\u00e4t zu Exportpreisen.<\/p>\n<\/li>\n<\/ul>\n<p class=\"ds-markdown-paragraph\"><strong>Spielver\u00e4ndernde Eigenschaften:<\/strong><br \/>\n\ud83d\udd39\u00a0<strong>Viertel Hauler Design<\/strong>: Blutableitungsf\u00e4cher + verst\u00e4rkte Schleppgurte (Maultierhirsch bis Elch!)<br \/>\n\ud83d\udd39 Abnehmbare Gewehr-\/Bogentr\u00e4ger + Geruchsverschlusstaschen<br \/>\n\ud83d\udd39 Rutschfester Boden + 360\u00b0-R\u00e4der (f\u00fcr felsiges Gel\u00e4nde geeignet)<br \/>\nUV-best\u00e4ndiges Realtree\u00ae-Tarnmuster (lizenzierte Muster)<\/p>\n<p class=\"ds-markdown-paragraph\"><strong>Perfekt f\u00fcr:<\/strong><\/p>\n<ul>\n<li>\n<p class=\"ds-markdown-paragraph\">Ausstatter f\u00fcr gef\u00fchrte Jagden &amp; Anbieter von Wandertaschen<\/p>\n<\/li>\n<li>\n<p class=\"ds-markdown-paragraph\">Wildnis-Einzelh\u00e4ndler &amp; Gro\u00dfh\u00e4ndler f\u00fcr Wandertaschen<\/p>\n<\/li>\n<li>\n<p class=\"ds-markdown-paragraph\">Marken bauen Eigenmarken f\u00fcr Wanders\u00e4cke<\/p>\n<\/li>\n<\/ul>\n<p class=\"ds-markdown-paragraph\"><strong>Ihr Heavy-Duty-Workflow:<\/strong><br \/>\n1\ufe0f\u20e3 Kapazit\u00e4t\/Merkmale anpassen \u2192 2\ufe0f\u20e3 Prototyp in 5 Tagen \u2192 3\ufe0f\u20e3 Praxistest \u2192 4\ufe0f\u20e3 Massenproduktion \u2192 5\ufe0f\u20e3 Versand \u00fcber Wandersack-Exportnetze<\/p>\n<p class=\"ds-markdown-paragraph\"><strong>Werkslegitimation:<\/strong><br \/>\n15+ Jahre Erfahrung in der Herstellung von Rucks\u00e4cken<br \/>\n\u2705 50% st\u00e4rkere Zugb\u00e4nder als die Konkurrenz<br \/>\n\u2705 Zertifizierungen: ISO 9001, SGS, OEKO-TEX<\/p>\n<p class=\"ds-markdown-paragraph\"><strong>Sind Sie bereit, die M\u00e4rkte f\u00fcr Gro\u00dfwild zu erobern?<\/strong><br \/>\n\ud83d\udc49 [Kostenloses blutwaschgetestetes Muster] \ud83d\udc49 [20% Pfand] \ud83d\udc49 [24h Massenangebot]<\/p>\n<\/div>\n<\/div>\n<\/div>\n<\/div>","protected":false},"excerpt":{"rendered":"<h2 data-immersive-translate-walked=\"344be1c1-5052-41eb-8fcd-0dbe236a0d6b\" data-immersive-translate-paragraph=\"1\">Gro\u00dfe Kapazit\u00e4t Jagdtasche Fabrik<\/h2>\n<p>1. Einzigartige Organisationstasche auf der Vorderseite, damit Sie alle Ihre Ausr\u00fcstung immer griffbereit haben.<\/p>\n<p>2. Halten Sie Ihr Wesentliches in der N\u00e4he mit einem Drop-Down-Gewehr \/ Bogenhalter Tasche, K\u00f6cher Halterungen und Hydratation Tasche und Port.<\/p>\n<p>3. Gepolsterter H\u00fcftgurt mit zwei Taschen und verst\u00e4rktem Gurtband zur Aufnahme von Clip-Stil Holstern.<\/p>\n<p>4. Blaze orange regen Abdeckung enthalten, um sicher zu bleiben und halten Sie Ihre Ausr\u00fcstung trocken bei schlechtem Wetter Bedingungen.<\/p>\n<p>5. Mit einem Fassungsverm\u00f6gen von 2700 Kubikzoll helfen der Aluminiumrahmen und die verl\u00e4ngerten Zurrgurte dabei, schwere Nutzlasten zu tragen.<\/p>\n<p>6. Die Trinktasche erm\u00f6glicht es Ihnen, Ihre Lieblings-Trinkblase f\u00fcr die H\u00e4nde frei, unterwegs Hydratation zu verwenden.<\/p>\n<p>7. Der abnehmbare Waffenhalter ist so konzipiert, dass er Ihr Gewehr oder Ihren Bogen h\u00e4lt, damit Sie die H\u00e4nde frei haben, um intensiv zu klettern oder Felder und Berggipfel zu erforschen.<\/p>\n<p>8. Der verstellbare Rumpfbereich, die gepolsterten Schultergurte und der gepolsterte H\u00fcftgurt sorgen f\u00fcr einen hohen Tragekomfort und erm\u00f6glichen den vollen Bewegungsumfang.<\/p>\n<p>9. In den zahlreichen Taschen k\u00f6nnen Sie Ihre Lieblingsutensilien griffbereit aufbewahren.<\/p>","protected":false},"featured_media":4127,"template":"","meta":{"_uag_custom_page_level_css":""},"product_brand":[],"product_cat":[54,60],"product_tag":[],"class_list":{"0":"post-4124","1":"product","2":"type-product","3":"status-publish","4":"has-post-thumbnail","6":"product_cat-hunting-bag","7":"product_cat-backpack","9":"first","10":"instock","11":"shipping-taxable","12":"product-type-simple"},"uagb_featured_image_src":{"full":["https:\/\/pecbag.com\/wp-content\/uploads\/2025\/06\/Large-Capacity-Hunting-Bag-Factory-3.jpg",650,650,false],"thumbnail":["https:\/\/pecbag.com\/wp-content\/uploads\/2025\/06\/Large-Capacity-Hunting-Bag-Factory-3-150x150.jpg",150,150,true],"medium":["https:\/\/pecbag.com\/wp-content\/uploads\/2025\/06\/Large-Capacity-Hunting-Bag-Factory-3-300x300.jpg",300,300,true],"medium_large":["https:\/\/pecbag.com\/wp-content\/uploads\/2025\/06\/Large-Capacity-Hunting-Bag-Factory-3.jpg",650,650,false],"large":["https:\/\/pecbag.com\/wp-content\/uploads\/2025\/06\/Large-Capacity-Hunting-Bag-Factory-3.jpg",650,650,false],"1536x1536":["https:\/\/pecbag.com\/wp-content\/uploads\/2025\/06\/Large-Capacity-Hunting-Bag-Factory-3.jpg",650,650,false],"2048x2048":["https:\/\/pecbag.com\/wp-content\/uploads\/2025\/06\/Large-Capacity-Hunting-Bag-Factory-3.jpg",650,650,false],"trp-custom-language-flag":["https:\/\/pecbag.com\/wp-content\/uploads\/2025\/06\/Large-Capacity-Hunting-Bag-Factory-3.jpg",12,12,false],"woocommerce_thumbnail":["https:\/\/pecbag.com\/wp-content\/uploads\/2025\/06\/Large-Capacity-Hunting-Bag-Factory-3-300x300.jpg",300,300,true],"woocommerce_single":["https:\/\/pecbag.com\/wp-content\/uploads\/2025\/06\/Large-Capacity-Hunting-Bag-Factory-3-600x600.jpg",600,600,true],"woocommerce_gallery_thumbnail":["https:\/\/pecbag.com\/wp-content\/uploads\/2025\/06\/Large-Capacity-Hunting-Bag-Factory-3-100x100.jpg",100,100,true]},"uagb_author_info":{"display_name":"Lawrence","author_link":"https:\/\/pecbag.com\/de\/author\/"},"uagb_comment_info":0,"uagb_excerpt":"Large Capacity Hunting Bag Factory 1. Unique organizational front shelf pocket helps keep all your gear at your fingertips. 2. Keep your essentials close with a drop-down rifle\/bow holder pocket, quiver holders, and hydration pocket and port. 3. Padded waist belt with two pockets and reinforced webbing to accommodate clip-style holsters. 4. Blaze orange rain&hellip;","_links":{"self":[{"href":"https:\/\/pecbag.com\/de\/wp-json\/wp\/v2\/product\/4124","targetHints":{"allow":["GET"]}}],"collection":[{"href":"https:\/\/pecbag.com\/de\/wp-json\/wp\/v2\/product"}],"about":[{"href":"https:\/\/pecbag.com\/de\/wp-json\/wp\/v2\/types\/product"}],"wp:featuredmedia":[{"embeddable":true,"href":"https:\/\/pecbag.com\/de\/wp-json\/wp\/v2\/media\/4127"}],"wp:attachment":[{"href":"https:\/\/pecbag.com\/de\/wp-json\/wp\/v2\/media?parent=4124"}],"wp:term":[{"taxonomy":"product_brand","embeddable":true,"href":"https:\/\/pecbag.com\/de\/wp-json\/wp\/v2\/product_brand?post=4124"},{"taxonomy":"product_cat","embeddable":true,"href":"https:\/\/pecbag.com\/de\/wp-json\/wp\/v2\/product_cat?post=4124"},{"taxonomy":"product_tag","embeddable":true,"href":"https:\/\/pecbag.com\/de\/wp-json\/wp\/v2\/product_tag?post=4124"}],"curies":[{"name":"wp","href":"https:\/\/api.w.org\/{rel}","templated":true}]}}