{"id":4131,"date":"2025-06-24T02:01:02","date_gmt":"2025-06-24T02:01:02","guid":{"rendered":"https:\/\/pecbag.com\/?post_type=product&#038;p=4131"},"modified":"2025-11-29T01:19:18","modified_gmt":"2025-11-29T01:19:18","slug":"custom-soft-tactical-storage-gun-bag","status":"publish","type":"product","link":"https:\/\/pecbag.com\/de\/custom-soft-tactical-storage-gun-bag\/","title":{"rendered":"Custom Soft Tactical Lagerung Waffe Tasche"},"content":{"rendered":"<h5 title=\"Faltbare Hundetasche Atmungsaktives Mesh Haustier Umh\u00e4ngetasche f\u00fcr kleine Haustier Hund Katzen\" data-immersive-translate-walked=\"1c928421-2e42-4cd3-8754-5404553c0af5\" data-immersive-translate-paragraph=\"1\" data-spm-anchor-id=\"a2700.details.0.i35.4f6757d4w4zNZA\">Benutzerdefinierte weiche taktische Lagerung Waffentasche Hersteller | wasserdichte Tasche Fabrik &amp; Tactical Rucksack Hersteller | Bulk OEM<\/h5>\n<p>Brauchen Sie ma\u00dfgeschneiderte weiche taktische Waffentaschen, die Schusswaffen sch\u00fctzen?\u00a0<em>und<\/em>\u00a0sich wie Schatten bewegen? Als spezialisierter Hersteller von wasserdichten Taschen und Rucks\u00e4cken in China fertigen wir verdeckte, ma\u00dfgeschneiderte, weiche, taktische Waffentaschen f\u00fcr Milit\u00e4reinheiten, Schie\u00dfst\u00e4nde und Gro\u00dfh\u00e4ndler von Jagdtaschen!<\/p>\n<div class=\"flex flex-grow flex-col max-w-full\">\n<div class=\"min-h-[20px] text-message flex w-full flex-col items-end gap-2 whitespace-pre-wrap break-words [.text-message+&amp;]:mt-5 overflow-x-auto\" dir=\"auto\" data-message-author-role=\"assistant\" data-message-id=\"3d7d46f6-7ec2-4222-9257-48fa0bba23c6\" data-suggestions=\"true\">\n<div class=\"flex w-full flex-col gap-1 empty:hidden first:pt-[3px]\">\n<div class=\"markdown prose w-full break-words dark:prose-invert light\">\n<table style=\"height: 251px;\" width=\"313\">\n<tbody>\n<tr>\n<td width=\"137\"><span style=\"color: #333333;\">Produkte Name<\/span><\/td>\n<td width=\"151\">Jagdtasche<\/td>\n<\/tr>\n<tr>\n<td><span style=\"color: #333333;\">Artikel Nr.<\/span><\/td>\n<td><span style=\"color: #333333;\">PB-2118<\/span><\/td>\n<\/tr>\n<tr>\n<td><span style=\"color: #333333;\">Material<\/span><\/td>\n<td>600D Tarnfarbe<\/td>\n<\/tr>\n<tr>\n<td><span style=\"color: #333333;\">Gr\u00f6\u00dfe<\/span><\/td>\n<td>44 x 11 Zoll<\/td>\n<\/tr>\n<tr>\n<td><span style=\"color: #333333;\">\u00a0Lieferfrist<\/span><\/td>\n<td><span style=\"color: #333333;\">1-5 Tage f\u00fcr kleine Mengen auf dem Luftweg und 30-35 Tage f\u00fcr gro\u00dfe Mengen auf dem Seeweg<\/span><\/td>\n<\/tr>\n<\/tbody>\n<\/table>\n<p class=\"ds-markdown-paragraph\">\u2705\u00a0<strong>Warum taktische Eink\u00e4ufer uns vertrauen:<\/strong><\/p>\n<ul>\n<li>\n<p class=\"ds-markdown-paragraph\"><strong>Leise und sicher<\/strong>600D gepolstertes Nylon + schaumgef\u00fctterte F\u00e4cher - kein Klappern, 100% diskreter Transport!<\/p>\n<\/li>\n<li>\n<p class=\"ds-markdown-paragraph\"><strong>Vollst\u00e4ndige Anpassung<\/strong>: Entwerfen Sie ma\u00dfgeschneiderte weiche taktische Waffentaschen mit Scheiden, Magazintaschen oder RFID-Bl\u00f6cken \u00fcber Hunting Bag ODM\/OEM!<\/p>\n<\/li>\n<li>\n<p class=\"ds-markdown-paragraph\"><strong>Vorteile bei Gro\u00dfbestellungen<\/strong>: Produzieren Sie Jagdtaschen-Gro\u00dfbestellungen unter Eigenmarke in 12 Tagen!<\/p>\n<\/li>\n<li>\n<p class=\"ds-markdown-paragraph\"><strong>China Kosten Leistung<\/strong>: Als einer der f\u00fchrenden Hersteller von Jagdtaschen in China, trifft Mil-Spec-Qualit\u00e4t auf Exportpreise.<\/p>\n<\/li>\n<\/ul>\n<p class=\"ds-markdown-paragraph\"><strong>Betriebsbereite Merkmale:<\/strong><br \/>\n\ud83d\udd39\u00a0<strong>Niedrig-Profil-Design<\/strong>: Zusammenklappbar auf 30%-Gr\u00f6\u00dfe - unbemerkt in Kofferr\u00e4umen oder Schr\u00e4nken verstauen<br \/>\n\ud83d\udd39 Feuchtigkeitsableitendes Futter + korrosionsfeste Rei\u00dfverschl\u00fcsse (salzwasser- und nebelfest)<br \/>\n\ud83d\udd39 CCW-kompatible Schnitte + versteckte Tragegriffe<br \/>\n\ud83d\udd39 ITAR-konforme Optionen f\u00fcr Regierungsauftr\u00e4ge<\/p>\n<p class=\"ds-markdown-paragraph\"><strong>Perfekt f\u00fcr:<\/strong><\/p>\n<ul>\n<li>\n<p class=\"ds-markdown-paragraph\">Waffenh\u00e4ndler &amp; Jagdtaschenverk\u00e4ufer<\/p>\n<\/li>\n<li>\n<p class=\"ds-markdown-paragraph\">Taktische Einzelh\u00e4ndler &amp; Gro\u00dfh\u00e4ndler f\u00fcr Jagdtaschen<\/p>\n<\/li>\n<li>\n<p class=\"ds-markdown-paragraph\">Marken bauen Eigenmarken f\u00fcr Jagdtaschen auf<\/p>\n<\/li>\n<\/ul>\n<p class=\"ds-markdown-paragraph\"><strong>Ihr verdeckter Arbeitsablauf:<\/strong><br \/>\n1\ufe0f\u20e3 Blaupausen\/Pantone-Codes einreichen \u2192 2\ufe0f\u20e3 Prototyp in 5 Tagen \u2192 3\ufe0f\u20e3 Reichweitentest \u2192 4\ufe0f\u20e3 Massenproduktion \u2192 5\ufe0f\u20e3 Versand \u00fcber\u00a0<strong>Jagdtasche Export<\/strong>\u00a0Netzwerke<\/p>\n<p class=\"ds-markdown-paragraph\"><strong>Werkslegitimation:<\/strong><br \/>\n12+ Jahre Erfahrung in der Herstellung von Rucks\u00e4cken<br \/>\n40% ist leichter als Hartschalenkoffer (Tarnkappenvorteil)<br \/>\n\u2705 Zertifizierungen: ISO 9001, SGS, ITAR-konform<\/p>\n<p class=\"ds-markdown-paragraph\"><strong>Sind Sie bereit, die stillen Profis zu bewaffnen?<\/strong><br \/>\n\ud83d\udc49 [Kostenloses diskretes Muster] \ud83d\udc49 [25% Pfand] \ud83d\udc49 [24h Spec Sheet]<\/p>\n<\/div>\n<\/div>\n<\/div>\n<\/div>","protected":false},"excerpt":{"rendered":"<h2 data-immersive-translate-walked=\"344be1c1-5052-41eb-8fcd-0dbe236a0d6b\" data-immersive-translate-paragraph=\"1\">Benutzerdefinierte weiche taktische Lagerung Gewehr Tasche Fabrik<\/h2>\n<p><strong>1. Leicht zu transportieren:<\/strong> Er kann \u00fcber die Schulter oder am Griff getragen werden. Stellen Sie die L\u00e4nge des Schultergurtes nach Ihren Bed\u00fcrfnissen ein. Zwei Arten des Tragens k\u00f6nnen f\u00fcr Ihre Bed\u00fcrfnisse bequem sein. Leicht zu Ihrem Gewehr oder Schrotflinte \u00fcberall zu speichern.<\/p>\n<p><strong>2. Perfektes Design<\/strong>: Leichtes Design. Die Hauptwaffentasche hat eine gro\u00dfe Kapazit\u00e4t und eine SBS-Rei\u00dfverschlusstasche au\u00dfen. Leicht zu Ihrem Gewehr Schrotflinte Fall \u00fcberall zu speichern.<\/p>","protected":false},"featured_media":4137,"template":"","meta":{"_uag_custom_page_level_css":""},"product_brand":[],"product_cat":[54],"product_tag":[],"class_list":{"0":"post-4131","1":"product","2":"type-product","3":"status-publish","4":"has-post-thumbnail","6":"product_cat-hunting-bag","8":"first","9":"instock","10":"shipping-taxable","11":"product-type-simple"},"uagb_featured_image_src":{"full":["https:\/\/pecbag.com\/wp-content\/uploads\/2025\/06\/Custom-Soft-Tactical-Storage-Gun-Bag-5.jpg",800,800,false],"thumbnail":["https:\/\/pecbag.com\/wp-content\/uploads\/2025\/06\/Custom-Soft-Tactical-Storage-Gun-Bag-5-150x150.jpg",150,150,true],"medium":["https:\/\/pecbag.com\/wp-content\/uploads\/2025\/06\/Custom-Soft-Tactical-Storage-Gun-Bag-5-300x300.jpg",300,300,true],"medium_large":["https:\/\/pecbag.com\/wp-content\/uploads\/2025\/06\/Custom-Soft-Tactical-Storage-Gun-Bag-5-768x768.jpg",768,768,true],"large":["https:\/\/pecbag.com\/wp-content\/uploads\/2025\/06\/Custom-Soft-Tactical-Storage-Gun-Bag-5.jpg",800,800,false],"1536x1536":["https:\/\/pecbag.com\/wp-content\/uploads\/2025\/06\/Custom-Soft-Tactical-Storage-Gun-Bag-5.jpg",800,800,false],"2048x2048":["https:\/\/pecbag.com\/wp-content\/uploads\/2025\/06\/Custom-Soft-Tactical-Storage-Gun-Bag-5.jpg",800,800,false],"trp-custom-language-flag":["https:\/\/pecbag.com\/wp-content\/uploads\/2025\/06\/Custom-Soft-Tactical-Storage-Gun-Bag-5-12x12.jpg",12,12,true],"woocommerce_thumbnail":["https:\/\/pecbag.com\/wp-content\/uploads\/2025\/06\/Custom-Soft-Tactical-Storage-Gun-Bag-5-300x300.jpg",300,300,true],"woocommerce_single":["https:\/\/pecbag.com\/wp-content\/uploads\/2025\/06\/Custom-Soft-Tactical-Storage-Gun-Bag-5-600x600.jpg",600,600,true],"woocommerce_gallery_thumbnail":["https:\/\/pecbag.com\/wp-content\/uploads\/2025\/06\/Custom-Soft-Tactical-Storage-Gun-Bag-5-100x100.jpg",100,100,true]},"uagb_author_info":{"display_name":"Lawrence","author_link":"https:\/\/pecbag.com\/de\/author\/"},"uagb_comment_info":0,"uagb_excerpt":"Custom Soft Tactical Storage Gun Bag Factory 1. Easy to Carry: It can be carried by shoulder carry or handle. Adjust the length of the shoulder strap according to your requirements. Two ways of carrying can be convenient for your needs. Easily to store your rifle or shotgun anywhere. 2. Perfect Design: Lightweight design. The&hellip;","_links":{"self":[{"href":"https:\/\/pecbag.com\/de\/wp-json\/wp\/v2\/product\/4131","targetHints":{"allow":["GET"]}}],"collection":[{"href":"https:\/\/pecbag.com\/de\/wp-json\/wp\/v2\/product"}],"about":[{"href":"https:\/\/pecbag.com\/de\/wp-json\/wp\/v2\/types\/product"}],"wp:featuredmedia":[{"embeddable":true,"href":"https:\/\/pecbag.com\/de\/wp-json\/wp\/v2\/media\/4137"}],"wp:attachment":[{"href":"https:\/\/pecbag.com\/de\/wp-json\/wp\/v2\/media?parent=4131"}],"wp:term":[{"taxonomy":"product_brand","embeddable":true,"href":"https:\/\/pecbag.com\/de\/wp-json\/wp\/v2\/product_brand?post=4131"},{"taxonomy":"product_cat","embeddable":true,"href":"https:\/\/pecbag.com\/de\/wp-json\/wp\/v2\/product_cat?post=4131"},{"taxonomy":"product_tag","embeddable":true,"href":"https:\/\/pecbag.com\/de\/wp-json\/wp\/v2\/product_tag?post=4131"}],"curies":[{"name":"wp","href":"https:\/\/api.w.org\/{rel}","templated":true}]}}