{"id":4138,"date":"2025-06-24T02:12:46","date_gmt":"2025-06-24T02:12:46","guid":{"rendered":"https:\/\/pecbag.com\/?post_type=product&#038;p=4138"},"modified":"2025-11-29T01:19:10","modified_gmt":"2025-11-29T01:19:10","slug":"wholesale-tactical-shotgun-bag","status":"publish","type":"product","link":"https:\/\/pecbag.com\/de\/wholesale-tactical-shotgun-bag\/","title":{"rendered":"Gro\u00dfhandel taktische Schrotflinte Tasche"},"content":{"rendered":"<h5 title=\"Faltbare Hundetasche Atmungsaktives Mesh Haustier Umh\u00e4ngetasche f\u00fcr kleine Haustier Hund Katzen\" data-immersive-translate-walked=\"1c928421-2e42-4cd3-8754-5404553c0af5\" data-immersive-translate-paragraph=\"1\" data-spm-anchor-id=\"a2700.details.0.i35.4f6757d4w4zNZA\">Gro\u00dfhandel taktische Schrotflinte Tasche Hersteller | wasserdichte Tasche Fabrik &amp; Milit\u00e4r Rucksack Hersteller | Bulk OEM<\/h5>\n<p>Brauchen Sie Gro\u00dfhandel taktische Schrotflinte Taschen, die Balance robusten Schutz und schnellen Einsatz? Als kampferprobter Hersteller von wasserdichten Taschen und Rucks\u00e4cken in China liefern wir einsatzbereite taktische Schrotflintentaschen f\u00fcr Strafverfolgungsbeh\u00f6rden, Schie\u00dfst\u00e4nde und Jagdtaschen-Gro\u00dfh\u00e4ndler!<\/p>\n<div class=\"flex flex-grow flex-col max-w-full\">\n<div class=\"min-h-[20px] text-message flex w-full flex-col items-end gap-2 whitespace-pre-wrap break-words [.text-message+&amp;]:mt-5 overflow-x-auto\" dir=\"auto\" data-message-author-role=\"assistant\" data-message-id=\"3d7d46f6-7ec2-4222-9257-48fa0bba23c6\" data-suggestions=\"true\">\n<div class=\"flex w-full flex-col gap-1 empty:hidden first:pt-[3px]\">\n<div class=\"markdown prose w-full break-words dark:prose-invert light\">\n<table style=\"height: 251px;\" width=\"313\">\n<tbody>\n<tr>\n<td width=\"137\"><span style=\"color: #333333;\">Produkte Name<\/span><\/td>\n<td width=\"151\">Jagdtasche<\/td>\n<\/tr>\n<tr>\n<td><span style=\"color: #333333;\">Artikel Nr.<\/span><\/td>\n<td><span style=\"color: #333333;\">PB-2119<\/span><\/td>\n<\/tr>\n<tr>\n<td><span style=\"color: #333333;\">Material<\/span><\/td>\n<td>600D Tarnfarbe<\/td>\n<\/tr>\n<tr>\n<td><span style=\"color: #333333;\">Gr\u00f6\u00dfe<\/span><\/td>\n<td>44\/48\/52 Zoll<\/td>\n<\/tr>\n<tr>\n<td><span style=\"color: #333333;\">\u00a0Lieferfrist<\/span><\/td>\n<td><span style=\"color: #333333;\">1-5 Tage f\u00fcr kleine Mengen auf dem Luftweg und 30-35 Tage f\u00fcr gro\u00dfe Mengen auf dem Seeweg<\/span><\/td>\n<\/tr>\n<\/tbody>\n<\/table>\n<p class=\"ds-markdown-paragraph\">\u2705\u00a0<strong>Warum taktische Eink\u00e4ufer unsere Taschen lagern:<\/strong><\/p>\n<ul>\n<li>\n<p class=\"ds-markdown-paragraph\"><strong>Quick-Deploy Design<\/strong>: Abrei\u00dfbare Klettverschl\u00fcsse + MOLLE-kompatible Gurte - Zugriff auf die Schrotflinte in nur 3 Sekunden!<\/p>\n<\/li>\n<li>\n<p class=\"ds-markdown-paragraph\"><strong>Allwetter-R\u00fcstung<\/strong>: 1000D PVC-beschichtetes Au\u00dfenmaterial + verschwei\u00dfte N\u00e4hte - wasserdicht, blutdicht und abriebfest.<\/p>\n<\/li>\n<li>\n<p class=\"ds-markdown-paragraph\"><strong>Sammelbestellung Strom<\/strong>: Produzieren Jagdtasche Gro\u00dfauftr\u00e4ge \u00fcber Jagdtasche ODM\/OEM oder private Label in 15 Tagen!<\/p>\n<\/li>\n<li>\n<p class=\"ds-markdown-paragraph\"><strong>China Kostenvorteil<\/strong>: Als eine Top-Jagdtasche China Fabrik, Mil-Spec-Qualit\u00e4t trifft Gro\u00dfhandelspreis.<\/p>\n<\/li>\n<\/ul>\n<p class=\"ds-markdown-paragraph\"><strong>In der Praxis erprobte Merkmale:<\/strong><br \/>\n\ud83d\udd39\u00a0<strong>Dual-Duty-Schutz<\/strong>: Gepolsterte Scheidenh\u00fcllen (f\u00fcr 18\u2033-32\u2033 L\u00e4ufe) + abnehmbare Patronentaschen<br \/>\n\ud83d\udd39 Schwach sichtbare Tragegriffe + CCW-Concealment-Schnitte<br \/>\n\ud83d\udd39 Korrosionsbest\u00e4ndige YKK-Rei\u00dfverschl\u00fcsse + Entw\u00e4sserungs\u00f6ffnungen (Salz-\/Beschlagbest\u00e4ndigkeit)<br \/>\n\ud83d\udd39 ITAR-konforme Optionen f\u00fcr Regierungsauftr\u00e4ge<\/p>\n<p class=\"ds-markdown-paragraph\"><strong>Perfekt f\u00fcr:<\/strong><\/p>\n<ul>\n<li>\n<p class=\"ds-markdown-paragraph\">Taktische Einzelh\u00e4ndler &amp; Anbieter von Jagdtaschen<\/p>\n<\/li>\n<li>\n<p class=\"ds-markdown-paragraph\">Strafverfolgung Lieferanten &amp; Gro\u00dfh\u00e4ndler f\u00fcr Jagdtaschen<\/p>\n<\/li>\n<li>\n<p class=\"ds-markdown-paragraph\">Marken bauen Eigenmarken f\u00fcr Jagdtaschen auf<\/p>\n<\/li>\n<\/ul>\n<p class=\"ds-markdown-paragraph\"><strong>Ihre Produktionspipeline:<\/strong><br \/>\n1\ufe0f\u20e3 Ma\u00dfanfertigung\/Kamo \u2192 2\ufe0f\u20e3 Prototyp in 5 Tagen \u2192 3\ufe0f\u20e3 Reichweitentest \u2192 4\ufe0f\u20e3 Massenproduktion \u2192 5\ufe0f\u20e3 Versand \u00fcber Hunting Bag Exportnetzwerke<\/p>\n<p class=\"ds-markdown-paragraph\"><strong>Werkslegitimation:<\/strong><br \/>\n15+ Jahre Erfahrung in der Herstellung von Rucks\u00e4cken<br \/>\n\u2705 40% schnellerer Einsatz als Hartschalenkoffer<br \/>\n\u2705 Zertifizierungen: ISO 9001, SGS, OEKO-TEX<\/p>\n<p class=\"ds-markdown-paragraph\"><strong>Sind Sie bereit, Ihre taktische Nische zu besetzen?<\/strong><br \/>\n\ud83d\udc49 [Kostenloses reichweitengepr\u00fcftes Muster] \ud83d\udc49 [20% Pfand] \ud83d\udc49 [24h Gro\u00dfhandelspreis]<\/p>\n<\/div>\n<\/div>\n<\/div>\n<\/div>","protected":false},"excerpt":{"rendered":"<h2 data-immersive-translate-walked=\"344be1c1-5052-41eb-8fcd-0dbe236a0d6b\" data-immersive-translate-paragraph=\"1\">Gro\u00dfhandel taktische Schrotflinte Tasche<\/h2>\n<p><strong>1. Ein gepolsterter Griff:<\/strong> Mit 2 St\u00fcck Handtrageriemen f\u00fcr einfaches und bequemes Tragen, die Ihnen eine bequeme und flexible M\u00f6glichkeit bieten, Ihren Gewehrkoffer zum Schie\u00dfstand zu transportieren. Es ist ideal f\u00fcr die Jagd, Schie\u00dfen, Camping, etc.<\/p>\n<p><strong>2. Zwei Zubeh\u00f6rtaschen mit Rei\u00dfverschluss f\u00fcr zus\u00e4tzlichen Stauraum:<\/strong>\u00a0Tragen Sie Ihre Waffe oder Ihr Schie\u00dfzubeh\u00f6r immer und \u00fcberall bei sich.<\/p>\n<p><strong>3. Leicht zu reinigendes Futter:<\/strong>\u00a0Das Futter besteht aus Schwamm und 210D-Polyester, ein durchgehender Rei\u00dfverschluss erm\u00f6glicht es, die Tasche zu \u00f6ffnen und flach zu legen, leicht zu reinigen.<\/p>","protected":false},"featured_media":4141,"template":"","meta":{"_uag_custom_page_level_css":""},"product_brand":[],"product_cat":[54],"product_tag":[],"class_list":{"0":"post-4138","1":"product","2":"type-product","3":"status-publish","4":"has-post-thumbnail","6":"product_cat-hunting-bag","8":"first","9":"instock","10":"shipping-taxable","11":"product-type-simple"},"uagb_featured_image_src":{"full":["https:\/\/pecbag.com\/wp-content\/uploads\/2025\/06\/Wholesale-Tactical-Shotgun-Bag-2.jpg",800,800,false],"thumbnail":["https:\/\/pecbag.com\/wp-content\/uploads\/2025\/06\/Wholesale-Tactical-Shotgun-Bag-2-150x150.jpg",150,150,true],"medium":["https:\/\/pecbag.com\/wp-content\/uploads\/2025\/06\/Wholesale-Tactical-Shotgun-Bag-2-300x300.jpg",300,300,true],"medium_large":["https:\/\/pecbag.com\/wp-content\/uploads\/2025\/06\/Wholesale-Tactical-Shotgun-Bag-2-768x768.jpg",768,768,true],"large":["https:\/\/pecbag.com\/wp-content\/uploads\/2025\/06\/Wholesale-Tactical-Shotgun-Bag-2.jpg",800,800,false],"1536x1536":["https:\/\/pecbag.com\/wp-content\/uploads\/2025\/06\/Wholesale-Tactical-Shotgun-Bag-2.jpg",800,800,false],"2048x2048":["https:\/\/pecbag.com\/wp-content\/uploads\/2025\/06\/Wholesale-Tactical-Shotgun-Bag-2.jpg",800,800,false],"trp-custom-language-flag":["https:\/\/pecbag.com\/wp-content\/uploads\/2025\/06\/Wholesale-Tactical-Shotgun-Bag-2-12x12.jpg",12,12,true],"woocommerce_thumbnail":["https:\/\/pecbag.com\/wp-content\/uploads\/2025\/06\/Wholesale-Tactical-Shotgun-Bag-2-300x300.jpg",300,300,true],"woocommerce_single":["https:\/\/pecbag.com\/wp-content\/uploads\/2025\/06\/Wholesale-Tactical-Shotgun-Bag-2-600x600.jpg",600,600,true],"woocommerce_gallery_thumbnail":["https:\/\/pecbag.com\/wp-content\/uploads\/2025\/06\/Wholesale-Tactical-Shotgun-Bag-2-100x100.jpg",100,100,true]},"uagb_author_info":{"display_name":"Lawrence","author_link":"https:\/\/pecbag.com\/de\/author\/"},"uagb_comment_info":0,"uagb_excerpt":"Wholesale Tactical Shotgun Bag 1. A padded handle grip: With 2 pieces of hand carry straps for easy and comfortable carrying, providing you a convenient and flexible way to transport your Rifle Case to the range. It is ideal for hunting, shooting, camping, etc. 2. Two zippered accessory pockets for extra storage:\u00a0Conveniently keep your gun&hellip;","_links":{"self":[{"href":"https:\/\/pecbag.com\/de\/wp-json\/wp\/v2\/product\/4138","targetHints":{"allow":["GET"]}}],"collection":[{"href":"https:\/\/pecbag.com\/de\/wp-json\/wp\/v2\/product"}],"about":[{"href":"https:\/\/pecbag.com\/de\/wp-json\/wp\/v2\/types\/product"}],"wp:featuredmedia":[{"embeddable":true,"href":"https:\/\/pecbag.com\/de\/wp-json\/wp\/v2\/media\/4141"}],"wp:attachment":[{"href":"https:\/\/pecbag.com\/de\/wp-json\/wp\/v2\/media?parent=4138"}],"wp:term":[{"taxonomy":"product_brand","embeddable":true,"href":"https:\/\/pecbag.com\/de\/wp-json\/wp\/v2\/product_brand?post=4138"},{"taxonomy":"product_cat","embeddable":true,"href":"https:\/\/pecbag.com\/de\/wp-json\/wp\/v2\/product_cat?post=4138"},{"taxonomy":"product_tag","embeddable":true,"href":"https:\/\/pecbag.com\/de\/wp-json\/wp\/v2\/product_tag?post=4138"}],"curies":[{"name":"wp","href":"https:\/\/api.w.org\/{rel}","templated":true}]}}