{"id":4153,"date":"2025-06-25T02:27:57","date_gmt":"2025-06-25T02:27:57","guid":{"rendered":"https:\/\/pecbag.com\/?post_type=product&#038;p=4153"},"modified":"2025-11-29T01:18:53","modified_gmt":"2025-11-29T01:18:53","slug":"picnic-beach-bbq-tactical-lunch-bag","status":"publish","type":"product","link":"https:\/\/pecbag.com\/de\/picnic-beach-bbq-tactical-lunch-bag\/","title":{"rendered":"Picknick Strand BBQ Tactical Lunch Bag"},"content":{"rendered":"<h5 title=\"Faltbare Hundetasche Atmungsaktives Mesh Haustier Umh\u00e4ngetasche f\u00fcr kleine Haustier Hund Katzen\" data-immersive-translate-walked=\"1c928421-2e42-4cd3-8754-5404553c0af5\" data-immersive-translate-paragraph=\"1\" data-spm-anchor-id=\"a2700.details.0.i35.4f6757d4w4zNZA\"><strong>Premium Picknick Strand BBQ Taktische Lunch Bag Factory | Wasserdichte Tasche Factory &amp; Tactical Backpack Manufacturer | Bulk Custom<\/strong><\/h5>\n<div class=\"flex flex-grow flex-col max-w-full\">\n<div class=\"min-h-[20px] text-message flex w-full flex-col items-end gap-2 whitespace-pre-wrap break-words [.text-message+&amp;]:mt-5 overflow-x-auto\" dir=\"auto\" data-message-author-role=\"assistant\" data-message-id=\"3d7d46f6-7ec2-4222-9257-48fa0bba23c6\" data-suggestions=\"true\">\n<div class=\"flex w-full flex-col gap-1 empty:hidden first:pt-[3px]\">\n<div class=\"markdown prose w-full break-words dark:prose-invert light\">\n<p>Ben\u00f6tigen Sie vielseitige taktische Picknick-, Strand- und BBQ-Mittagessenstaschen, die von Outdoor-Abenteuern bis hin zum Pendeln in der Stadt reichen? Als zertifizierter Hersteller von wasserdichten Taschen und taktischen Rucks\u00e4cken in China (Lunch Bag China) entwickeln wir multifunktionale taktische Lunch Bags mit auslaufsicherer Isolierung, MOLLE-Kompatibilit\u00e4t und sandfesten Rei\u00dfverschl\u00fcssen. Gehen Sie eine Partnerschaft mit unserem Hersteller von Lunchbags f\u00fcr Gro\u00dfbestellungen von Lunchbags ein - mit dem Vertrauen von Lunchbag-Gro\u00dfh\u00e4ndlern, Outdoor-H\u00e4ndlern und Lunchbag-Verk\u00e4ufern weltweit.<\/p>\n<table style=\"height: 233px;\" width=\"288\">\n<tbody>\n<tr>\n<td width=\"137\"><span style=\"color: #333333;\">Produkte Name<\/span><\/td>\n<td width=\"151\">Lunch Tasche<\/td>\n<\/tr>\n<tr>\n<td><span style=\"color: #333333;\">Artikel Nr.<\/span><\/td>\n<td><span style=\"color: #333333;\">PB-2121<\/span><\/td>\n<\/tr>\n<tr>\n<td><span style=\"color: #333333;\">Material<\/span><\/td>\n<td>600D Polyester<\/td>\n<\/tr>\n<tr>\n<td><span style=\"color: #333333;\">Abmessungen<\/span><\/td>\n<td>8 x 5,5 x 10 Zoll<\/td>\n<\/tr>\n<tr>\n<td><span style=\"color: #333333;\">\u00a0Lieferfrist<\/span><\/td>\n<td><span style=\"color: #333333;\">1-5 Tage f\u00fcr kleine Mengen auf dem Luftweg und 30-35 Tage f\u00fcr gro\u00dfe Mengen auf dem Seeweg<\/span><\/td>\n<\/tr>\n<\/tbody>\n<\/table>\n<p class=\"ds-markdown-paragraph\">\u2705\u00a0<strong>Warum sollten Sie unsere taktischen Lunchpakete w\u00e4hlen?<\/strong><\/p>\n<ul>\n<li>\n<p class=\"ds-markdown-paragraph\"><strong>Dreifach-Umwelt bereit<\/strong>: Strandtauglich (Sandabfluss\u00f6ffnungen) + BBQ-sicher (hitzebest\u00e4ndige Eins\u00e4tze) + urban-taktisch (MOLLE-Gurtband)<\/p>\n<\/li>\n<li>\n<p class=\"ds-markdown-paragraph\">Lunch Bag ODM\/OEM mit komplettem Lunch Bag Private Label Service<\/p>\n<\/li>\n<li>\n<p class=\"ds-markdown-paragraph\">Low MOQ Lunch Bag Massenproduktion<\/p>\n<\/li>\n<li>\n<p class=\"ds-markdown-paragraph\">Schnelles Mittagessen Tasche exportiert von unserem Lunch Bag China Anlage<\/p>\n<\/li>\n<li>\n<p class=\"ds-markdown-paragraph\">ISO-zertifizierte Lunch Bag-Fabrik, spezialisiert auf taktische Ausr\u00fcstung<\/p>\n<\/li>\n<\/ul>\n<p class=\"ds-markdown-paragraph\">\ud83d\udd25 Hauptmerkmale:<br \/>\n- 12 Stunden Temperaturerhaltung (hei\u00df\/kalt) + auslaufsichere TPU-Dichtungen<br \/>\n- Wandelbare Trageweise (Schultergurt\/Griff\/D-Ring)<br \/>\n- Korrosionsbest\u00e4ndige YKK-Rei\u00dfverschl\u00fcsse + Entw\u00e4sserungsb\u00f6den<br \/>\n- Kundenspezifisches Branding \u00fcber Lunch Bag OEM<\/p>\n<p class=\"ds-markdown-paragraph\">Ideal f\u00fcr Lunchbag-Unternehmen, Outdoor-H\u00e4ndler und Lunchbag-Lieferantennetzwerke. Fordern Sie noch heute KOSTENLOSE Multi-Umwelt-Testberichte von Ihrem Lunchbag-Hersteller an!<\/p>\n<\/div>\n<\/div>\n<\/div>\n<\/div>","protected":false},"excerpt":{"rendered":"<h2 data-immersive-translate-walked=\"344be1c1-5052-41eb-8fcd-0dbe236a0d6b\" data-immersive-translate-paragraph=\"1\">Picknick Strand BBQ Tactical Lunch Bag<\/h2>\n<p>In diese taktische Lunch-Tasche passen 1-2 Mahlzeitendosen in Erwachsenengr\u00f6\u00dfe oder 8 Dosen Limonade.<\/p>\n<p>1 innere Netztasche an der Oberseite f\u00fcr K\u00fchlakkus oder Geschirr und eine Serviette.<\/p>\n<p>1 vordere Rei\u00dfverschlusstasche und 1 Ges\u00e4\u00dftasche f\u00fcr zus\u00e4tzlichen Stauraum. Wie Telefone, Karten, Schl\u00fcssel, Getr\u00e4nke, Flaschen, Snacks, und sogar Regenschirme.<\/p>","protected":false},"featured_media":4157,"template":"","meta":{"_uag_custom_page_level_css":""},"product_brand":[],"product_cat":[52,50],"product_tag":[],"class_list":{"0":"post-4153","1":"product","2":"type-product","3":"status-publish","4":"has-post-thumbnail","6":"product_cat-lunch-bag","7":"product_cat-cooler-bag","9":"first","10":"instock","11":"shipping-taxable","12":"product-type-simple"},"uagb_featured_image_src":{"full":["https:\/\/pecbag.com\/wp-content\/uploads\/2025\/06\/Picnic-Beach-BBQ-Tactical-Lunch-Bag-3.jpg",1380,1380,false],"thumbnail":["https:\/\/pecbag.com\/wp-content\/uploads\/2025\/06\/Picnic-Beach-BBQ-Tactical-Lunch-Bag-3-150x150.jpg",150,150,true],"medium":["https:\/\/pecbag.com\/wp-content\/uploads\/2025\/06\/Picnic-Beach-BBQ-Tactical-Lunch-Bag-3-300x300.jpg",300,300,true],"medium_large":["https:\/\/pecbag.com\/wp-content\/uploads\/2025\/06\/Picnic-Beach-BBQ-Tactical-Lunch-Bag-3-768x768.jpg",768,768,true],"large":["https:\/\/pecbag.com\/wp-content\/uploads\/2025\/06\/Picnic-Beach-BBQ-Tactical-Lunch-Bag-3-1024x1024.jpg",800,800,true],"1536x1536":["https:\/\/pecbag.com\/wp-content\/uploads\/2025\/06\/Picnic-Beach-BBQ-Tactical-Lunch-Bag-3.jpg",1380,1380,false],"2048x2048":["https:\/\/pecbag.com\/wp-content\/uploads\/2025\/06\/Picnic-Beach-BBQ-Tactical-Lunch-Bag-3.jpg",1380,1380,false],"trp-custom-language-flag":["https:\/\/pecbag.com\/wp-content\/uploads\/2025\/06\/Picnic-Beach-BBQ-Tactical-Lunch-Bag-3-12x12.jpg",12,12,true],"woocommerce_thumbnail":["https:\/\/pecbag.com\/wp-content\/uploads\/2025\/06\/Picnic-Beach-BBQ-Tactical-Lunch-Bag-3-300x300.jpg",300,300,true],"woocommerce_single":["https:\/\/pecbag.com\/wp-content\/uploads\/2025\/06\/Picnic-Beach-BBQ-Tactical-Lunch-Bag-3-600x600.jpg",600,600,true],"woocommerce_gallery_thumbnail":["https:\/\/pecbag.com\/wp-content\/uploads\/2025\/06\/Picnic-Beach-BBQ-Tactical-Lunch-Bag-3-100x100.jpg",100,100,true]},"uagb_author_info":{"display_name":"Lawrence","author_link":"https:\/\/pecbag.com\/de\/author\/"},"uagb_comment_info":0,"uagb_excerpt":"Picnic Beach BBQ Tactical Lunch Bag This tactical lunch bag can hold 1-2 adult-sized meal prep containers or fit 8 cans of soda. 1 inner mesh pouch on top for ice packs or tableware, and a napkin. 1 front zipper pocket and 1 back pocket well for extra storage. Such as phones, cards, keys, drinks,&hellip;","_links":{"self":[{"href":"https:\/\/pecbag.com\/de\/wp-json\/wp\/v2\/product\/4153","targetHints":{"allow":["GET"]}}],"collection":[{"href":"https:\/\/pecbag.com\/de\/wp-json\/wp\/v2\/product"}],"about":[{"href":"https:\/\/pecbag.com\/de\/wp-json\/wp\/v2\/types\/product"}],"wp:featuredmedia":[{"embeddable":true,"href":"https:\/\/pecbag.com\/de\/wp-json\/wp\/v2\/media\/4157"}],"wp:attachment":[{"href":"https:\/\/pecbag.com\/de\/wp-json\/wp\/v2\/media?parent=4153"}],"wp:term":[{"taxonomy":"product_brand","embeddable":true,"href":"https:\/\/pecbag.com\/de\/wp-json\/wp\/v2\/product_brand?post=4153"},{"taxonomy":"product_cat","embeddable":true,"href":"https:\/\/pecbag.com\/de\/wp-json\/wp\/v2\/product_cat?post=4153"},{"taxonomy":"product_tag","embeddable":true,"href":"https:\/\/pecbag.com\/de\/wp-json\/wp\/v2\/product_tag?post=4153"}],"curies":[{"name":"wp","href":"https:\/\/api.w.org\/{rel}","templated":true}]}}