{"id":4162,"date":"2025-06-26T02:03:41","date_gmt":"2025-06-26T02:03:41","guid":{"rendered":"https:\/\/pecbag.com\/?post_type=product&#038;p=4162"},"modified":"2025-11-29T01:18:35","modified_gmt":"2025-11-29T01:18:35","slug":"ripstop-outdoor-tool-bag-factory","status":"publish","type":"product","link":"https:\/\/pecbag.com\/de\/ripstop-outdoor-tool-bag-factory\/","title":{"rendered":"Ripstop Outdoor Werkzeugtasche Fabrik"},"content":{"rendered":"<h5 title=\"Faltbare Hundetasche Atmungsaktives Mesh Haustier Umh\u00e4ngetasche f\u00fcr kleine Haustier Hund Katzen\" data-immersive-translate-walked=\"1c928421-2e42-4cd3-8754-5404553c0af5\" data-immersive-translate-paragraph=\"1\" data-spm-anchor-id=\"a2700.details.0.i35.4f6757d4w4zNZA\"><strong>Ripstop Outdoor Tool Bag Factory | Heavy-Duty Waterproof Bag Factory &amp; Tactical Backpack Manufacturer | Bulk Custom<\/strong><\/h5>\n<p>Ben\u00f6tigen Sie eine robuste Ripstop-Werkzeugtasche f\u00fcr den Au\u00dfenbereich, die auch den h\u00e4rtesten Eins\u00e4tzen standh\u00e4lt? Als zertifizierter Hersteller von wasserdichten Taschen und taktischen Rucks\u00e4cken in China (Tool Bag China) entwickeln wir professionelle Werkzeugtaschen mit milit\u00e4rischem 1000D-Ripstop, wasserdichten Dichtungen und modularer Organisation. Gehen Sie eine Partnerschaft mit unserem Hersteller von Werkzeugtaschen ein, wenn Sie Gro\u00dfbestellungen f\u00fcr Werkzeugtaschen aufgeben m\u00f6chten - mit dem Vertrauen von Gro\u00dfh\u00e4ndlern, industriellen Lieferanten und Verk\u00e4ufern von Werkzeugtaschen weltweit.<\/p>\n<div class=\"flex flex-grow flex-col max-w-full\">\n<div class=\"min-h-[20px] text-message flex w-full flex-col items-end gap-2 whitespace-pre-wrap break-words [.text-message+&amp;]:mt-5 overflow-x-auto\" dir=\"auto\" data-message-author-role=\"assistant\" data-message-id=\"3d7d46f6-7ec2-4222-9257-48fa0bba23c6\" data-suggestions=\"true\">\n<div class=\"flex w-full flex-col gap-1 empty:hidden first:pt-[3px]\">\n<div class=\"markdown prose w-full break-words dark:prose-invert light\">\n<table width=\"288\">\n<tbody>\n<tr>\n<td width=\"137\"><span style=\"color: #333333;\">Produkte Name<\/span><\/td>\n<td width=\"151\">Werkzeugtasche<\/td>\n<\/tr>\n<tr>\n<td><span style=\"color: #333333;\">Artikel Nr.<\/span><\/td>\n<td><span style=\"color: #333333;\">PB-2122<\/span><\/td>\n<\/tr>\n<tr>\n<td><span style=\"color: #333333;\">Material<\/span><\/td>\n<td>600D Polyester<\/td>\n<\/tr>\n<tr>\n<td><span style=\"color: #333333;\">Gr\u00f6\u00dfe und Farbe<\/span><\/td>\n<td>Kundenspezifisch<\/td>\n<\/tr>\n<tr>\n<td><span style=\"color: #333333;\">\u00a0Lieferfrist<\/span><\/td>\n<td><span style=\"color: #333333;\">1-5 Tage f\u00fcr kleine Mengen auf dem Luftweg und 30-35 Tage f\u00fcr gro\u00dfe Mengen auf dem Seeweg<\/span><\/td>\n<\/tr>\n<\/tbody>\n<\/table>\n<p class=\"ds-markdown-paragraph\">\u2705\u00a0<strong>Warum Bauunternehmer uns w\u00e4hlen:<\/strong><\/p>\n<ul>\n<li>\n<p class=\"ds-markdown-paragraph\"><strong>Ripstop-Vorteil<\/strong>: 3-mal rei\u00dffester als Standard-Nylon (nachgewiesen in ASTM D751-Tests)<\/p>\n<\/li>\n<li>\n<p class=\"ds-markdown-paragraph\">Werkzeugtasche ODM\/OEM mit komplettem Service f\u00fcr Werkzeugtaschen unter eigener Marke<\/p>\n<\/li>\n<li>\n<p class=\"ds-markdown-paragraph\">Low MOQ Werkzeugtasche Massenproduktion<\/p>\n<\/li>\n<li>\n<p class=\"ds-markdown-paragraph\">Schneller Export von Werkzeugtaschen aus unserer ISO-zertifizierten Werkzeugtaschenfabrik<\/p>\n<\/li>\n<li>\n<p class=\"ds-markdown-paragraph\">18+ Jahre als f\u00fchrender Lieferant von Werkzeugtaschen<\/p>\n<\/li>\n<\/ul>\n<p class=\"ds-markdown-paragraph\">\ud83d\udee0\ufe0f\u00a0<strong>Kampfbereite Eigenschaften:<\/strong><br \/>\n- Wasserdichter TPU-Boden + Drainaget\u00fcllen<br \/>\n- MOLLE-kompatible Paneele f\u00fcr Werkzeugerweiterung<br \/>\n- Korrosionsbest\u00e4ndige YKK-Rei\u00dfverschl\u00fcsse + verst\u00e4rkte Belastungspunkte<br \/>\n- Kundenspezifische Konfigurationen \u00fcber Tool Bag OEM<\/p>\n<p class=\"ds-markdown-paragraph\">Ideal f\u00fcr Werkzeugtaschenunternehmen, industrielle Vertriebsh\u00e4ndler und Gro\u00dfhandelsnetze f\u00fcr Werkzeugtaschen. Fordern Sie noch heute KOSTENLOSE Ripstop-Musterkits von Ihrem speziellen Werkzeugtaschenhersteller an!<\/p>\n<\/div>\n<\/div>\n<\/div>\n<\/div>","protected":false},"excerpt":{"rendered":"<h2 data-immersive-translate-walked=\"344be1c1-5052-41eb-8fcd-0dbe236a0d6b\" data-immersive-translate-paragraph=\"1\">Professioneller wasserdichter Werkzeugrucksack<\/h2>\n<div>1. Langlebig und wasserdicht - Die Angeltasche ist aus wasserdichtem, starkem 1000D Polyester mit strapazierf\u00e4higen Rei\u00dfverschl\u00fcssen und Schnallen, ideal f\u00fcr den rauen Einsatz. Klare Innentasche mit Rei\u00dfverschluss unter dem Deckel h\u00e4lt Ihre Lizenzen und andere Wertsachen sichtbar und sicher. Ein regen Abdeckung in der R\u00fcckentasche gespeichert ist, in der regen verwendet werden, um Ihre Sachen trocken zu halten.<\/div>\n<p>2. Gro\u00dfe Kapazit\u00e4t - Der Tackle Bag hat eine sehr gro\u00dfe Kapazit\u00e4t. Das gro\u00dfe Hauptfach mit herausnehmbarer Trennwand verwandelt den Rucksack in einen Stauraum f\u00fcr gr\u00f6\u00dfere Gegenst\u00e4nde. Zwei vordere Rei\u00dfverschlusstaschen, vier Seitentaschen mit Rei\u00dfverschluss, zwei Netztaschen und eine H\u00fcfttasche bieten zus\u00e4tzlichen Stauraum und viel Platz f\u00fcr Zubeh\u00f6r.<\/p>\n<p>3. Anti-Kratz-Boden - Robuste Bodenpolster sch\u00fctzen den Rucksack vor Kratzern auf felsigem oder nassem Boden.<\/p>","protected":false},"featured_media":4167,"template":"","meta":{"_uag_custom_page_level_css":""},"product_brand":[],"product_cat":[49,60],"product_tag":[],"class_list":{"0":"post-4162","1":"product","2":"type-product","3":"status-publish","4":"has-post-thumbnail","6":"product_cat-tool-bag","7":"product_cat-backpack","9":"first","10":"instock","11":"shipping-taxable","12":"product-type-simple"},"uagb_featured_image_src":{"full":["https:\/\/pecbag.com\/wp-content\/uploads\/2025\/06\/Ripstop-Outdoor-Tool-Bag-Factory-3.jpg",800,800,false],"thumbnail":["https:\/\/pecbag.com\/wp-content\/uploads\/2025\/06\/Ripstop-Outdoor-Tool-Bag-Factory-3-150x150.jpg",150,150,true],"medium":["https:\/\/pecbag.com\/wp-content\/uploads\/2025\/06\/Ripstop-Outdoor-Tool-Bag-Factory-3-300x300.jpg",300,300,true],"medium_large":["https:\/\/pecbag.com\/wp-content\/uploads\/2025\/06\/Ripstop-Outdoor-Tool-Bag-Factory-3-768x768.jpg",768,768,true],"large":["https:\/\/pecbag.com\/wp-content\/uploads\/2025\/06\/Ripstop-Outdoor-Tool-Bag-Factory-3.jpg",800,800,false],"1536x1536":["https:\/\/pecbag.com\/wp-content\/uploads\/2025\/06\/Ripstop-Outdoor-Tool-Bag-Factory-3.jpg",800,800,false],"2048x2048":["https:\/\/pecbag.com\/wp-content\/uploads\/2025\/06\/Ripstop-Outdoor-Tool-Bag-Factory-3.jpg",800,800,false],"trp-custom-language-flag":["https:\/\/pecbag.com\/wp-content\/uploads\/2025\/06\/Ripstop-Outdoor-Tool-Bag-Factory-3-12x12.jpg",12,12,true],"woocommerce_thumbnail":["https:\/\/pecbag.com\/wp-content\/uploads\/2025\/06\/Ripstop-Outdoor-Tool-Bag-Factory-3-300x300.jpg",300,300,true],"woocommerce_single":["https:\/\/pecbag.com\/wp-content\/uploads\/2025\/06\/Ripstop-Outdoor-Tool-Bag-Factory-3-600x600.jpg",600,600,true],"woocommerce_gallery_thumbnail":["https:\/\/pecbag.com\/wp-content\/uploads\/2025\/06\/Ripstop-Outdoor-Tool-Bag-Factory-3-100x100.jpg",100,100,true]},"uagb_author_info":{"display_name":"Lawrence","author_link":"https:\/\/pecbag.com\/de\/author\/"},"uagb_comment_info":0,"uagb_excerpt":"Professional Waterproof Tool Bag Backpack 1. Durable &amp; Water Resistance - The fishing tackle bag is made of waterproof, strong 1000D polyester with heavy-duty zippers and buckles, it ideal for rough use. Clear zippered interior pocket under the lid keeps your licenses and other valuables visible and secure. A rain cover stored in the back&hellip;","_links":{"self":[{"href":"https:\/\/pecbag.com\/de\/wp-json\/wp\/v2\/product\/4162","targetHints":{"allow":["GET"]}}],"collection":[{"href":"https:\/\/pecbag.com\/de\/wp-json\/wp\/v2\/product"}],"about":[{"href":"https:\/\/pecbag.com\/de\/wp-json\/wp\/v2\/types\/product"}],"wp:featuredmedia":[{"embeddable":true,"href":"https:\/\/pecbag.com\/de\/wp-json\/wp\/v2\/media\/4167"}],"wp:attachment":[{"href":"https:\/\/pecbag.com\/de\/wp-json\/wp\/v2\/media?parent=4162"}],"wp:term":[{"taxonomy":"product_brand","embeddable":true,"href":"https:\/\/pecbag.com\/de\/wp-json\/wp\/v2\/product_brand?post=4162"},{"taxonomy":"product_cat","embeddable":true,"href":"https:\/\/pecbag.com\/de\/wp-json\/wp\/v2\/product_cat?post=4162"},{"taxonomy":"product_tag","embeddable":true,"href":"https:\/\/pecbag.com\/de\/wp-json\/wp\/v2\/product_tag?post=4162"}],"curies":[{"name":"wp","href":"https:\/\/api.w.org\/{rel}","templated":true}]}}